{"id":10011,"date":"2023-12-01T17:02:32","date_gmt":"2023-12-01T16:02:32","guid":{"rendered":"https:\/\/hef.group\/our-tribology-training-courses\/"},"modified":"2025-09-29T08:41:38","modified_gmt":"2025-09-29T06:41:38","slug":"our-tribology-training-courses","status":"publish","type":"page","link":"https:\/\/hef.group\/en\/our-tribology-training-courses\/","title":{"rendered":"Tribology training courses"},"content":{"rendered":"\n<div class=\"wp-block-group alignwide is-layout-constrained wp-block-group-is-layout-constrained\" style=\"padding-top:var(--wp--preset--spacing--60);padding-bottom:var(--wp--preset--spacing--60)\">\n<div class=\"wp-block-group ax-two-columns is-layout-constrained wp-block-group-is-layout-constrained\">\n<p>With HEF\u2019s 70 years of acknowledged expertise in materials, surface coatings, and treatments, HEF tribology training covers all aspects of the problems associated with wear and friction, ranging from analysis of the industrial context to the selection of solutions.<\/p>\n\n\n\n<p><strong>HEF tribology and surface treatment courses are intended for all players in the industrial sector<\/strong>: engineers and technicians in the fields of design, method, maintenance, etc.<\/p>\n\n\n\n<p>The following questions are addressed:<\/p>\n\n\n\n<p>\u2013 How can the specifications be drafted?<\/p>\n\n\n\n<p>\u2013 How can a diagnosis be established from a damage report?<\/p>\n\n\n\n<p>\u2013 What are the various parameters involved in friction and what influence do they have?<\/p>\n\n\n\n<p>\u2013 What solution options are possible (mechanical design, materials, thermal treatments, surface coating and surface treatment, etc.)?<\/p>\n<\/div>\n\n\n\n<div style=\"height:41px\" aria-hidden=\"true\" class=\"wp-block-spacer\"><\/div>\n\n\n\n<div class=\"wp-block-columns is-layout-flex wp-container-core-columns-is-layout-9d6595d7 wp-block-columns-is-layout-flex\">\n<div class=\"wp-block-column is-layout-flow wp-block-column-is-layout-flow\" style=\"flex-basis:100%\">\n<div class=\"wp-block-group has-background is-content-justification-center is-nowrap is-layout-flex wp-container-core-group-is-layout-f6086e8a wp-block-group-is-layout-flex\" style=\"background-color:#f2f7ff;margin-bottom:0px\">\n<a target=\"_blank\" href=\"https:\/\/travail-emploi.gouv.fr\/formation-professionnelle\/acteurs-cadre-et-qualite-de-la-formation-professionnelle\/article\/qualiopi-marque-de-certification-qualite-des-prestataires-de-formation\" rel=\"noopener\">\n<figure class=\"wp-block-image size-full is-resized\"><img decoding=\"async\" src=\"https:\/\/hef.group\/wp-content\/uploads\/2025\/09\/Logo_Qualiopi.png\" alt=\"\" class=\"wp-image-1096\" style=\" object-fit: contain;width:auto;height:220px\"\/><\/figure>\n<\/a>\n<\/div>\n<\/div>\n<\/div>\n\n\n\n<div style=\"height:17px\" aria-hidden=\"true\" class=\"wp-block-spacer\"><\/div>\n\n\n\n<div class=\"wp-block-file btn btn-gradient-second\"><a id=\"wp-block-file--media-b8a4f922-5fec-4603-a351-a2903b5043f4\" href=\"https:\/\/hef.group\/wp-content\/uploads\/2024\/12\/Formation-Tribologie-2024_organized_compressed.pdf\" target=\"_blank\" rel=\"noreferrer noopener\">Download our brochure<\/a><\/div>\n\n\n\n<div class=\"wp-block-file btn btn-gradient-second\"><a id=\"wp-block-file--media-207b559e-e5b4-4dc6-bbca-512db59aa3e5\" href=\"https:\/\/hef.group\/wp-content\/uploads\/2025\/09\/Certificat-Qualiopi_validite-du-10-04-24-au-08-03-27-4.pdf\" target=\"_blank\" rel=\"noreferrer noopener\">Download our certificate<\/a><\/div>\n\n\n\n<div style=\"height:100px\" aria-hidden=\"true\" class=\"wp-block-spacer\"><\/div>\n\n\n\n<h2 class=\"wp-block-heading has-text-align-center\">Our training successes<\/h2>\n\n\n\n<p class=\"has-text-align-center\"><strong>Number of trainees trained since 2021: 86 people.<br>Trainee satisfaction rate: 97%.<\/strong> <br><br><strong>86 trainees across all training courses offered.<br>Statistics by training course:<br><\/strong>ST01: 53 trainees with a satisfaction rate of 92%<br>ST02: 33 trainees with a satisfaction rate of 100%<\/p>\n\n\n\n<p class=\"has-text-align-center\"><\/p>\n\n\n\n<div style=\"height:100px\" aria-hidden=\"true\" class=\"wp-block-spacer\"><\/div>\n\n\n<section class=\"axformation\">\n    <div class=\"container\">\n                    <h2 class=\"ax-title3 title\">\n                The HEF training courses offered this year are listed below:            <\/h2>\n                            <div class=\"grid-2 container-card-formations\">\n                                    <div class=\"formation-card\">\n                                                    <img decoding=\"async\" width=\"806\" height=\"806\" src=\"https:\/\/hef.group\/wp-content\/uploads\/2024\/01\/TourbillonFaville-ST01-edited.jpeg\" class=\"img-formation\" alt=\"\" srcset=\"https:\/\/hef.group\/wp-content\/uploads\/2024\/01\/TourbillonFaville-ST01-edited.jpeg 806w, https:\/\/hef.group\/wp-content\/uploads\/2024\/01\/TourbillonFaville-ST01-edited-300x300.jpeg 300w, https:\/\/hef.group\/wp-content\/uploads\/2024\/01\/TourbillonFaville-ST01-edited-150x150.jpeg 150w, https:\/\/hef.group\/wp-content\/uploads\/2024\/01\/TourbillonFaville-ST01-edited-768x768.jpeg 768w, https:\/\/hef.group\/wp-content\/uploads\/2024\/01\/TourbillonFaville-ST01-edited-120x120.jpeg 120w\" sizes=\"(max-width: 806px) 100vw, 806px\" \/>                                                <div class=\"text-formation\">\n                                                            <span class=\"number-formation\">ST01<\/span>\n                                                                                        <div class=\"title-formation\">Tribology<\/div>\n                                                                                        <p class=\"description-formation\">Learn how to deal with problems involving friction and wear <\/p>\n                                                    <\/div>\n                    <\/div>\n                                    <div class=\"formation-card\">\n                                                    <img decoding=\"async\" width=\"462\" height=\"462\" src=\"https:\/\/hef.group\/wp-content\/uploads\/2024\/01\/rayuresurface3D-ST02-edited.jpeg\" class=\"img-formation\" alt=\"\" srcset=\"https:\/\/hef.group\/wp-content\/uploads\/2024\/01\/rayuresurface3D-ST02-edited.jpeg 462w, https:\/\/hef.group\/wp-content\/uploads\/2024\/01\/rayuresurface3D-ST02-edited-300x300.jpeg 300w, https:\/\/hef.group\/wp-content\/uploads\/2024\/01\/rayuresurface3D-ST02-edited-150x150.jpeg 150w, https:\/\/hef.group\/wp-content\/uploads\/2024\/01\/rayuresurface3D-ST02-edited-120x120.jpeg 120w\" sizes=\"(max-width: 462px) 100vw, 462px\" \/>                                                <div class=\"text-formation\">\n                                                            <span class=\"number-formation\">ST02<\/span>\n                                                                                        <div class=\"title-formation\">Surface treatments and surface coatings for friction problems<\/div>\n                                                                                <\/div>\n                    <\/div>\n                            <\/div>\n            <\/div>\n<\/section>\n\n<section class=\"dates-formations\">\n    <div class=\"container dates-container\">\n                    <h2 class=\"ax-title3 title\">2025 training dates \u2013 Lyon:<\/h2>\n                            <div class=\"number-of-formation \">\n                                    <div class=\"card-date\">\n                                                    <div class=\"number-formation\">\n                                ST01                            <\/div>\n                                                                                                            <p class=\"date-formation\">01\/21\/2025<\/p>\n                                                                                                                <p class=\"date-formation\">06\/17\/2025<\/p>\n                                                                                                                <p class=\"date-formation\">09\/23\/2025<\/p>\n                                                                        <\/div>\n                                    <div class=\"card-date\">\n                                                    <div class=\"number-formation\">\n                                ST02                            <\/div>\n                                                                                                            <p class=\"date-formation\">03\/11\/2025<\/p>\n                                                                                                                <p class=\"date-formation\">07\/01\/2025<\/p>\n                                                                                                                <p class=\"date-formation\">11\/18\/2025<\/p>\n                                                                        <\/div>\n                            <\/div>\n                            <div class=\"btn-inscription-formation\">\n                <a href=\"https:\/\/hef.group\/en\/tribology-training-registration-form\/\"\n                    class=\"btn btn-gradient-second btn-inscription\"\n                    target=\"\"\n                >Registration form for training courses<\/a>\n            <\/div>\n            <\/div>\n<\/section>\n<\/div>\n","protected":false},"excerpt":{"rendered":"<p>With HEF\u2019s 70 years of acknowledged expertise in materials, surface coatings, and treatments, HEF tribology training covers all aspects of the problems associated with wear and friction, ranging from analysis of the industrial context to the selection of solutions. HEF tribology and surface treatment courses are intended for all players [&hellip;]<\/p>\n","protected":false},"author":1,"featured_media":0,"parent":0,"menu_order":0,"comment_status":"closed","ping_status":"closed","template":"","meta":{"_acf_changed":false,"inline_featured_image":false,"footnotes":""},"class_list":["post-10011","page","type-page","status-publish","hentry"],"acf":[],"yoast_head":"<!-- This site is optimized with the Yoast SEO plugin v27.2 - https:\/\/yoast.com\/product\/yoast-seo-wordpress\/ -->\n<title>Surface treatment and tribology training courses | HEF<\/title>\n<meta name=\"description\" content=\"The HEF tribology training course covers all aspects of the problems associated with wear and friction, ranging from analyzing the industrial context to selecting solutions.\" \/>\n<meta name=\"robots\" content=\"index, follow, max-snippet:-1, max-image-preview:large, max-video-preview:-1\" \/>\n<link rel=\"canonical\" href=\"https:\/\/hef.group\/en\/our-tribology-training-courses\/\" \/>\n<meta property=\"og:locale\" content=\"en_US\" \/>\n<meta property=\"og:type\" content=\"article\" \/>\n<meta property=\"og:title\" content=\"Surface treatment and tribology training courses | HEF\" \/>\n<meta property=\"og:description\" content=\"The HEF tribology training course covers all aspects of the problems associated with wear and friction, ranging from analyzing the industrial context to selecting solutions.\" \/>\n<meta property=\"og:url\" content=\"https:\/\/hef.group\/en\/our-tribology-training-courses\/\" \/>\n<meta property=\"og:site_name\" content=\"HEF\" \/>\n<meta property=\"article:modified_time\" content=\"2025-09-29T06:41:38+00:00\" \/>\n<meta property=\"og:image\" content=\"https:\/\/hef.group\/wp-content\/uploads\/2024\/01\/qualiopi-removebg-preview.png\" \/>\n\t<meta property=\"og:image:width\" content=\"290\" \/>\n\t<meta property=\"og:image:height\" content=\"174\" \/>\n\t<meta property=\"og:image:type\" content=\"image\/png\" \/>\n<meta name=\"twitter:card\" content=\"summary_large_image\" \/>\n<meta name=\"twitter:label1\" content=\"Est. reading time\" \/>\n\t<meta name=\"twitter:data1\" content=\"2 minutes\" \/>\n<script type=\"application\/ld+json\" class=\"yoast-schema-graph\">{\"@context\":\"https:\/\/schema.org\",\"@graph\":[{\"@type\":\"WebPage\",\"@id\":\"https:\/\/hef.group\/en\/our-tribology-training-courses\/\",\"url\":\"https:\/\/hef.group\/en\/our-tribology-training-courses\/\",\"name\":\"Surface treatment and tribology training courses | HEF\",\"isPartOf\":{\"@id\":\"https:\/\/hef.group\/en\/#website\"},\"primaryImageOfPage\":{\"@id\":\"https:\/\/hef.group\/en\/our-tribology-training-courses\/#primaryimage\"},\"image\":{\"@id\":\"https:\/\/hef.group\/en\/our-tribology-training-courses\/#primaryimage\"},\"thumbnailUrl\":\"https:\/\/hef.group\/wp-content\/uploads\/2025\/09\/Logo_Qualiopi.png\",\"datePublished\":\"2023-12-01T16:02:32+00:00\",\"dateModified\":\"2025-09-29T06:41:38+00:00\",\"description\":\"The HEF tribology training course covers all aspects of the problems associated with wear and friction, ranging from analyzing the industrial context to selecting solutions.\",\"breadcrumb\":{\"@id\":\"https:\/\/hef.group\/en\/our-tribology-training-courses\/#breadcrumb\"},\"inLanguage\":\"en-US\",\"potentialAction\":[{\"@type\":\"ReadAction\",\"target\":[\"https:\/\/hef.group\/en\/our-tribology-training-courses\/\"]}]},{\"@type\":\"ImageObject\",\"inLanguage\":\"en-US\",\"@id\":\"https:\/\/hef.group\/en\/our-tribology-training-courses\/#primaryimage\",\"url\":\"https:\/\/hef.group\/wp-content\/uploads\/2025\/09\/Logo_Qualiopi.png\",\"contentUrl\":\"https:\/\/hef.group\/wp-content\/uploads\/2025\/09\/Logo_Qualiopi.png\"},{\"@type\":\"BreadcrumbList\",\"@id\":\"https:\/\/hef.group\/en\/our-tribology-training-courses\/#breadcrumb\",\"itemListElement\":[{\"@type\":\"ListItem\",\"position\":1,\"name\":\"Home\",\"item\":\"https:\/\/hef.group\/en\/\"},{\"@type\":\"ListItem\",\"position\":2,\"name\":\"Tribology training courses\"}]},{\"@type\":\"WebSite\",\"@id\":\"https:\/\/hef.group\/en\/#website\",\"url\":\"https:\/\/hef.group\/en\/\",\"name\":\"HEF Groupe\",\"description\":\"Leader Mondial en ing\u00e9n\u00e9rie des mat\u00e9riaux de surfaces\",\"publisher\":{\"@id\":\"https:\/\/hef.group\/en\/#organization\"},\"potentialAction\":[{\"@type\":\"SearchAction\",\"target\":{\"@type\":\"EntryPoint\",\"urlTemplate\":\"https:\/\/hef.group\/en\/?s={search_term_string}\"},\"query-input\":{\"@type\":\"PropertyValueSpecification\",\"valueRequired\":true,\"valueName\":\"search_term_string\"}}],\"inLanguage\":\"en-US\"},{\"@type\":\"Organization\",\"@id\":\"https:\/\/hef.group\/en\/#organization\",\"name\":\"HEF Groupe\",\"url\":\"https:\/\/hef.group\/en\/\",\"logo\":{\"@type\":\"ImageObject\",\"inLanguage\":\"en-US\",\"@id\":\"https:\/\/hef.group\/en\/#\/schema\/logo\/image\/\",\"url\":\"https:\/\/hef.group\/wp-content\/uploads\/2024\/02\/logo-hef-1.svg\",\"contentUrl\":\"https:\/\/hef.group\/wp-content\/uploads\/2024\/02\/logo-hef-1.svg\",\"width\":250,\"height\":60,\"caption\":\"HEF Groupe\"},\"image\":{\"@id\":\"https:\/\/hef.group\/en\/#\/schema\/logo\/image\/\"}}]}<\/script>\n<!-- \/ Yoast SEO plugin. -->","yoast_head_json":{"title":"Surface treatment and tribology training courses | HEF","description":"The HEF tribology training course covers all aspects of the problems associated with wear and friction, ranging from analyzing the industrial context to selecting solutions.","robots":{"index":"index","follow":"follow","max-snippet":"max-snippet:-1","max-image-preview":"max-image-preview:large","max-video-preview":"max-video-preview:-1"},"canonical":"https:\/\/hef.group\/en\/our-tribology-training-courses\/","og_locale":"en_US","og_type":"article","og_title":"Surface treatment and tribology training courses | HEF","og_description":"The HEF tribology training course covers all aspects of the problems associated with wear and friction, ranging from analyzing the industrial context to selecting solutions.","og_url":"https:\/\/hef.group\/en\/our-tribology-training-courses\/","og_site_name":"HEF","article_modified_time":"2025-09-29T06:41:38+00:00","og_image":[{"width":290,"height":174,"url":"https:\/\/hef.group\/wp-content\/uploads\/2024\/01\/qualiopi-removebg-preview.png","type":"image\/png"}],"twitter_card":"summary_large_image","twitter_misc":{"Est. reading time":"2 minutes"},"schema":{"@context":"https:\/\/schema.org","@graph":[{"@type":"WebPage","@id":"https:\/\/hef.group\/en\/our-tribology-training-courses\/","url":"https:\/\/hef.group\/en\/our-tribology-training-courses\/","name":"Surface treatment and tribology training courses | HEF","isPartOf":{"@id":"https:\/\/hef.group\/en\/#website"},"primaryImageOfPage":{"@id":"https:\/\/hef.group\/en\/our-tribology-training-courses\/#primaryimage"},"image":{"@id":"https:\/\/hef.group\/en\/our-tribology-training-courses\/#primaryimage"},"thumbnailUrl":"https:\/\/hef.group\/wp-content\/uploads\/2025\/09\/Logo_Qualiopi.png","datePublished":"2023-12-01T16:02:32+00:00","dateModified":"2025-09-29T06:41:38+00:00","description":"The HEF tribology training course covers all aspects of the problems associated with wear and friction, ranging from analyzing the industrial context to selecting solutions.","breadcrumb":{"@id":"https:\/\/hef.group\/en\/our-tribology-training-courses\/#breadcrumb"},"inLanguage":"en-US","potentialAction":[{"@type":"ReadAction","target":["https:\/\/hef.group\/en\/our-tribology-training-courses\/"]}]},{"@type":"ImageObject","inLanguage":"en-US","@id":"https:\/\/hef.group\/en\/our-tribology-training-courses\/#primaryimage","url":"https:\/\/hef.group\/wp-content\/uploads\/2025\/09\/Logo_Qualiopi.png","contentUrl":"https:\/\/hef.group\/wp-content\/uploads\/2025\/09\/Logo_Qualiopi.png"},{"@type":"BreadcrumbList","@id":"https:\/\/hef.group\/en\/our-tribology-training-courses\/#breadcrumb","itemListElement":[{"@type":"ListItem","position":1,"name":"Home","item":"https:\/\/hef.group\/en\/"},{"@type":"ListItem","position":2,"name":"Tribology training courses"}]},{"@type":"WebSite","@id":"https:\/\/hef.group\/en\/#website","url":"https:\/\/hef.group\/en\/","name":"HEF Groupe","description":"Leader Mondial en ing\u00e9n\u00e9rie des mat\u00e9riaux de surfaces","publisher":{"@id":"https:\/\/hef.group\/en\/#organization"},"potentialAction":[{"@type":"SearchAction","target":{"@type":"EntryPoint","urlTemplate":"https:\/\/hef.group\/en\/?s={search_term_string}"},"query-input":{"@type":"PropertyValueSpecification","valueRequired":true,"valueName":"search_term_string"}}],"inLanguage":"en-US"},{"@type":"Organization","@id":"https:\/\/hef.group\/en\/#organization","name":"HEF Groupe","url":"https:\/\/hef.group\/en\/","logo":{"@type":"ImageObject","inLanguage":"en-US","@id":"https:\/\/hef.group\/en\/#\/schema\/logo\/image\/","url":"https:\/\/hef.group\/wp-content\/uploads\/2024\/02\/logo-hef-1.svg","contentUrl":"https:\/\/hef.group\/wp-content\/uploads\/2024\/02\/logo-hef-1.svg","width":250,"height":60,"caption":"HEF Groupe"},"image":{"@id":"https:\/\/hef.group\/en\/#\/schema\/logo\/image\/"}}]}},"_links":{"self":[{"href":"https:\/\/hef.group\/en\/wp-json\/wp\/v2\/pages\/10011","targetHints":{"allow":["GET"]}}],"collection":[{"href":"https:\/\/hef.group\/en\/wp-json\/wp\/v2\/pages"}],"about":[{"href":"https:\/\/hef.group\/en\/wp-json\/wp\/v2\/types\/page"}],"author":[{"embeddable":true,"href":"https:\/\/hef.group\/en\/wp-json\/wp\/v2\/users\/1"}],"replies":[{"embeddable":true,"href":"https:\/\/hef.group\/en\/wp-json\/wp\/v2\/comments?post=10011"}],"version-history":[{"count":13,"href":"https:\/\/hef.group\/en\/wp-json\/wp\/v2\/pages\/10011\/revisions"}],"predecessor-version":[{"id":12559,"href":"https:\/\/hef.group\/en\/wp-json\/wp\/v2\/pages\/10011\/revisions\/12559"}],"wp:attachment":[{"href":"https:\/\/hef.group\/en\/wp-json\/wp\/v2\/media?parent=10011"}],"curies":[{"name":"wp","href":"https:\/\/api.w.org\/{rel}","templated":true}]}}