{"id":10053,"date":"2023-11-14T10:36:35","date_gmt":"2023-11-14T09:36:35","guid":{"rendered":"https:\/\/hef.group\/our-career-opportunities\/"},"modified":"2024-11-05T10:20:40","modified_gmt":"2024-11-05T09:20:40","slug":"our-career-opportunities","status":"publish","type":"page","link":"https:\/\/hef.group\/en\/our-career-opportunities\/","title":{"rendered":"Our career opportunities"},"content":{"rendered":"\n<p class=\"has-text-align-center\">The HEF Group is always on the lookout for talented and enthusiastic people to help us realize our vision. We invite you to take a look at our current career opportunities.<\/p>\n\n<div style=\"height:46px\" aria-hidden=\"true\" class=\"wp-block-spacer\"><\/div>\n","protected":false},"excerpt":{"rendered":"<p>The HEF Group is always on the lookout for talented and enthusiastic people to help us realize our vision. We invite you to take a look at our current career opportunities.<\/p>\n","protected":false},"author":1,"featured_media":10056,"parent":0,"menu_order":0,"comment_status":"closed","ping_status":"closed","template":"template-carrieres.php","meta":{"_acf_changed":false,"inline_featured_image":false,"footnotes":""},"class_list":["post-10053","page","type-page","status-publish","has-post-thumbnail","hentry"],"acf":[],"yoast_head":"<!-- This site is optimized with the Yoast SEO plugin v27.2 - https:\/\/yoast.com\/product\/yoast-seo-wordpress\/ -->\n<title>Our career opportunities - HEF<\/title>\n<meta name=\"robots\" content=\"index, follow, max-snippet:-1, max-image-preview:large, max-video-preview:-1\" \/>\n<link rel=\"canonical\" href=\"https:\/\/hef.group\/en\/our-career-opportunities\/\" \/>\n<meta property=\"og:locale\" content=\"en_US\" \/>\n<meta property=\"og:type\" content=\"article\" \/>\n<meta property=\"og:title\" content=\"Our career opportunities - HEF\" \/>\n<meta property=\"og:description\" content=\"The HEF Group is always on the lookout for talented and enthusiastic people to help us realize our vision. We invite you to take a look at our current career opportunities.\" \/>\n<meta property=\"og:url\" content=\"https:\/\/hef.group\/en\/our-career-opportunities\/\" \/>\n<meta property=\"og:site_name\" content=\"HEF\" \/>\n<meta property=\"article:modified_time\" content=\"2024-11-05T09:20:40+00:00\" \/>\n<meta property=\"og:image\" content=\"https:\/\/hef.group\/wp-content\/uploads\/2024\/07\/shutterstock_2169500905.jpg\" \/>\n\t<meta property=\"og:image:width\" content=\"1920\" \/>\n\t<meta property=\"og:image:height\" content=\"642\" \/>\n\t<meta property=\"og:image:type\" content=\"image\/jpeg\" \/>\n<meta name=\"twitter:card\" content=\"summary_large_image\" \/>\n<meta name=\"twitter:label1\" content=\"Est. reading time\" \/>\n\t<meta name=\"twitter:data1\" content=\"1 minute\" \/>\n<script type=\"application\/ld+json\" class=\"yoast-schema-graph\">{\"@context\":\"https:\/\/schema.org\",\"@graph\":[{\"@type\":\"WebPage\",\"@id\":\"https:\/\/hef.group\/en\/our-career-opportunities\/\",\"url\":\"https:\/\/hef.group\/en\/our-career-opportunities\/\",\"name\":\"Our career opportunities - HEF\",\"isPartOf\":{\"@id\":\"https:\/\/hef.group\/en\/#website\"},\"primaryImageOfPage\":{\"@id\":\"https:\/\/hef.group\/en\/our-career-opportunities\/#primaryimage\"},\"image\":{\"@id\":\"https:\/\/hef.group\/en\/our-career-opportunities\/#primaryimage\"},\"thumbnailUrl\":\"https:\/\/hef.group\/wp-content\/uploads\/2024\/07\/shutterstock_2169500905.jpg\",\"datePublished\":\"2023-11-14T09:36:35+00:00\",\"dateModified\":\"2024-11-05T09:20:40+00:00\",\"breadcrumb\":{\"@id\":\"https:\/\/hef.group\/en\/our-career-opportunities\/#breadcrumb\"},\"inLanguage\":\"en-US\",\"potentialAction\":[{\"@type\":\"ReadAction\",\"target\":[\"https:\/\/hef.group\/en\/our-career-opportunities\/\"]}]},{\"@type\":\"ImageObject\",\"inLanguage\":\"en-US\",\"@id\":\"https:\/\/hef.group\/en\/our-career-opportunities\/#primaryimage\",\"url\":\"https:\/\/hef.group\/wp-content\/uploads\/2024\/07\/shutterstock_2169500905.jpg\",\"contentUrl\":\"https:\/\/hef.group\/wp-content\/uploads\/2024\/07\/shutterstock_2169500905.jpg\",\"width\":1920,\"height\":642},{\"@type\":\"BreadcrumbList\",\"@id\":\"https:\/\/hef.group\/en\/our-career-opportunities\/#breadcrumb\",\"itemListElement\":[{\"@type\":\"ListItem\",\"position\":1,\"name\":\"Home\",\"item\":\"https:\/\/hef.group\/en\/\"},{\"@type\":\"ListItem\",\"position\":2,\"name\":\"Our career opportunities\"}]},{\"@type\":\"WebSite\",\"@id\":\"https:\/\/hef.group\/en\/#website\",\"url\":\"https:\/\/hef.group\/en\/\",\"name\":\"HEF Groupe\",\"description\":\"Leader Mondial en ing\u00e9n\u00e9rie des mat\u00e9riaux de surfaces\",\"publisher\":{\"@id\":\"https:\/\/hef.group\/en\/#organization\"},\"potentialAction\":[{\"@type\":\"SearchAction\",\"target\":{\"@type\":\"EntryPoint\",\"urlTemplate\":\"https:\/\/hef.group\/en\/?s={search_term_string}\"},\"query-input\":{\"@type\":\"PropertyValueSpecification\",\"valueRequired\":true,\"valueName\":\"search_term_string\"}}],\"inLanguage\":\"en-US\"},{\"@type\":\"Organization\",\"@id\":\"https:\/\/hef.group\/en\/#organization\",\"name\":\"HEF Groupe\",\"url\":\"https:\/\/hef.group\/en\/\",\"logo\":{\"@type\":\"ImageObject\",\"inLanguage\":\"en-US\",\"@id\":\"https:\/\/hef.group\/en\/#\/schema\/logo\/image\/\",\"url\":\"https:\/\/hef.group\/wp-content\/uploads\/2024\/02\/logo-hef-1.svg\",\"contentUrl\":\"https:\/\/hef.group\/wp-content\/uploads\/2024\/02\/logo-hef-1.svg\",\"width\":250,\"height\":60,\"caption\":\"HEF Groupe\"},\"image\":{\"@id\":\"https:\/\/hef.group\/en\/#\/schema\/logo\/image\/\"}}]}<\/script>\n<!-- \/ Yoast SEO plugin. -->","yoast_head_json":{"title":"Our career opportunities - HEF","robots":{"index":"index","follow":"follow","max-snippet":"max-snippet:-1","max-image-preview":"max-image-preview:large","max-video-preview":"max-video-preview:-1"},"canonical":"https:\/\/hef.group\/en\/our-career-opportunities\/","og_locale":"en_US","og_type":"article","og_title":"Our career opportunities - HEF","og_description":"The HEF Group is always on the lookout for talented and enthusiastic people to help us realize our vision. We invite you to take a look at our current career opportunities.","og_url":"https:\/\/hef.group\/en\/our-career-opportunities\/","og_site_name":"HEF","article_modified_time":"2024-11-05T09:20:40+00:00","og_image":[{"width":1920,"height":642,"url":"https:\/\/hef.group\/wp-content\/uploads\/2024\/07\/shutterstock_2169500905.jpg","type":"image\/jpeg"}],"twitter_card":"summary_large_image","twitter_misc":{"Est. reading time":"1 minute"},"schema":{"@context":"https:\/\/schema.org","@graph":[{"@type":"WebPage","@id":"https:\/\/hef.group\/en\/our-career-opportunities\/","url":"https:\/\/hef.group\/en\/our-career-opportunities\/","name":"Our career opportunities - HEF","isPartOf":{"@id":"https:\/\/hef.group\/en\/#website"},"primaryImageOfPage":{"@id":"https:\/\/hef.group\/en\/our-career-opportunities\/#primaryimage"},"image":{"@id":"https:\/\/hef.group\/en\/our-career-opportunities\/#primaryimage"},"thumbnailUrl":"https:\/\/hef.group\/wp-content\/uploads\/2024\/07\/shutterstock_2169500905.jpg","datePublished":"2023-11-14T09:36:35+00:00","dateModified":"2024-11-05T09:20:40+00:00","breadcrumb":{"@id":"https:\/\/hef.group\/en\/our-career-opportunities\/#breadcrumb"},"inLanguage":"en-US","potentialAction":[{"@type":"ReadAction","target":["https:\/\/hef.group\/en\/our-career-opportunities\/"]}]},{"@type":"ImageObject","inLanguage":"en-US","@id":"https:\/\/hef.group\/en\/our-career-opportunities\/#primaryimage","url":"https:\/\/hef.group\/wp-content\/uploads\/2024\/07\/shutterstock_2169500905.jpg","contentUrl":"https:\/\/hef.group\/wp-content\/uploads\/2024\/07\/shutterstock_2169500905.jpg","width":1920,"height":642},{"@type":"BreadcrumbList","@id":"https:\/\/hef.group\/en\/our-career-opportunities\/#breadcrumb","itemListElement":[{"@type":"ListItem","position":1,"name":"Home","item":"https:\/\/hef.group\/en\/"},{"@type":"ListItem","position":2,"name":"Our career opportunities"}]},{"@type":"WebSite","@id":"https:\/\/hef.group\/en\/#website","url":"https:\/\/hef.group\/en\/","name":"HEF Groupe","description":"Leader Mondial en ing\u00e9n\u00e9rie des mat\u00e9riaux de surfaces","publisher":{"@id":"https:\/\/hef.group\/en\/#organization"},"potentialAction":[{"@type":"SearchAction","target":{"@type":"EntryPoint","urlTemplate":"https:\/\/hef.group\/en\/?s={search_term_string}"},"query-input":{"@type":"PropertyValueSpecification","valueRequired":true,"valueName":"search_term_string"}}],"inLanguage":"en-US"},{"@type":"Organization","@id":"https:\/\/hef.group\/en\/#organization","name":"HEF Groupe","url":"https:\/\/hef.group\/en\/","logo":{"@type":"ImageObject","inLanguage":"en-US","@id":"https:\/\/hef.group\/en\/#\/schema\/logo\/image\/","url":"https:\/\/hef.group\/wp-content\/uploads\/2024\/02\/logo-hef-1.svg","contentUrl":"https:\/\/hef.group\/wp-content\/uploads\/2024\/02\/logo-hef-1.svg","width":250,"height":60,"caption":"HEF Groupe"},"image":{"@id":"https:\/\/hef.group\/en\/#\/schema\/logo\/image\/"}}]}},"_links":{"self":[{"href":"https:\/\/hef.group\/en\/wp-json\/wp\/v2\/pages\/10053","targetHints":{"allow":["GET"]}}],"collection":[{"href":"https:\/\/hef.group\/en\/wp-json\/wp\/v2\/pages"}],"about":[{"href":"https:\/\/hef.group\/en\/wp-json\/wp\/v2\/types\/page"}],"author":[{"embeddable":true,"href":"https:\/\/hef.group\/en\/wp-json\/wp\/v2\/users\/1"}],"replies":[{"embeddable":true,"href":"https:\/\/hef.group\/en\/wp-json\/wp\/v2\/comments?post=10053"}],"version-history":[{"count":2,"href":"https:\/\/hef.group\/en\/wp-json\/wp\/v2\/pages\/10053\/revisions"}],"predecessor-version":[{"id":11468,"href":"https:\/\/hef.group\/en\/wp-json\/wp\/v2\/pages\/10053\/revisions\/11468"}],"wp:featuredmedia":[{"embeddable":true,"href":"https:\/\/hef.group\/en\/wp-json\/wp\/v2\/media\/10056"}],"wp:attachment":[{"href":"https:\/\/hef.group\/en\/wp-json\/wp\/v2\/media?parent=10053"}],"curies":[{"name":"wp","href":"https:\/\/api.w.org\/{rel}","templated":true}]}}