{"id":10103,"date":"2024-01-02T15:24:39","date_gmt":"2024-01-02T14:24:39","guid":{"rendered":"https:\/\/hef.group\/construction\/"},"modified":"2024-10-28T06:54:47","modified_gmt":"2024-10-28T05:54:47","slug":"construction","status":"publish","type":"page","link":"https:\/\/hef.group\/en\/construction\/","title":{"rendered":"Construction"},"content":{"rendered":"<section class=\"axblock \">\n    <div class=\"container\">\n        <div class=\"acf-innerblocks-container\"><\/div>\n    <\/div>\n    <div class=\"ax-cms1 \">\n        <div class=\"container axcms-container content-left\">\n            <div class=\"ax-cms1-content\">\n                                    <h2 class=\"ax-title3\">Our tribological expertise is a performance accelerator for the construction industry<\/h2>\n                                                    <div class=\"text-content\">\n                        <p><b><span data-contrast=\"none\">For more than 50 years, HEF has been combining its know-how in the area of high-performance friction components for construction, mining operations, steel processing, transport, forestry, the cement industry, materials handling, maritime, etc.<\/span><\/b><\/p>\n<p>&nbsp;<\/p>\n<p>&nbsp;<\/p>\n<p><span data-contrast=\"none\">Our large range of components meets the most rigorous technical and environmental specifications, increases productivity, and reduces operating and maintenance costs.<\/span><\/p>\n<p>&nbsp;<\/p>\n<p>&nbsp;<\/p>\n<p><b><span data-contrast=\"none\">Our R&amp;D teams relentlessly innovate to offer components that consistently increase performance and reliability. For example, our IoT friction components that enable predictive maintenance, or also the \u201cPEL\u00ae\u201d \u201cIGO\u201d, a friction component with an initial lubrication that never need be replaced. These innovations were developed for customers who use their machines intensively in the most extreme environments (drilling, quarries, mines, etc.). <\/span><\/b><\/p>\n                    <\/div>\n                                                    <a target=\"_self\" href=\"\/en\/contact\/\"\n                       class=\"btn btn-gradient-second\">Contact our experts<\/a>\n                            <\/div>\n                            <div class=\"ax-cms1-img\">\n                    <img decoding=\"async\" width=\"1920\" height=\"1280\" src=\"https:\/\/hef.group\/wp-content\/uploads\/2024\/02\/shutterstock_482151892.jpg\" class=\"attachment-full size-full\" alt=\"\" srcset=\"https:\/\/hef.group\/wp-content\/uploads\/2024\/02\/shutterstock_482151892.jpg 1920w, https:\/\/hef.group\/wp-content\/uploads\/2024\/02\/shutterstock_482151892-300x200.jpg 300w, https:\/\/hef.group\/wp-content\/uploads\/2024\/02\/shutterstock_482151892-1024x683.jpg 1024w, https:\/\/hef.group\/wp-content\/uploads\/2024\/02\/shutterstock_482151892-768x512.jpg 768w, https:\/\/hef.group\/wp-content\/uploads\/2024\/02\/shutterstock_482151892-1536x1024.jpg 1536w\" sizes=\"(max-width: 1920px) 100vw, 1920px\" \/>                <\/div>\n                    <\/div>\n    <\/div>\n<\/section>\n\n\n\n\n<div class=\"wp-block-columns is-layout-flex wp-container-core-columns-is-layout-9d6595d7 wp-block-columns-is-layout-flex\">\n<div class=\"wp-block-column is-layout-flow wp-block-column-is-layout-flow\" style=\"flex-basis:100%\">\n<div class=\"wp-block-group is-layout-constrained wp-block-group-is-layout-constrained\"><\/div>\n<\/div>\n<\/div>\n","protected":false},"excerpt":{"rendered":"","protected":false},"author":1,"featured_media":10116,"parent":0,"menu_order":1,"comment_status":"closed","ping_status":"closed","template":"template-marche.php","meta":{"_acf_changed":false,"inline_featured_image":false,"footnotes":""},"class_list":["post-10103","page","type-page","status-publish","has-post-thumbnail","hentry"],"acf":[],"yoast_head":"<!-- This site is optimized with the Yoast SEO plugin v27.3 - https:\/\/yoast.com\/product\/yoast-seo-wordpress\/ -->\n<title>Friction components for construction: Benefit from our expertise | HEF<\/title>\n<meta name=\"description\" content=\"Our tribological expertise increases the performance of friction components for construction and reduces operating costs in harsh environments.\" \/>\n<meta name=\"robots\" content=\"index, follow, max-snippet:-1, max-image-preview:large, max-video-preview:-1\" \/>\n<link rel=\"canonical\" href=\"https:\/\/hef.group\/en\/construction\/\" \/>\n<meta property=\"og:locale\" content=\"en_US\" \/>\n<meta property=\"og:type\" content=\"article\" \/>\n<meta property=\"og:title\" content=\"Friction components for construction: Benefit from our expertise | HEF\" \/>\n<meta property=\"og:description\" content=\"Our tribological expertise increases the performance of friction components for construction and reduces operating costs in harsh environments.\" \/>\n<meta property=\"og:url\" content=\"https:\/\/hef.group\/en\/construction\/\" \/>\n<meta property=\"og:site_name\" content=\"HEF\" \/>\n<meta property=\"article:modified_time\" content=\"2024-10-28T05:54:47+00:00\" \/>\n<meta property=\"og:image\" content=\"https:\/\/hef.group\/wp-content\/uploads\/2023\/11\/mining-excavator-1736289_640.jpg\" \/>\n\t<meta property=\"og:image:width\" content=\"640\" \/>\n\t<meta property=\"og:image:height\" content=\"427\" \/>\n\t<meta property=\"og:image:type\" content=\"image\/jpeg\" \/>\n<meta name=\"twitter:card\" content=\"summary_large_image\" \/>\n<meta name=\"twitter:label1\" content=\"Est. reading time\" \/>\n\t<meta name=\"twitter:data1\" content=\"1 minute\" \/>\n<script type=\"application\/ld+json\" class=\"yoast-schema-graph\">{\"@context\":\"https:\\\/\\\/schema.org\",\"@graph\":[{\"@type\":\"WebPage\",\"@id\":\"https:\\\/\\\/hef.group\\\/en\\\/construction\\\/\",\"url\":\"https:\\\/\\\/hef.group\\\/en\\\/construction\\\/\",\"name\":\"Friction components for construction: Benefit from our expertise | HEF\",\"isPartOf\":{\"@id\":\"https:\\\/\\\/hef.group\\\/en\\\/#website\"},\"primaryImageOfPage\":{\"@id\":\"https:\\\/\\\/hef.group\\\/en\\\/construction\\\/#primaryimage\"},\"image\":{\"@id\":\"https:\\\/\\\/hef.group\\\/en\\\/construction\\\/#primaryimage\"},\"thumbnailUrl\":\"https:\\\/\\\/hef.group\\\/wp-content\\\/uploads\\\/2023\\\/11\\\/mining-excavator-1736289_640.jpg\",\"datePublished\":\"2024-01-02T14:24:39+00:00\",\"dateModified\":\"2024-10-28T05:54:47+00:00\",\"description\":\"Our tribological expertise increases the performance of friction components for construction and reduces operating costs in harsh environments.\",\"breadcrumb\":{\"@id\":\"https:\\\/\\\/hef.group\\\/en\\\/construction\\\/#breadcrumb\"},\"inLanguage\":\"en-US\",\"potentialAction\":[{\"@type\":\"ReadAction\",\"target\":[\"https:\\\/\\\/hef.group\\\/en\\\/construction\\\/\"]}]},{\"@type\":\"ImageObject\",\"inLanguage\":\"en-US\",\"@id\":\"https:\\\/\\\/hef.group\\\/en\\\/construction\\\/#primaryimage\",\"url\":\"https:\\\/\\\/hef.group\\\/wp-content\\\/uploads\\\/2023\\\/11\\\/mining-excavator-1736289_640.jpg\",\"contentUrl\":\"https:\\\/\\\/hef.group\\\/wp-content\\\/uploads\\\/2023\\\/11\\\/mining-excavator-1736289_640.jpg\",\"width\":640,\"height\":427},{\"@type\":\"BreadcrumbList\",\"@id\":\"https:\\\/\\\/hef.group\\\/en\\\/construction\\\/#breadcrumb\",\"itemListElement\":[{\"@type\":\"ListItem\",\"position\":1,\"name\":\"Home\",\"item\":\"https:\\\/\\\/hef.group\\\/en\\\/\"},{\"@type\":\"ListItem\",\"position\":2,\"name\":\"Construction\"}]},{\"@type\":\"WebSite\",\"@id\":\"https:\\\/\\\/hef.group\\\/en\\\/#website\",\"url\":\"https:\\\/\\\/hef.group\\\/en\\\/\",\"name\":\"HEF Groupe\",\"description\":\"Leader Mondial en ing\u00e9n\u00e9rie des mat\u00e9riaux de surfaces\",\"publisher\":{\"@id\":\"https:\\\/\\\/hef.group\\\/en\\\/#organization\"},\"potentialAction\":[{\"@type\":\"SearchAction\",\"target\":{\"@type\":\"EntryPoint\",\"urlTemplate\":\"https:\\\/\\\/hef.group\\\/en\\\/?s={search_term_string}\"},\"query-input\":{\"@type\":\"PropertyValueSpecification\",\"valueRequired\":true,\"valueName\":\"search_term_string\"}}],\"inLanguage\":\"en-US\"},{\"@type\":\"Organization\",\"@id\":\"https:\\\/\\\/hef.group\\\/en\\\/#organization\",\"name\":\"HEF Groupe\",\"url\":\"https:\\\/\\\/hef.group\\\/en\\\/\",\"logo\":{\"@type\":\"ImageObject\",\"inLanguage\":\"en-US\",\"@id\":\"https:\\\/\\\/hef.group\\\/en\\\/#\\\/schema\\\/logo\\\/image\\\/\",\"url\":\"https:\\\/\\\/hef.group\\\/wp-content\\\/uploads\\\/2024\\\/02\\\/logo-hef-1.svg\",\"contentUrl\":\"https:\\\/\\\/hef.group\\\/wp-content\\\/uploads\\\/2024\\\/02\\\/logo-hef-1.svg\",\"width\":250,\"height\":60,\"caption\":\"HEF Groupe\"},\"image\":{\"@id\":\"https:\\\/\\\/hef.group\\\/en\\\/#\\\/schema\\\/logo\\\/image\\\/\"}}]}<\/script>\n<!-- \/ Yoast SEO plugin. -->","yoast_head_json":{"title":"Friction components for construction: Benefit from our expertise | HEF","description":"Our tribological expertise increases the performance of friction components for construction and reduces operating costs in harsh environments.","robots":{"index":"index","follow":"follow","max-snippet":"max-snippet:-1","max-image-preview":"max-image-preview:large","max-video-preview":"max-video-preview:-1"},"canonical":"https:\/\/hef.group\/en\/construction\/","og_locale":"en_US","og_type":"article","og_title":"Friction components for construction: Benefit from our expertise | HEF","og_description":"Our tribological expertise increases the performance of friction components for construction and reduces operating costs in harsh environments.","og_url":"https:\/\/hef.group\/en\/construction\/","og_site_name":"HEF","article_modified_time":"2024-10-28T05:54:47+00:00","og_image":[{"width":640,"height":427,"url":"https:\/\/hef.group\/wp-content\/uploads\/2023\/11\/mining-excavator-1736289_640.jpg","type":"image\/jpeg"}],"twitter_card":"summary_large_image","twitter_misc":{"Est. reading time":"1 minute"},"schema":{"@context":"https:\/\/schema.org","@graph":[{"@type":"WebPage","@id":"https:\/\/hef.group\/en\/construction\/","url":"https:\/\/hef.group\/en\/construction\/","name":"Friction components for construction: Benefit from our expertise | HEF","isPartOf":{"@id":"https:\/\/hef.group\/en\/#website"},"primaryImageOfPage":{"@id":"https:\/\/hef.group\/en\/construction\/#primaryimage"},"image":{"@id":"https:\/\/hef.group\/en\/construction\/#primaryimage"},"thumbnailUrl":"https:\/\/hef.group\/wp-content\/uploads\/2023\/11\/mining-excavator-1736289_640.jpg","datePublished":"2024-01-02T14:24:39+00:00","dateModified":"2024-10-28T05:54:47+00:00","description":"Our tribological expertise increases the performance of friction components for construction and reduces operating costs in harsh environments.","breadcrumb":{"@id":"https:\/\/hef.group\/en\/construction\/#breadcrumb"},"inLanguage":"en-US","potentialAction":[{"@type":"ReadAction","target":["https:\/\/hef.group\/en\/construction\/"]}]},{"@type":"ImageObject","inLanguage":"en-US","@id":"https:\/\/hef.group\/en\/construction\/#primaryimage","url":"https:\/\/hef.group\/wp-content\/uploads\/2023\/11\/mining-excavator-1736289_640.jpg","contentUrl":"https:\/\/hef.group\/wp-content\/uploads\/2023\/11\/mining-excavator-1736289_640.jpg","width":640,"height":427},{"@type":"BreadcrumbList","@id":"https:\/\/hef.group\/en\/construction\/#breadcrumb","itemListElement":[{"@type":"ListItem","position":1,"name":"Home","item":"https:\/\/hef.group\/en\/"},{"@type":"ListItem","position":2,"name":"Construction"}]},{"@type":"WebSite","@id":"https:\/\/hef.group\/en\/#website","url":"https:\/\/hef.group\/en\/","name":"HEF Groupe","description":"Leader Mondial en ing\u00e9n\u00e9rie des mat\u00e9riaux de surfaces","publisher":{"@id":"https:\/\/hef.group\/en\/#organization"},"potentialAction":[{"@type":"SearchAction","target":{"@type":"EntryPoint","urlTemplate":"https:\/\/hef.group\/en\/?s={search_term_string}"},"query-input":{"@type":"PropertyValueSpecification","valueRequired":true,"valueName":"search_term_string"}}],"inLanguage":"en-US"},{"@type":"Organization","@id":"https:\/\/hef.group\/en\/#organization","name":"HEF Groupe","url":"https:\/\/hef.group\/en\/","logo":{"@type":"ImageObject","inLanguage":"en-US","@id":"https:\/\/hef.group\/en\/#\/schema\/logo\/image\/","url":"https:\/\/hef.group\/wp-content\/uploads\/2024\/02\/logo-hef-1.svg","contentUrl":"https:\/\/hef.group\/wp-content\/uploads\/2024\/02\/logo-hef-1.svg","width":250,"height":60,"caption":"HEF Groupe"},"image":{"@id":"https:\/\/hef.group\/en\/#\/schema\/logo\/image\/"}}]}},"_links":{"self":[{"href":"https:\/\/hef.group\/en\/wp-json\/wp\/v2\/pages\/10103","targetHints":{"allow":["GET"]}}],"collection":[{"href":"https:\/\/hef.group\/en\/wp-json\/wp\/v2\/pages"}],"about":[{"href":"https:\/\/hef.group\/en\/wp-json\/wp\/v2\/types\/page"}],"author":[{"embeddable":true,"href":"https:\/\/hef.group\/en\/wp-json\/wp\/v2\/users\/1"}],"replies":[{"embeddable":true,"href":"https:\/\/hef.group\/en\/wp-json\/wp\/v2\/comments?post=10103"}],"version-history":[{"count":4,"href":"https:\/\/hef.group\/en\/wp-json\/wp\/v2\/pages\/10103\/revisions"}],"predecessor-version":[{"id":10428,"href":"https:\/\/hef.group\/en\/wp-json\/wp\/v2\/pages\/10103\/revisions\/10428"}],"wp:featuredmedia":[{"embeddable":true,"href":"https:\/\/hef.group\/en\/wp-json\/wp\/v2\/media\/10116"}],"wp:attachment":[{"href":"https:\/\/hef.group\/en\/wp-json\/wp\/v2\/media?parent=10103"}],"curies":[{"name":"wp","href":"https:\/\/api.w.org\/{rel}","templated":true}]}}