{"id":10127,"date":"2024-01-02T15:25:54","date_gmt":"2024-01-02T14:25:54","guid":{"rendered":"https:\/\/hef.group\/defense-aerospace\/"},"modified":"2024-10-25T10:23:02","modified_gmt":"2024-10-25T08:23:02","slug":"defense-aerospace","status":"publish","type":"page","link":"https:\/\/hef.group\/en\/defense-aerospace\/","title":{"rendered":"Defense &#038; aerospace"},"content":{"rendered":"<section class=\"axblock \">\n    <div class=\"container\">\n        <div class=\"acf-innerblocks-container\"><\/div>\n    <\/div>\n    <div class=\"ax-cms1 \">\n        <div class=\"container axcms-container content-left\">\n            <div class=\"ax-cms1-content\">\n                                    <h2 class=\"ax-title3\">Supporting eco-transition and technical developments with surface treatment and PVD solutions for the aerospace industry<\/h2>\n                                                    <div class=\"text-content\">\n                        <p>Eco-transition issues have global impact, particularly the necessity of reducing greenhouse gas emissions to achieve carbon neutrality by the year 2050. This necessity will impose profound changes in the design and architecture of airplanes.<\/p>\n<p>&nbsp;<\/p>\n<p><span class=\"TextRun SCXW1213400 BCX0\" lang=\"FR-FR\" xml:lang=\"FR-FR\" data-contrast=\"none\"><span class=\"NormalTextRun SCXW1213400 BCX0\">HEF develops breakthrough technologies for eco-transition issues confronting the aerospace industry and surface treatment for the defense industry. We invest in R&#038;D for <\/span><span class=\"NormalTextRun SCXW1213400 BCX0\">solutions<\/span><\/span><strong><span class=\"TextRun SCXW1213400 BCX0\" lang=\"FR-FR\" xml:lang=\"FR-FR\" data-contrast=\"none\"><span class=\"NormalTextRun SCXW1213400 BCX0\"> that boost the performance of embedded civilian as well as military applications.<\/span><\/span><span class=\"EOP SCXW1213400 BCX0\" data-ccp-props=\"{&quot;134233117&quot;:false,&quot;134233118&quot;:false,&quot;201341983&quot;:0,&quot;335557856&quot;:16775154,&quot;335559738&quot;:0,&quot;335559739&quot;:0,&quot;335559740&quot;:279}\">\u00a0<\/span><\/strong><\/p>\n                    <\/div>\n                                                    <a target=\"_self\" href=\"https:\/\/hef.group\/en\/contact\/\"\n                       class=\"btn btn-gradient-second\">Contact our experts<\/a>\n                            <\/div>\n                            <div class=\"ax-cms1-img\">\n                    <img decoding=\"async\" width=\"1920\" height=\"1280\" src=\"https:\/\/hef.group\/wp-content\/uploads\/2024\/02\/shutterstock_428587012.jpg\" class=\"attachment-full size-full\" alt=\"\" srcset=\"https:\/\/hef.group\/wp-content\/uploads\/2024\/02\/shutterstock_428587012.jpg 1920w, https:\/\/hef.group\/wp-content\/uploads\/2024\/02\/shutterstock_428587012-300x200.jpg 300w, https:\/\/hef.group\/wp-content\/uploads\/2024\/02\/shutterstock_428587012-1024x683.jpg 1024w, https:\/\/hef.group\/wp-content\/uploads\/2024\/02\/shutterstock_428587012-768x512.jpg 768w, https:\/\/hef.group\/wp-content\/uploads\/2024\/02\/shutterstock_428587012-1536x1024.jpg 1536w\" sizes=\"(max-width: 1920px) 100vw, 1920px\" \/>                <\/div>\n                    <\/div>\n    <\/div>\n<\/section>\n\n","protected":false},"excerpt":{"rendered":"","protected":false},"author":1,"featured_media":10135,"parent":0,"menu_order":0,"comment_status":"closed","ping_status":"closed","template":"template-marche.php","meta":{"_acf_changed":false,"inline_featured_image":false,"footnotes":""},"class_list":["post-10127","page","type-page","status-publish","has-post-thumbnail","hentry"],"acf":[],"yoast_head":"<!-- This site is optimized with the Yoast SEO plugin v27.3 - https:\/\/yoast.com\/product\/yoast-seo-wordpress\/ -->\n<title>Breakthrough technologies and PVD solutions for the aerospace industry | HEF<\/title>\n<meta name=\"description\" content=\"HEF develops technologies by investing in R&amp;D to improve performance in civilian and military aerospace applications.\" \/>\n<meta name=\"robots\" content=\"index, follow, max-snippet:-1, max-image-preview:large, max-video-preview:-1\" \/>\n<link rel=\"canonical\" href=\"https:\/\/hef.group\/en\/defense-aerospace\/\" \/>\n<meta property=\"og:locale\" content=\"en_US\" \/>\n<meta property=\"og:type\" content=\"article\" \/>\n<meta property=\"og:title\" content=\"Breakthrough technologies and PVD solutions for the aerospace industry | HEF\" \/>\n<meta property=\"og:description\" content=\"HEF develops technologies by investing in R&amp;D to improve performance in civilian and military aerospace applications.\" \/>\n<meta property=\"og:url\" content=\"https:\/\/hef.group\/en\/defense-aerospace\/\" \/>\n<meta property=\"og:site_name\" content=\"HEF\" \/>\n<meta property=\"article:modified_time\" content=\"2024-10-25T08:23:02+00:00\" \/>\n<meta property=\"og:image\" content=\"https:\/\/hef.group\/wp-content\/uploads\/2023\/11\/rocket-launch-67643_640.jpg\" \/>\n\t<meta property=\"og:image:width\" content=\"640\" \/>\n\t<meta property=\"og:image:height\" content=\"428\" \/>\n\t<meta property=\"og:image:type\" content=\"image\/jpeg\" \/>\n<meta name=\"twitter:card\" content=\"summary_large_image\" \/>\n<meta name=\"twitter:label1\" content=\"Est. reading time\" \/>\n\t<meta name=\"twitter:data1\" content=\"1 minute\" \/>\n<script type=\"application\/ld+json\" class=\"yoast-schema-graph\">{\"@context\":\"https:\\\/\\\/schema.org\",\"@graph\":[{\"@type\":\"WebPage\",\"@id\":\"https:\\\/\\\/hef.group\\\/en\\\/defense-aerospace\\\/\",\"url\":\"https:\\\/\\\/hef.group\\\/en\\\/defense-aerospace\\\/\",\"name\":\"Breakthrough technologies and PVD solutions for the aerospace industry | HEF\",\"isPartOf\":{\"@id\":\"https:\\\/\\\/hef.group\\\/en\\\/#website\"},\"primaryImageOfPage\":{\"@id\":\"https:\\\/\\\/hef.group\\\/en\\\/defense-aerospace\\\/#primaryimage\"},\"image\":{\"@id\":\"https:\\\/\\\/hef.group\\\/en\\\/defense-aerospace\\\/#primaryimage\"},\"thumbnailUrl\":\"https:\\\/\\\/hef.group\\\/wp-content\\\/uploads\\\/2023\\\/11\\\/rocket-launch-67643_640.jpg\",\"datePublished\":\"2024-01-02T14:25:54+00:00\",\"dateModified\":\"2024-10-25T08:23:02+00:00\",\"description\":\"HEF develops technologies by investing in R&D to improve performance in civilian and military aerospace applications.\",\"breadcrumb\":{\"@id\":\"https:\\\/\\\/hef.group\\\/en\\\/defense-aerospace\\\/#breadcrumb\"},\"inLanguage\":\"en-US\",\"potentialAction\":[{\"@type\":\"ReadAction\",\"target\":[\"https:\\\/\\\/hef.group\\\/en\\\/defense-aerospace\\\/\"]}]},{\"@type\":\"ImageObject\",\"inLanguage\":\"en-US\",\"@id\":\"https:\\\/\\\/hef.group\\\/en\\\/defense-aerospace\\\/#primaryimage\",\"url\":\"https:\\\/\\\/hef.group\\\/wp-content\\\/uploads\\\/2023\\\/11\\\/rocket-launch-67643_640.jpg\",\"contentUrl\":\"https:\\\/\\\/hef.group\\\/wp-content\\\/uploads\\\/2023\\\/11\\\/rocket-launch-67643_640.jpg\",\"width\":640,\"height\":428},{\"@type\":\"BreadcrumbList\",\"@id\":\"https:\\\/\\\/hef.group\\\/en\\\/defense-aerospace\\\/#breadcrumb\",\"itemListElement\":[{\"@type\":\"ListItem\",\"position\":1,\"name\":\"Home\",\"item\":\"https:\\\/\\\/hef.group\\\/en\\\/\"},{\"@type\":\"ListItem\",\"position\":2,\"name\":\"Defense &#038; aerospace\"}]},{\"@type\":\"WebSite\",\"@id\":\"https:\\\/\\\/hef.group\\\/en\\\/#website\",\"url\":\"https:\\\/\\\/hef.group\\\/en\\\/\",\"name\":\"HEF Groupe\",\"description\":\"Leader Mondial en ing\u00e9n\u00e9rie des mat\u00e9riaux de surfaces\",\"publisher\":{\"@id\":\"https:\\\/\\\/hef.group\\\/en\\\/#organization\"},\"potentialAction\":[{\"@type\":\"SearchAction\",\"target\":{\"@type\":\"EntryPoint\",\"urlTemplate\":\"https:\\\/\\\/hef.group\\\/en\\\/?s={search_term_string}\"},\"query-input\":{\"@type\":\"PropertyValueSpecification\",\"valueRequired\":true,\"valueName\":\"search_term_string\"}}],\"inLanguage\":\"en-US\"},{\"@type\":\"Organization\",\"@id\":\"https:\\\/\\\/hef.group\\\/en\\\/#organization\",\"name\":\"HEF Groupe\",\"url\":\"https:\\\/\\\/hef.group\\\/en\\\/\",\"logo\":{\"@type\":\"ImageObject\",\"inLanguage\":\"en-US\",\"@id\":\"https:\\\/\\\/hef.group\\\/en\\\/#\\\/schema\\\/logo\\\/image\\\/\",\"url\":\"https:\\\/\\\/hef.group\\\/wp-content\\\/uploads\\\/2024\\\/02\\\/logo-hef-1.svg\",\"contentUrl\":\"https:\\\/\\\/hef.group\\\/wp-content\\\/uploads\\\/2024\\\/02\\\/logo-hef-1.svg\",\"width\":250,\"height\":60,\"caption\":\"HEF Groupe\"},\"image\":{\"@id\":\"https:\\\/\\\/hef.group\\\/en\\\/#\\\/schema\\\/logo\\\/image\\\/\"}}]}<\/script>\n<!-- \/ Yoast SEO plugin. -->","yoast_head_json":{"title":"Breakthrough technologies and PVD solutions for the aerospace industry | HEF","description":"HEF develops technologies by investing in R&D to improve performance in civilian and military aerospace applications.","robots":{"index":"index","follow":"follow","max-snippet":"max-snippet:-1","max-image-preview":"max-image-preview:large","max-video-preview":"max-video-preview:-1"},"canonical":"https:\/\/hef.group\/en\/defense-aerospace\/","og_locale":"en_US","og_type":"article","og_title":"Breakthrough technologies and PVD solutions for the aerospace industry | HEF","og_description":"HEF develops technologies by investing in R&D to improve performance in civilian and military aerospace applications.","og_url":"https:\/\/hef.group\/en\/defense-aerospace\/","og_site_name":"HEF","article_modified_time":"2024-10-25T08:23:02+00:00","og_image":[{"width":640,"height":428,"url":"https:\/\/hef.group\/wp-content\/uploads\/2023\/11\/rocket-launch-67643_640.jpg","type":"image\/jpeg"}],"twitter_card":"summary_large_image","twitter_misc":{"Est. reading time":"1 minute"},"schema":{"@context":"https:\/\/schema.org","@graph":[{"@type":"WebPage","@id":"https:\/\/hef.group\/en\/defense-aerospace\/","url":"https:\/\/hef.group\/en\/defense-aerospace\/","name":"Breakthrough technologies and PVD solutions for the aerospace industry | HEF","isPartOf":{"@id":"https:\/\/hef.group\/en\/#website"},"primaryImageOfPage":{"@id":"https:\/\/hef.group\/en\/defense-aerospace\/#primaryimage"},"image":{"@id":"https:\/\/hef.group\/en\/defense-aerospace\/#primaryimage"},"thumbnailUrl":"https:\/\/hef.group\/wp-content\/uploads\/2023\/11\/rocket-launch-67643_640.jpg","datePublished":"2024-01-02T14:25:54+00:00","dateModified":"2024-10-25T08:23:02+00:00","description":"HEF develops technologies by investing in R&D to improve performance in civilian and military aerospace applications.","breadcrumb":{"@id":"https:\/\/hef.group\/en\/defense-aerospace\/#breadcrumb"},"inLanguage":"en-US","potentialAction":[{"@type":"ReadAction","target":["https:\/\/hef.group\/en\/defense-aerospace\/"]}]},{"@type":"ImageObject","inLanguage":"en-US","@id":"https:\/\/hef.group\/en\/defense-aerospace\/#primaryimage","url":"https:\/\/hef.group\/wp-content\/uploads\/2023\/11\/rocket-launch-67643_640.jpg","contentUrl":"https:\/\/hef.group\/wp-content\/uploads\/2023\/11\/rocket-launch-67643_640.jpg","width":640,"height":428},{"@type":"BreadcrumbList","@id":"https:\/\/hef.group\/en\/defense-aerospace\/#breadcrumb","itemListElement":[{"@type":"ListItem","position":1,"name":"Home","item":"https:\/\/hef.group\/en\/"},{"@type":"ListItem","position":2,"name":"Defense &#038; aerospace"}]},{"@type":"WebSite","@id":"https:\/\/hef.group\/en\/#website","url":"https:\/\/hef.group\/en\/","name":"HEF Groupe","description":"Leader Mondial en ing\u00e9n\u00e9rie des mat\u00e9riaux de surfaces","publisher":{"@id":"https:\/\/hef.group\/en\/#organization"},"potentialAction":[{"@type":"SearchAction","target":{"@type":"EntryPoint","urlTemplate":"https:\/\/hef.group\/en\/?s={search_term_string}"},"query-input":{"@type":"PropertyValueSpecification","valueRequired":true,"valueName":"search_term_string"}}],"inLanguage":"en-US"},{"@type":"Organization","@id":"https:\/\/hef.group\/en\/#organization","name":"HEF Groupe","url":"https:\/\/hef.group\/en\/","logo":{"@type":"ImageObject","inLanguage":"en-US","@id":"https:\/\/hef.group\/en\/#\/schema\/logo\/image\/","url":"https:\/\/hef.group\/wp-content\/uploads\/2024\/02\/logo-hef-1.svg","contentUrl":"https:\/\/hef.group\/wp-content\/uploads\/2024\/02\/logo-hef-1.svg","width":250,"height":60,"caption":"HEF Groupe"},"image":{"@id":"https:\/\/hef.group\/en\/#\/schema\/logo\/image\/"}}]}},"_links":{"self":[{"href":"https:\/\/hef.group\/en\/wp-json\/wp\/v2\/pages\/10127","targetHints":{"allow":["GET"]}}],"collection":[{"href":"https:\/\/hef.group\/en\/wp-json\/wp\/v2\/pages"}],"about":[{"href":"https:\/\/hef.group\/en\/wp-json\/wp\/v2\/types\/page"}],"author":[{"embeddable":true,"href":"https:\/\/hef.group\/en\/wp-json\/wp\/v2\/users\/1"}],"replies":[{"embeddable":true,"href":"https:\/\/hef.group\/en\/wp-json\/wp\/v2\/comments?post=10127"}],"version-history":[{"count":2,"href":"https:\/\/hef.group\/en\/wp-json\/wp\/v2\/pages\/10127\/revisions"}],"predecessor-version":[{"id":10137,"href":"https:\/\/hef.group\/en\/wp-json\/wp\/v2\/pages\/10127\/revisions\/10137"}],"wp:featuredmedia":[{"embeddable":true,"href":"https:\/\/hef.group\/en\/wp-json\/wp\/v2\/media\/10135"}],"wp:attachment":[{"href":"https:\/\/hef.group\/en\/wp-json\/wp\/v2\/media?parent=10127"}],"curies":[{"name":"wp","href":"https:\/\/api.w.org\/{rel}","templated":true}]}}