{"id":10226,"date":"2023-11-21T09:36:47","date_gmt":"2023-11-21T08:36:47","guid":{"rendered":"https:\/\/hef.group\/hydrogen-technology\/"},"modified":"2025-06-23T11:32:19","modified_gmt":"2025-06-23T09:32:19","slug":"hydrogen-technology","status":"publish","type":"page","link":"https:\/\/hef.group\/en\/hydrogen-technology\/","title":{"rendered":"Hydrogen technology"},"content":{"rendered":"<section class=\"axtopsection-block\" style=\"--backgroundColor-filter: #075986\">\n    <div class=\"topsection-background\" style=\"--heightBlock: 600px\">\n        <div class=\"axtopsection-fond\">\n            <div class=\"container container-title-groupe\">\n\n                <div class=\"text-element\">\n                    <div class=\"breadcrumb-yoast\">\n                        <span><span><a href=\"https:\/\/hef.group\/en\/\">Home<\/a><\/span><\/span>                    <\/div>\n                    <h1 class='ax-title2'>Hydrogen technology<\/h1>                    <div class=\"container container-text\">\n                                                    <p class=\"description-top-section\">Hydrogen technology: A new energy vector for the society of the future.\nHEF studies and understands surface phenomena relating to hydrogen manufacturing, transport, storage, and hydrogen energy technologies such as electrolysis, compression, fuel cells, and hydrogen engines.\n<\/p>\n                                                                            <a class=\"btn btn-gradient-second\"\n                               href=\"https:\/\/hef.group\/en\/contact\/\">Contact our experts<\/a>\n                                            <\/div>\n                <\/div>\n            <\/div>\n\n                    <\/div>\n\n    <\/div>\n\n\n<\/section>\n\n<section class=\"axblock-textandimg white-bg\">\n    <div class=\"ax-textandimg\">\n        <div class=\"container ax-textandimg-container content-right \">\n            <div class=\"ax-textandimg-content\" style=\"--numberColumns: 2\">\n                                    <h2 class=\"ax-title3\">Did you know?<\/h2>\n                                                    <div class=\"text-content\">\n                        <p>In the context of decarbonizing our societies, hydrogen is one of the solutions considered for the future of energy. A research topic for several decades, the utilization of hydrogen as an \u201cenergy vector\u201d (in other words, it must first be produced and stored before it can be used) could play a significant role in the energy transition, with impetus from both the industrial sector and the mobility sector.<\/p>\n<p>It is available in abundance and its combustion is CO2-free. The hydrogen cycle can be divided into several categories: production, storage, transport, and use in various sectors.<\/p>\n<p>&nbsp;<\/p>\n<p><strong>HEF addresses the environmental issues by diversifying into markets linked to <\/strong><strong>decarbonized energy, such as<\/strong><strong> hydrogen: from upstream via hydrogen production to <\/strong><strong>the use of hydrogen for electric or thermal mobility.<\/strong><\/p>\n                    <\/div>\n                                            <\/div>\n\n\t        <div class=\"ax-textandimg-medias-container\">\n\t            \t                \t                    <div class=\"ax-textandimg-img cover\">\n\t                        <img decoding=\"async\" width=\"1920\" height=\"1217\" src=\"https:\/\/hef.group\/wp-content\/uploads\/2024\/02\/shutterstock_2255457067.jpg\" class=\"attachment-full size-full\" alt=\"\" srcset=\"https:\/\/hef.group\/wp-content\/uploads\/2024\/02\/shutterstock_2255457067.jpg 1920w, https:\/\/hef.group\/wp-content\/uploads\/2024\/02\/shutterstock_2255457067-300x190.jpg 300w, https:\/\/hef.group\/wp-content\/uploads\/2024\/02\/shutterstock_2255457067-1024x649.jpg 1024w, https:\/\/hef.group\/wp-content\/uploads\/2024\/02\/shutterstock_2255457067-768x487.jpg 768w, https:\/\/hef.group\/wp-content\/uploads\/2024\/02\/shutterstock_2255457067-1536x974.jpg 1536w\" sizes=\"(max-width: 1920px) 100vw, 1920px\" \/>\t                    <\/div>\n\t                                    \t            \n\t\t        \t        <\/div>\n        <\/div>\n    <\/div>\n<\/section>\n\n\n<section class=\"axblock-textandimg blue-bg\">\n    <div class=\"ax-textandimg\">\n        <div class=\"container ax-textandimg-container content-left \">\n            <div class=\"ax-textandimg-content\" style=\"--numberColumns: 2\">\n                                    <h2 class=\"ax-title3\">HEF\u2019s objective is to make robust, sustainable, and economically competitive solutions available from\u00a02025, with a view towards mass deployment by the year 2030.<\/h2>\n                                                    <div class=\"text-content\">\n                        <p>The fuel cell principle is the reverse of the electrolysis principle. The chemical reaction triggered by the confluence of dihydrogen and dioxygen produces water, a little heat, but above all electricity, which can then be used for almost all applications.<\/p>\n<p>&nbsp;<\/p>\n<p>For example, today, fuel cells are used in the mobility sector to power new types of electric vehicles (referred to as \u201chydrogen fuel cell vehicles\u201d).<\/p>\n<p>&nbsp;<\/p>\n<p>Other means of transport can also benefit from hydrogen technology, for example, buses, trains or vehicles referred to as &#8220;intensive use\u201d vehicles, such as taxis, captive fleets, utility vehicles,\u00a0electric forklifts. For example, charging hydrogen forklifts is much faster (several minutes) compared to the 8\u00a0hours required to charge most electric forklifts with classic batteries.<\/p>\n                    <\/div>\n                                                <div class=\"btn-textandimg\">\n                                            <a class=\"btn btn-gradient-second btn-block-textandimg\"\n                           href=\"https:\/\/hef.group\/en\/contact\/\"\n\t\t\t\t\t\t   target=\"\"\n\t\t\t\t\t\t>\n\t\t\t\t\t\t   \tContact our experts\t\t\t\t\t\t<\/a>\n                                                        <\/div>\n                                <\/div>\n\n\t        <div class=\"ax-textandimg-medias-container\">\n\t            \t                \t                    <div class=\"ax-textandimg-img cover\">\n\t                        <img decoding=\"async\" width=\"1920\" height=\"1280\" src=\"https:\/\/hef.group\/wp-content\/uploads\/2024\/02\/HEF-voiture-hydrogene.jpg\" class=\"attachment-full size-full\" alt=\"\" srcset=\"https:\/\/hef.group\/wp-content\/uploads\/2024\/02\/HEF-voiture-hydrogene.jpg 1920w, https:\/\/hef.group\/wp-content\/uploads\/2024\/02\/HEF-voiture-hydrogene-300x200.jpg 300w, https:\/\/hef.group\/wp-content\/uploads\/2024\/02\/HEF-voiture-hydrogene-1024x683.jpg 1024w, https:\/\/hef.group\/wp-content\/uploads\/2024\/02\/HEF-voiture-hydrogene-768x512.jpg 768w, https:\/\/hef.group\/wp-content\/uploads\/2024\/02\/HEF-voiture-hydrogene-1536x1024.jpg 1536w\" sizes=\"(max-width: 1920px) 100vw, 1920px\" \/>\t                    <\/div>\n\t                                    \t            \n\t\t        \t        <\/div>\n        <\/div>\n    <\/div>\n<\/section>\n\n\n<section class=\"axblock-black\">\n    <div class=\"container\">\n        <div class=\"acf-innerblocks-container\"><\/div>\n    <\/div>\n    <div class=\"ax-black\">\n        <div class=\"container ax-black-container blue\">\n            <div class=\"ax-black-content\">\n                                                    <div class=\"text-content\">\n                        <p>Hydrogen has a very significant energy density (1\u00a0kg of hydrogen contains as much energy as 3 to 4\u00a0kg of gasoline). Its density is quite low in the natural gaseous state. Consequently, it must be extracted and compressed before it can be used.<\/p>\n<p>&nbsp;<\/p>\n<p><strong>There are two main methods for recovering this energy:<\/strong><\/p>\n<p>&nbsp;<\/p>\n<p>&#8211; In thermal form via the combustion of hydrogen with oxygen (combustion where the residue is water only; this is how the Vulcan engine of the European Ariane launcher works)<\/p>\n<p>&#8211; In electrical from by using fuel cells (also referred to as hydrogen batteries).<\/p>\n                    <\/div>\n                                                            <\/div>\n                            <div class=\"ax-black-img\">\n                    <img decoding=\"async\" width=\"1920\" height=\"851\" src=\"https:\/\/hef.group\/wp-content\/uploads\/2024\/03\/shutterstock_2319197865-e1707904514517-1.jpg\" class=\"attachment-full size-full\" alt=\"\" srcset=\"https:\/\/hef.group\/wp-content\/uploads\/2024\/03\/shutterstock_2319197865-e1707904514517-1.jpg 1920w, https:\/\/hef.group\/wp-content\/uploads\/2024\/03\/shutterstock_2319197865-e1707904514517-1-300x133.jpg 300w, https:\/\/hef.group\/wp-content\/uploads\/2024\/03\/shutterstock_2319197865-e1707904514517-1-1024x454.jpg 1024w, https:\/\/hef.group\/wp-content\/uploads\/2024\/03\/shutterstock_2319197865-e1707904514517-1-768x340.jpg 768w, https:\/\/hef.group\/wp-content\/uploads\/2024\/03\/shutterstock_2319197865-e1707904514517-1-1536x681.jpg 1536w\" sizes=\"(max-width: 1920px) 100vw, 1920px\" \/>                <\/div>\n                    <\/div>\n    <\/div>\n<\/section>\n\n\n\n<section class=\"axblock-textandimg blue-bg\">\n    <div class=\"ax-textandimg\">\n        <div class=\"container ax-textandimg-container content-right \">\n            <div class=\"ax-textandimg-content\" style=\"--numberColumns: 2\">\n                                    <h2 class=\"ax-title3\">Learn about our cutting-edge surface coatings and increase the performance of your fuel cells<\/h2>\n                                                    <div class=\"text-content\">\n                        <p>HEF technologies and innovative PVD coatings improve and\/or create new surface properties of bipolar plates, which are essential fuel cell components. Our hydrogen innovation technologies even improve the corrosion performance of bipolar plates in harsh environments (temperature, acidity, etc.).<\/p>\n<p>&nbsp;<\/p>\n<p><strong> HEF develops unique and resistant carbon coatings for metal bipolar plates. These plates are key components of proton exchange membrane fuel cells (PEMFCs). <\/strong><\/p>\n<p>&nbsp;<\/p>\n<p><strong>Our coatings protect parts from corrosion, ensure optimal electric conductivity over operating times of several thousand hours, and emit low levels of contaminants (barrier effect).<\/strong><\/p>\n<p>&nbsp;<\/p>\n                    <\/div>\n                                                <div class=\"btn-textandimg\">\n                                            <a class=\"btn btn-gradient-second btn-block-textandimg\"\n                           href=\"https:\/\/hef.group\/wp-content\/uploads\/2024\/10\/Data_sheet_bipolar-plate-1.pdf\"\n\t\t\t\t\t\t   target=\"_blank\"\n\t\t\t\t\t\t>\n\t\t\t\t\t\t   \tDownload our fact sheet, \u201cCoatings of metallic bipolar plates for PEMFC fuel cells\u201d\t\t\t\t\t\t<\/a>\n                                                        <\/div>\n                                <\/div>\n\n\t        <div class=\"ax-textandimg-medias-container\">\n\t            \t                \t                    <div class=\"ax-textandimg-video video-youtube\">\n\t                        <p><iframe loading=\"lazy\" title=\"HEF and hydrogen mobility\" width=\"500\" height=\"281\" src=\"https:\/\/www.youtube.com\/embed\/AByAwP3ly2o?feature=oembed&#038;enablejsapi=1&#038;origin=https:\/\/hef.group\" frameborder=\"0\" allow=\"accelerometer; autoplay; clipboard-write; encrypted-media; gyroscope; picture-in-picture; web-share\" referrerpolicy=\"strict-origin-when-cross-origin\" allowfullscreen><\/iframe><\/p>\n\t                    <\/div>\n\t                                    \t            \n\t\t        \t        <\/div>\n        <\/div>\n    <\/div>\n<\/section>\n\n\n<section class=\"axblock-textandimg blue-bg\">\n    <div class=\"ax-textandimg\">\n        <div class=\"container ax-textandimg-container content-left \">\n            <div class=\"ax-textandimg-content\" style=\"--numberColumns: 2\">\n                                    <h2 class=\"ax-title3\">High-performance coating solutions for electrolyzers<\/h2>\n                                                    <div class=\"text-content\">\n                        <p>Before hydrogen can be used, it must first be produced.<\/p>\n<p>&nbsp;<\/p>\n<p>Today, 95% of dihydrogen is produced by \u201csteam reforming\u201d of fossil fuels. This chemical reaction breaks down the hydrocarbon molecules in the presence of steam, heat, and a catalyst to release hydrogen. However, the disadvantage of this method is that it produces CO2.<\/p>\n<p>&nbsp;<\/p>\n<p>Hydrogen can also be produced by electrolysis using water and electricity. Here, the principle is to split the water molecule into separate hydrogen and oxygen atoms. Even if this technique does the opposite of the fuel cell, the technology that enables such electrolysis is quite similar to that of the fuel cell. Namely \u201cstacks\u201d of large-dimension electrochemical monocells, connected in series, will make it possible to obtain hydrogen from water.<\/p>\n<p>&nbsp;<\/p>\n<p>Since energy density depends on the surface of the elements, <strong>here, HEF also brings in our expertise in concept, creation, and design with surface quality control that goes down to tens of nanometers.<br \/>\n<\/strong><\/p>\n<p>&nbsp;<\/p>\n<p>Each cell of an electrolyzer contains porous transport layers (PTLs) and the bipolar separator plates that play an essential role in flux distribution and electric current conduction. However, these plates operate in a corrosive environment.<\/p>\n<p>&nbsp;<\/p>\n<p><strong>Innovative PVD coatings and PVD-PECVD surface treatment technology developed by HEF play a key role in optimizing the performance of these surface treatments and ensuring their durability while reducing the quantities of precious metals used to the absolute minimum.<\/strong><\/p>\n                    <\/div>\n                                                <div class=\"btn-textandimg\">\n                                            <a class=\"btn btn-gradient-second btn-block-textandimg\"\n                           href=\"https:\/\/hef.group\/wp-content\/uploads\/2025\/06\/Data_sheet_electrolyseurs_EN.pdf\"\n\t\t\t\t\t\t   target=\"_blank\"\n\t\t\t\t\t\t>\n\t\t\t\t\t\t   \tDownload our fact sheet \u201cSurface coatings for electrolyzers\u201d\t\t\t\t\t\t<\/a>\n                                                        <\/div>\n                                <\/div>\n\n\t        <div class=\"ax-textandimg-medias-container\">\n\t            \t                \t                    <div class=\"ax-textandimg-video video-youtube\">\n\t                        <p><iframe loading=\"lazy\" title=\"The advantages of HEF surface coatings\" width=\"500\" height=\"281\" src=\"https:\/\/www.youtube.com\/embed\/BWSk33crSYA?feature=oembed&#038;enablejsapi=1&#038;origin=https:\/\/hef.group\" frameborder=\"0\" allow=\"accelerometer; autoplay; clipboard-write; encrypted-media; gyroscope; picture-in-picture; web-share\" referrerpolicy=\"strict-origin-when-cross-origin\" allowfullscreen><\/iframe><\/p>\n\t                    <\/div>\n\t                                    \t            \n\t\t        \t        <\/div>\n        <\/div>\n    <\/div>\n<\/section>\n\n\n<section class=\"axblock-black\">\n    <div class=\"container\">\n        <div class=\"acf-innerblocks-container\"><\/div>\n    <\/div>\n    <div class=\"ax-black\">\n        <div class=\"container ax-black-container black\">\n            <div class=\"ax-black-content\">\n                                    <div class=\"ax-title3\">Conclusion<\/div>\n                                                    <div class=\"text-content\">\n                        Hydrogen technology offers great potential for reducing greenhouse gases (GHGs), and it also has great potential as an important economic source. Today, European countries are making significant investments in this rapidly expanding market, starting with France.\nHEF is able to provide solutions that are robust, sustainable, and economically competitive to accelerate their deployment and make them as accessible as possible.\n\n                    <\/div>\n                                                            <\/div>\n                            <div class=\"ax-black-img\">\n                    <img decoding=\"async\" width=\"1920\" height=\"1108\" src=\"https:\/\/hef.group\/wp-content\/uploads\/2024\/02\/shutterstock_2040643574.jpg\" class=\"attachment-full size-full\" alt=\"\" srcset=\"https:\/\/hef.group\/wp-content\/uploads\/2024\/02\/shutterstock_2040643574.jpg 1920w, https:\/\/hef.group\/wp-content\/uploads\/2024\/02\/shutterstock_2040643574-300x173.jpg 300w, https:\/\/hef.group\/wp-content\/uploads\/2024\/02\/shutterstock_2040643574-1024x591.jpg 1024w, https:\/\/hef.group\/wp-content\/uploads\/2024\/02\/shutterstock_2040643574-768x443.jpg 768w, https:\/\/hef.group\/wp-content\/uploads\/2024\/02\/shutterstock_2040643574-1536x886.jpg 1536w\" sizes=\"(max-width: 1920px) 100vw, 1920px\" \/>                <\/div>\n                    <\/div>\n    <\/div>\n<\/section>\n\n","protected":false},"excerpt":{"rendered":"","protected":false},"author":1,"featured_media":0,"parent":0,"menu_order":0,"comment_status":"closed","ping_status":"closed","template":"","meta":{"_acf_changed":false,"inline_featured_image":false,"footnotes":""},"class_list":["post-10226","page","type-page","status-publish","hentry"],"acf":[],"yoast_head":"<!-- This site is optimized with the Yoast SEO plugin v27.4 - https:\/\/yoast.com\/product\/yoast-seo-wordpress\/ -->\n<title>Innovative PVD coatings for hydrogen technology | HEF<\/title>\n<meta name=\"description\" content=\"HEF develops innovative PVD coatings for manufacturing, transport, storage, and hydrogen technology, boosting durability and performance.\" \/>\n<meta name=\"robots\" content=\"index, follow, max-snippet:-1, max-image-preview:large, max-video-preview:-1\" \/>\n<link rel=\"canonical\" href=\"https:\/\/hef.group\/en\/hydrogen-technology\/\" \/>\n<meta property=\"og:locale\" content=\"en_US\" \/>\n<meta property=\"og:type\" content=\"article\" \/>\n<meta property=\"og:title\" content=\"Innovative PVD coatings for hydrogen technology | HEF\" \/>\n<meta property=\"og:description\" content=\"HEF develops innovative PVD coatings for manufacturing, transport, storage, and hydrogen technology, boosting durability and performance.\" \/>\n<meta property=\"og:url\" content=\"https:\/\/hef.group\/en\/hydrogen-technology\/\" \/>\n<meta property=\"og:site_name\" content=\"HEF\" \/>\n<meta property=\"article:modified_time\" content=\"2025-06-23T09:32:19+00:00\" \/>\n<meta name=\"twitter:card\" content=\"summary_large_image\" \/>\n<script type=\"application\/ld+json\" class=\"yoast-schema-graph\">{\"@context\":\"https:\\\/\\\/schema.org\",\"@graph\":[{\"@type\":\"WebPage\",\"@id\":\"https:\\\/\\\/hef.group\\\/en\\\/hydrogen-technology\\\/\",\"url\":\"https:\\\/\\\/hef.group\\\/en\\\/hydrogen-technology\\\/\",\"name\":\"Innovative PVD coatings for hydrogen technology | HEF\",\"isPartOf\":{\"@id\":\"https:\\\/\\\/hef.group\\\/en\\\/#website\"},\"datePublished\":\"2023-11-21T08:36:47+00:00\",\"dateModified\":\"2025-06-23T09:32:19+00:00\",\"description\":\"HEF develops innovative PVD coatings for manufacturing, transport, storage, and hydrogen technology, boosting durability and performance.\",\"breadcrumb\":{\"@id\":\"https:\\\/\\\/hef.group\\\/en\\\/hydrogen-technology\\\/#breadcrumb\"},\"inLanguage\":\"en-US\",\"potentialAction\":[{\"@type\":\"ReadAction\",\"target\":[\"https:\\\/\\\/hef.group\\\/en\\\/hydrogen-technology\\\/\"]}]},{\"@type\":\"BreadcrumbList\",\"@id\":\"https:\\\/\\\/hef.group\\\/en\\\/hydrogen-technology\\\/#breadcrumb\",\"itemListElement\":[{\"@type\":\"ListItem\",\"position\":1,\"name\":\"Home\",\"item\":\"https:\\\/\\\/hef.group\\\/en\\\/\"},{\"@type\":\"ListItem\",\"position\":2,\"name\":\"Hydrogen technology\"}]},{\"@type\":\"WebSite\",\"@id\":\"https:\\\/\\\/hef.group\\\/en\\\/#website\",\"url\":\"https:\\\/\\\/hef.group\\\/en\\\/\",\"name\":\"HEF Groupe\",\"description\":\"Leader Mondial en ing\u00e9n\u00e9rie des mat\u00e9riaux de surfaces\",\"publisher\":{\"@id\":\"https:\\\/\\\/hef.group\\\/en\\\/#organization\"},\"potentialAction\":[{\"@type\":\"SearchAction\",\"target\":{\"@type\":\"EntryPoint\",\"urlTemplate\":\"https:\\\/\\\/hef.group\\\/en\\\/?s={search_term_string}\"},\"query-input\":{\"@type\":\"PropertyValueSpecification\",\"valueRequired\":true,\"valueName\":\"search_term_string\"}}],\"inLanguage\":\"en-US\"},{\"@type\":\"Organization\",\"@id\":\"https:\\\/\\\/hef.group\\\/en\\\/#organization\",\"name\":\"HEF Groupe\",\"url\":\"https:\\\/\\\/hef.group\\\/en\\\/\",\"logo\":{\"@type\":\"ImageObject\",\"inLanguage\":\"en-US\",\"@id\":\"https:\\\/\\\/hef.group\\\/en\\\/#\\\/schema\\\/logo\\\/image\\\/\",\"url\":\"https:\\\/\\\/hef.group\\\/wp-content\\\/uploads\\\/2024\\\/02\\\/logo-hef-1.svg\",\"contentUrl\":\"https:\\\/\\\/hef.group\\\/wp-content\\\/uploads\\\/2024\\\/02\\\/logo-hef-1.svg\",\"width\":250,\"height\":60,\"caption\":\"HEF Groupe\"},\"image\":{\"@id\":\"https:\\\/\\\/hef.group\\\/en\\\/#\\\/schema\\\/logo\\\/image\\\/\"}}]}<\/script>\n<!-- \/ Yoast SEO plugin. -->","yoast_head_json":{"title":"Innovative PVD coatings for hydrogen technology | HEF","description":"HEF develops innovative PVD coatings for manufacturing, transport, storage, and hydrogen technology, boosting durability and performance.","robots":{"index":"index","follow":"follow","max-snippet":"max-snippet:-1","max-image-preview":"max-image-preview:large","max-video-preview":"max-video-preview:-1"},"canonical":"https:\/\/hef.group\/en\/hydrogen-technology\/","og_locale":"en_US","og_type":"article","og_title":"Innovative PVD coatings for hydrogen technology | HEF","og_description":"HEF develops innovative PVD coatings for manufacturing, transport, storage, and hydrogen technology, boosting durability and performance.","og_url":"https:\/\/hef.group\/en\/hydrogen-technology\/","og_site_name":"HEF","article_modified_time":"2025-06-23T09:32:19+00:00","twitter_card":"summary_large_image","schema":{"@context":"https:\/\/schema.org","@graph":[{"@type":"WebPage","@id":"https:\/\/hef.group\/en\/hydrogen-technology\/","url":"https:\/\/hef.group\/en\/hydrogen-technology\/","name":"Innovative PVD coatings for hydrogen technology | HEF","isPartOf":{"@id":"https:\/\/hef.group\/en\/#website"},"datePublished":"2023-11-21T08:36:47+00:00","dateModified":"2025-06-23T09:32:19+00:00","description":"HEF develops innovative PVD coatings for manufacturing, transport, storage, and hydrogen technology, boosting durability and performance.","breadcrumb":{"@id":"https:\/\/hef.group\/en\/hydrogen-technology\/#breadcrumb"},"inLanguage":"en-US","potentialAction":[{"@type":"ReadAction","target":["https:\/\/hef.group\/en\/hydrogen-technology\/"]}]},{"@type":"BreadcrumbList","@id":"https:\/\/hef.group\/en\/hydrogen-technology\/#breadcrumb","itemListElement":[{"@type":"ListItem","position":1,"name":"Home","item":"https:\/\/hef.group\/en\/"},{"@type":"ListItem","position":2,"name":"Hydrogen technology"}]},{"@type":"WebSite","@id":"https:\/\/hef.group\/en\/#website","url":"https:\/\/hef.group\/en\/","name":"HEF Groupe","description":"Leader Mondial en ing\u00e9n\u00e9rie des mat\u00e9riaux de surfaces","publisher":{"@id":"https:\/\/hef.group\/en\/#organization"},"potentialAction":[{"@type":"SearchAction","target":{"@type":"EntryPoint","urlTemplate":"https:\/\/hef.group\/en\/?s={search_term_string}"},"query-input":{"@type":"PropertyValueSpecification","valueRequired":true,"valueName":"search_term_string"}}],"inLanguage":"en-US"},{"@type":"Organization","@id":"https:\/\/hef.group\/en\/#organization","name":"HEF Groupe","url":"https:\/\/hef.group\/en\/","logo":{"@type":"ImageObject","inLanguage":"en-US","@id":"https:\/\/hef.group\/en\/#\/schema\/logo\/image\/","url":"https:\/\/hef.group\/wp-content\/uploads\/2024\/02\/logo-hef-1.svg","contentUrl":"https:\/\/hef.group\/wp-content\/uploads\/2024\/02\/logo-hef-1.svg","width":250,"height":60,"caption":"HEF Groupe"},"image":{"@id":"https:\/\/hef.group\/en\/#\/schema\/logo\/image\/"}}]}},"_links":{"self":[{"href":"https:\/\/hef.group\/en\/wp-json\/wp\/v2\/pages\/10226","targetHints":{"allow":["GET"]}}],"collection":[{"href":"https:\/\/hef.group\/en\/wp-json\/wp\/v2\/pages"}],"about":[{"href":"https:\/\/hef.group\/en\/wp-json\/wp\/v2\/types\/page"}],"author":[{"embeddable":true,"href":"https:\/\/hef.group\/en\/wp-json\/wp\/v2\/users\/1"}],"replies":[{"embeddable":true,"href":"https:\/\/hef.group\/en\/wp-json\/wp\/v2\/comments?post=10226"}],"version-history":[{"count":4,"href":"https:\/\/hef.group\/en\/wp-json\/wp\/v2\/pages\/10226\/revisions"}],"predecessor-version":[{"id":12425,"href":"https:\/\/hef.group\/en\/wp-json\/wp\/v2\/pages\/10226\/revisions\/12425"}],"wp:attachment":[{"href":"https:\/\/hef.group\/en\/wp-json\/wp\/v2\/media?parent=10226"}],"curies":[{"name":"wp","href":"https:\/\/api.w.org\/{rel}","templated":true}]}}