{"id":10277,"date":"2023-11-27T14:18:21","date_gmt":"2023-11-27T13:18:21","guid":{"rendered":"https:\/\/hef.group\/medical-photonics-and-tribology\/"},"modified":"2024-11-05T14:02:51","modified_gmt":"2024-11-05T13:02:51","slug":"medical-photonics-and-tribology","status":"publish","type":"page","link":"https:\/\/hef.group\/en\/medical-photonics-and-tribology\/","title":{"rendered":"Medical photonics and tribology"},"content":{"rendered":"<section class=\"axblock \">\n    <div class=\"container\">\n        <div class=\"acf-innerblocks-container\"><\/div>\n    <\/div>\n    <div class=\"ax-cms1 \">\n        <div class=\"container axcms-container content-left\">\n            <div class=\"ax-cms1-content\">\n                                    <h2 class=\"ax-title3\">Scientific and industrial expertise for medical progress<\/h2>\n                                                    <div class=\"text-content\">\n                        <p>HEF has been a force in tribology in the medical field and a player in medical progress for many years, applying coatings and surface treatments on diagnostic devices, invasive devices, implantable devices, and surgical devices to provide significant improvements in both performance and durability.<\/p>\n<p>&nbsp;<\/p>\n<p>We contribute to the advancement of medicine by improving the performance, safety, and reliability of medical devices used throughout the world.<\/p>\n                    <\/div>\n                                                    <a target=\"_self\" href=\"https:\/\/hef.group\/en\/contact\/\"\n                       class=\"btn btn-gradient-second\">Contact our experts<\/a>\n                            <\/div>\n                            <div class=\"ax-cms1-img\">\n                    <img decoding=\"async\" width=\"2000\" height=\"1333\" src=\"https:\/\/hef.group\/wp-content\/uploads\/2024\/02\/20211125_HK_0027.jpg\" class=\"attachment-full size-full\" alt=\"\" srcset=\"https:\/\/hef.group\/wp-content\/uploads\/2024\/02\/20211125_HK_0027.jpg 2000w, https:\/\/hef.group\/wp-content\/uploads\/2024\/02\/20211125_HK_0027-300x200.jpg 300w, https:\/\/hef.group\/wp-content\/uploads\/2024\/02\/20211125_HK_0027-1024x682.jpg 1024w, https:\/\/hef.group\/wp-content\/uploads\/2024\/02\/20211125_HK_0027-768x512.jpg 768w, https:\/\/hef.group\/wp-content\/uploads\/2024\/02\/20211125_HK_0027-1536x1024.jpg 1536w\" sizes=\"(max-width: 2000px) 100vw, 2000px\" \/>                <\/div>\n                    <\/div>\n    <\/div>\n<\/section>\n\n","protected":false},"excerpt":{"rendered":"","protected":false},"author":1,"featured_media":10278,"parent":0,"menu_order":0,"comment_status":"closed","ping_status":"closed","template":"template-marche.php","meta":{"_acf_changed":false,"inline_featured_image":false,"footnotes":""},"class_list":["post-10277","page","type-page","status-publish","has-post-thumbnail","hentry"],"acf":[],"yoast_head":"<!-- This site is optimized with the Yoast SEO plugin v27.4 - https:\/\/yoast.com\/product\/yoast-seo-wordpress\/ -->\n<title>Photonics and tribology in the medical field | HEF<\/title>\n<meta name=\"description\" content=\"Advanced tribology in the medical field, with coatings and surface treatments for diagnostic devices, invasive devices, implantable devices, and surgical devices.\" \/>\n<meta name=\"robots\" content=\"index, follow, max-snippet:-1, max-image-preview:large, max-video-preview:-1\" \/>\n<link rel=\"canonical\" href=\"https:\/\/hef.group\/en\/medical-photonics-and-tribology\/\" \/>\n<meta property=\"og:locale\" content=\"en_US\" \/>\n<meta property=\"og:type\" content=\"article\" \/>\n<meta property=\"og:title\" content=\"Photonics and tribology in the medical field | HEF\" \/>\n<meta property=\"og:description\" content=\"Advanced tribology in the medical field, with coatings and surface treatments for diagnostic devices, invasive devices, implantable devices, and surgical devices.\" \/>\n<meta property=\"og:url\" content=\"https:\/\/hef.group\/en\/medical-photonics-and-tribology\/\" \/>\n<meta property=\"og:site_name\" content=\"HEF\" \/>\n<meta property=\"article:modified_time\" content=\"2024-11-05T13:02:51+00:00\" \/>\n<meta property=\"og:image\" content=\"https:\/\/hef.group\/wp-content\/uploads\/2023\/11\/laboratory-563423_640.jpg\" \/>\n\t<meta property=\"og:image:width\" content=\"640\" \/>\n\t<meta property=\"og:image:height\" content=\"427\" \/>\n\t<meta property=\"og:image:type\" content=\"image\/jpeg\" \/>\n<meta name=\"twitter:card\" content=\"summary_large_image\" \/>\n<meta name=\"twitter:label1\" content=\"Est. reading time\" \/>\n\t<meta name=\"twitter:data1\" content=\"1 minute\" \/>\n<script type=\"application\/ld+json\" class=\"yoast-schema-graph\">{\"@context\":\"https:\\\/\\\/schema.org\",\"@graph\":[{\"@type\":\"WebPage\",\"@id\":\"https:\\\/\\\/hef.group\\\/en\\\/medical-photonics-and-tribology\\\/\",\"url\":\"https:\\\/\\\/hef.group\\\/en\\\/medical-photonics-and-tribology\\\/\",\"name\":\"Photonics and tribology in the medical field | HEF\",\"isPartOf\":{\"@id\":\"https:\\\/\\\/hef.group\\\/en\\\/#website\"},\"primaryImageOfPage\":{\"@id\":\"https:\\\/\\\/hef.group\\\/en\\\/medical-photonics-and-tribology\\\/#primaryimage\"},\"image\":{\"@id\":\"https:\\\/\\\/hef.group\\\/en\\\/medical-photonics-and-tribology\\\/#primaryimage\"},\"thumbnailUrl\":\"https:\\\/\\\/hef.group\\\/wp-content\\\/uploads\\\/2023\\\/11\\\/laboratory-563423_640.jpg\",\"datePublished\":\"2023-11-27T13:18:21+00:00\",\"dateModified\":\"2024-11-05T13:02:51+00:00\",\"description\":\"Advanced tribology in the medical field, with coatings and surface treatments for diagnostic devices, invasive devices, implantable devices, and surgical devices.\",\"breadcrumb\":{\"@id\":\"https:\\\/\\\/hef.group\\\/en\\\/medical-photonics-and-tribology\\\/#breadcrumb\"},\"inLanguage\":\"en-US\",\"potentialAction\":[{\"@type\":\"ReadAction\",\"target\":[\"https:\\\/\\\/hef.group\\\/en\\\/medical-photonics-and-tribology\\\/\"]}]},{\"@type\":\"ImageObject\",\"inLanguage\":\"en-US\",\"@id\":\"https:\\\/\\\/hef.group\\\/en\\\/medical-photonics-and-tribology\\\/#primaryimage\",\"url\":\"https:\\\/\\\/hef.group\\\/wp-content\\\/uploads\\\/2023\\\/11\\\/laboratory-563423_640.jpg\",\"contentUrl\":\"https:\\\/\\\/hef.group\\\/wp-content\\\/uploads\\\/2023\\\/11\\\/laboratory-563423_640.jpg\",\"width\":640,\"height\":427},{\"@type\":\"BreadcrumbList\",\"@id\":\"https:\\\/\\\/hef.group\\\/en\\\/medical-photonics-and-tribology\\\/#breadcrumb\",\"itemListElement\":[{\"@type\":\"ListItem\",\"position\":1,\"name\":\"Home\",\"item\":\"https:\\\/\\\/hef.group\\\/en\\\/\"},{\"@type\":\"ListItem\",\"position\":2,\"name\":\"Medical photonics and tribology\"}]},{\"@type\":\"WebSite\",\"@id\":\"https:\\\/\\\/hef.group\\\/en\\\/#website\",\"url\":\"https:\\\/\\\/hef.group\\\/en\\\/\",\"name\":\"HEF Groupe\",\"description\":\"Leader Mondial en ing\u00e9n\u00e9rie des mat\u00e9riaux de surfaces\",\"publisher\":{\"@id\":\"https:\\\/\\\/hef.group\\\/en\\\/#organization\"},\"potentialAction\":[{\"@type\":\"SearchAction\",\"target\":{\"@type\":\"EntryPoint\",\"urlTemplate\":\"https:\\\/\\\/hef.group\\\/en\\\/?s={search_term_string}\"},\"query-input\":{\"@type\":\"PropertyValueSpecification\",\"valueRequired\":true,\"valueName\":\"search_term_string\"}}],\"inLanguage\":\"en-US\"},{\"@type\":\"Organization\",\"@id\":\"https:\\\/\\\/hef.group\\\/en\\\/#organization\",\"name\":\"HEF Groupe\",\"url\":\"https:\\\/\\\/hef.group\\\/en\\\/\",\"logo\":{\"@type\":\"ImageObject\",\"inLanguage\":\"en-US\",\"@id\":\"https:\\\/\\\/hef.group\\\/en\\\/#\\\/schema\\\/logo\\\/image\\\/\",\"url\":\"https:\\\/\\\/hef.group\\\/wp-content\\\/uploads\\\/2024\\\/02\\\/logo-hef-1.svg\",\"contentUrl\":\"https:\\\/\\\/hef.group\\\/wp-content\\\/uploads\\\/2024\\\/02\\\/logo-hef-1.svg\",\"width\":250,\"height\":60,\"caption\":\"HEF Groupe\"},\"image\":{\"@id\":\"https:\\\/\\\/hef.group\\\/en\\\/#\\\/schema\\\/logo\\\/image\\\/\"}}]}<\/script>\n<!-- \/ Yoast SEO plugin. -->","yoast_head_json":{"title":"Photonics and tribology in the medical field | HEF","description":"Advanced tribology in the medical field, with coatings and surface treatments for diagnostic devices, invasive devices, implantable devices, and surgical devices.","robots":{"index":"index","follow":"follow","max-snippet":"max-snippet:-1","max-image-preview":"max-image-preview:large","max-video-preview":"max-video-preview:-1"},"canonical":"https:\/\/hef.group\/en\/medical-photonics-and-tribology\/","og_locale":"en_US","og_type":"article","og_title":"Photonics and tribology in the medical field | HEF","og_description":"Advanced tribology in the medical field, with coatings and surface treatments for diagnostic devices, invasive devices, implantable devices, and surgical devices.","og_url":"https:\/\/hef.group\/en\/medical-photonics-and-tribology\/","og_site_name":"HEF","article_modified_time":"2024-11-05T13:02:51+00:00","og_image":[{"width":640,"height":427,"url":"https:\/\/hef.group\/wp-content\/uploads\/2023\/11\/laboratory-563423_640.jpg","type":"image\/jpeg"}],"twitter_card":"summary_large_image","twitter_misc":{"Est. reading time":"1 minute"},"schema":{"@context":"https:\/\/schema.org","@graph":[{"@type":"WebPage","@id":"https:\/\/hef.group\/en\/medical-photonics-and-tribology\/","url":"https:\/\/hef.group\/en\/medical-photonics-and-tribology\/","name":"Photonics and tribology in the medical field | HEF","isPartOf":{"@id":"https:\/\/hef.group\/en\/#website"},"primaryImageOfPage":{"@id":"https:\/\/hef.group\/en\/medical-photonics-and-tribology\/#primaryimage"},"image":{"@id":"https:\/\/hef.group\/en\/medical-photonics-and-tribology\/#primaryimage"},"thumbnailUrl":"https:\/\/hef.group\/wp-content\/uploads\/2023\/11\/laboratory-563423_640.jpg","datePublished":"2023-11-27T13:18:21+00:00","dateModified":"2024-11-05T13:02:51+00:00","description":"Advanced tribology in the medical field, with coatings and surface treatments for diagnostic devices, invasive devices, implantable devices, and surgical devices.","breadcrumb":{"@id":"https:\/\/hef.group\/en\/medical-photonics-and-tribology\/#breadcrumb"},"inLanguage":"en-US","potentialAction":[{"@type":"ReadAction","target":["https:\/\/hef.group\/en\/medical-photonics-and-tribology\/"]}]},{"@type":"ImageObject","inLanguage":"en-US","@id":"https:\/\/hef.group\/en\/medical-photonics-and-tribology\/#primaryimage","url":"https:\/\/hef.group\/wp-content\/uploads\/2023\/11\/laboratory-563423_640.jpg","contentUrl":"https:\/\/hef.group\/wp-content\/uploads\/2023\/11\/laboratory-563423_640.jpg","width":640,"height":427},{"@type":"BreadcrumbList","@id":"https:\/\/hef.group\/en\/medical-photonics-and-tribology\/#breadcrumb","itemListElement":[{"@type":"ListItem","position":1,"name":"Home","item":"https:\/\/hef.group\/en\/"},{"@type":"ListItem","position":2,"name":"Medical photonics and tribology"}]},{"@type":"WebSite","@id":"https:\/\/hef.group\/en\/#website","url":"https:\/\/hef.group\/en\/","name":"HEF Groupe","description":"Leader Mondial en ing\u00e9n\u00e9rie des mat\u00e9riaux de surfaces","publisher":{"@id":"https:\/\/hef.group\/en\/#organization"},"potentialAction":[{"@type":"SearchAction","target":{"@type":"EntryPoint","urlTemplate":"https:\/\/hef.group\/en\/?s={search_term_string}"},"query-input":{"@type":"PropertyValueSpecification","valueRequired":true,"valueName":"search_term_string"}}],"inLanguage":"en-US"},{"@type":"Organization","@id":"https:\/\/hef.group\/en\/#organization","name":"HEF Groupe","url":"https:\/\/hef.group\/en\/","logo":{"@type":"ImageObject","inLanguage":"en-US","@id":"https:\/\/hef.group\/en\/#\/schema\/logo\/image\/","url":"https:\/\/hef.group\/wp-content\/uploads\/2024\/02\/logo-hef-1.svg","contentUrl":"https:\/\/hef.group\/wp-content\/uploads\/2024\/02\/logo-hef-1.svg","width":250,"height":60,"caption":"HEF Groupe"},"image":{"@id":"https:\/\/hef.group\/en\/#\/schema\/logo\/image\/"}}]}},"_links":{"self":[{"href":"https:\/\/hef.group\/en\/wp-json\/wp\/v2\/pages\/10277","targetHints":{"allow":["GET"]}}],"collection":[{"href":"https:\/\/hef.group\/en\/wp-json\/wp\/v2\/pages"}],"about":[{"href":"https:\/\/hef.group\/en\/wp-json\/wp\/v2\/types\/page"}],"author":[{"embeddable":true,"href":"https:\/\/hef.group\/en\/wp-json\/wp\/v2\/users\/1"}],"replies":[{"embeddable":true,"href":"https:\/\/hef.group\/en\/wp-json\/wp\/v2\/comments?post=10277"}],"version-history":[{"count":5,"href":"https:\/\/hef.group\/en\/wp-json\/wp\/v2\/pages\/10277\/revisions"}],"predecessor-version":[{"id":11528,"href":"https:\/\/hef.group\/en\/wp-json\/wp\/v2\/pages\/10277\/revisions\/11528"}],"wp:featuredmedia":[{"embeddable":true,"href":"https:\/\/hef.group\/en\/wp-json\/wp\/v2\/media\/10278"}],"wp:attachment":[{"href":"https:\/\/hef.group\/en\/wp-json\/wp\/v2\/media?parent=10277"}],"curies":[{"name":"wp","href":"https:\/\/api.w.org\/{rel}","templated":true}]}}