{"id":10301,"date":"2023-11-27T14:16:46","date_gmt":"2023-11-27T13:16:46","guid":{"rendered":"https:\/\/hef.group\/our-solutions-by-market\/surface-treatments-for-mobility\/"},"modified":"2024-11-05T14:04:15","modified_gmt":"2024-11-05T13:04:15","slug":"surface-treatments-for-mobility","status":"publish","type":"page","link":"https:\/\/hef.group\/en\/our-solutions-by-market\/surface-treatments-for-mobility\/","title":{"rendered":"Surface treatments for mobility"},"content":{"rendered":"<section class=\"axblock \">\n    <div class=\"container\">\n        <div class=\"acf-innerblocks-container\"><\/div>\n    <\/div>\n    <div class=\"ax-cms1 \">\n        <div class=\"container axcms-container content-left\">\n            <div class=\"ax-cms1-content\">\n                                    <h2 class=\"ax-title3\">Our technologies help make mobility more efficient and more sustainable \u2013 on land, air, or sea. <\/h2>\n                                                    <div class=\"text-content\">\n                        <p><span data-contrast=\"none\">We promote reduction of CO<\/span><span data-contrast=\"none\">2<\/span><span data-contrast=\"none\"> emissions by offering mobility players approved technologies such as vacuum deposition, liquid nitriding and femtosecond laser technology.<\/span><span data-ccp-props=\"{&quot;134233117&quot;:false,&quot;134233118&quot;:false,&quot;201341983&quot;:0,&quot;335557856&quot;:16775154,&quot;335559738&quot;:0,&quot;335559739&quot;:0,&quot;335559740&quot;:279}\">\u00a0<\/span><\/p>\n<p><span data-contrast=\"none\">\u00a0<\/span><span data-ccp-props=\"{&quot;134233117&quot;:false,&quot;134233118&quot;:false,&quot;201341983&quot;:0,&quot;335557856&quot;:16775154,&quot;335559738&quot;:0,&quot;335559739&quot;:0,&quot;335559740&quot;:279}\">\u00a0<\/span><\/p>\n<p><b><span data-contrast=\"none\">Our innovations and surface treatments for mobility focus on decarbonized (electric and hydrogen) mobility, with cutting-edge technologies to deliver robust, sustainable, and economically competitive solutions.<\/span><\/b><span data-ccp-props=\"{&quot;134233117&quot;:false,&quot;134233118&quot;:false,&quot;201341983&quot;:0,&quot;335557856&quot;:16775154,&quot;335559738&quot;:0,&quot;335559739&quot;:0,&quot;335559740&quot;:279}\">\u00a0<\/span><\/p>\n<p><span data-contrast=\"none\">\u00a0<\/span><span data-ccp-props=\"{&quot;134233117&quot;:false,&quot;134233118&quot;:false,&quot;201341983&quot;:0,&quot;335557856&quot;:16775154,&quot;335559738&quot;:0,&quot;335559739&quot;:0,&quot;335559740&quot;:279}\">\u00a0<\/span><\/p>\n<p><b><span data-contrast=\"none\">HEF takes environmental issues into account by accelerating research and development of high-performance e-mobility solutions for intelligent, sustainable mobility.<\/span><\/b><span data-ccp-props=\"{&quot;134233117&quot;:false,&quot;134233118&quot;:false,&quot;201341983&quot;:0,&quot;335557856&quot;:16775154,&quot;335559738&quot;:0,&quot;335559739&quot;:0,&quot;335559740&quot;:279}\">\u00a0<\/span><\/p>\n<p><span data-contrast=\"none\">\u00a0<\/span><span data-ccp-props=\"{&quot;134233117&quot;:false,&quot;134233118&quot;:false,&quot;201341983&quot;:0,&quot;335557856&quot;:16775154,&quot;335559738&quot;:0,&quot;335559739&quot;:0,&quot;335559740&quot;:279}\">\u00a0<\/span><\/p>\n<p><span data-contrast=\"none\">We are active in the mobility market with applications for trains, trucks, buses, and light-duty or special-purpose vehicles such as tractors, construction machinery and maritime transport vehicles, as well as aviation.<\/span><span data-ccp-props=\"{&quot;134233117&quot;:false,&quot;134233118&quot;:false,&quot;201341983&quot;:0,&quot;335557856&quot;:16775154,&quot;335559738&quot;:0,&quot;335559739&quot;:0,&quot;335559740&quot;:279}\">\u00a0<\/span><\/p>\n                    <\/div>\n                                                    <a target=\"_self\" href=\"https:\/\/hef.group\/en\/contact\/\"\n                       class=\"btn btn-gradient-second\">Contact us<\/a>\n                            <\/div>\n                            <div class=\"ax-cms1-img\">\n                    <img decoding=\"async\" width=\"1920\" height=\"914\" src=\"https:\/\/hef.group\/wp-content\/uploads\/2024\/02\/shutterstock_2021600951-2.jpg\" class=\"attachment-full size-full\" alt=\"\" srcset=\"https:\/\/hef.group\/wp-content\/uploads\/2024\/02\/shutterstock_2021600951-2.jpg 1920w, https:\/\/hef.group\/wp-content\/uploads\/2024\/02\/shutterstock_2021600951-2-300x143.jpg 300w, https:\/\/hef.group\/wp-content\/uploads\/2024\/02\/shutterstock_2021600951-2-1024x487.jpg 1024w, https:\/\/hef.group\/wp-content\/uploads\/2024\/02\/shutterstock_2021600951-2-768x366.jpg 768w, https:\/\/hef.group\/wp-content\/uploads\/2024\/02\/shutterstock_2021600951-2-1536x731.jpg 1536w\" sizes=\"(max-width: 1920px) 100vw, 1920px\" \/>                <\/div>\n                    <\/div>\n    <\/div>\n<\/section>\n\n","protected":false},"excerpt":{"rendered":"","protected":false},"author":1,"featured_media":10302,"parent":9730,"menu_order":0,"comment_status":"closed","ping_status":"closed","template":"template-marche.php","meta":{"_acf_changed":false,"inline_featured_image":false,"footnotes":""},"class_list":["post-10301","page","type-page","status-publish","has-post-thumbnail","hentry"],"acf":[],"yoast_head":"<!-- This site is optimized with the Yoast SEO plugin v27.4 - https:\/\/yoast.com\/product\/yoast-seo-wordpress\/ -->\n<title>World leader in surface treatments for mobility | HEF<\/title>\n<meta name=\"description\" content=\"HEF innovates in sustainable surface treatments for mobility with high-performance technologies such as PVD and liquid nitriding.\" \/>\n<meta name=\"robots\" content=\"index, follow, max-snippet:-1, max-image-preview:large, max-video-preview:-1\" \/>\n<link rel=\"canonical\" href=\"https:\/\/hef.group\/en\/our-solutions-by-market\/surface-treatments-for-mobility\/\" \/>\n<meta property=\"og:locale\" content=\"en_US\" \/>\n<meta property=\"og:type\" content=\"article\" \/>\n<meta property=\"og:title\" content=\"World leader in surface treatments for mobility | HEF\" \/>\n<meta property=\"og:description\" content=\"HEF innovates in sustainable surface treatments for mobility with high-performance technologies such as PVD and liquid nitriding.\" \/>\n<meta property=\"og:url\" content=\"https:\/\/hef.group\/en\/our-solutions-by-market\/surface-treatments-for-mobility\/\" \/>\n<meta property=\"og:site_name\" content=\"HEF\" \/>\n<meta property=\"article:modified_time\" content=\"2024-11-05T13:04:15+00:00\" \/>\n<meta property=\"og:image\" content=\"https:\/\/hef.group\/wp-content\/uploads\/2023\/11\/winding-road-1556177_640.jpg\" \/>\n\t<meta property=\"og:image:width\" content=\"640\" \/>\n\t<meta property=\"og:image:height\" content=\"428\" \/>\n\t<meta property=\"og:image:type\" content=\"image\/jpeg\" \/>\n<meta name=\"twitter:card\" content=\"summary_large_image\" \/>\n<meta name=\"twitter:label1\" content=\"Est. reading time\" \/>\n\t<meta name=\"twitter:data1\" content=\"1 minute\" \/>\n<script type=\"application\/ld+json\" class=\"yoast-schema-graph\">{\"@context\":\"https:\\\/\\\/schema.org\",\"@graph\":[{\"@type\":\"WebPage\",\"@id\":\"https:\\\/\\\/hef.group\\\/en\\\/our-solutions-by-market\\\/surface-treatments-for-mobility\\\/\",\"url\":\"https:\\\/\\\/hef.group\\\/en\\\/our-solutions-by-market\\\/surface-treatments-for-mobility\\\/\",\"name\":\"World leader in surface treatments for mobility | HEF\",\"isPartOf\":{\"@id\":\"https:\\\/\\\/hef.group\\\/en\\\/#website\"},\"primaryImageOfPage\":{\"@id\":\"https:\\\/\\\/hef.group\\\/en\\\/our-solutions-by-market\\\/surface-treatments-for-mobility\\\/#primaryimage\"},\"image\":{\"@id\":\"https:\\\/\\\/hef.group\\\/en\\\/our-solutions-by-market\\\/surface-treatments-for-mobility\\\/#primaryimage\"},\"thumbnailUrl\":\"https:\\\/\\\/hef.group\\\/wp-content\\\/uploads\\\/2023\\\/11\\\/winding-road-1556177_640.jpg\",\"datePublished\":\"2023-11-27T13:16:46+00:00\",\"dateModified\":\"2024-11-05T13:04:15+00:00\",\"description\":\"HEF innovates in sustainable surface treatments for mobility with high-performance technologies such as PVD and liquid nitriding.\",\"breadcrumb\":{\"@id\":\"https:\\\/\\\/hef.group\\\/en\\\/our-solutions-by-market\\\/surface-treatments-for-mobility\\\/#breadcrumb\"},\"inLanguage\":\"en-US\",\"potentialAction\":[{\"@type\":\"ReadAction\",\"target\":[\"https:\\\/\\\/hef.group\\\/en\\\/our-solutions-by-market\\\/surface-treatments-for-mobility\\\/\"]}]},{\"@type\":\"ImageObject\",\"inLanguage\":\"en-US\",\"@id\":\"https:\\\/\\\/hef.group\\\/en\\\/our-solutions-by-market\\\/surface-treatments-for-mobility\\\/#primaryimage\",\"url\":\"https:\\\/\\\/hef.group\\\/wp-content\\\/uploads\\\/2023\\\/11\\\/winding-road-1556177_640.jpg\",\"contentUrl\":\"https:\\\/\\\/hef.group\\\/wp-content\\\/uploads\\\/2023\\\/11\\\/winding-road-1556177_640.jpg\",\"width\":640,\"height\":428},{\"@type\":\"BreadcrumbList\",\"@id\":\"https:\\\/\\\/hef.group\\\/en\\\/our-solutions-by-market\\\/surface-treatments-for-mobility\\\/#breadcrumb\",\"itemListElement\":[{\"@type\":\"ListItem\",\"position\":1,\"name\":\"Home\",\"item\":\"https:\\\/\\\/hef.group\\\/en\\\/\"},{\"@type\":\"ListItem\",\"position\":2,\"name\":\"Our solutions by market\",\"item\":\"https:\\\/\\\/hef.group\\\/en\\\/our-solutions-by-market\\\/\"},{\"@type\":\"ListItem\",\"position\":3,\"name\":\"Surface treatments for mobility\"}]},{\"@type\":\"WebSite\",\"@id\":\"https:\\\/\\\/hef.group\\\/en\\\/#website\",\"url\":\"https:\\\/\\\/hef.group\\\/en\\\/\",\"name\":\"HEF Groupe\",\"description\":\"Leader Mondial en ing\u00e9n\u00e9rie des mat\u00e9riaux de surfaces\",\"publisher\":{\"@id\":\"https:\\\/\\\/hef.group\\\/en\\\/#organization\"},\"potentialAction\":[{\"@type\":\"SearchAction\",\"target\":{\"@type\":\"EntryPoint\",\"urlTemplate\":\"https:\\\/\\\/hef.group\\\/en\\\/?s={search_term_string}\"},\"query-input\":{\"@type\":\"PropertyValueSpecification\",\"valueRequired\":true,\"valueName\":\"search_term_string\"}}],\"inLanguage\":\"en-US\"},{\"@type\":\"Organization\",\"@id\":\"https:\\\/\\\/hef.group\\\/en\\\/#organization\",\"name\":\"HEF Groupe\",\"url\":\"https:\\\/\\\/hef.group\\\/en\\\/\",\"logo\":{\"@type\":\"ImageObject\",\"inLanguage\":\"en-US\",\"@id\":\"https:\\\/\\\/hef.group\\\/en\\\/#\\\/schema\\\/logo\\\/image\\\/\",\"url\":\"https:\\\/\\\/hef.group\\\/wp-content\\\/uploads\\\/2024\\\/02\\\/logo-hef-1.svg\",\"contentUrl\":\"https:\\\/\\\/hef.group\\\/wp-content\\\/uploads\\\/2024\\\/02\\\/logo-hef-1.svg\",\"width\":250,\"height\":60,\"caption\":\"HEF Groupe\"},\"image\":{\"@id\":\"https:\\\/\\\/hef.group\\\/en\\\/#\\\/schema\\\/logo\\\/image\\\/\"}}]}<\/script>\n<!-- \/ Yoast SEO plugin. -->","yoast_head_json":{"title":"World leader in surface treatments for mobility | HEF","description":"HEF innovates in sustainable surface treatments for mobility with high-performance technologies such as PVD and liquid nitriding.","robots":{"index":"index","follow":"follow","max-snippet":"max-snippet:-1","max-image-preview":"max-image-preview:large","max-video-preview":"max-video-preview:-1"},"canonical":"https:\/\/hef.group\/en\/our-solutions-by-market\/surface-treatments-for-mobility\/","og_locale":"en_US","og_type":"article","og_title":"World leader in surface treatments for mobility | HEF","og_description":"HEF innovates in sustainable surface treatments for mobility with high-performance technologies such as PVD and liquid nitriding.","og_url":"https:\/\/hef.group\/en\/our-solutions-by-market\/surface-treatments-for-mobility\/","og_site_name":"HEF","article_modified_time":"2024-11-05T13:04:15+00:00","og_image":[{"width":640,"height":428,"url":"https:\/\/hef.group\/wp-content\/uploads\/2023\/11\/winding-road-1556177_640.jpg","type":"image\/jpeg"}],"twitter_card":"summary_large_image","twitter_misc":{"Est. reading time":"1 minute"},"schema":{"@context":"https:\/\/schema.org","@graph":[{"@type":"WebPage","@id":"https:\/\/hef.group\/en\/our-solutions-by-market\/surface-treatments-for-mobility\/","url":"https:\/\/hef.group\/en\/our-solutions-by-market\/surface-treatments-for-mobility\/","name":"World leader in surface treatments for mobility | HEF","isPartOf":{"@id":"https:\/\/hef.group\/en\/#website"},"primaryImageOfPage":{"@id":"https:\/\/hef.group\/en\/our-solutions-by-market\/surface-treatments-for-mobility\/#primaryimage"},"image":{"@id":"https:\/\/hef.group\/en\/our-solutions-by-market\/surface-treatments-for-mobility\/#primaryimage"},"thumbnailUrl":"https:\/\/hef.group\/wp-content\/uploads\/2023\/11\/winding-road-1556177_640.jpg","datePublished":"2023-11-27T13:16:46+00:00","dateModified":"2024-11-05T13:04:15+00:00","description":"HEF innovates in sustainable surface treatments for mobility with high-performance technologies such as PVD and liquid nitriding.","breadcrumb":{"@id":"https:\/\/hef.group\/en\/our-solutions-by-market\/surface-treatments-for-mobility\/#breadcrumb"},"inLanguage":"en-US","potentialAction":[{"@type":"ReadAction","target":["https:\/\/hef.group\/en\/our-solutions-by-market\/surface-treatments-for-mobility\/"]}]},{"@type":"ImageObject","inLanguage":"en-US","@id":"https:\/\/hef.group\/en\/our-solutions-by-market\/surface-treatments-for-mobility\/#primaryimage","url":"https:\/\/hef.group\/wp-content\/uploads\/2023\/11\/winding-road-1556177_640.jpg","contentUrl":"https:\/\/hef.group\/wp-content\/uploads\/2023\/11\/winding-road-1556177_640.jpg","width":640,"height":428},{"@type":"BreadcrumbList","@id":"https:\/\/hef.group\/en\/our-solutions-by-market\/surface-treatments-for-mobility\/#breadcrumb","itemListElement":[{"@type":"ListItem","position":1,"name":"Home","item":"https:\/\/hef.group\/en\/"},{"@type":"ListItem","position":2,"name":"Our solutions by market","item":"https:\/\/hef.group\/en\/our-solutions-by-market\/"},{"@type":"ListItem","position":3,"name":"Surface treatments for mobility"}]},{"@type":"WebSite","@id":"https:\/\/hef.group\/en\/#website","url":"https:\/\/hef.group\/en\/","name":"HEF Groupe","description":"Leader Mondial en ing\u00e9n\u00e9rie des mat\u00e9riaux de surfaces","publisher":{"@id":"https:\/\/hef.group\/en\/#organization"},"potentialAction":[{"@type":"SearchAction","target":{"@type":"EntryPoint","urlTemplate":"https:\/\/hef.group\/en\/?s={search_term_string}"},"query-input":{"@type":"PropertyValueSpecification","valueRequired":true,"valueName":"search_term_string"}}],"inLanguage":"en-US"},{"@type":"Organization","@id":"https:\/\/hef.group\/en\/#organization","name":"HEF Groupe","url":"https:\/\/hef.group\/en\/","logo":{"@type":"ImageObject","inLanguage":"en-US","@id":"https:\/\/hef.group\/en\/#\/schema\/logo\/image\/","url":"https:\/\/hef.group\/wp-content\/uploads\/2024\/02\/logo-hef-1.svg","contentUrl":"https:\/\/hef.group\/wp-content\/uploads\/2024\/02\/logo-hef-1.svg","width":250,"height":60,"caption":"HEF Groupe"},"image":{"@id":"https:\/\/hef.group\/en\/#\/schema\/logo\/image\/"}}]}},"_links":{"self":[{"href":"https:\/\/hef.group\/en\/wp-json\/wp\/v2\/pages\/10301","targetHints":{"allow":["GET"]}}],"collection":[{"href":"https:\/\/hef.group\/en\/wp-json\/wp\/v2\/pages"}],"about":[{"href":"https:\/\/hef.group\/en\/wp-json\/wp\/v2\/types\/page"}],"author":[{"embeddable":true,"href":"https:\/\/hef.group\/en\/wp-json\/wp\/v2\/users\/1"}],"replies":[{"embeddable":true,"href":"https:\/\/hef.group\/en\/wp-json\/wp\/v2\/comments?post=10301"}],"version-history":[{"count":5,"href":"https:\/\/hef.group\/en\/wp-json\/wp\/v2\/pages\/10301\/revisions"}],"predecessor-version":[{"id":11529,"href":"https:\/\/hef.group\/en\/wp-json\/wp\/v2\/pages\/10301\/revisions\/11529"}],"up":[{"embeddable":true,"href":"https:\/\/hef.group\/en\/wp-json\/wp\/v2\/pages\/9730"}],"wp:featuredmedia":[{"embeddable":true,"href":"https:\/\/hef.group\/en\/wp-json\/wp\/v2\/media\/10302"}],"wp:attachment":[{"href":"https:\/\/hef.group\/en\/wp-json\/wp\/v2\/media?parent=10301"}],"curies":[{"name":"wp","href":"https:\/\/api.w.org\/{rel}","templated":true}]}}