{"id":10357,"date":"2023-11-21T09:38:29","date_gmt":"2023-11-21T08:38:29","guid":{"rendered":"https:\/\/hef.group\/functionalized-powders\/"},"modified":"2025-06-30T09:32:05","modified_gmt":"2025-06-30T07:32:05","slug":"functionalized-powders","status":"publish","type":"page","link":"https:\/\/hef.group\/en\/functionalized-powders\/","title":{"rendered":"Functionalized powders"},"content":{"rendered":"<section class=\"axtopsection-block\" style=\"--backgroundColor-filter: #075986\">\n    <div class=\"topsection-background\" style=\"--heightBlock: 600px\">\n        <div class=\"axtopsection-fond\">\n            <div class=\"container container-title-groupe\">\n\n                <div class=\"text-element\">\n                    <div class=\"breadcrumb-yoast\">\n                        <span><span><a href=\"https:\/\/hef.group\/en\/\">Home<\/a><\/span><\/span>                    <\/div>\n                    <h1 class='ax-title2'>Functionalized powders<\/h1>                    <div class=\"container container-text\">\n                                                    <p class=\"description-top-section\">For over 20 years, HEF has specialized in the functionalization of high value-added powders. We develop functional powders based on your specifications for your applications in additive manufacturing, sintering, Cold Spray&#8230; \n\nOur multi-material powders are obtained through dry processes (PVD, OMCVD, thermochemistry&#8230;) or wet processes (electroless, sol-gel&#8230;).\nWe offer complete or partial functionalizations, or inclusions within the core of your base powder.<\/p>\n                                                                            <a class=\"btn btn-gradient-second\"\n                               href=\"#\">Contact our experts<\/a>\n                                            <\/div>\n                <\/div>\n            <\/div>\n\n            <img decoding=\"async\" src=\"https:\/\/hef.group\/wp-content\/uploads\/2024\/03\/HEFstEtienne10Mai2022-0083.jpg\">        <\/div>\n\n    <\/div>\n\n\n<\/section>\n\n\n<div style=\"height:100px\" aria-hidden=\"true\" class=\"wp-block-spacer\"><\/div>\n\n\n\n<div style=\"height:100px\" aria-hidden=\"true\" class=\"wp-block-spacer\"><\/div>\n\n\n<section class=\"axblock-textandimg blue-bg\">\n    <div class=\"ax-textandimg\">\n        <div class=\"container ax-textandimg-container content-left \">\n            <div class=\"ax-textandimg-content\" style=\"--numberColumns: 2\">\n                                    <h2 class=\"ax-title3\">Choose multi-material functional powders!<\/h2>\n                                                    <div class=\"text-content\">\n                        <p>HEF develops your desired functionalities using multi-material functional powders. Improve your surface properties such as hardness, lubrication, conductivity, diffusion barrier role, corrosion resistance, or wettability.<\/p>\n<p>&nbsp;<\/p>\n<p>The use of functionalized powder for the manufacturing of parts allows for the creation of composites with unique and homogeneous microstructures.<\/p>\n<p>&nbsp;<\/p>\n<p>HEF designs functional powders through surface modification (coating) or core treatment of a base powder (support powder), using complex technologies such as fluidized bed processing or mechanical synthesis.<\/p>\n<p>Depending on the specifications of your requirements, we offer different configurations of base powders \/ coatings:<\/p>\n<ol>\n<li>metal\/metal,<\/li>\n<li>ceramic\/metal, metal\/polymer,<\/li>\n<li>Single-layer or multi-layer functionalization.<\/li>\n<\/ol>\n<p>&nbsp;<\/p>\n<p>We can produce any powder morphology (see visual on the right). <\/p>\n<p><span data-teams=\"true\"> <\/span><\/p>\n                    <\/div>\n                                            <\/div>\n\n\t        <div class=\"ax-textandimg-medias-container\">\n\t            \t                \t                    <div class=\"ax-textandimg-img contain\">\n\t                        <img decoding=\"async\" width=\"901\" height=\"232\" src=\"https:\/\/hef.group\/wp-content\/uploads\/2024\/08\/Capture-decran-2024-08-01-111845.jpg\" class=\"attachment-full size-full\" alt=\"\" srcset=\"https:\/\/hef.group\/wp-content\/uploads\/2024\/08\/Capture-decran-2024-08-01-111845.jpg 901w, https:\/\/hef.group\/wp-content\/uploads\/2024\/08\/Capture-decran-2024-08-01-111845-300x77.jpg 300w, https:\/\/hef.group\/wp-content\/uploads\/2024\/08\/Capture-decran-2024-08-01-111845-768x198.jpg 768w\" sizes=\"(max-width: 901px) 100vw, 901px\" \/>\t                    <\/div>\n\t                                    \t            \n\t\t        \t        <\/div>\n        <\/div>\n    <\/div>\n<\/section>\n\n\n<section class=\"axblock-textandimg white-bg\">\n    <div class=\"ax-textandimg\">\n        <div class=\"container ax-textandimg-container content-bottom \">\n            <div class=\"ax-textandimg-content\" style=\"--numberColumns: 2\">\n                                    <h2 class=\"ax-title3\">Custom specifications to meet your needs<\/h2>\n                                                            <\/div>\n\n\t        <div class=\"ax-textandimg-medias-container\">\n\t            \t                \t                    <div class=\"ax-textandimg-img contain\">\n\t                        <img decoding=\"async\" width=\"874\" height=\"465\" src=\"https:\/\/hef.group\/wp-content\/uploads\/2024\/08\/Capture-decran-2024-08-01-111958.jpg\" class=\"attachment-full size-full\" alt=\"\" srcset=\"https:\/\/hef.group\/wp-content\/uploads\/2024\/08\/Capture-decran-2024-08-01-111958.jpg 874w, https:\/\/hef.group\/wp-content\/uploads\/2024\/08\/Capture-decran-2024-08-01-111958-300x160.jpg 300w, https:\/\/hef.group\/wp-content\/uploads\/2024\/08\/Capture-decran-2024-08-01-111958-768x409.jpg 768w\" sizes=\"(max-width: 874px) 100vw, 874px\" \/>\t                    <\/div>\n\t                                    \t            \n\t\t        \t        <\/div>\n        <\/div>\n    <\/div>\n<\/section>\n\n\n<section class=\"axblock-textandimg blue-bg\">\n    <div class=\"ax-textandimg\">\n        <div class=\"container ax-textandimg-container content-left \">\n            <div class=\"ax-textandimg-content\" style=\"--numberColumns: 2\">\n                                                    <div class=\"text-content\">\n                        <p><strong>Polymer core solder balls.<\/strong><\/p>\n<p>&nbsp;<\/p>\n<p>HEF has developed polymer-core solder balls, thanks to a collaborative project initiated by Thales .<\/p>\n<p>&nbsp;<\/p>\n<p><strong>These solder balls help improve the life of electrical contacts when assembling BGAs on a printed circuit board.<\/strong><\/p>\n<p>&nbsp;<\/p>\n<ul>\n<li>Alternative to traditional lead solder balls<\/li>\n<li>Reduced thermomechanical stress<\/li>\n<li>Improved reliability and reparability<\/li>\n<li>Compatible with solder reflow according to IPC-J-STD-001<\/li>\n<li>Miniaturization<\/li>\n<li>Flexible design with different coatings<\/li>\n<li>Controlled stand-off height (+\/-5%)<\/li>\n<\/ul>\n<p>Conception 3D flexible<\/p>\n<p>&nbsp;<\/p>\n<p><strong>Polymer-core solder balls are a high-performance solution to the usual technical problems. <\/strong><strong>Key benefits :<\/strong><\/p>\n<ul>\n<li>Controlled shrinkage height (+\/-5%) to guarantee PCB flatness.<\/li>\n<li>High thermomechanical resistance compared to other solder ball solutions.<\/li>\n<li>Improved component lifecycle by 40%.<\/li>\n<li>Compatible with solder reflow process and solder paste.<\/li>\n<li>Common problems with electrical components :<\/li>\n<li>Temperature variation due to operating conditions under components, resulting in PCB variation and uncontrolled shrinkage height = component failure.<\/li>\n<li>Appearance of cracks on the solder ball due to thermomechanical stresses.<\/li>\n<\/ul>\n<p>&nbsp;<\/p>\n<p><strong>Diameter range of our solder balls :<\/strong><\/p>\n<p>From 280 microns to 800 microns.<\/p>\n<p><strong> <\/strong><\/p>\n                    <\/div>\n                                                <div class=\"btn-textandimg\">\n                                            <a class=\"btn btn-gradient-second btn-block-textandimg\"\n                           href=\"https:\/\/hef.group\/wp-content\/uploads\/2024\/07\/DATA_SHEET_-PCSB-1.jpg\"\n\t\t\t\t\t\t   target=\"_blank\"\n\t\t\t\t\t\t>\n\t\t\t\t\t\t   \tDownload the technical datasheet\t\t\t\t\t\t<\/a>\n                                                        <\/div>\n                                <\/div>\n\n\t        <div class=\"ax-textandimg-medias-container\">\n\t            \t                \t                    <div class=\"ax-textandimg-img contain\">\n\t                        <img decoding=\"async\" width=\"1747\" height=\"1920\" src=\"https:\/\/hef.group\/wp-content\/uploads\/2024\/09\/Bille-de-soudure.jpg\" class=\"attachment-full size-full\" alt=\"\" srcset=\"https:\/\/hef.group\/wp-content\/uploads\/2024\/09\/Bille-de-soudure.jpg 1747w, https:\/\/hef.group\/wp-content\/uploads\/2024\/09\/Bille-de-soudure-273x300.jpg 273w, https:\/\/hef.group\/wp-content\/uploads\/2024\/09\/Bille-de-soudure-932x1024.jpg 932w, https:\/\/hef.group\/wp-content\/uploads\/2024\/09\/Bille-de-soudure-768x844.jpg 768w, https:\/\/hef.group\/wp-content\/uploads\/2024\/09\/Bille-de-soudure-1398x1536.jpg 1398w\" sizes=\"(max-width: 1747px) 100vw, 1747px\" \/>\t                    <\/div>\n\t                                    \t            \n\t\t        \t        <\/div>\n        <\/div>\n    <\/div>\n<\/section>\n\n\n<section class=\"axblock-textandimg white-bg\">\n    <div class=\"ax-textandimg\">\n        <div class=\"container ax-textandimg-container content-right \">\n            <div class=\"ax-textandimg-content\" style=\"--numberColumns: 1\">\n                                    <h2 class=\"ax-title3\">Our markets<\/h2>\n                                                    <div class=\"text-content\">\n                        <p><span class=\"TextRun SCXW181297965 BCX0\" lang=\"FR-FR\" data-contrast=\"auto\"><span class=\"NormalTextRun SCXW181297965 BCX0\">Our main markets are: <\/span><span class=\"NormalTextRun SCXW181297965 BCX0\"><strong><span class=\"NormalTextRun SCXW181297965 BCX0\">aerospace and space, automotive, rail, naval, defense, luxury, and medical.<\/span><\/strong><\/span><\/span><br \/>\n&nbsp;<\/p>\n<p><span class=\"TextRun SCXW181297965 BCX0\" lang=\"FR-FR\" data-contrast=\"auto\"><span class=\"NormalTextRun SCXW181297965 BCX0\">On a daily basis, we work on the development and production of innovative products that meet the most demanding specifications of our clients.<\/span><\/span><span class=\"EOP SCXW181297965 BCX0\" data-ccp-props=\"{\"134233117\":false,\"134233118\":false,\"201341983\":0,\"335551550\":0,\"335551620\":0,\"335557856\":16777215,\"335559738\":0,\"335559739\":300,\"335559740\":259}\"> <\/span><\/p>\n                    <\/div>\n                                                <div class=\"btn-textandimg\">\n                                            <a class=\"btn btn-gradient-second btn-block-textandimg\"\n                           href=\"#\"\n\t\t\t\t\t\t   target=\"\"\n\t\t\t\t\t\t>\n\t\t\t\t\t\t   \tContact our experts\t\t\t\t\t\t<\/a>\n                                                        <\/div>\n                                <\/div>\n\n\t        <div class=\"ax-textandimg-medias-container\">\n\t            \t                \t                    <div class=\"ax-textandimg-video video-youtube\">\n\t                        <p><iframe loading=\"lazy\" title=\"Smat powders\" width=\"500\" height=\"281\" src=\"https:\/\/www.youtube.com\/embed\/DJkwnWF81I0?feature=oembed&#038;enablejsapi=1&#038;origin=https:\/\/hef.group\" frameborder=\"0\" allow=\"accelerometer; autoplay; clipboard-write; encrypted-media; gyroscope; picture-in-picture; web-share\" referrerpolicy=\"strict-origin-when-cross-origin\" allowfullscreen><\/iframe><\/p>\n\t                    <\/div>\n\t                                    \t            \n\t\t        \t        <\/div>\n        <\/div>\n    <\/div>\n<\/section>\n\n\n<section class=\"axblock-textandimg blue-bg\">\n    <div class=\"ax-textandimg\">\n        <div class=\"container ax-textandimg-container content-right \">\n            <div class=\"ax-textandimg-content\" style=\"--numberColumns: 2\">\n                                                    <div class=\"text-content\">\n                        <p><strong>Custom-made technical powder coatings<\/strong><\/p>\n<p>&nbsp;<\/p>\n<p>HEF develops your future thermosetting powders.<\/p>\n<p>&nbsp;<\/p>\n<p>We apply highly specialized powder coatings that meet the most demanding specifications.<\/p>\n<p>All our powders are developed in accordance with REACH regulations and are applied by fluidized bed or spraying.<\/p>\n<p>Each powder coating is developed based on the desired functional properties.<\/p>\n<p>Powder coatings represent a sustainable and responsible alternative to liquid paints and contain no volatile organic compounds.<\/p>\n<p>&nbsp;<\/p>\n<p>&nbsp;<\/p>\n<p><strong>Coating types :<\/strong><\/p>\n<ul>\n<li>Electrical conductivity<\/li>\n<li>Thermal conductivity<\/li>\n<li>Dielectric<\/li>\n<li>Fireproof<\/li>\n<li>Protection against corrosion<\/li>\n<li>Decorative coating<\/li>\n<li>Highly chemical-resistant coating<\/li>\n<li>Self-lubricating<\/li>\n<\/ul>\n<p>&nbsp;<\/p>\n                    <\/div>\n                                            <\/div>\n\n\t        <div class=\"ax-textandimg-medias-container\">\n\t            \t                \t                    <div class=\"ax-textandimg-img contain\">\n\t                        <img decoding=\"async\" width=\"1259\" height=\"743\" src=\"https:\/\/hef.group\/wp-content\/uploads\/2024\/08\/Capture-decran-2024-08-01-111054.jpg\" class=\"attachment-full size-full\" alt=\"\" srcset=\"https:\/\/hef.group\/wp-content\/uploads\/2024\/08\/Capture-decran-2024-08-01-111054.jpg 1259w, https:\/\/hef.group\/wp-content\/uploads\/2024\/08\/Capture-decran-2024-08-01-111054-300x177.jpg 300w, https:\/\/hef.group\/wp-content\/uploads\/2024\/08\/Capture-decran-2024-08-01-111054-1024x604.jpg 1024w, https:\/\/hef.group\/wp-content\/uploads\/2024\/08\/Capture-decran-2024-08-01-111054-768x453.jpg 768w\" sizes=\"(max-width: 1259px) 100vw, 1259px\" \/>\t                    <\/div>\n\t                                    \t            \n\t\t        \t        <\/div>\n        <\/div>\n    <\/div>\n<\/section>\n\n\n<section class=\"axblock-textandimg white-bg\">\n    <div class=\"ax-textandimg\">\n        <div class=\"container ax-textandimg-container content-left \">\n            <div class=\"ax-textandimg-content\" style=\"--numberColumns: 2\">\n                                                    <div class=\"text-content\">\n                        <p>Industrial players are increasingly turning to additive manufacturing technologies, which currently have a very limited range of powders available. HEF provides real diversity in the selection of raw materials and expands their range by offering custom-made multimaterial powders (metal\/metal, metal\/ceramic, metal or ceramic\/polymer) tailored to the chosen application technologies.<\/p>\n                    <\/div>\n                                            <\/div>\n\n\t        <div class=\"ax-textandimg-medias-container\">\n\t            \t                \t                    <div class=\"ax-textandimg-img contain\">\n\t                        <img decoding=\"async\" width=\"1440\" height=\"1920\" src=\"https:\/\/hef.group\/wp-content\/uploads\/2024\/04\/04.jpg\" class=\"attachment-full size-full\" alt=\"\" srcset=\"https:\/\/hef.group\/wp-content\/uploads\/2024\/04\/04.jpg 1440w, https:\/\/hef.group\/wp-content\/uploads\/2024\/04\/04-225x300.jpg 225w, https:\/\/hef.group\/wp-content\/uploads\/2024\/04\/04-768x1024.jpg 768w, https:\/\/hef.group\/wp-content\/uploads\/2024\/04\/04-1152x1536.jpg 1152w\" sizes=\"(max-width: 1440px) 100vw, 1440px\" \/>\t                    <\/div>\n\t                                    \t            \n\t\t        \t        <\/div>\n        <\/div>\n    <\/div>\n<\/section>\n\n\n<section class=\"axblock-textandimg grey-bg\">\n    <div class=\"ax-textandimg\">\n        <div class=\"container ax-textandimg-container content-right \">\n            <div class=\"ax-textandimg-content\" style=\"--numberColumns: 1\">\n                                    <h2 class=\"ax-title3\">Conclusion <\/h2>\n                                                    <div class=\"text-content\">\n                        <p><span class=\"TextRun SCXW47097882 BCX0\" lang=\"FR-FR\" data-contrast=\"auto\" xml:lang=\"FR-FR\"><span class=\"NormalTextRun SCXW47097882 BCX0\">De mani\u00e8re totalement int\u00e9gr\u00e9e,<br \/><strong>HEF propose la formulation, la fabrication et la mise en \u0153uvre des poudres pour une offre de service compl\u00e8te.<\/strong><\/span><\/span><strong><span class=\"EOP SCXW47097882 BCX0\" data-ccp-props=\"{\"201341983\":0,\"335559739\":160,\"335559740\":259}\"> <\/span><\/strong><\/p>\n                    <\/div>\n                                            <\/div>\n\n\t        <div class=\"ax-textandimg-medias-container\">\n\t            \t                \t                    <div class=\"ax-textandimg-img cover\">\n\t                        <img decoding=\"async\" width=\"1920\" height=\"1280\" src=\"https:\/\/hef.group\/wp-content\/uploads\/2024\/04\/HEFstEtienne10Mai2022-0080.jpg\" class=\"attachment-full size-full\" alt=\"\" srcset=\"https:\/\/hef.group\/wp-content\/uploads\/2024\/04\/HEFstEtienne10Mai2022-0080.jpg 1920w, https:\/\/hef.group\/wp-content\/uploads\/2024\/04\/HEFstEtienne10Mai2022-0080-300x200.jpg 300w, https:\/\/hef.group\/wp-content\/uploads\/2024\/04\/HEFstEtienne10Mai2022-0080-1024x683.jpg 1024w, https:\/\/hef.group\/wp-content\/uploads\/2024\/04\/HEFstEtienne10Mai2022-0080-768x512.jpg 768w, https:\/\/hef.group\/wp-content\/uploads\/2024\/04\/HEFstEtienne10Mai2022-0080-1536x1024.jpg 1536w\" sizes=\"(max-width: 1920px) 100vw, 1920px\" \/>\t                    <\/div>\n\t                                    \t            \n\t\t        \t        <\/div>\n        <\/div>\n    <\/div>\n<\/section>\n","protected":false},"excerpt":{"rendered":"","protected":false},"author":1,"featured_media":0,"parent":0,"menu_order":0,"comment_status":"closed","ping_status":"closed","template":"","meta":{"_acf_changed":false,"inline_featured_image":false,"footnotes":""},"class_list":["post-10357","page","type-page","status-publish","hentry"],"acf":[],"yoast_head":"<!-- This site is optimized with the Yoast SEO plugin v27.3 - https:\/\/yoast.com\/product\/yoast-seo-wordpress\/ -->\n<title>Functionalized powders, | HEF<\/title>\n<meta name=\"description\" content=\"HEF functionalizes your ceramic, metallic, and polymer powders for your applications in additive manufacturing, sintering, Cold Spray...\" \/>\n<meta name=\"robots\" content=\"index, follow, max-snippet:-1, max-image-preview:large, max-video-preview:-1\" \/>\n<link rel=\"canonical\" href=\"https:\/\/hef.group\/en\/functionalized-powders\/\" \/>\n<meta property=\"og:locale\" content=\"en_US\" \/>\n<meta property=\"og:type\" content=\"article\" \/>\n<meta property=\"og:title\" content=\"Functionalized powders, | HEF\" \/>\n<meta property=\"og:description\" content=\"HEF functionalizes your ceramic, metallic, and polymer powders for your applications in additive manufacturing, sintering, Cold Spray...\" \/>\n<meta property=\"og:url\" content=\"https:\/\/hef.group\/en\/functionalized-powders\/\" \/>\n<meta property=\"og:site_name\" content=\"HEF\" \/>\n<meta property=\"article:modified_time\" content=\"2025-06-30T07:32:05+00:00\" \/>\n<meta name=\"twitter:card\" content=\"summary_large_image\" \/>\n<script type=\"application\/ld+json\" class=\"yoast-schema-graph\">{\"@context\":\"https:\\\/\\\/schema.org\",\"@graph\":[{\"@type\":\"WebPage\",\"@id\":\"https:\\\/\\\/hef.group\\\/en\\\/functionalized-powders\\\/\",\"url\":\"https:\\\/\\\/hef.group\\\/en\\\/functionalized-powders\\\/\",\"name\":\"Functionalized powders, | HEF\",\"isPartOf\":{\"@id\":\"https:\\\/\\\/hef.group\\\/en\\\/#website\"},\"datePublished\":\"2023-11-21T08:38:29+00:00\",\"dateModified\":\"2025-06-30T07:32:05+00:00\",\"description\":\"HEF functionalizes your ceramic, metallic, and polymer powders for your applications in additive manufacturing, sintering, Cold Spray...\",\"breadcrumb\":{\"@id\":\"https:\\\/\\\/hef.group\\\/en\\\/functionalized-powders\\\/#breadcrumb\"},\"inLanguage\":\"en-US\",\"potentialAction\":[{\"@type\":\"ReadAction\",\"target\":[\"https:\\\/\\\/hef.group\\\/en\\\/functionalized-powders\\\/\"]}]},{\"@type\":\"BreadcrumbList\",\"@id\":\"https:\\\/\\\/hef.group\\\/en\\\/functionalized-powders\\\/#breadcrumb\",\"itemListElement\":[{\"@type\":\"ListItem\",\"position\":1,\"name\":\"Home\",\"item\":\"https:\\\/\\\/hef.group\\\/en\\\/\"},{\"@type\":\"ListItem\",\"position\":2,\"name\":\"Functionalized powders\"}]},{\"@type\":\"WebSite\",\"@id\":\"https:\\\/\\\/hef.group\\\/en\\\/#website\",\"url\":\"https:\\\/\\\/hef.group\\\/en\\\/\",\"name\":\"HEF Groupe\",\"description\":\"Leader Mondial en ing\u00e9n\u00e9rie des mat\u00e9riaux de surfaces\",\"publisher\":{\"@id\":\"https:\\\/\\\/hef.group\\\/en\\\/#organization\"},\"potentialAction\":[{\"@type\":\"SearchAction\",\"target\":{\"@type\":\"EntryPoint\",\"urlTemplate\":\"https:\\\/\\\/hef.group\\\/en\\\/?s={search_term_string}\"},\"query-input\":{\"@type\":\"PropertyValueSpecification\",\"valueRequired\":true,\"valueName\":\"search_term_string\"}}],\"inLanguage\":\"en-US\"},{\"@type\":\"Organization\",\"@id\":\"https:\\\/\\\/hef.group\\\/en\\\/#organization\",\"name\":\"HEF Groupe\",\"url\":\"https:\\\/\\\/hef.group\\\/en\\\/\",\"logo\":{\"@type\":\"ImageObject\",\"inLanguage\":\"en-US\",\"@id\":\"https:\\\/\\\/hef.group\\\/en\\\/#\\\/schema\\\/logo\\\/image\\\/\",\"url\":\"https:\\\/\\\/hef.group\\\/wp-content\\\/uploads\\\/2024\\\/02\\\/logo-hef-1.svg\",\"contentUrl\":\"https:\\\/\\\/hef.group\\\/wp-content\\\/uploads\\\/2024\\\/02\\\/logo-hef-1.svg\",\"width\":250,\"height\":60,\"caption\":\"HEF Groupe\"},\"image\":{\"@id\":\"https:\\\/\\\/hef.group\\\/en\\\/#\\\/schema\\\/logo\\\/image\\\/\"}}]}<\/script>\n<!-- \/ Yoast SEO plugin. -->","yoast_head_json":{"title":"Functionalized powders, | HEF","description":"HEF functionalizes your ceramic, metallic, and polymer powders for your applications in additive manufacturing, sintering, Cold Spray...","robots":{"index":"index","follow":"follow","max-snippet":"max-snippet:-1","max-image-preview":"max-image-preview:large","max-video-preview":"max-video-preview:-1"},"canonical":"https:\/\/hef.group\/en\/functionalized-powders\/","og_locale":"en_US","og_type":"article","og_title":"Functionalized powders, | HEF","og_description":"HEF functionalizes your ceramic, metallic, and polymer powders for your applications in additive manufacturing, sintering, Cold Spray...","og_url":"https:\/\/hef.group\/en\/functionalized-powders\/","og_site_name":"HEF","article_modified_time":"2025-06-30T07:32:05+00:00","twitter_card":"summary_large_image","schema":{"@context":"https:\/\/schema.org","@graph":[{"@type":"WebPage","@id":"https:\/\/hef.group\/en\/functionalized-powders\/","url":"https:\/\/hef.group\/en\/functionalized-powders\/","name":"Functionalized powders, | HEF","isPartOf":{"@id":"https:\/\/hef.group\/en\/#website"},"datePublished":"2023-11-21T08:38:29+00:00","dateModified":"2025-06-30T07:32:05+00:00","description":"HEF functionalizes your ceramic, metallic, and polymer powders for your applications in additive manufacturing, sintering, Cold Spray...","breadcrumb":{"@id":"https:\/\/hef.group\/en\/functionalized-powders\/#breadcrumb"},"inLanguage":"en-US","potentialAction":[{"@type":"ReadAction","target":["https:\/\/hef.group\/en\/functionalized-powders\/"]}]},{"@type":"BreadcrumbList","@id":"https:\/\/hef.group\/en\/functionalized-powders\/#breadcrumb","itemListElement":[{"@type":"ListItem","position":1,"name":"Home","item":"https:\/\/hef.group\/en\/"},{"@type":"ListItem","position":2,"name":"Functionalized powders"}]},{"@type":"WebSite","@id":"https:\/\/hef.group\/en\/#website","url":"https:\/\/hef.group\/en\/","name":"HEF Groupe","description":"Leader Mondial en ing\u00e9n\u00e9rie des mat\u00e9riaux de surfaces","publisher":{"@id":"https:\/\/hef.group\/en\/#organization"},"potentialAction":[{"@type":"SearchAction","target":{"@type":"EntryPoint","urlTemplate":"https:\/\/hef.group\/en\/?s={search_term_string}"},"query-input":{"@type":"PropertyValueSpecification","valueRequired":true,"valueName":"search_term_string"}}],"inLanguage":"en-US"},{"@type":"Organization","@id":"https:\/\/hef.group\/en\/#organization","name":"HEF Groupe","url":"https:\/\/hef.group\/en\/","logo":{"@type":"ImageObject","inLanguage":"en-US","@id":"https:\/\/hef.group\/en\/#\/schema\/logo\/image\/","url":"https:\/\/hef.group\/wp-content\/uploads\/2024\/02\/logo-hef-1.svg","contentUrl":"https:\/\/hef.group\/wp-content\/uploads\/2024\/02\/logo-hef-1.svg","width":250,"height":60,"caption":"HEF Groupe"},"image":{"@id":"https:\/\/hef.group\/en\/#\/schema\/logo\/image\/"}}]}},"_links":{"self":[{"href":"https:\/\/hef.group\/en\/wp-json\/wp\/v2\/pages\/10357","targetHints":{"allow":["GET"]}}],"collection":[{"href":"https:\/\/hef.group\/en\/wp-json\/wp\/v2\/pages"}],"about":[{"href":"https:\/\/hef.group\/en\/wp-json\/wp\/v2\/types\/page"}],"author":[{"embeddable":true,"href":"https:\/\/hef.group\/en\/wp-json\/wp\/v2\/users\/1"}],"replies":[{"embeddable":true,"href":"https:\/\/hef.group\/en\/wp-json\/wp\/v2\/comments?post=10357"}],"version-history":[{"count":7,"href":"https:\/\/hef.group\/en\/wp-json\/wp\/v2\/pages\/10357\/revisions"}],"predecessor-version":[{"id":12470,"href":"https:\/\/hef.group\/en\/wp-json\/wp\/v2\/pages\/10357\/revisions\/12470"}],"wp:attachment":[{"href":"https:\/\/hef.group\/en\/wp-json\/wp\/v2\/media?parent=10357"}],"curies":[{"name":"wp","href":"https:\/\/api.w.org\/{rel}","templated":true}]}}