{"id":10435,"date":"2024-01-04T16:13:55","date_gmt":"2024-01-04T15:13:55","guid":{"rendered":"https:\/\/hef.group\/le-groupe-hef\/"},"modified":"2025-09-02T13:51:01","modified_gmt":"2025-09-02T11:51:01","slug":"hef","status":"publish","type":"page","link":"https:\/\/hef.group\/en\/hef\/","title":{"rendered":"HEF"},"content":{"rendered":"<section class=\"axtopsection-block\" style=\"--backgroundColor-filter: #075986\">\n    <div class=\"topsection-background\" style=\"--heightBlock: 600px\">\n        <div class=\"axtopsection-fond\">\n            <div class=\"container container-title-groupe\">\n\n                <div class=\"text-element\">\n                    <div class=\"breadcrumb-yoast\">\n                        <span><span><a href=\"https:\/\/hef.group\/en\/\">Home<\/a><\/span><\/span>                    <\/div>\n                    <h1 class='ax-title2'>HEF<\/h1>                    <div class=\"container container-text\">\n                                                    <p class=\"description-top-section\">HEF is a surface treatment company and world leader in surface materials engineering, capable of offering its customers comprehensive services \u2013 whether they are major contractors or SMEs. These services range from research to the operation of processes or supply of components, including industrial development, technology transfer, metal surface treatment and finishing services.<\/p>\n                                                                            <a class=\"btn btn-gradient-second\"\n                               href=\"https:\/\/hef.group\/en\/join-hef\/\">Join HEF<\/a>\n                                            <\/div>\n                <\/div>\n            <\/div>\n\n            <video autoplay loop muted><source src=\"https:\/\/hef.group\/wp-content\/uploads\/2023\/12\/Presentation-HEF-Groupe-1.mp4\" type=\"video\/mp4\"\/><\/video>        <\/div>\n\n    <\/div>\n\n\n<\/section>\n\n\n<p id=\"chiffres-importants\"><\/p>\n\n\n\n    <section class=\"axreassurances-block axblock\">\n        <div class=\"container\">\n            <p class=\"ax-title3\">About us<\/p>\n                        <div class=\"flex-block\">\n                                    <div class=\"card-icon\">\n                                                    <div class=\"container-image_reassurance\">\n                                <img decoding=\"async\" width=\"150\" height=\"150\" src=\"https:\/\/hef.group\/wp-content\/uploads\/2024\/01\/loupe.svg\" class=\"attachment-thumbnail size-thumbnail\" alt=\"\" \/>                            <\/div>\n                                                                            <div class=\"ax-title2\">Since 1953<\/div>\n                                                                            <span class=\"sub-title-icon\">expertise in surface materials engineering<\/span>\n                                            <\/div>\n                                    <div class=\"card-icon\">\n                                                    <div class=\"container-image_reassurance\">\n                                <img decoding=\"async\" width=\"150\" height=\"78\" src=\"https:\/\/hef.group\/wp-content\/uploads\/2024\/01\/picto-salarie.svg\" class=\"attachment-thumbnail size-thumbnail\" alt=\"\" \/>                            <\/div>\n                                                                            <div class=\"ax-title2\">3200<\/div>\n                                                                            <span class=\"sub-title-icon\">employees<\/span>\n                                            <\/div>\n                                    <div class=\"card-icon\">\n                                                    <div class=\"container-image_reassurance\">\n                                <img decoding=\"async\" width=\"150\" height=\"150\" src=\"https:\/\/hef.group\/wp-content\/uploads\/2024\/01\/picto-euro.svg\" class=\"attachment-thumbnail size-thumbnail\" alt=\"\" \/>                            <\/div>\n                                                                            <div class=\"ax-title2\">\u20ac327M<\/div>\n                                                                            <span class=\"sub-title-icon\">sales revenue in 2024<\/span>\n                                            <\/div>\n                                    <div class=\"card-icon\">\n                                                    <div class=\"container-image_reassurance\">\n                                <img decoding=\"async\" width=\"150\" height=\"150\" src=\"https:\/\/hef.group\/wp-content\/uploads\/2024\/01\/loupe.svg\" class=\"attachment-thumbnail size-thumbnail\" alt=\"\" \/>                            <\/div>\n                                                                            <div class=\"ax-title2\">200<\/div>\n                                                                            <span class=\"sub-title-icon\">patent families filed<\/span>\n                                            <\/div>\n                                    <div class=\"card-icon\">\n                                                    <div class=\"container-image_reassurance\">\n                                <img decoding=\"async\" width=\"150\" height=\"150\" src=\"https:\/\/hef.group\/wp-content\/uploads\/2024\/01\/picto-planete.svg\" class=\"attachment-thumbnail size-thumbnail\" alt=\"\" \/>                            <\/div>\n                                                                            <div class=\"ax-title2\">90<\/div>\n                                                                            <span class=\"sub-title-icon\">industrial sites<\/span>\n                                            <\/div>\n                                    <div class=\"card-icon\">\n                                                    <div class=\"container-image_reassurance\">\n                                <img decoding=\"async\" width=\"150\" height=\"150\" src=\"https:\/\/hef.group\/wp-content\/uploads\/2024\/01\/picto-planete.svg\" class=\"attachment-thumbnail size-thumbnail\" alt=\"\" \/>                            <\/div>\n                                                                            <div class=\"ax-title2\">21<\/div>\n                                                                            <span class=\"sub-title-icon\">countries<\/span>\n                                            <\/div>\n                            <\/div>\n        <\/div>\n    <\/section>\n\n\n\n<div style=\"height:72px\" aria-hidden=\"true\" class=\"wp-block-spacer\"><\/div>\n\n\n<section class=\"axblock-textandimg blue-bg\">\n    <div class=\"ax-textandimg\">\n        <div class=\"container ax-textandimg-container content-right \">\n            <div class=\"ax-textandimg-content\" style=\"--numberColumns: 2\">\n                                    <h2 class=\"ax-title3\">About HEF<\/h2>\n                                                    <div class=\"text-content\">\n                        <p>HEF is a world-renowned expert in surface materials engineering with three core competencies: <strong>tribology<\/strong>, <strong>photonics<\/strong> <strong>and<\/strong> <strong>hydrogen technologies<\/strong>. \u00a0 HEF develops new materials and processes to meet societal challenges, side by side with our customers in the <strong>mobility, construction, decarbonized energy, defense, space, and medical sectors.<\/strong>\u00a0 HEF is anchored in Saint-Etienne, a region of industrial innovation. HEF uses a vertical integration model that starts with high R&amp;D intensity (which represents 8 to 10% of sales) and extends to globalized industrialization: 80% of our business is transacted internationally. \u00a0 HEF is a pioneer in social innovation, with two thirds of our capital held by our employees. This provides us with a financial solidity that supports our strategy of long-term investment and rational growth. \u00a0<strong>Our commitment to protecting the environment is specifically reflected in the circular economy of our processes and a product offering focused on replacing technologies that pollute.<\/strong>\u00a0 HEF\u2019s purpose is <strong>\u201cto be a force for progress by transforming science into industry\u201d.<\/strong>\u00a0 HEF is a multi-specialist in the field of surface treatments and components. HEF is vertically integrated, a leader in tribology, a challenger in photonics, and an emerging player in hydrogen technologies.<\/p>\n                    <\/div>\n                                            <\/div>\n\n\t        <div class=\"ax-textandimg-medias-container\">\n\t            \t                \t                    <div class=\"ax-textandimg-video\">\n\t                        <video src=\"https:\/\/hef.group\/wp-content\/uploads\/2024\/02\/WEB-clp_hef_lancement_70_ans_2023_gb-540p.mp4\" controls><\/video>\t                    <\/div>\n\t                                    \t            \n\t\t        \t        <\/div>\n        <\/div>\n    <\/div>\n<\/section>\n\n\n\n<div style=\"height:50px\" aria-hidden=\"true\" id=\"proche-monde\" class=\"wp-block-spacer\"><\/div>\n\n\n<section class=\"axblock-textandimg white-bg\">\n    <div class=\"ax-textandimg\">\n        <div class=\"container ax-textandimg-container content-left \">\n            <div class=\"ax-textandimg-content\" style=\"--numberColumns: 2\">\n                                    <h2 class=\"ax-title3\">HEF \u2013 close to its customers throughout the world<\/h2>\n                                                    <div class=\"text-content\">\n                        <p><span style=\"font-weight: 400;\">New materials and processes developed in Saint-Etienne are rapidly being rolled out on an international industrial scale through HEF\u2019s network of foreign subsidiaries.<\/span><\/p>\n<p>&nbsp;<\/p>\n<p><span style=\"font-weight: 400;\">Our teams are committed to ensuring local responsiveness, efficiency, service, and providing a local offering to our customers. HEF\u2019s technologies and expertise are accessible, standard-compliant, and they are of uniform quality throughout the world. <\/span><\/p>\n<p>&nbsp;<\/p>\n<p><span style=\"font-weight: 400;\">A few figures to illustrate our international character: 80% of turnover is transacted with international customers, and there are 90 industrial sites in 21 countries including France.<\/span><\/p>\n                    <\/div>\n                                                <div class=\"btn-textandimg\">\n                                            <a class=\"btn btn-gradient-second btn-block-textandimg\"\n                           href=\"https:\/\/hef.group\/en\/hef\/#store-map\"\n\t\t\t\t\t\t   target=\"\"\n\t\t\t\t\t\t>\n\t\t\t\t\t\t   \tContact a local expert\t\t\t\t\t\t<\/a>\n                                                        <\/div>\n                                <\/div>\n\n\t        <div class=\"ax-textandimg-medias-container\">\n\t            \t                \t                    <div class=\"ax-textandimg-img contain\">\n\t                        <img decoding=\"async\" width=\"18300\" height=\"8692\" src=\"https:\/\/hef.group\/wp-content\/uploads\/2024\/01\/map-couleurs@4x.png\" class=\"attachment-full size-full\" alt=\"\" \/>\t                    <\/div>\n\t                                    \t            \n\t\t        \t        <\/div>\n        <\/div>\n    <\/div>\n<\/section>\n\n\n\n<div style=\"height:50px\" aria-hidden=\"true\" id=\"pionnier\" class=\"wp-block-spacer\"><\/div>\n\n\n<section class=\"axblock \">\n    <div class=\"container\">\n        <div class=\"acf-innerblocks-container\"><\/div>\n    <\/div>\n    <div class=\"ax-cms1 \">\n        <div class=\"container axcms-container content-right\">\n            <div class=\"ax-cms1-content\">\n                                    <h2 class=\"ax-title3\">HEF \u2013 a pioneer in social innovation for 50 years<\/h2>\n                                                    <div class=\"text-content\">\n                        <p><span style=\"font-weight: 400;\">In 1973, HEF transitioned to a majority employee-ownership model, with 66% of the capital held by employees. This means that employees are responsible for their own future and have autonomy and freedom in their decision-making. It also means significant freedom of action.<\/span><\/p>\n<p>&nbsp;<\/p>\n<p><span style=\"font-weight: 400;\">Employee shareholding is a guarantee of the company\u2019s long-term future in the region. It also guarantees the loyalty and commitment of HEF employees.<\/span><\/p>\n<p>&nbsp;<\/p>\n<p><span style=\"font-weight: 400;\">Ultimately, employee shareholding ensures financial solidity, enabling us to invest continuously in research &amp; development and a very long-term vision of the company.<\/span><\/p>\n                    <\/div>\n                                            <\/div>\n                            <div class=\"ax-cms1-img\">\n                    <img decoding=\"async\" width=\"1920\" height=\"1280\" src=\"https:\/\/hef.group\/wp-content\/uploads\/2024\/02\/HEF2023-0016.jpg\" class=\"attachment-full size-full\" alt=\"\" srcset=\"https:\/\/hef.group\/wp-content\/uploads\/2024\/02\/HEF2023-0016.jpg 1920w, https:\/\/hef.group\/wp-content\/uploads\/2024\/02\/HEF2023-0016-300x200.jpg 300w, https:\/\/hef.group\/wp-content\/uploads\/2024\/02\/HEF2023-0016-1024x683.jpg 1024w, https:\/\/hef.group\/wp-content\/uploads\/2024\/02\/HEF2023-0016-768x512.jpg 768w, https:\/\/hef.group\/wp-content\/uploads\/2024\/02\/HEF2023-0016-1536x1024.jpg 1536w\" sizes=\"(max-width: 1920px) 100vw, 1920px\" \/>                <\/div>\n                    <\/div>\n    <\/div>\n<\/section>\n\n\n\n<section class=\"axblock \">\n    <div class=\"container\">\n        <div class=\"acf-innerblocks-container\">\n\n<p id=\"enjeux-environnementaux\"><\/p>\n\n<\/div>\n    <\/div>\n    <div class=\"ax-cms1 \">\n        <div class=\"container axcms-container content-left\">\n            <div class=\"ax-cms1-content\">\n                                    <h2 class=\"ax-title3\">Our environmental commitments<\/h2>\n                                                    <div class=\"text-content\">\n                        <p><span style=\"font-weight: 400;\">HEF surface treatment, production processes, and tools have been redesigned to operate in a circular economy on a European scale first and subsequently on a global scale.<br \/>\nAfter an initial pilot recycling plant in Andr\u00e9zieux-Bouth\u00e9on, this operation will be developed in China and then in North America. <\/span><\/p>\n<p>&nbsp;<\/p>\n<p><span style=\"font-weight: 400;\">HEF is integrating environmental issues by diversifying into markets linked to decarbonized energy:<\/span><\/p>\n<p>&nbsp;<\/p>\n<p><span style=\"font-weight: 400;\">&#8211; <strong>Hydrogen<\/strong>: from upstream via hydrogen production (in the research phase) to using hydrogen for mobility or thermal mobility.<\/span><\/p>\n<p>&nbsp;<\/p>\n<p><span style=\"font-weight: 400;\">&#8211; <strong>nuclear energy<\/strong> via the safety of facilities or even in wind turbines with enhanced durability.<\/span><\/p>\n                    <\/div>\n                                                    <a target=\"_self\" href=\"https:\/\/hef.group\/en\/our-commitments-to-a-more-sustainable-industry\/\"\n                       class=\"btn btn-gradient-second\">Learn more<\/a>\n                            <\/div>\n                            <div class=\"ax-cms1-img\">\n                    <img decoding=\"async\" width=\"828\" height=\"904\" src=\"https:\/\/hef.group\/wp-content\/uploads\/2024\/02\/shutterstock_2177764705-e1709718166567.jpg\" class=\"attachment-full size-full\" alt=\"\" srcset=\"https:\/\/hef.group\/wp-content\/uploads\/2024\/02\/shutterstock_2177764705-e1709718166567.jpg 828w, https:\/\/hef.group\/wp-content\/uploads\/2024\/02\/shutterstock_2177764705-e1709718166567-275x300.jpg 275w, https:\/\/hef.group\/wp-content\/uploads\/2024\/02\/shutterstock_2177764705-e1709718166567-768x838.jpg 768w\" sizes=\"(max-width: 828px) 100vw, 828px\" \/>                <\/div>\n                    <\/div>\n    <\/div>\n<\/section>\n\n","protected":false},"excerpt":{"rendered":"","protected":false},"author":1,"featured_media":7740,"parent":0,"menu_order":0,"comment_status":"closed","ping_status":"closed","template":"template-hef-groupe.php","meta":{"_acf_changed":false,"inline_featured_image":false,"footnotes":""},"class_list":["post-10435","page","type-page","status-publish","has-post-thumbnail","hentry"],"acf":[],"yoast_head":"<!-- This site is optimized with the Yoast SEO plugin v27.2 - https:\/\/yoast.com\/product\/yoast-seo-wordpress\/ -->\n<title>HEF surface treatment: World leader in materials engineering<\/title>\n<meta name=\"description\" content=\"HEF surface treatment from a world expert in surface materials engineering focused on tribology, photonics, and hydrogen technologies.\" \/>\n<meta name=\"robots\" content=\"index, follow, max-snippet:-1, max-image-preview:large, max-video-preview:-1\" \/>\n<link rel=\"canonical\" href=\"https:\/\/hef.group\/en\/hef\/\" \/>\n<meta property=\"og:locale\" content=\"en_US\" \/>\n<meta property=\"og:type\" content=\"article\" \/>\n<meta property=\"og:title\" content=\"HEF surface treatment: World leader in materials engineering\" \/>\n<meta property=\"og:description\" content=\"HEF surface treatment from a world expert in surface materials engineering focused on tribology, photonics, and hydrogen technologies.\" \/>\n<meta property=\"og:url\" content=\"https:\/\/hef.group\/en\/hef\/\" \/>\n<meta property=\"og:site_name\" content=\"HEF\" \/>\n<meta property=\"article:modified_time\" content=\"2025-09-02T11:51:01+00:00\" \/>\n<meta property=\"og:image\" content=\"https:\/\/hef.group\/wp-content\/uploads\/2023\/11\/img-leader-mondial.png\" \/>\n\t<meta property=\"og:image:width\" content=\"826\" \/>\n\t<meta property=\"og:image:height\" content=\"570\" \/>\n\t<meta property=\"og:image:type\" content=\"image\/png\" \/>\n<meta name=\"twitter:card\" content=\"summary_large_image\" \/>\n<meta name=\"twitter:label1\" content=\"Est. reading time\" \/>\n\t<meta name=\"twitter:data1\" content=\"1 minute\" \/>\n<script type=\"application\/ld+json\" class=\"yoast-schema-graph\">{\"@context\":\"https:\/\/schema.org\",\"@graph\":[{\"@type\":\"WebPage\",\"@id\":\"https:\/\/hef.group\/en\/hef\/\",\"url\":\"https:\/\/hef.group\/en\/hef\/\",\"name\":\"HEF surface treatment: World leader in materials engineering\",\"isPartOf\":{\"@id\":\"https:\/\/hef.group\/en\/#website\"},\"primaryImageOfPage\":{\"@id\":\"https:\/\/hef.group\/en\/hef\/#primaryimage\"},\"image\":{\"@id\":\"https:\/\/hef.group\/en\/hef\/#primaryimage\"},\"thumbnailUrl\":\"https:\/\/hef.group\/wp-content\/uploads\/2023\/11\/img-leader-mondial.png\",\"datePublished\":\"2024-01-04T15:13:55+00:00\",\"dateModified\":\"2025-09-02T11:51:01+00:00\",\"description\":\"HEF surface treatment from a world expert in surface materials engineering focused on tribology, photonics, and hydrogen technologies.\",\"breadcrumb\":{\"@id\":\"https:\/\/hef.group\/en\/hef\/#breadcrumb\"},\"inLanguage\":\"en-US\",\"potentialAction\":[{\"@type\":\"ReadAction\",\"target\":[\"https:\/\/hef.group\/en\/hef\/\"]}]},{\"@type\":\"ImageObject\",\"inLanguage\":\"en-US\",\"@id\":\"https:\/\/hef.group\/en\/hef\/#primaryimage\",\"url\":\"https:\/\/hef.group\/wp-content\/uploads\/2023\/11\/img-leader-mondial.png\",\"contentUrl\":\"https:\/\/hef.group\/wp-content\/uploads\/2023\/11\/img-leader-mondial.png\",\"width\":826,\"height\":570,\"caption\":\"img-leader-mondial\"},{\"@type\":\"BreadcrumbList\",\"@id\":\"https:\/\/hef.group\/en\/hef\/#breadcrumb\",\"itemListElement\":[{\"@type\":\"ListItem\",\"position\":1,\"name\":\"Home\",\"item\":\"https:\/\/hef.group\/en\/\"},{\"@type\":\"ListItem\",\"position\":2,\"name\":\"HEF\"}]},{\"@type\":\"WebSite\",\"@id\":\"https:\/\/hef.group\/en\/#website\",\"url\":\"https:\/\/hef.group\/en\/\",\"name\":\"HEF Groupe\",\"description\":\"Leader Mondial en ing\u00e9n\u00e9rie des mat\u00e9riaux de surfaces\",\"publisher\":{\"@id\":\"https:\/\/hef.group\/en\/#organization\"},\"potentialAction\":[{\"@type\":\"SearchAction\",\"target\":{\"@type\":\"EntryPoint\",\"urlTemplate\":\"https:\/\/hef.group\/en\/?s={search_term_string}\"},\"query-input\":{\"@type\":\"PropertyValueSpecification\",\"valueRequired\":true,\"valueName\":\"search_term_string\"}}],\"inLanguage\":\"en-US\"},{\"@type\":\"Organization\",\"@id\":\"https:\/\/hef.group\/en\/#organization\",\"name\":\"HEF Groupe\",\"url\":\"https:\/\/hef.group\/en\/\",\"logo\":{\"@type\":\"ImageObject\",\"inLanguage\":\"en-US\",\"@id\":\"https:\/\/hef.group\/en\/#\/schema\/logo\/image\/\",\"url\":\"https:\/\/hef.group\/wp-content\/uploads\/2024\/02\/logo-hef-1.svg\",\"contentUrl\":\"https:\/\/hef.group\/wp-content\/uploads\/2024\/02\/logo-hef-1.svg\",\"width\":250,\"height\":60,\"caption\":\"HEF Groupe\"},\"image\":{\"@id\":\"https:\/\/hef.group\/en\/#\/schema\/logo\/image\/\"}}]}<\/script>\n<!-- \/ Yoast SEO plugin. -->","yoast_head_json":{"title":"HEF surface treatment: World leader in materials engineering","description":"HEF surface treatment from a world expert in surface materials engineering focused on tribology, photonics, and hydrogen technologies.","robots":{"index":"index","follow":"follow","max-snippet":"max-snippet:-1","max-image-preview":"max-image-preview:large","max-video-preview":"max-video-preview:-1"},"canonical":"https:\/\/hef.group\/en\/hef\/","og_locale":"en_US","og_type":"article","og_title":"HEF surface treatment: World leader in materials engineering","og_description":"HEF surface treatment from a world expert in surface materials engineering focused on tribology, photonics, and hydrogen technologies.","og_url":"https:\/\/hef.group\/en\/hef\/","og_site_name":"HEF","article_modified_time":"2025-09-02T11:51:01+00:00","og_image":[{"width":826,"height":570,"url":"https:\/\/hef.group\/wp-content\/uploads\/2023\/11\/img-leader-mondial.png","type":"image\/png"}],"twitter_card":"summary_large_image","twitter_misc":{"Est. reading time":"1 minute"},"schema":{"@context":"https:\/\/schema.org","@graph":[{"@type":"WebPage","@id":"https:\/\/hef.group\/en\/hef\/","url":"https:\/\/hef.group\/en\/hef\/","name":"HEF surface treatment: World leader in materials engineering","isPartOf":{"@id":"https:\/\/hef.group\/en\/#website"},"primaryImageOfPage":{"@id":"https:\/\/hef.group\/en\/hef\/#primaryimage"},"image":{"@id":"https:\/\/hef.group\/en\/hef\/#primaryimage"},"thumbnailUrl":"https:\/\/hef.group\/wp-content\/uploads\/2023\/11\/img-leader-mondial.png","datePublished":"2024-01-04T15:13:55+00:00","dateModified":"2025-09-02T11:51:01+00:00","description":"HEF surface treatment from a world expert in surface materials engineering focused on tribology, photonics, and hydrogen technologies.","breadcrumb":{"@id":"https:\/\/hef.group\/en\/hef\/#breadcrumb"},"inLanguage":"en-US","potentialAction":[{"@type":"ReadAction","target":["https:\/\/hef.group\/en\/hef\/"]}]},{"@type":"ImageObject","inLanguage":"en-US","@id":"https:\/\/hef.group\/en\/hef\/#primaryimage","url":"https:\/\/hef.group\/wp-content\/uploads\/2023\/11\/img-leader-mondial.png","contentUrl":"https:\/\/hef.group\/wp-content\/uploads\/2023\/11\/img-leader-mondial.png","width":826,"height":570,"caption":"img-leader-mondial"},{"@type":"BreadcrumbList","@id":"https:\/\/hef.group\/en\/hef\/#breadcrumb","itemListElement":[{"@type":"ListItem","position":1,"name":"Home","item":"https:\/\/hef.group\/en\/"},{"@type":"ListItem","position":2,"name":"HEF"}]},{"@type":"WebSite","@id":"https:\/\/hef.group\/en\/#website","url":"https:\/\/hef.group\/en\/","name":"HEF Groupe","description":"Leader Mondial en ing\u00e9n\u00e9rie des mat\u00e9riaux de surfaces","publisher":{"@id":"https:\/\/hef.group\/en\/#organization"},"potentialAction":[{"@type":"SearchAction","target":{"@type":"EntryPoint","urlTemplate":"https:\/\/hef.group\/en\/?s={search_term_string}"},"query-input":{"@type":"PropertyValueSpecification","valueRequired":true,"valueName":"search_term_string"}}],"inLanguage":"en-US"},{"@type":"Organization","@id":"https:\/\/hef.group\/en\/#organization","name":"HEF Groupe","url":"https:\/\/hef.group\/en\/","logo":{"@type":"ImageObject","inLanguage":"en-US","@id":"https:\/\/hef.group\/en\/#\/schema\/logo\/image\/","url":"https:\/\/hef.group\/wp-content\/uploads\/2024\/02\/logo-hef-1.svg","contentUrl":"https:\/\/hef.group\/wp-content\/uploads\/2024\/02\/logo-hef-1.svg","width":250,"height":60,"caption":"HEF Groupe"},"image":{"@id":"https:\/\/hef.group\/en\/#\/schema\/logo\/image\/"}}]}},"_links":{"self":[{"href":"https:\/\/hef.group\/en\/wp-json\/wp\/v2\/pages\/10435","targetHints":{"allow":["GET"]}}],"collection":[{"href":"https:\/\/hef.group\/en\/wp-json\/wp\/v2\/pages"}],"about":[{"href":"https:\/\/hef.group\/en\/wp-json\/wp\/v2\/types\/page"}],"author":[{"embeddable":true,"href":"https:\/\/hef.group\/en\/wp-json\/wp\/v2\/users\/1"}],"replies":[{"embeddable":true,"href":"https:\/\/hef.group\/en\/wp-json\/wp\/v2\/comments?post=10435"}],"version-history":[{"count":6,"href":"https:\/\/hef.group\/en\/wp-json\/wp\/v2\/pages\/10435\/revisions"}],"predecessor-version":[{"id":12499,"href":"https:\/\/hef.group\/en\/wp-json\/wp\/v2\/pages\/10435\/revisions\/12499"}],"wp:featuredmedia":[{"embeddable":true,"href":"https:\/\/hef.group\/en\/wp-json\/wp\/v2\/media\/7740"}],"wp:attachment":[{"href":"https:\/\/hef.group\/en\/wp-json\/wp\/v2\/media?parent=10435"}],"curies":[{"name":"wp","href":"https:\/\/api.w.org\/{rel}","templated":true}]}}