{"id":10490,"date":"2023-11-27T14:52:19","date_gmt":"2023-11-27T13:52:19","guid":{"rendered":"https:\/\/hef.group\/our-solutions-by-market\/surface-treatments-for-mobility\/aviation-drones-civiles\/"},"modified":"2024-11-05T14:07:21","modified_gmt":"2024-11-05T13:07:21","slug":"aviation-civilian-drones","status":"publish","type":"page","link":"https:\/\/hef.group\/en\/our-solutions-by-market\/surface-treatments-for-mobility\/aviation-civilian-drones\/","title":{"rendered":"Aerospace surface treatments for aviation \/ civilian drones"},"content":{"rendered":"\n<p><\/p>\n\n\n<section class=\"axblock-gallery white-bg\">\n    <div class=\"ax-gallery\">\n        <div class=\"container ax-gallery-container content-left \" style=\"--heightBlock : 300px\">\n            <div class=\"ax-gallery-content\" style=\"--numberColumns: 2\">\n                                                    <div class=\"text-content\">\n                        <p><strong>Resistance to adhesion and friction wear are crucial for technical aeronautic components. <\/strong><\/br><\/br><\/p>\n<p><span data-contrast=\"auto\">At HEF, our<\/span><b><span data-contrast=\"auto\"> our aerospace surface treatments include CLIN\u2122 liquid nitriding technology<\/span><\/b><span data-contrast=\"auto\"> which is applied on landing gear components, flight control actuators, and even cockpit door latches. CLIN\u2122 treatments increase the resistance of these parts to seizing and fatigue, and on steel, they increase protection against corrosion. Given their robustness, parts treated with CLIN\u2122 offer better characteristics than can usually be obtained through gas\/plasma nitriding. <\/span><br \/>\n<\/br><\/p>\n<p><span data-contrast=\"auto\">To solve problems involving wear or seizing that impact or cause component defects, HEF\u2019s surface treatments for the aerospace industry also include a hard coating with long-term effectiveness. Our <\/span><b><span data-contrast=\"auto\">CERTESS\u00ae NITRO<\/span><\/b><span data-contrast=\"auto\"> coating reduces major risks in the high-safety sector through a low coefficient of friction, good functional stability, and increased wear resistance even at extremely high temperatures.<\/span><br \/>\n<\/br><\/p>\n<p><span data-contrast=\"none\">Providing excellent tribological coating, ceramic coatings offer versatile performance because they protect against seizing, offer uniform coverage, and provide better temperature resistance.<\/span><\/p>\n                    <\/div>\n                                                    <div class=\"btn-gallery\">\n                                                    <a class=\"btn btn-gradient-second btn-block-gallery\"\n                               href=\"https:\/\/hef.group\/en\/contact\/\"\n                                 target=\"\"\n                               >Contact our experts<\/a>\n                                                                            <a class=\"btn btn-gradient-second btn-block-gallery\"\n                               href=\"https:\/\/hef.group\/wp-content\/uploads\/2024\/10\/airplane_data_sheet.pdf\"\n                                target=\"_blank\"\n                               >Download our brochure<\/a>\n                                            <\/div>\n                            <\/div>\n\n            <div class=\"ax-gallery-medias-container\">\n                                        <div class=\"gallery-item\"><img decoding=\"async\" width=\"768\" height=\"711\" src=\"https:\/\/hef.group\/wp-content\/uploads\/2024\/02\/shutterstock_2195085031-e1709721798369-768x711.jpg\" class=\"attachment-medium_large size-medium_large\" alt=\"\" srcset=\"https:\/\/hef.group\/wp-content\/uploads\/2024\/02\/shutterstock_2195085031-e1709721798369-768x711.jpg 768w, https:\/\/hef.group\/wp-content\/uploads\/2024\/02\/shutterstock_2195085031-e1709721798369-300x278.jpg 300w, https:\/\/hef.group\/wp-content\/uploads\/2024\/02\/shutterstock_2195085031-e1709721798369-1024x948.jpg 1024w, https:\/\/hef.group\/wp-content\/uploads\/2024\/02\/shutterstock_2195085031-e1709721798369.jpg 1091w\" sizes=\"(max-width: 768px) 100vw, 768px\" \/><\/div><div class=\"gallery-item\"><img decoding=\"async\" width=\"768\" height=\"512\" src=\"https:\/\/hef.group\/wp-content\/uploads\/2024\/07\/shutterstock_2229932661-768x512.jpg\" class=\"attachment-medium_large size-medium_large\" alt=\"\" srcset=\"https:\/\/hef.group\/wp-content\/uploads\/2024\/07\/shutterstock_2229932661-768x512.jpg 768w, https:\/\/hef.group\/wp-content\/uploads\/2024\/07\/shutterstock_2229932661-300x200.jpg 300w, https:\/\/hef.group\/wp-content\/uploads\/2024\/07\/shutterstock_2229932661-1024x683.jpg 1024w, https:\/\/hef.group\/wp-content\/uploads\/2024\/07\/shutterstock_2229932661-1536x1024.jpg 1536w, https:\/\/hef.group\/wp-content\/uploads\/2024\/07\/shutterstock_2229932661.jpg 1920w\" sizes=\"(max-width: 768px) 100vw, 768px\" \/><\/div>                            <\/div>\n        <\/div>\n    <\/div>\n<\/section>\n","protected":false},"excerpt":{"rendered":"","protected":false},"author":1,"featured_media":8786,"parent":10301,"menu_order":0,"comment_status":"closed","ping_status":"closed","template":"","meta":{"_acf_changed":false,"inline_featured_image":false,"footnotes":""},"class_list":["post-10490","page","type-page","status-publish","has-post-thumbnail","hentry"],"acf":[],"yoast_head":"<!-- This site is optimized with the Yoast SEO plugin v27.3 - https:\/\/yoast.com\/product\/yoast-seo-wordpress\/ -->\n<title>Aerospace surface treatments for aeronautics and drones | HEF<\/title>\n<meta name=\"description\" content=\"Aerospace surface treatments, liquid nitriding and PVD offer superior protection against seizing, fatigue, and corrosion for aeronautic components.\" \/>\n<meta name=\"robots\" content=\"index, follow, max-snippet:-1, max-image-preview:large, max-video-preview:-1\" \/>\n<link rel=\"canonical\" href=\"https:\/\/hef.group\/en\/our-solutions-by-market\/surface-treatments-for-mobility\/aviation-civilian-drones\/\" \/>\n<meta property=\"og:locale\" content=\"en_US\" \/>\n<meta property=\"og:type\" content=\"article\" \/>\n<meta property=\"og:title\" content=\"Aerospace surface treatments for aeronautics and drones | HEF\" \/>\n<meta property=\"og:description\" content=\"Aerospace surface treatments, liquid nitriding and PVD offer superior protection against seizing, fatigue, and corrosion for aeronautic components.\" \/>\n<meta property=\"og:url\" content=\"https:\/\/hef.group\/en\/our-solutions-by-market\/surface-treatments-for-mobility\/aviation-civilian-drones\/\" \/>\n<meta property=\"og:site_name\" content=\"HEF\" \/>\n<meta property=\"article:modified_time\" content=\"2024-11-05T13:07:21+00:00\" \/>\n<meta property=\"og:image\" content=\"https:\/\/hef.group\/wp-content\/uploads\/2023\/11\/pexels-pixabay-358319-scaled.jpg\" \/>\n\t<meta property=\"og:image:width\" content=\"2560\" \/>\n\t<meta property=\"og:image:height\" content=\"1138\" \/>\n\t<meta property=\"og:image:type\" content=\"image\/jpeg\" \/>\n<meta name=\"twitter:card\" content=\"summary_large_image\" \/>\n<meta name=\"twitter:label1\" content=\"Est. reading time\" \/>\n\t<meta name=\"twitter:data1\" content=\"1 minute\" \/>\n<script type=\"application\/ld+json\" class=\"yoast-schema-graph\">{\"@context\":\"https:\\\/\\\/schema.org\",\"@graph\":[{\"@type\":\"WebPage\",\"@id\":\"https:\\\/\\\/hef.group\\\/en\\\/our-solutions-by-market\\\/surface-treatments-for-mobility\\\/aviation-civilian-drones\\\/\",\"url\":\"https:\\\/\\\/hef.group\\\/en\\\/our-solutions-by-market\\\/surface-treatments-for-mobility\\\/aviation-civilian-drones\\\/\",\"name\":\"Aerospace surface treatments for aeronautics and drones | HEF\",\"isPartOf\":{\"@id\":\"https:\\\/\\\/hef.group\\\/en\\\/#website\"},\"primaryImageOfPage\":{\"@id\":\"https:\\\/\\\/hef.group\\\/en\\\/our-solutions-by-market\\\/surface-treatments-for-mobility\\\/aviation-civilian-drones\\\/#primaryimage\"},\"image\":{\"@id\":\"https:\\\/\\\/hef.group\\\/en\\\/our-solutions-by-market\\\/surface-treatments-for-mobility\\\/aviation-civilian-drones\\\/#primaryimage\"},\"thumbnailUrl\":\"https:\\\/\\\/hef.group\\\/wp-content\\\/uploads\\\/2023\\\/11\\\/pexels-pixabay-358319-scaled.jpg\",\"datePublished\":\"2023-11-27T13:52:19+00:00\",\"dateModified\":\"2024-11-05T13:07:21+00:00\",\"description\":\"Aerospace surface treatments, liquid nitriding and PVD offer superior protection against seizing, fatigue, and corrosion for aeronautic components.\",\"breadcrumb\":{\"@id\":\"https:\\\/\\\/hef.group\\\/en\\\/our-solutions-by-market\\\/surface-treatments-for-mobility\\\/aviation-civilian-drones\\\/#breadcrumb\"},\"inLanguage\":\"en-US\",\"potentialAction\":[{\"@type\":\"ReadAction\",\"target\":[\"https:\\\/\\\/hef.group\\\/en\\\/our-solutions-by-market\\\/surface-treatments-for-mobility\\\/aviation-civilian-drones\\\/\"]}]},{\"@type\":\"ImageObject\",\"inLanguage\":\"en-US\",\"@id\":\"https:\\\/\\\/hef.group\\\/en\\\/our-solutions-by-market\\\/surface-treatments-for-mobility\\\/aviation-civilian-drones\\\/#primaryimage\",\"url\":\"https:\\\/\\\/hef.group\\\/wp-content\\\/uploads\\\/2023\\\/11\\\/pexels-pixabay-358319-scaled.jpg\",\"contentUrl\":\"https:\\\/\\\/hef.group\\\/wp-content\\\/uploads\\\/2023\\\/11\\\/pexels-pixabay-358319-scaled.jpg\",\"width\":2560,\"height\":1138},{\"@type\":\"BreadcrumbList\",\"@id\":\"https:\\\/\\\/hef.group\\\/en\\\/our-solutions-by-market\\\/surface-treatments-for-mobility\\\/aviation-civilian-drones\\\/#breadcrumb\",\"itemListElement\":[{\"@type\":\"ListItem\",\"position\":1,\"name\":\"Home\",\"item\":\"https:\\\/\\\/hef.group\\\/en\\\/\"},{\"@type\":\"ListItem\",\"position\":2,\"name\":\"Our solutions by market\",\"item\":\"https:\\\/\\\/hef.group\\\/en\\\/our-solutions-by-market\\\/\"},{\"@type\":\"ListItem\",\"position\":3,\"name\":\"Surface treatments for mobility\",\"item\":\"https:\\\/\\\/hef.group\\\/en\\\/our-solutions-by-market\\\/surface-treatments-for-mobility\\\/\"},{\"@type\":\"ListItem\",\"position\":4,\"name\":\"Aerospace surface treatments for aviation \\\/ civilian drones\"}]},{\"@type\":\"WebSite\",\"@id\":\"https:\\\/\\\/hef.group\\\/en\\\/#website\",\"url\":\"https:\\\/\\\/hef.group\\\/en\\\/\",\"name\":\"HEF Groupe\",\"description\":\"Leader Mondial en ing\u00e9n\u00e9rie des mat\u00e9riaux de surfaces\",\"publisher\":{\"@id\":\"https:\\\/\\\/hef.group\\\/en\\\/#organization\"},\"potentialAction\":[{\"@type\":\"SearchAction\",\"target\":{\"@type\":\"EntryPoint\",\"urlTemplate\":\"https:\\\/\\\/hef.group\\\/en\\\/?s={search_term_string}\"},\"query-input\":{\"@type\":\"PropertyValueSpecification\",\"valueRequired\":true,\"valueName\":\"search_term_string\"}}],\"inLanguage\":\"en-US\"},{\"@type\":\"Organization\",\"@id\":\"https:\\\/\\\/hef.group\\\/en\\\/#organization\",\"name\":\"HEF Groupe\",\"url\":\"https:\\\/\\\/hef.group\\\/en\\\/\",\"logo\":{\"@type\":\"ImageObject\",\"inLanguage\":\"en-US\",\"@id\":\"https:\\\/\\\/hef.group\\\/en\\\/#\\\/schema\\\/logo\\\/image\\\/\",\"url\":\"https:\\\/\\\/hef.group\\\/wp-content\\\/uploads\\\/2024\\\/02\\\/logo-hef-1.svg\",\"contentUrl\":\"https:\\\/\\\/hef.group\\\/wp-content\\\/uploads\\\/2024\\\/02\\\/logo-hef-1.svg\",\"width\":250,\"height\":60,\"caption\":\"HEF Groupe\"},\"image\":{\"@id\":\"https:\\\/\\\/hef.group\\\/en\\\/#\\\/schema\\\/logo\\\/image\\\/\"}}]}<\/script>\n<!-- \/ Yoast SEO plugin. -->","yoast_head_json":{"title":"Aerospace surface treatments for aeronautics and drones | HEF","description":"Aerospace surface treatments, liquid nitriding and PVD offer superior protection against seizing, fatigue, and corrosion for aeronautic components.","robots":{"index":"index","follow":"follow","max-snippet":"max-snippet:-1","max-image-preview":"max-image-preview:large","max-video-preview":"max-video-preview:-1"},"canonical":"https:\/\/hef.group\/en\/our-solutions-by-market\/surface-treatments-for-mobility\/aviation-civilian-drones\/","og_locale":"en_US","og_type":"article","og_title":"Aerospace surface treatments for aeronautics and drones | HEF","og_description":"Aerospace surface treatments, liquid nitriding and PVD offer superior protection against seizing, fatigue, and corrosion for aeronautic components.","og_url":"https:\/\/hef.group\/en\/our-solutions-by-market\/surface-treatments-for-mobility\/aviation-civilian-drones\/","og_site_name":"HEF","article_modified_time":"2024-11-05T13:07:21+00:00","og_image":[{"width":2560,"height":1138,"url":"https:\/\/hef.group\/wp-content\/uploads\/2023\/11\/pexels-pixabay-358319-scaled.jpg","type":"image\/jpeg"}],"twitter_card":"summary_large_image","twitter_misc":{"Est. reading time":"1 minute"},"schema":{"@context":"https:\/\/schema.org","@graph":[{"@type":"WebPage","@id":"https:\/\/hef.group\/en\/our-solutions-by-market\/surface-treatments-for-mobility\/aviation-civilian-drones\/","url":"https:\/\/hef.group\/en\/our-solutions-by-market\/surface-treatments-for-mobility\/aviation-civilian-drones\/","name":"Aerospace surface treatments for aeronautics and drones | HEF","isPartOf":{"@id":"https:\/\/hef.group\/en\/#website"},"primaryImageOfPage":{"@id":"https:\/\/hef.group\/en\/our-solutions-by-market\/surface-treatments-for-mobility\/aviation-civilian-drones\/#primaryimage"},"image":{"@id":"https:\/\/hef.group\/en\/our-solutions-by-market\/surface-treatments-for-mobility\/aviation-civilian-drones\/#primaryimage"},"thumbnailUrl":"https:\/\/hef.group\/wp-content\/uploads\/2023\/11\/pexels-pixabay-358319-scaled.jpg","datePublished":"2023-11-27T13:52:19+00:00","dateModified":"2024-11-05T13:07:21+00:00","description":"Aerospace surface treatments, liquid nitriding and PVD offer superior protection against seizing, fatigue, and corrosion for aeronautic components.","breadcrumb":{"@id":"https:\/\/hef.group\/en\/our-solutions-by-market\/surface-treatments-for-mobility\/aviation-civilian-drones\/#breadcrumb"},"inLanguage":"en-US","potentialAction":[{"@type":"ReadAction","target":["https:\/\/hef.group\/en\/our-solutions-by-market\/surface-treatments-for-mobility\/aviation-civilian-drones\/"]}]},{"@type":"ImageObject","inLanguage":"en-US","@id":"https:\/\/hef.group\/en\/our-solutions-by-market\/surface-treatments-for-mobility\/aviation-civilian-drones\/#primaryimage","url":"https:\/\/hef.group\/wp-content\/uploads\/2023\/11\/pexels-pixabay-358319-scaled.jpg","contentUrl":"https:\/\/hef.group\/wp-content\/uploads\/2023\/11\/pexels-pixabay-358319-scaled.jpg","width":2560,"height":1138},{"@type":"BreadcrumbList","@id":"https:\/\/hef.group\/en\/our-solutions-by-market\/surface-treatments-for-mobility\/aviation-civilian-drones\/#breadcrumb","itemListElement":[{"@type":"ListItem","position":1,"name":"Home","item":"https:\/\/hef.group\/en\/"},{"@type":"ListItem","position":2,"name":"Our solutions by market","item":"https:\/\/hef.group\/en\/our-solutions-by-market\/"},{"@type":"ListItem","position":3,"name":"Surface treatments for mobility","item":"https:\/\/hef.group\/en\/our-solutions-by-market\/surface-treatments-for-mobility\/"},{"@type":"ListItem","position":4,"name":"Aerospace surface treatments for aviation \/ civilian drones"}]},{"@type":"WebSite","@id":"https:\/\/hef.group\/en\/#website","url":"https:\/\/hef.group\/en\/","name":"HEF Groupe","description":"Leader Mondial en ing\u00e9n\u00e9rie des mat\u00e9riaux de surfaces","publisher":{"@id":"https:\/\/hef.group\/en\/#organization"},"potentialAction":[{"@type":"SearchAction","target":{"@type":"EntryPoint","urlTemplate":"https:\/\/hef.group\/en\/?s={search_term_string}"},"query-input":{"@type":"PropertyValueSpecification","valueRequired":true,"valueName":"search_term_string"}}],"inLanguage":"en-US"},{"@type":"Organization","@id":"https:\/\/hef.group\/en\/#organization","name":"HEF Groupe","url":"https:\/\/hef.group\/en\/","logo":{"@type":"ImageObject","inLanguage":"en-US","@id":"https:\/\/hef.group\/en\/#\/schema\/logo\/image\/","url":"https:\/\/hef.group\/wp-content\/uploads\/2024\/02\/logo-hef-1.svg","contentUrl":"https:\/\/hef.group\/wp-content\/uploads\/2024\/02\/logo-hef-1.svg","width":250,"height":60,"caption":"HEF Groupe"},"image":{"@id":"https:\/\/hef.group\/en\/#\/schema\/logo\/image\/"}}]}},"_links":{"self":[{"href":"https:\/\/hef.group\/en\/wp-json\/wp\/v2\/pages\/10490","targetHints":{"allow":["GET"]}}],"collection":[{"href":"https:\/\/hef.group\/en\/wp-json\/wp\/v2\/pages"}],"about":[{"href":"https:\/\/hef.group\/en\/wp-json\/wp\/v2\/types\/page"}],"author":[{"embeddable":true,"href":"https:\/\/hef.group\/en\/wp-json\/wp\/v2\/users\/1"}],"replies":[{"embeddable":true,"href":"https:\/\/hef.group\/en\/wp-json\/wp\/v2\/comments?post=10490"}],"version-history":[{"count":5,"href":"https:\/\/hef.group\/en\/wp-json\/wp\/v2\/pages\/10490\/revisions"}],"predecessor-version":[{"id":11534,"href":"https:\/\/hef.group\/en\/wp-json\/wp\/v2\/pages\/10490\/revisions\/11534"}],"up":[{"embeddable":true,"href":"https:\/\/hef.group\/en\/wp-json\/wp\/v2\/pages\/10301"}],"wp:featuredmedia":[{"embeddable":true,"href":"https:\/\/hef.group\/en\/wp-json\/wp\/v2\/media\/8786"}],"wp:attachment":[{"href":"https:\/\/hef.group\/en\/wp-json\/wp\/v2\/media?parent=10490"}],"curies":[{"name":"wp","href":"https:\/\/api.w.org\/{rel}","templated":true}]}}