{"id":10510,"date":"2023-11-21T09:36:13","date_gmt":"2023-11-21T08:36:13","guid":{"rendered":"https:\/\/hef.group\/tribologie-frottement-usure\/"},"modified":"2025-06-18T14:22:10","modified_gmt":"2025-06-18T12:22:10","slug":"tribology","status":"publish","type":"page","link":"https:\/\/hef.group\/en\/tribology\/","title":{"rendered":"Tribology: The science at the heart of mastering mechanical system efficiency and durability"},"content":{"rendered":"\n<p><\/p>\n\n\n<section class=\"axtopsection-block\" style=\"--backgroundColor-filter: #075986\">\n    <div class=\"topsection-background\" style=\"--heightBlock: 600px\">\n        <div class=\"axtopsection-fond\">\n            <div class=\"container container-title-groupe\">\n\n                <div class=\"text-element\">\n                    <div class=\"breadcrumb-yoast\">\n                        <span><span><a href=\"https:\/\/hef.group\/en\/\">Home<\/a><\/span><\/span>                    <\/div>\n                    <h1 class='ax-title2'>Tribology: The science at the heart of mastering mechanical system efficiency and durability<\/h1>                    <div class=\"container container-text\">\n                                                    <p class=\"description-top-section\">Tribology is the science that studies the phenomena that occur when two materials are in contact. In particular, tribology studies the friction and wear mechanisms in the presence or absence of lubrication.\nWith regard to fields of application, it is impossible to provide a comprehensive list. The areas potentially impacted by tribology are vast in number and varied in requirements. They range from aerospace to medical and include transport, civil engineering, heavy industry, and even the tools of everyday life.\n<\/p>\n                                                                            <a class=\"btn btn-gradient-second\"\n                               href=\"https:\/\/hef.group\/en\/contact\/\">Contact our experts<\/a>\n                                            <\/div>\n                <\/div>\n            <\/div>\n\n            <img decoding=\"async\" src=\"https:\/\/hef.group\/wp-content\/uploads\/2024\/04\/shutterstock_622797050.jpg\">        <\/div>\n\n    <\/div>\n\n\n<\/section>\n\n<section class=\"axblock-textandimg white-bg\">\n    <div class=\"ax-textandimg\">\n        <div class=\"container ax-textandimg-container content-right \">\n            <div class=\"ax-textandimg-content\" style=\"--numberColumns: 2\">\n                                    <h2 class=\"ax-title3\">Did you know?<\/h2>\n                                                    <div class=\"text-content\">\n                        <p>There are very few mechanical systems where friction does not exist.<\/p>\n<p>&nbsp;<\/p>\n<p>Even the International Space Station (ISS), which orbits in space 400\u00a0km above the Earth, is subject to very slight friction from the few residual molecules in the upper atmosphere. However, this slight friction requires the ISS to either expend fuel on a regular basis to elevate its orbit, or risk falling back down to Earth.<\/p>\n<p>&nbsp;<\/p>\n<p>While the reduction of friction and wear in tribology is often sought to ensure the efficiency, durability, and even operational safety of a given system, friction need not always be avoided. As a matter of fact, without this phenomenon, it would not be possible, for example, to hold an object in our hand, build a pyramid, or fly a plane.<\/p>\n<p>&nbsp;<\/p>\n<p>This friction is also often the cause of wear on mechanical parts that roll or slide over each other. While appropriate lubrication slows down the phenomenon, it never completely eliminates it.<\/p>\n<p>&nbsp;<\/p>\n<p><strong>In fact, in\u00a01953, Jacques-Jean Caubet, a graduate of the Ecole Centrale, founded the Centre St\u00e9phanois de Recherches M\u00e9caniques, Hydrom\u00e9caniques et Frottements to solve the problems of premature wear on paper-making machines. This research center would later become the modern-day HEF Group.<\/strong><\/p>\n<p>&nbsp;<\/p>\n                    <\/div>\n                                            <\/div>\n\n\t        <div class=\"ax-textandimg-medias-container\">\n\t            \t                \t                    <div class=\"ax-textandimg-img cover\">\n\t                        <img decoding=\"async\" width=\"750\" height=\"1000\" src=\"https:\/\/hef.group\/wp-content\/uploads\/2024\/04\/jjc-acc.jpg\" class=\"attachment-full size-full\" alt=\"\" srcset=\"https:\/\/hef.group\/wp-content\/uploads\/2024\/04\/jjc-acc.jpg 750w, https:\/\/hef.group\/wp-content\/uploads\/2024\/04\/jjc-acc-225x300.jpg 225w\" sizes=\"(max-width: 750px) 100vw, 750px\" \/>\t                    <\/div>\n\t                                    \t            \n\t\t        \t        <\/div>\n        <\/div>\n    <\/div>\n<\/section>\n\n\n<section class=\"axblock-textandimg blue-bg\">\n    <div class=\"ax-textandimg\">\n        <div class=\"container ax-textandimg-container content-left \">\n            <div class=\"ax-textandimg-content\" style=\"--numberColumns: 2\">\n                                    <h2 class=\"ax-title3\">Comprehensive tribological expertise<\/h2>\n                                                    <div class=\"text-content\">\n                        <p>Tribology is concerned with an extremely large number of different situations where friction is involved.<\/p>\n<p>&nbsp;<\/p>\n<p><strong><\/strong>HEF\u2019s expertise in this sector focuses on different materials (metals, polymers, ceramics, etc.) and different lubricants (oils, greases, etc.) in operating conditions that are also quite different. For example, pressures ranging from \"10<sup>&#8211;<\/sup><sup>5<\/sup>\u00a0mbar to 35 \u00a0bar, temperatures ranging from 200\u00b0C to +700\u00b0C, gaseous or liquid environments, and speeds up to several tens of m\/s<sup>-1<\/sup>\u2026<strong><\/strong><\/p>\n<p>The following must also be taken into account: the geometry of the contact, the type of force applied, and also the surface properties present (hardness, roughness, chemical composition, geometric or structural defects, affinities with the lubricant, etc.).<\/p>\n<p>All in all, there are more than a hundred parameters that may be involved in a tribology problem.<\/p>\n<p>&nbsp;<\/p>\n<p><strong>When a customer has a specific problem to solve, HEF can take a holistic view and propose a suitable solution, thanks to the expertise of our teams and our multi-scale digital and experimental resources.<\/strong><\/p>\n                    <\/div>\n                                                <div class=\"btn-textandimg\">\n                                            <a class=\"btn btn-gradient-second btn-block-textandimg\"\n                           href=\"https:\/\/hef.group\/wp-content\/uploads\/2024\/10\/data_sheet_tribologie.pdf\"\n\t\t\t\t\t\t   target=\"_blank\"\n\t\t\t\t\t\t>\n\t\t\t\t\t\t   \tDownload our brochure\t\t\t\t\t\t<\/a>\n                                                        <\/div>\n                                <\/div>\n\n\t        <div class=\"ax-textandimg-medias-container\">\n\t            \t                \t                    <div class=\"ax-textandimg-img cover\">\n\t                        <img decoding=\"async\" width=\"1920\" height=\"1280\" src=\"https:\/\/hef.group\/wp-content\/uploads\/2024\/04\/HEFandrezieux11Mai2022-0102.jpg\" class=\"attachment-full size-full\" alt=\"\" srcset=\"https:\/\/hef.group\/wp-content\/uploads\/2024\/04\/HEFandrezieux11Mai2022-0102.jpg 1920w, https:\/\/hef.group\/wp-content\/uploads\/2024\/04\/HEFandrezieux11Mai2022-0102-300x200.jpg 300w, https:\/\/hef.group\/wp-content\/uploads\/2024\/04\/HEFandrezieux11Mai2022-0102-1024x683.jpg 1024w, https:\/\/hef.group\/wp-content\/uploads\/2024\/04\/HEFandrezieux11Mai2022-0102-768x512.jpg 768w, https:\/\/hef.group\/wp-content\/uploads\/2024\/04\/HEFandrezieux11Mai2022-0102-1536x1024.jpg 1536w\" sizes=\"(max-width: 1920px) 100vw, 1920px\" \/>\t                    <\/div>\n\t                                    \t            \n\t\t        \t        <\/div>\n        <\/div>\n    <\/div>\n<\/section>\n\n\n<section class=\"axblock-textandimg white-bg\">\n    <div class=\"ax-textandimg\">\n        <div class=\"container ax-textandimg-container content-right \">\n            <div class=\"ax-textandimg-content\" style=\"--numberColumns: 2\">\n                                    <h2 class=\"ax-title3\">Methodological focus <\/h2>\n                                                    <div class=\"text-content\">\n                        <p>Our tribological activities often start with analysis of faulty parts that our customers will bring to us.<\/p>\n<p>We then seek to understand the mechanisms of degradation in order to offer solutions that may mean modifications that impact the very design of the component or system in question, a change of materials, or use of surface treatments.<\/p>\n<p>&nbsp;<\/p>\n<p>Thereafter, an experimental phase may be conducted to qualify and characterize the performance of the intended alternative solutions. <strong>For all these aspects, we have a variety of test methods as well as recognized experience in designing dedicated test benches should such a development be necessary.The objective of such experimentation is to replicate, as faithfully as possible, the operating conditions of the real application and identified degradation mechanisms.<\/strong><\/p>\n<p>&nbsp;<\/p>\n<p>Training courses are also offered for our customers\u2019 teams (engineers, technicians, and materials experts) to explain the complexity of tribological issues, the consequences of these issues on components and systems, and the steps that must be taken to resolve these issues.<\/p>\n                    <\/div>\n                                                <div class=\"btn-textandimg\">\n                                            <a class=\"btn btn-gradient-second btn-block-textandimg\"\n                           href=\"https:\/\/hef.group\/en\/our-tribology-training-courses\/\"\n\t\t\t\t\t\t   target=\"\"\n\t\t\t\t\t\t>\n\t\t\t\t\t\t   \tLearn more about our training courses\t\t\t\t\t\t<\/a>\n                                                        <\/div>\n                                <\/div>\n\n\t        <div class=\"ax-textandimg-medias-container\">\n\t            \t                \t                    <div class=\"ax-textandimg-img cover\">\n\t                        <img decoding=\"async\" width=\"1920\" height=\"1440\" src=\"https:\/\/hef.group\/wp-content\/uploads\/2024\/04\/432838439_662670059317223_7058274394899365209_n.jpg\" class=\"attachment-full size-full\" alt=\"\" srcset=\"https:\/\/hef.group\/wp-content\/uploads\/2024\/04\/432838439_662670059317223_7058274394899365209_n.jpg 1920w, https:\/\/hef.group\/wp-content\/uploads\/2024\/04\/432838439_662670059317223_7058274394899365209_n-300x225.jpg 300w, https:\/\/hef.group\/wp-content\/uploads\/2024\/04\/432838439_662670059317223_7058274394899365209_n-1024x768.jpg 1024w, https:\/\/hef.group\/wp-content\/uploads\/2024\/04\/432838439_662670059317223_7058274394899365209_n-768x576.jpg 768w, https:\/\/hef.group\/wp-content\/uploads\/2024\/04\/432838439_662670059317223_7058274394899365209_n-1536x1152.jpg 1536w\" sizes=\"(max-width: 1920px) 100vw, 1920px\" \/>\t                    <\/div>\n\t                                    \t            \n\t\t        \t        <\/div>\n        <\/div>\n    <\/div>\n<\/section>\n\n\n<section class=\"axblock-black\">\n    <div class=\"container\">\n        <div class=\"acf-innerblocks-container\">\n\n<p><\/p>\n\n<\/div>\n    <\/div>\n    <div class=\"ax-black\">\n        <div class=\"container ax-black-container black\">\n            <div class=\"ax-black-content\">\n                                    <div class=\"ax-title3\">Conclusion<\/div>\n                                                    <div class=\"text-content\">\n                        HEF\u2019s various tribology activities provide answers to our customers\u2019 requirements with regard to developing or optimizing their products and systems in terms of efficiency and reliability. \n\n\nResearch or design services, bilateral development agreements or multi-partner collaborative projects are just some of the options where HEF can help you benefit from our expertise and our constantly evolving digital and experimental resources.\n\n\nTribology has always been at the heart of our activities, and it is this expertise that we place at your service.                    <\/div>\n                                                            <\/div>\n                            <div class=\"ax-black-img\">\n                    <img decoding=\"async\" width=\"1920\" height=\"640\" src=\"https:\/\/hef.group\/wp-content\/uploads\/2024\/04\/IMG_5204-062d56f7.jpg\" class=\"attachment-full size-full\" alt=\"\" srcset=\"https:\/\/hef.group\/wp-content\/uploads\/2024\/04\/IMG_5204-062d56f7.jpg 1920w, https:\/\/hef.group\/wp-content\/uploads\/2024\/04\/IMG_5204-062d56f7-300x100.jpg 300w, https:\/\/hef.group\/wp-content\/uploads\/2024\/04\/IMG_5204-062d56f7-1024x341.jpg 1024w, https:\/\/hef.group\/wp-content\/uploads\/2024\/04\/IMG_5204-062d56f7-768x256.jpg 768w, https:\/\/hef.group\/wp-content\/uploads\/2024\/04\/IMG_5204-062d56f7-1536x512.jpg 1536w\" sizes=\"(max-width: 1920px) 100vw, 1920px\" \/>                <\/div>\n                    <\/div>\n    <\/div>\n<\/section>\n\n","protected":false},"excerpt":{"rendered":"","protected":false},"author":1,"featured_media":0,"parent":0,"menu_order":0,"comment_status":"closed","ping_status":"closed","template":"","meta":{"_acf_changed":false,"inline_featured_image":false,"footnotes":""},"class_list":["post-10510","page","type-page","status-publish","hentry"],"acf":[],"yoast_head":"<!-- This site is optimized with the Yoast SEO plugin v27.2 - https:\/\/yoast.com\/product\/yoast-seo-wordpress\/ -->\n<title>Tribology: Durability and efficiency of mechanical systems | HEF<\/title>\n<meta name=\"description\" content=\"HEF specializes in tribology and offers in-depth expertise with adapted solutions for diverse materials and operating conditions.\" \/>\n<meta name=\"robots\" content=\"index, follow, max-snippet:-1, max-image-preview:large, max-video-preview:-1\" \/>\n<link rel=\"canonical\" href=\"https:\/\/hef.group\/en\/tribology\/\" \/>\n<meta property=\"og:locale\" content=\"en_US\" \/>\n<meta property=\"og:type\" content=\"article\" \/>\n<meta property=\"og:title\" content=\"Tribology: Durability and efficiency of mechanical systems | HEF\" \/>\n<meta property=\"og:description\" content=\"HEF specializes in tribology and offers in-depth expertise with adapted solutions for diverse materials and operating conditions.\" \/>\n<meta property=\"og:url\" content=\"https:\/\/hef.group\/en\/tribology\/\" \/>\n<meta property=\"og:site_name\" content=\"HEF\" \/>\n<meta property=\"article:modified_time\" content=\"2025-06-18T12:22:10+00:00\" \/>\n<meta name=\"twitter:card\" content=\"summary_large_image\" \/>\n<script type=\"application\/ld+json\" class=\"yoast-schema-graph\">{\"@context\":\"https:\/\/schema.org\",\"@graph\":[{\"@type\":\"WebPage\",\"@id\":\"https:\/\/hef.group\/en\/tribology\/\",\"url\":\"https:\/\/hef.group\/en\/tribology\/\",\"name\":\"Tribology: Durability and efficiency of mechanical systems | HEF\",\"isPartOf\":{\"@id\":\"https:\/\/hef.group\/en\/#website\"},\"datePublished\":\"2023-11-21T08:36:13+00:00\",\"dateModified\":\"2025-06-18T12:22:10+00:00\",\"description\":\"HEF specializes in tribology and offers in-depth expertise with adapted solutions for diverse materials and operating conditions.\",\"breadcrumb\":{\"@id\":\"https:\/\/hef.group\/en\/tribology\/#breadcrumb\"},\"inLanguage\":\"en-US\",\"potentialAction\":[{\"@type\":\"ReadAction\",\"target\":[\"https:\/\/hef.group\/en\/tribology\/\"]}]},{\"@type\":\"BreadcrumbList\",\"@id\":\"https:\/\/hef.group\/en\/tribology\/#breadcrumb\",\"itemListElement\":[{\"@type\":\"ListItem\",\"position\":1,\"name\":\"Home\",\"item\":\"https:\/\/hef.group\/en\/\"},{\"@type\":\"ListItem\",\"position\":2,\"name\":\"Tribology: The science at the heart of mastering mechanical system efficiency and durability\"}]},{\"@type\":\"WebSite\",\"@id\":\"https:\/\/hef.group\/en\/#website\",\"url\":\"https:\/\/hef.group\/en\/\",\"name\":\"HEF Groupe\",\"description\":\"Leader Mondial en ing\u00e9n\u00e9rie des mat\u00e9riaux de surfaces\",\"publisher\":{\"@id\":\"https:\/\/hef.group\/en\/#organization\"},\"potentialAction\":[{\"@type\":\"SearchAction\",\"target\":{\"@type\":\"EntryPoint\",\"urlTemplate\":\"https:\/\/hef.group\/en\/?s={search_term_string}\"},\"query-input\":{\"@type\":\"PropertyValueSpecification\",\"valueRequired\":true,\"valueName\":\"search_term_string\"}}],\"inLanguage\":\"en-US\"},{\"@type\":\"Organization\",\"@id\":\"https:\/\/hef.group\/en\/#organization\",\"name\":\"HEF Groupe\",\"url\":\"https:\/\/hef.group\/en\/\",\"logo\":{\"@type\":\"ImageObject\",\"inLanguage\":\"en-US\",\"@id\":\"https:\/\/hef.group\/en\/#\/schema\/logo\/image\/\",\"url\":\"https:\/\/hef.group\/wp-content\/uploads\/2024\/02\/logo-hef-1.svg\",\"contentUrl\":\"https:\/\/hef.group\/wp-content\/uploads\/2024\/02\/logo-hef-1.svg\",\"width\":250,\"height\":60,\"caption\":\"HEF Groupe\"},\"image\":{\"@id\":\"https:\/\/hef.group\/en\/#\/schema\/logo\/image\/\"}}]}<\/script>\n<!-- \/ Yoast SEO plugin. -->","yoast_head_json":{"title":"Tribology: Durability and efficiency of mechanical systems | HEF","description":"HEF specializes in tribology and offers in-depth expertise with adapted solutions for diverse materials and operating conditions.","robots":{"index":"index","follow":"follow","max-snippet":"max-snippet:-1","max-image-preview":"max-image-preview:large","max-video-preview":"max-video-preview:-1"},"canonical":"https:\/\/hef.group\/en\/tribology\/","og_locale":"en_US","og_type":"article","og_title":"Tribology: Durability and efficiency of mechanical systems | HEF","og_description":"HEF specializes in tribology and offers in-depth expertise with adapted solutions for diverse materials and operating conditions.","og_url":"https:\/\/hef.group\/en\/tribology\/","og_site_name":"HEF","article_modified_time":"2025-06-18T12:22:10+00:00","twitter_card":"summary_large_image","schema":{"@context":"https:\/\/schema.org","@graph":[{"@type":"WebPage","@id":"https:\/\/hef.group\/en\/tribology\/","url":"https:\/\/hef.group\/en\/tribology\/","name":"Tribology: Durability and efficiency of mechanical systems | HEF","isPartOf":{"@id":"https:\/\/hef.group\/en\/#website"},"datePublished":"2023-11-21T08:36:13+00:00","dateModified":"2025-06-18T12:22:10+00:00","description":"HEF specializes in tribology and offers in-depth expertise with adapted solutions for diverse materials and operating conditions.","breadcrumb":{"@id":"https:\/\/hef.group\/en\/tribology\/#breadcrumb"},"inLanguage":"en-US","potentialAction":[{"@type":"ReadAction","target":["https:\/\/hef.group\/en\/tribology\/"]}]},{"@type":"BreadcrumbList","@id":"https:\/\/hef.group\/en\/tribology\/#breadcrumb","itemListElement":[{"@type":"ListItem","position":1,"name":"Home","item":"https:\/\/hef.group\/en\/"},{"@type":"ListItem","position":2,"name":"Tribology: The science at the heart of mastering mechanical system efficiency and durability"}]},{"@type":"WebSite","@id":"https:\/\/hef.group\/en\/#website","url":"https:\/\/hef.group\/en\/","name":"HEF Groupe","description":"Leader Mondial en ing\u00e9n\u00e9rie des mat\u00e9riaux de surfaces","publisher":{"@id":"https:\/\/hef.group\/en\/#organization"},"potentialAction":[{"@type":"SearchAction","target":{"@type":"EntryPoint","urlTemplate":"https:\/\/hef.group\/en\/?s={search_term_string}"},"query-input":{"@type":"PropertyValueSpecification","valueRequired":true,"valueName":"search_term_string"}}],"inLanguage":"en-US"},{"@type":"Organization","@id":"https:\/\/hef.group\/en\/#organization","name":"HEF Groupe","url":"https:\/\/hef.group\/en\/","logo":{"@type":"ImageObject","inLanguage":"en-US","@id":"https:\/\/hef.group\/en\/#\/schema\/logo\/image\/","url":"https:\/\/hef.group\/wp-content\/uploads\/2024\/02\/logo-hef-1.svg","contentUrl":"https:\/\/hef.group\/wp-content\/uploads\/2024\/02\/logo-hef-1.svg","width":250,"height":60,"caption":"HEF Groupe"},"image":{"@id":"https:\/\/hef.group\/en\/#\/schema\/logo\/image\/"}}]}},"_links":{"self":[{"href":"https:\/\/hef.group\/en\/wp-json\/wp\/v2\/pages\/10510","targetHints":{"allow":["GET"]}}],"collection":[{"href":"https:\/\/hef.group\/en\/wp-json\/wp\/v2\/pages"}],"about":[{"href":"https:\/\/hef.group\/en\/wp-json\/wp\/v2\/types\/page"}],"author":[{"embeddable":true,"href":"https:\/\/hef.group\/en\/wp-json\/wp\/v2\/users\/1"}],"replies":[{"embeddable":true,"href":"https:\/\/hef.group\/en\/wp-json\/wp\/v2\/comments?post=10510"}],"version-history":[{"count":5,"href":"https:\/\/hef.group\/en\/wp-json\/wp\/v2\/pages\/10510\/revisions"}],"predecessor-version":[{"id":11213,"href":"https:\/\/hef.group\/en\/wp-json\/wp\/v2\/pages\/10510\/revisions\/11213"}],"wp:attachment":[{"href":"https:\/\/hef.group\/en\/wp-json\/wp\/v2\/media?parent=10510"}],"curies":[{"name":"wp","href":"https:\/\/api.w.org\/{rel}","templated":true}]}}