{"id":11426,"date":"2024-10-31T10:14:59","date_gmt":"2024-10-31T09:14:59","guid":{"rendered":"https:\/\/hef.group\/?page_id=11426"},"modified":"2026-03-02T16:17:56","modified_gmt":"2026-03-02T15:17:56","slug":"our-america-websites","status":"publish","type":"page","link":"https:\/\/hef.group\/en\/contact\/our-america-websites\/","title":{"rendered":"Our America websites"},"content":{"rendered":"\n<div class=\"wp-block-group is-layout-constrained wp-container-core-group-is-layout-802dfe1a wp-block-group-is-layout-constrained\" style=\"padding-top:var(--wp--preset--spacing--60);padding-right:var(--wp--preset--spacing--20);padding-bottom:var(--wp--preset--spacing--60);padding-left:var(--wp--preset--spacing--20)\">\n<p class=\"has-text-align-center has-text-color has-link-color wp-elements-64cb75dd130c6d74afec0cf2fcd3c5fb\" style=\"color:#004a99;font-size:18px\">Sites in North America (Canada, Mexico &amp; USA)<\/p>\n\n\n\n<div class=\"wp-block-group is-layout-constrained wp-block-group-is-layout-constrained\" style=\"padding-top:var(--wp--preset--spacing--40);padding-bottom:var(--wp--preset--spacing--40)\">\n<p class=\"has-text-align-center has-text-color has-link-color wp-elements-835f93caefab383c8088306fa5f3fdad\" style=\"color:#004a99;font-size:18px\">Sites in Canada<\/p>\n\n\n\n<div class=\"wp-block-group is-layout-constrained wp-block-group-is-layout-constrained\">\n<p class=\"has-text-align-center has-text-color has-link-color wp-elements-0f46ec6933af80a45625db86c22857f2\" style=\"color:#004a99;font-size:18px\"><a href=\"https:\/\/tsinnovation.ca\">https:\/\/tsinnovation.ca<\/a><\/p>\n<\/div>\n<\/div>\n\n\n\n<div class=\"wp-block-group is-layout-constrained wp-block-group-is-layout-constrained\" style=\"padding-top:var(--wp--preset--spacing--40);padding-bottom:var(--wp--preset--spacing--40)\">\n<p class=\"has-text-align-center has-text-color has-link-color wp-elements-475745cd69d757f898a6da8259bf206a\" style=\"color:#004a99;font-size:18px\">Sites in Mexico<\/p>\n\n\n\n<div class=\"wp-block-group is-layout-constrained wp-block-group-is-layout-constrained\">\n<p class=\"has-text-align-center has-text-color has-link-color wp-elements-00925e35a83878426bd513fc2c7dfb26\" style=\"color:#004a99;font-size:18px\"><a href=\"https:\/\/www.tstecno.com\">https:\/\/www.tstecno.com<\/a><\/p>\n<\/div>\n<\/div>\n\n\n\n<div class=\"wp-block-group is-layout-constrained wp-block-group-is-layout-constrained\" style=\"padding-top:var(--wp--preset--spacing--40);padding-bottom:var(--wp--preset--spacing--40)\">\n<p class=\"has-text-align-center has-text-color has-link-color wp-elements-605794599e4b9f121ffac575434023e2\" style=\"color:#004a99;font-size:18px\">US sites<\/p>\n\n\n\n<div class=\"wp-block-group is-layout-constrained wp-block-group-is-layout-constrained\">\n<p class=\"has-text-align-center has-text-color has-link-color wp-elements-fd8595748ed3760ef0238a40ec4d2236\" style=\"color:#004a99;font-size:18px\"><a href=\"https:\/\/hef-na.com\/F-NA.com\">www.hef-na.com<\/a><\/p>\n\n\n\n<p class=\"has-text-align-center has-text-color has-link-color wp-elements-04716181c0bb9b9449348d10d348e264\" style=\"color:#004a99;font-size:18px\"><a href=\"http:\/\/www.hefusa.net\">www.hefusa.net<\/a><\/p>\n\n\n\n<p class=\"has-text-align-center has-text-color has-link-color wp-elements-36a4655b0b142a004492acd7a114b651\" style=\"color:#004a99;font-size:18px\"><a href=\"https:\/\/abrisatechnologies.com\">https:\/\/abrisatechnologies.com<\/a><\/p>\n\n\n\n<p class=\"has-text-align-center has-text-color has-link-color wp-elements-22ce8d84fb20f0ce794c2d485c5eccc7\" style=\"color:#004a99;font-size:18px\"><a href=\"https:\/\/www.northeastcoating.com\">https:\/\/www.northeastcoating.com<\/a><\/p>\n\n\n\n<p class=\"has-text-align-center has-text-color has-link-color wp-elements-84756dbbc7fc9652dfa8fd0ecebd8a78\" style=\"color:#004a99;font-size:18px\"><a href=\"https:\/\/www.calicocoatings.com\">https:\/\/www.calicocoatings.com<\/a><\/p>\n<\/div>\n<\/div>\n<\/div>\n\n\n\n<div class=\"wp-block-group is-layout-constrained wp-container-core-group-is-layout-802dfe1a wp-block-group-is-layout-constrained\" style=\"padding-top:var(--wp--preset--spacing--60);padding-right:var(--wp--preset--spacing--20);padding-bottom:var(--wp--preset--spacing--60);padding-left:var(--wp--preset--spacing--20)\">\n<p class=\"has-text-align-center has-text-color has-link-color wp-elements-f951560e521f6fb0d8a9f157bc0e33ed\" style=\"color:#004a99;font-size:18px\">Sites in South America (Brazil)<\/p>\n\n\n\n<div class=\"wp-block-group is-layout-constrained wp-block-group-is-layout-constrained\" style=\"padding-top:var(--wp--preset--spacing--40);padding-bottom:var(--wp--preset--spacing--40)\">\n<p class=\"has-text-align-center has-text-color has-link-color wp-elements-8adce802568ee5665a545b7d7c8aa6eb\" style=\"color:#004a99;font-size:18px\"><a href=\"https:\/\/www.tsbrasil.srv.br\/\">https:\/\/www.tsbrasil.srv.br<\/a><\/p>\n\n\n\n<p class=\"has-text-align-center has-text-color has-link-color wp-elements-cba8f44d06bf10a8932d76f5d02c1c19\" style=\"color:#004a99;font-size:18px\"><a href=\"https:\/\/tsmogiguacu.com.br\/en\/\">https:\/\/tsmogiguacu.com.br\/en\/<\/a><\/p>\n\n\n\n<p class=\"has-text-align-center has-text-color has-link-color wp-elements-e051336493e30aeafe29f87bcbe2b894\" style=\"color:#004a99;font-size:18px\"><a href=\"https:\/\/hef-durferrit.com.br\/grupo-hef\/\">https:\/\/hef-durferrit.com.br\/grupo-hef\/<\/a><\/p>\n<\/div>\n<\/div>\n","protected":false},"excerpt":{"rendered":"<p>Sites in North America (Canada, Mexico &amp; USA) Sites in Canada https:\/\/tsinnovation.ca Sites in Mexico https:\/\/www.tstecno.com US sites www.hef-na.com www.hefusa.net https:\/\/abrisatechnologies.com https:\/\/www.northeastcoating.com https:\/\/www.calicocoatings.com Sites in South America (Brazil) https:\/\/www.tsbrasil.srv.br https:\/\/tsmogiguacu.com.br\/en\/ https:\/\/hef-durferrit.com.br\/grupo-hef\/<\/p>\n","protected":false},"author":1,"featured_media":9688,"parent":9675,"menu_order":0,"comment_status":"closed","ping_status":"closed","template":"","meta":{"_acf_changed":false,"inline_featured_image":false,"footnotes":""},"class_list":["post-11426","page","type-page","status-publish","has-post-thumbnail","hentry"],"acf":[],"yoast_head":"<!-- This site is optimized with the Yoast SEO plugin v27.3 - https:\/\/yoast.com\/product\/yoast-seo-wordpress\/ -->\n<title>Our America websites - HEF<\/title>\n<meta name=\"robots\" content=\"index, follow, max-snippet:-1, max-image-preview:large, max-video-preview:-1\" \/>\n<link rel=\"canonical\" href=\"https:\/\/hef.group\/en\/contact\/our-america-websites\/\" \/>\n<meta property=\"og:locale\" content=\"en_US\" \/>\n<meta property=\"og:type\" content=\"article\" \/>\n<meta property=\"og:title\" content=\"Our America websites - HEF\" \/>\n<meta property=\"og:description\" content=\"Sites in North America (Canada, Mexico &amp; USA) Sites in Canada https:\/\/tsinnovation.ca Sites in Mexico https:\/\/www.tstecno.com US sites www.hef-na.com www.hefusa.net https:\/\/abrisatechnologies.com https:\/\/www.northeastcoating.com https:\/\/www.calicocoatings.com Sites in South America (Brazil) https:\/\/www.tsbrasil.srv.br https:\/\/tsmogiguacu.com.br\/en\/ https:\/\/hef-durferrit.com.br\/grupo-hef\/\" \/>\n<meta property=\"og:url\" content=\"https:\/\/hef.group\/en\/contact\/our-america-websites\/\" \/>\n<meta property=\"og:site_name\" content=\"HEF\" \/>\n<meta property=\"article:modified_time\" content=\"2026-03-02T15:17:56+00:00\" \/>\n<meta property=\"og:image\" content=\"https:\/\/hef.group\/wp-content\/uploads\/2024\/07\/careers-header-1.jpg\" \/>\n\t<meta property=\"og:image:width\" content=\"1920\" \/>\n\t<meta property=\"og:image:height\" content=\"699\" \/>\n\t<meta property=\"og:image:type\" content=\"image\/jpeg\" \/>\n<meta name=\"twitter:card\" content=\"summary_large_image\" \/>\n<meta name=\"twitter:label1\" content=\"Est. reading time\" \/>\n\t<meta name=\"twitter:data1\" content=\"1 minute\" \/>\n<script type=\"application\/ld+json\" class=\"yoast-schema-graph\">{\"@context\":\"https:\\\/\\\/schema.org\",\"@graph\":[{\"@type\":\"WebPage\",\"@id\":\"https:\\\/\\\/hef.group\\\/en\\\/contact\\\/our-america-websites\\\/\",\"url\":\"https:\\\/\\\/hef.group\\\/en\\\/contact\\\/our-america-websites\\\/\",\"name\":\"Our America websites - HEF\",\"isPartOf\":{\"@id\":\"https:\\\/\\\/hef.group\\\/en\\\/#website\"},\"primaryImageOfPage\":{\"@id\":\"https:\\\/\\\/hef.group\\\/en\\\/contact\\\/our-america-websites\\\/#primaryimage\"},\"image\":{\"@id\":\"https:\\\/\\\/hef.group\\\/en\\\/contact\\\/our-america-websites\\\/#primaryimage\"},\"thumbnailUrl\":\"https:\\\/\\\/hef.group\\\/wp-content\\\/uploads\\\/2024\\\/07\\\/careers-header-1.jpg\",\"datePublished\":\"2024-10-31T09:14:59+00:00\",\"dateModified\":\"2026-03-02T15:17:56+00:00\",\"breadcrumb\":{\"@id\":\"https:\\\/\\\/hef.group\\\/en\\\/contact\\\/our-america-websites\\\/#breadcrumb\"},\"inLanguage\":\"en-US\",\"potentialAction\":[{\"@type\":\"ReadAction\",\"target\":[\"https:\\\/\\\/hef.group\\\/en\\\/contact\\\/our-america-websites\\\/\"]}]},{\"@type\":\"ImageObject\",\"inLanguage\":\"en-US\",\"@id\":\"https:\\\/\\\/hef.group\\\/en\\\/contact\\\/our-america-websites\\\/#primaryimage\",\"url\":\"https:\\\/\\\/hef.group\\\/wp-content\\\/uploads\\\/2024\\\/07\\\/careers-header-1.jpg\",\"contentUrl\":\"https:\\\/\\\/hef.group\\\/wp-content\\\/uploads\\\/2024\\\/07\\\/careers-header-1.jpg\",\"width\":1920,\"height\":699},{\"@type\":\"BreadcrumbList\",\"@id\":\"https:\\\/\\\/hef.group\\\/en\\\/contact\\\/our-america-websites\\\/#breadcrumb\",\"itemListElement\":[{\"@type\":\"ListItem\",\"position\":1,\"name\":\"Home\",\"item\":\"https:\\\/\\\/hef.group\\\/en\\\/\"},{\"@type\":\"ListItem\",\"position\":2,\"name\":\"Contact\",\"item\":\"https:\\\/\\\/hef.group\\\/en\\\/contact\\\/\"},{\"@type\":\"ListItem\",\"position\":3,\"name\":\"Our America websites\"}]},{\"@type\":\"WebSite\",\"@id\":\"https:\\\/\\\/hef.group\\\/en\\\/#website\",\"url\":\"https:\\\/\\\/hef.group\\\/en\\\/\",\"name\":\"HEF Groupe\",\"description\":\"Leader Mondial en ing\u00e9n\u00e9rie des mat\u00e9riaux de surfaces\",\"publisher\":{\"@id\":\"https:\\\/\\\/hef.group\\\/en\\\/#organization\"},\"potentialAction\":[{\"@type\":\"SearchAction\",\"target\":{\"@type\":\"EntryPoint\",\"urlTemplate\":\"https:\\\/\\\/hef.group\\\/en\\\/?s={search_term_string}\"},\"query-input\":{\"@type\":\"PropertyValueSpecification\",\"valueRequired\":true,\"valueName\":\"search_term_string\"}}],\"inLanguage\":\"en-US\"},{\"@type\":\"Organization\",\"@id\":\"https:\\\/\\\/hef.group\\\/en\\\/#organization\",\"name\":\"HEF Groupe\",\"url\":\"https:\\\/\\\/hef.group\\\/en\\\/\",\"logo\":{\"@type\":\"ImageObject\",\"inLanguage\":\"en-US\",\"@id\":\"https:\\\/\\\/hef.group\\\/en\\\/#\\\/schema\\\/logo\\\/image\\\/\",\"url\":\"https:\\\/\\\/hef.group\\\/wp-content\\\/uploads\\\/2024\\\/02\\\/logo-hef-1.svg\",\"contentUrl\":\"https:\\\/\\\/hef.group\\\/wp-content\\\/uploads\\\/2024\\\/02\\\/logo-hef-1.svg\",\"width\":250,\"height\":60,\"caption\":\"HEF Groupe\"},\"image\":{\"@id\":\"https:\\\/\\\/hef.group\\\/en\\\/#\\\/schema\\\/logo\\\/image\\\/\"}}]}<\/script>\n<!-- \/ Yoast SEO plugin. -->","yoast_head_json":{"title":"Our America websites - HEF","robots":{"index":"index","follow":"follow","max-snippet":"max-snippet:-1","max-image-preview":"max-image-preview:large","max-video-preview":"max-video-preview:-1"},"canonical":"https:\/\/hef.group\/en\/contact\/our-america-websites\/","og_locale":"en_US","og_type":"article","og_title":"Our America websites - HEF","og_description":"Sites in North America (Canada, Mexico &amp; USA) Sites in Canada https:\/\/tsinnovation.ca Sites in Mexico https:\/\/www.tstecno.com US sites www.hef-na.com www.hefusa.net https:\/\/abrisatechnologies.com https:\/\/www.northeastcoating.com https:\/\/www.calicocoatings.com Sites in South America (Brazil) https:\/\/www.tsbrasil.srv.br https:\/\/tsmogiguacu.com.br\/en\/ https:\/\/hef-durferrit.com.br\/grupo-hef\/","og_url":"https:\/\/hef.group\/en\/contact\/our-america-websites\/","og_site_name":"HEF","article_modified_time":"2026-03-02T15:17:56+00:00","og_image":[{"width":1920,"height":699,"url":"https:\/\/hef.group\/wp-content\/uploads\/2024\/07\/careers-header-1.jpg","type":"image\/jpeg"}],"twitter_card":"summary_large_image","twitter_misc":{"Est. reading time":"1 minute"},"schema":{"@context":"https:\/\/schema.org","@graph":[{"@type":"WebPage","@id":"https:\/\/hef.group\/en\/contact\/our-america-websites\/","url":"https:\/\/hef.group\/en\/contact\/our-america-websites\/","name":"Our America websites - HEF","isPartOf":{"@id":"https:\/\/hef.group\/en\/#website"},"primaryImageOfPage":{"@id":"https:\/\/hef.group\/en\/contact\/our-america-websites\/#primaryimage"},"image":{"@id":"https:\/\/hef.group\/en\/contact\/our-america-websites\/#primaryimage"},"thumbnailUrl":"https:\/\/hef.group\/wp-content\/uploads\/2024\/07\/careers-header-1.jpg","datePublished":"2024-10-31T09:14:59+00:00","dateModified":"2026-03-02T15:17:56+00:00","breadcrumb":{"@id":"https:\/\/hef.group\/en\/contact\/our-america-websites\/#breadcrumb"},"inLanguage":"en-US","potentialAction":[{"@type":"ReadAction","target":["https:\/\/hef.group\/en\/contact\/our-america-websites\/"]}]},{"@type":"ImageObject","inLanguage":"en-US","@id":"https:\/\/hef.group\/en\/contact\/our-america-websites\/#primaryimage","url":"https:\/\/hef.group\/wp-content\/uploads\/2024\/07\/careers-header-1.jpg","contentUrl":"https:\/\/hef.group\/wp-content\/uploads\/2024\/07\/careers-header-1.jpg","width":1920,"height":699},{"@type":"BreadcrumbList","@id":"https:\/\/hef.group\/en\/contact\/our-america-websites\/#breadcrumb","itemListElement":[{"@type":"ListItem","position":1,"name":"Home","item":"https:\/\/hef.group\/en\/"},{"@type":"ListItem","position":2,"name":"Contact","item":"https:\/\/hef.group\/en\/contact\/"},{"@type":"ListItem","position":3,"name":"Our America websites"}]},{"@type":"WebSite","@id":"https:\/\/hef.group\/en\/#website","url":"https:\/\/hef.group\/en\/","name":"HEF Groupe","description":"Leader Mondial en ing\u00e9n\u00e9rie des mat\u00e9riaux de surfaces","publisher":{"@id":"https:\/\/hef.group\/en\/#organization"},"potentialAction":[{"@type":"SearchAction","target":{"@type":"EntryPoint","urlTemplate":"https:\/\/hef.group\/en\/?s={search_term_string}"},"query-input":{"@type":"PropertyValueSpecification","valueRequired":true,"valueName":"search_term_string"}}],"inLanguage":"en-US"},{"@type":"Organization","@id":"https:\/\/hef.group\/en\/#organization","name":"HEF Groupe","url":"https:\/\/hef.group\/en\/","logo":{"@type":"ImageObject","inLanguage":"en-US","@id":"https:\/\/hef.group\/en\/#\/schema\/logo\/image\/","url":"https:\/\/hef.group\/wp-content\/uploads\/2024\/02\/logo-hef-1.svg","contentUrl":"https:\/\/hef.group\/wp-content\/uploads\/2024\/02\/logo-hef-1.svg","width":250,"height":60,"caption":"HEF Groupe"},"image":{"@id":"https:\/\/hef.group\/en\/#\/schema\/logo\/image\/"}}]}},"_links":{"self":[{"href":"https:\/\/hef.group\/en\/wp-json\/wp\/v2\/pages\/11426","targetHints":{"allow":["GET"]}}],"collection":[{"href":"https:\/\/hef.group\/en\/wp-json\/wp\/v2\/pages"}],"about":[{"href":"https:\/\/hef.group\/en\/wp-json\/wp\/v2\/types\/page"}],"author":[{"embeddable":true,"href":"https:\/\/hef.group\/en\/wp-json\/wp\/v2\/users\/1"}],"replies":[{"embeddable":true,"href":"https:\/\/hef.group\/en\/wp-json\/wp\/v2\/comments?post=11426"}],"version-history":[{"count":3,"href":"https:\/\/hef.group\/en\/wp-json\/wp\/v2\/pages\/11426\/revisions"}],"predecessor-version":[{"id":12699,"href":"https:\/\/hef.group\/en\/wp-json\/wp\/v2\/pages\/11426\/revisions\/12699"}],"up":[{"embeddable":true,"href":"https:\/\/hef.group\/en\/wp-json\/wp\/v2\/pages\/9675"}],"wp:featuredmedia":[{"embeddable":true,"href":"https:\/\/hef.group\/en\/wp-json\/wp\/v2\/media\/9688"}],"wp:attachment":[{"href":"https:\/\/hef.group\/en\/wp-json\/wp\/v2\/media?parent=11426"}],"curies":[{"name":"wp","href":"https:\/\/api.w.org\/{rel}","templated":true}]}}