{"id":11430,"date":"2024-10-31T10:39:23","date_gmt":"2024-10-31T09:39:23","guid":{"rendered":"https:\/\/hef.group\/?page_id=11430"},"modified":"2024-11-04T15:27:21","modified_gmt":"2024-11-04T14:27:21","slug":"our-asia-websites","status":"publish","type":"page","link":"https:\/\/hef.group\/en\/contact\/our-asia-websites\/","title":{"rendered":"Our Asia websites"},"content":{"rendered":"\n<div class=\"wp-block-group is-layout-constrained wp-block-group-is-layout-constrained\" style=\"padding-top:var(--wp--preset--spacing--40);padding-bottom:var(--wp--preset--spacing--40)\">\n<p class=\"has-text-align-center has-text-color has-link-color wp-elements-c656694382ea36bfc0b26193c72895cd\" style=\"color:#004a99;font-size:18px\">Sites in Central Asia (China)<\/p>\n\n\n\n<div class=\"wp-block-group is-layout-constrained wp-block-group-is-layout-constrained\">\n<p class=\"has-text-align-center has-text-color has-link-color wp-elements-3214a86681707829b239d47ecd69a5e8\" style=\"color:#004a99;font-size:18px\"><a href=\"http:\/\/www.ts-china.net.cn\/\">http:\/\/www.ts-china.net.cn\/<\/a><\/p>\n<\/div>\n<\/div>\n\n\n\n<div class=\"wp-block-group is-layout-constrained wp-block-group-is-layout-constrained\" style=\"padding-top:var(--wp--preset--spacing--40);padding-bottom:var(--wp--preset--spacing--40)\">\n<p class=\"has-text-align-center has-text-color has-link-color wp-elements-44237eee063b4c2bdcb21e0bc9e53e51\" style=\"color:#004a99;font-size:18px\">Sites in South Asia (India &amp; Malaysia)<\/p>\n\n\n\n<div class=\"wp-block-group is-layout-constrained wp-block-group-is-layout-constrained\">\n<p class=\"has-text-align-center has-text-color has-link-color wp-elements-067fc6d9d53e1116731fdd0dfe194f6d\" style=\"color:#004a99;font-size:18px\"><a href=\"http:\/\/www.hefgroupindia.in\">www.hefgroupindia.in<\/a><\/p>\n<\/div>\n<\/div>\n\n\n\n<div class=\"wp-block-group is-layout-constrained wp-block-group-is-layout-constrained\" style=\"padding-top:var(--wp--preset--spacing--40);padding-bottom:var(--wp--preset--spacing--40)\">\n<p class=\"has-text-align-center has-text-color has-link-color wp-elements-e76079ecaa48f16ed0d46fd3c72759af\" style=\"color:#004a99;font-size:18px\">Sites in East Asia (Japan, South Korea &amp; Thailand)<\/p>\n\n\n\n<div class=\"wp-block-group is-layout-constrained wp-block-group-is-layout-constrained\">\n<p class=\"has-text-align-center has-text-color has-link-color wp-elements-826fdeef31f05775ed49e6c87793ad7f\" style=\"color:#004a99;font-size:18px\"><a href=\"https:\/\/www.hefdurferritjapan.co.jp\/\">https:\/\/www.hefdurferritjapan.co.jp\/<\/a><\/p>\n\n\n\n<p class=\"has-text-align-center has-text-color has-link-color wp-elements-0c426674076d160f1c5e0c5a5483b812\" style=\"color:#004a99;font-size:18px\"><a href=\"https:\/\/www.nanocoat-ts.com\/link\">https:\/\/www.nanocoat-ts.com\/link<\/a><\/p>\n\n\n\n<p class=\"has-text-align-center has-text-color has-link-color wp-elements-edf92fe9ac21fcba6f355d7049dd30be\" style=\"color:#004a99;font-size:18px\"><a href=\"http:\/\/www.hefthai.com\" rel=\"sponsored nofollow\">www.hefthai.com<\/a><\/p>\n\n\n\n<p class=\"has-text-align-center has-text-color has-link-color wp-elements-be15fe13090909ce3086f579fb0e6fcf\" style=\"color:#004a99;font-size:18px\"><a href=\"https:\/\/ts-gunma.co.jp\/\">https:\/\/ts-gunma.co.jp\/<\/a><\/p>\n<\/div>\n<\/div>\n","protected":false},"excerpt":{"rendered":"<p>Sites in Central Asia (China) http:\/\/www.ts-china.net.cn\/ Sites in South Asia (India &amp; Malaysia) www.hefgroupindia.in Sites in East Asia (Japan, South Korea &amp; Thailand) https:\/\/www.hefdurferritjapan.co.jp\/ https:\/\/www.nanocoat-ts.com\/link www.hefthai.com https:\/\/ts-gunma.co.jp\/<\/p>\n","protected":false},"author":1,"featured_media":9693,"parent":9675,"menu_order":0,"comment_status":"closed","ping_status":"closed","template":"","meta":{"_acf_changed":false,"inline_featured_image":false,"footnotes":""},"class_list":["post-11430","page","type-page","status-publish","has-post-thumbnail","hentry"],"acf":[],"yoast_head":"<!-- This site is optimized with the Yoast SEO plugin v27.3 - https:\/\/yoast.com\/product\/yoast-seo-wordpress\/ -->\n<title>Our Asia websites - HEF<\/title>\n<meta name=\"robots\" content=\"index, follow, max-snippet:-1, max-image-preview:large, max-video-preview:-1\" \/>\n<link rel=\"canonical\" href=\"https:\/\/hef.group\/en\/contact\/our-asia-websites\/\" \/>\n<meta property=\"og:locale\" content=\"en_US\" \/>\n<meta property=\"og:type\" content=\"article\" \/>\n<meta property=\"og:title\" content=\"Our Asia websites - HEF\" \/>\n<meta property=\"og:description\" content=\"Sites in Central Asia (China) http:\/\/www.ts-china.net.cn\/ Sites in South Asia (India &amp; Malaysia) www.hefgroupindia.in Sites in East Asia (Japan, South Korea &amp; Thailand) https:\/\/www.hefdurferritjapan.co.jp\/ https:\/\/www.nanocoat-ts.com\/link www.hefthai.com https:\/\/ts-gunma.co.jp\/\" \/>\n<meta property=\"og:url\" content=\"https:\/\/hef.group\/en\/contact\/our-asia-websites\/\" \/>\n<meta property=\"og:site_name\" content=\"HEF\" \/>\n<meta property=\"article:modified_time\" content=\"2024-11-04T14:27:21+00:00\" \/>\n<meta property=\"og:image\" content=\"https:\/\/hef.group\/wp-content\/uploads\/2024\/06\/big-TSYW\u5de5\u4f5c\u71672.jpg\" \/>\n\t<meta property=\"og:image:width\" content=\"450\" \/>\n\t<meta property=\"og:image:height\" content=\"337\" \/>\n\t<meta property=\"og:image:type\" content=\"image\/jpeg\" \/>\n<meta name=\"twitter:card\" content=\"summary_large_image\" \/>\n<meta name=\"twitter:label1\" content=\"Est. reading time\" \/>\n\t<meta name=\"twitter:data1\" content=\"1 minute\" \/>\n<script type=\"application\/ld+json\" class=\"yoast-schema-graph\">{\"@context\":\"https:\\\/\\\/schema.org\",\"@graph\":[{\"@type\":\"WebPage\",\"@id\":\"https:\\\/\\\/hef.group\\\/en\\\/contact\\\/our-asia-websites\\\/\",\"url\":\"https:\\\/\\\/hef.group\\\/en\\\/contact\\\/our-asia-websites\\\/\",\"name\":\"Our Asia websites - HEF\",\"isPartOf\":{\"@id\":\"https:\\\/\\\/hef.group\\\/en\\\/#website\"},\"primaryImageOfPage\":{\"@id\":\"https:\\\/\\\/hef.group\\\/en\\\/contact\\\/our-asia-websites\\\/#primaryimage\"},\"image\":{\"@id\":\"https:\\\/\\\/hef.group\\\/en\\\/contact\\\/our-asia-websites\\\/#primaryimage\"},\"thumbnailUrl\":\"https:\\\/\\\/hef.group\\\/wp-content\\\/uploads\\\/2024\\\/06\\\/big-TSYW\u5de5\u4f5c\u71672.jpg\",\"datePublished\":\"2024-10-31T09:39:23+00:00\",\"dateModified\":\"2024-11-04T14:27:21+00:00\",\"breadcrumb\":{\"@id\":\"https:\\\/\\\/hef.group\\\/en\\\/contact\\\/our-asia-websites\\\/#breadcrumb\"},\"inLanguage\":\"en-US\",\"potentialAction\":[{\"@type\":\"ReadAction\",\"target\":[\"https:\\\/\\\/hef.group\\\/en\\\/contact\\\/our-asia-websites\\\/\"]}]},{\"@type\":\"ImageObject\",\"inLanguage\":\"en-US\",\"@id\":\"https:\\\/\\\/hef.group\\\/en\\\/contact\\\/our-asia-websites\\\/#primaryimage\",\"url\":\"https:\\\/\\\/hef.group\\\/wp-content\\\/uploads\\\/2024\\\/06\\\/big-TSYW\u5de5\u4f5c\u71672.jpg\",\"contentUrl\":\"https:\\\/\\\/hef.group\\\/wp-content\\\/uploads\\\/2024\\\/06\\\/big-TSYW\u5de5\u4f5c\u71672.jpg\",\"width\":450,\"height\":337},{\"@type\":\"BreadcrumbList\",\"@id\":\"https:\\\/\\\/hef.group\\\/en\\\/contact\\\/our-asia-websites\\\/#breadcrumb\",\"itemListElement\":[{\"@type\":\"ListItem\",\"position\":1,\"name\":\"Home\",\"item\":\"https:\\\/\\\/hef.group\\\/en\\\/\"},{\"@type\":\"ListItem\",\"position\":2,\"name\":\"Contact\",\"item\":\"https:\\\/\\\/hef.group\\\/en\\\/contact\\\/\"},{\"@type\":\"ListItem\",\"position\":3,\"name\":\"Our Asia websites\"}]},{\"@type\":\"WebSite\",\"@id\":\"https:\\\/\\\/hef.group\\\/en\\\/#website\",\"url\":\"https:\\\/\\\/hef.group\\\/en\\\/\",\"name\":\"HEF Groupe\",\"description\":\"Leader Mondial en ing\u00e9n\u00e9rie des mat\u00e9riaux de surfaces\",\"publisher\":{\"@id\":\"https:\\\/\\\/hef.group\\\/en\\\/#organization\"},\"potentialAction\":[{\"@type\":\"SearchAction\",\"target\":{\"@type\":\"EntryPoint\",\"urlTemplate\":\"https:\\\/\\\/hef.group\\\/en\\\/?s={search_term_string}\"},\"query-input\":{\"@type\":\"PropertyValueSpecification\",\"valueRequired\":true,\"valueName\":\"search_term_string\"}}],\"inLanguage\":\"en-US\"},{\"@type\":\"Organization\",\"@id\":\"https:\\\/\\\/hef.group\\\/en\\\/#organization\",\"name\":\"HEF Groupe\",\"url\":\"https:\\\/\\\/hef.group\\\/en\\\/\",\"logo\":{\"@type\":\"ImageObject\",\"inLanguage\":\"en-US\",\"@id\":\"https:\\\/\\\/hef.group\\\/en\\\/#\\\/schema\\\/logo\\\/image\\\/\",\"url\":\"https:\\\/\\\/hef.group\\\/wp-content\\\/uploads\\\/2024\\\/02\\\/logo-hef-1.svg\",\"contentUrl\":\"https:\\\/\\\/hef.group\\\/wp-content\\\/uploads\\\/2024\\\/02\\\/logo-hef-1.svg\",\"width\":250,\"height\":60,\"caption\":\"HEF Groupe\"},\"image\":{\"@id\":\"https:\\\/\\\/hef.group\\\/en\\\/#\\\/schema\\\/logo\\\/image\\\/\"}}]}<\/script>\n<!-- \/ Yoast SEO plugin. -->","yoast_head_json":{"title":"Our Asia websites - HEF","robots":{"index":"index","follow":"follow","max-snippet":"max-snippet:-1","max-image-preview":"max-image-preview:large","max-video-preview":"max-video-preview:-1"},"canonical":"https:\/\/hef.group\/en\/contact\/our-asia-websites\/","og_locale":"en_US","og_type":"article","og_title":"Our Asia websites - HEF","og_description":"Sites in Central Asia (China) http:\/\/www.ts-china.net.cn\/ Sites in South Asia (India &amp; Malaysia) www.hefgroupindia.in Sites in East Asia (Japan, South Korea &amp; Thailand) https:\/\/www.hefdurferritjapan.co.jp\/ https:\/\/www.nanocoat-ts.com\/link www.hefthai.com https:\/\/ts-gunma.co.jp\/","og_url":"https:\/\/hef.group\/en\/contact\/our-asia-websites\/","og_site_name":"HEF","article_modified_time":"2024-11-04T14:27:21+00:00","og_image":[{"width":450,"height":337,"url":"https:\/\/hef.group\/wp-content\/uploads\/2024\/06\/big-TSYW\u5de5\u4f5c\u71672.jpg","type":"image\/jpeg"}],"twitter_card":"summary_large_image","twitter_misc":{"Est. reading time":"1 minute"},"schema":{"@context":"https:\/\/schema.org","@graph":[{"@type":"WebPage","@id":"https:\/\/hef.group\/en\/contact\/our-asia-websites\/","url":"https:\/\/hef.group\/en\/contact\/our-asia-websites\/","name":"Our Asia websites - HEF","isPartOf":{"@id":"https:\/\/hef.group\/en\/#website"},"primaryImageOfPage":{"@id":"https:\/\/hef.group\/en\/contact\/our-asia-websites\/#primaryimage"},"image":{"@id":"https:\/\/hef.group\/en\/contact\/our-asia-websites\/#primaryimage"},"thumbnailUrl":"https:\/\/hef.group\/wp-content\/uploads\/2024\/06\/big-TSYW\u5de5\u4f5c\u71672.jpg","datePublished":"2024-10-31T09:39:23+00:00","dateModified":"2024-11-04T14:27:21+00:00","breadcrumb":{"@id":"https:\/\/hef.group\/en\/contact\/our-asia-websites\/#breadcrumb"},"inLanguage":"en-US","potentialAction":[{"@type":"ReadAction","target":["https:\/\/hef.group\/en\/contact\/our-asia-websites\/"]}]},{"@type":"ImageObject","inLanguage":"en-US","@id":"https:\/\/hef.group\/en\/contact\/our-asia-websites\/#primaryimage","url":"https:\/\/hef.group\/wp-content\/uploads\/2024\/06\/big-TSYW\u5de5\u4f5c\u71672.jpg","contentUrl":"https:\/\/hef.group\/wp-content\/uploads\/2024\/06\/big-TSYW\u5de5\u4f5c\u71672.jpg","width":450,"height":337},{"@type":"BreadcrumbList","@id":"https:\/\/hef.group\/en\/contact\/our-asia-websites\/#breadcrumb","itemListElement":[{"@type":"ListItem","position":1,"name":"Home","item":"https:\/\/hef.group\/en\/"},{"@type":"ListItem","position":2,"name":"Contact","item":"https:\/\/hef.group\/en\/contact\/"},{"@type":"ListItem","position":3,"name":"Our Asia websites"}]},{"@type":"WebSite","@id":"https:\/\/hef.group\/en\/#website","url":"https:\/\/hef.group\/en\/","name":"HEF Groupe","description":"Leader Mondial en ing\u00e9n\u00e9rie des mat\u00e9riaux de surfaces","publisher":{"@id":"https:\/\/hef.group\/en\/#organization"},"potentialAction":[{"@type":"SearchAction","target":{"@type":"EntryPoint","urlTemplate":"https:\/\/hef.group\/en\/?s={search_term_string}"},"query-input":{"@type":"PropertyValueSpecification","valueRequired":true,"valueName":"search_term_string"}}],"inLanguage":"en-US"},{"@type":"Organization","@id":"https:\/\/hef.group\/en\/#organization","name":"HEF Groupe","url":"https:\/\/hef.group\/en\/","logo":{"@type":"ImageObject","inLanguage":"en-US","@id":"https:\/\/hef.group\/en\/#\/schema\/logo\/image\/","url":"https:\/\/hef.group\/wp-content\/uploads\/2024\/02\/logo-hef-1.svg","contentUrl":"https:\/\/hef.group\/wp-content\/uploads\/2024\/02\/logo-hef-1.svg","width":250,"height":60,"caption":"HEF Groupe"},"image":{"@id":"https:\/\/hef.group\/en\/#\/schema\/logo\/image\/"}}]}},"_links":{"self":[{"href":"https:\/\/hef.group\/en\/wp-json\/wp\/v2\/pages\/11430","targetHints":{"allow":["GET"]}}],"collection":[{"href":"https:\/\/hef.group\/en\/wp-json\/wp\/v2\/pages"}],"about":[{"href":"https:\/\/hef.group\/en\/wp-json\/wp\/v2\/types\/page"}],"author":[{"embeddable":true,"href":"https:\/\/hef.group\/en\/wp-json\/wp\/v2\/users\/1"}],"replies":[{"embeddable":true,"href":"https:\/\/hef.group\/en\/wp-json\/wp\/v2\/comments?post=11430"}],"version-history":[{"count":1,"href":"https:\/\/hef.group\/en\/wp-json\/wp\/v2\/pages\/11430\/revisions"}],"predecessor-version":[{"id":11431,"href":"https:\/\/hef.group\/en\/wp-json\/wp\/v2\/pages\/11430\/revisions\/11431"}],"up":[{"embeddable":true,"href":"https:\/\/hef.group\/en\/wp-json\/wp\/v2\/pages\/9675"}],"wp:featuredmedia":[{"embeddable":true,"href":"https:\/\/hef.group\/en\/wp-json\/wp\/v2\/media\/9693"}],"wp:attachment":[{"href":"https:\/\/hef.group\/en\/wp-json\/wp\/v2\/media?parent=11430"}],"curies":[{"name":"wp","href":"https:\/\/api.w.org\/{rel}","templated":true}]}}