{"id":11432,"date":"2024-10-31T10:40:52","date_gmt":"2024-10-31T09:40:52","guid":{"rendered":"https:\/\/hef.group\/?page_id=11432"},"modified":"2025-10-09T14:23:34","modified_gmt":"2025-10-09T12:23:34","slug":"our-europa-websites","status":"publish","type":"page","link":"https:\/\/hef.group\/en\/contact\/our-europa-websites\/","title":{"rendered":"Our Europa websites"},"content":{"rendered":"\n<div class=\"wp-block-group is-layout-constrained wp-block-group-is-layout-constrained\" style=\"padding-top:var(--wp--preset--spacing--40);padding-bottom:var(--wp--preset--spacing--40)\">\n<p class=\"has-text-align-center has-text-color has-link-color wp-elements-d8d4dec2e7c1cd634b9f2b5c9b12f378\" style=\"color:#004a99;font-size:18px\">Sites in France<\/p>\n\n\n\n<div class=\"wp-block-group is-layout-constrained wp-block-group-is-layout-constrained\">\n<p class=\"has-text-align-center has-text-color has-link-color wp-elements-2bb437184a4ec12ee207fe79dbd95671\" style=\"color:#004a99;font-size:18px\"><a href=\"https:\/\/www.bushingsinnovationhef.com\/\">https:\/\/www.bushingsinnovationhef.com\/<\/a><\/p>\n\n\n\n<p class=\"has-text-align-center has-text-color has-link-color wp-elements-11ed113380a5179963631307ff152d9d\" style=\"color:#004a99;font-size:18px\"><a href=\"https:\/\/kerdry.com\/\">https:\/\/kerdry.com\/<\/a><\/p>\n\n\n\n<p class=\"has-text-align-center has-text-color has-link-color wp-elements-935239606e5dc39c187effbf3ca4647a\" style=\"color:#004a99;font-size:18px\"><a href=\"https:\/\/www.neyco.fr\/\">https:\/\/www.neyco.fr\/<\/a><\/p>\n\n\n\n<p class=\"has-text-align-center has-text-color has-link-color wp-elements-ca308150728b39d55f7fac7e634fe6e0\" style=\"color:#004a99;font-size:18px\"><a href=\"http:\/\/www.optique-fichou.com\">http:\/\/www.optique-fichou.com<\/a><\/p>\n\n\n\n<p class=\"has-text-align-center has-text-color has-link-color wp-elements-ab53e00fd5a2627b146ea095a1994a52\" style=\"color:#004a99;font-size:18px\"><a href=\"http:\/\/www.acerde.com\/accueil\n\">http:\/\/www.acerde.com\/accueil<\/a><\/p>\n\n\n\n<p class=\"has-text-align-center has-text-color has-link-color wp-elements-0ce477575012d808dd9f8d227376237e\" style=\"color:#004a99;font-size:18px\"><a href=\"http:\/\/www.optimask.fr\/\">http:\/\/www.optimask.fr\/<\/a><\/p>\n\n\n\n<p class=\"has-text-align-center has-text-color has-link-color wp-elements-601e3f6f7b91a04d1403b79c603c9174\" style=\"color:#004a99;font-size:18px\"><a href=\"https:\/\/www.ireis.fr\/fr\/\">https:\/\/www.ireis.fr\/fr\/<\/a><\/p>\n<\/div>\n<\/div>\n\n\n\n<div class=\"wp-block-group is-layout-constrained wp-block-group-is-layout-constrained\" style=\"padding-top:var(--wp--preset--spacing--40);padding-bottom:var(--wp--preset--spacing--40)\">\n<p class=\"has-text-align-center has-text-color has-link-color wp-elements-1b1c2ac55af4d4123ef47df413f274f8\" style=\"color:#004a99;font-size:18px\">Sites in Germany<\/p>\n\n\n\n<div class=\"wp-block-group is-layout-constrained wp-block-group-is-layout-constrained\">\n<p class=\"has-text-align-center has-text-color has-link-color wp-elements-bdb032f30cecbf8c0a5f236464dfb4e5\" style=\"color:#004a99;font-size:18px\"><a href=\"https:\/\/www.ts-deutschland.de\/de\/\">https:\/\/www.ts-deutschland.de\/de\/<\/a><\/p>\n\n\n\n<p class=\"has-text-align-center has-text-color has-link-color wp-elements-489e1a0a9b131d97a5bd07aa44f2eb71\" style=\"color:#004a99;font-size:18px\"><a href=\"https:\/\/www.nitriersalze.com\/en\/\">https:\/\/www.nitriersalze.com\/en\/<\/a><\/p>\n<\/div>\n<\/div>\n\n\n\n<div class=\"wp-block-group is-layout-constrained wp-block-group-is-layout-constrained\" style=\"padding-top:var(--wp--preset--spacing--40);padding-bottom:var(--wp--preset--spacing--40)\">\n<p class=\"has-text-align-center has-text-color has-link-color wp-elements-aebcf6522f18b3db5d171622ca60171f\" style=\"color:#004a99;font-size:18px\">Sites in Hungary<\/p>\n\n\n\n<div class=\"wp-block-group is-layout-constrained wp-block-group-is-layout-constrained\">\n<p class=\"has-text-align-center has-text-color has-link-color wp-elements-8c651c47a7b70cd24ee28f03f9d364aa\" style=\"color:#004a99;font-size:18px\"><a href=\"https:\/\/www.tshungary.hu\/\" rel=\"sponsored nofollow\">https:\/\/www.tshungary.hu\/<\/a><\/p>\n<\/div>\n<\/div>\n\n\n\n<div class=\"wp-block-group is-layout-constrained wp-block-group-is-layout-constrained\" style=\"padding-top:var(--wp--preset--spacing--40);padding-bottom:var(--wp--preset--spacing--40)\">\n<p class=\"has-text-align-center has-text-color has-link-color wp-elements-6781e6c4c6f427d85d0da2d8a6f27c82\" style=\"color:#004a99;font-size:18px\">Sites in Poland<\/p>\n\n\n\n<p class=\"has-text-align-center has-text-color has-link-color wp-elements-9d710d133f0f56afbdb5f1b446f7fc8a\" style=\"color:#004a99;font-size:18px\"><a href=\"http:\/\/www.hartowniats.pl\" rel=\"sponsored nofollow\">www.hartowniats.pl<\/a><\/p>\n<\/div>\n\n\n\n<div class=\"wp-block-group is-layout-constrained wp-block-group-is-layout-constrained\" style=\"padding-top:var(--wp--preset--spacing--40);padding-bottom:var(--wp--preset--spacing--40)\">\n<p class=\"has-text-align-center has-text-color has-link-color wp-elements-26279849449a93b8bd2428ab36a04039\" style=\"color:#004a99;font-size:18px\">Sites in Spain<\/p>\n\n\n\n<p class=\"has-text-align-center has-text-color has-link-color wp-elements-1d618513af09481b00e65609363b0326\" style=\"color:#004a99;font-size:18px\"><a href=\"https:\/\/www.tscatalunya.com\/\" rel=\"sponsored nofollow\">https:\/\/www.tscatalunya.com\/<\/a><\/p>\n\n\n\n<p class=\"has-text-align-center has-text-color has-link-color wp-elements-852783bcfc0f7f187df67757f5b8fe41\" style=\"color:#004a99;font-size:18px\"><a href=\"https:\/\/www.tspaisvasco.com\">https:\/\/www.tspaisvasco.com<\/a><\/p>\n<\/div>\n\n\n\n<div class=\"wp-block-group is-layout-constrained wp-block-group-is-layout-constrained\" style=\"padding-top:var(--wp--preset--spacing--40);padding-bottom:var(--wp--preset--spacing--40)\">\n<p class=\"has-text-align-center has-text-color has-link-color wp-elements-3d99623b51cfef68524aa5ab09b55421\" style=\"color:#004a99;font-size:18px\">Sites in Switzerland<\/p>\n\n\n\n<p class=\"has-text-align-center has-text-color has-link-color wp-elements-4c5dab9769a9dc482d0164fad0e8a0e1\" style=\"color:#004a99;font-size:18px\"><a href=\"http:\/\/www.ub-ts.com\" rel=\"sponsored nofollow\">www.ub-ts.com<\/a><\/p>\n<\/div>\n\n\n\n<div class=\"wp-block-group is-layout-constrained wp-block-group-is-layout-constrained\" style=\"padding-top:var(--wp--preset--spacing--40);padding-bottom:var(--wp--preset--spacing--40)\">\n<p class=\"has-text-align-center has-text-color has-link-color wp-elements-f6ee7b7796983dccf6e8064d5fb9733c\" style=\"color:#004a99;font-size:18px\">UK sites<\/p>\n\n\n\n<p class=\"has-text-align-center has-text-color has-link-color wp-elements-c34880b45f80fe8305ed2c363a21f598\" style=\"color:#004a99;font-size:18px\"><a href=\"https:\/\/techniques-surfaces.uk.com\/\">https:\/\/techniques-surfaces.uk.com\/<\/a><\/p>\n\n\n\n<p class=\"has-text-align-center has-text-color has-link-color wp-elements-d78d641a364bd69a79b2a90e5e45eda2\" style=\"color:#004a99;font-size:18px\"><a href=\"https:\/\/durferrit.co.uk\/\">https:\/\/durferrit.co.uk\/<\/a><\/p>\n<\/div>\n\n\n\n<div class=\"wp-block-group is-layout-constrained wp-block-group-is-layout-constrained\" style=\"padding-top:var(--wp--preset--spacing--40);padding-bottom:var(--wp--preset--spacing--40)\">\n<p class=\"has-text-align-center has-text-color has-link-color wp-elements-346f74de2b004b57041d47f09ef8bc2d\" style=\"color:#004a99;font-size:18px\">Sites in the Czech Republic<\/p>\n\n\n\n<p class=\"has-text-align-center has-text-color has-link-color wp-elements-5e3985c7f7d7a13ab7b38088d5b43447\" style=\"color:#004a99;font-size:18px\"><a href=\"http:\/\/www.katringplus.cz\/\">http:\/\/www.katringplus.cz\/<\/a><\/p>\n<\/div>\n","protected":false},"excerpt":{"rendered":"<p>Sites in France https:\/\/www.bushingsinnovationhef.com\/ https:\/\/kerdry.com\/ https:\/\/www.neyco.fr\/ http:\/\/www.optique-fichou.com http:\/\/www.acerde.com\/accueil http:\/\/www.optimask.fr\/ https:\/\/www.ireis.fr\/fr\/ Sites in Germany https:\/\/www.ts-deutschland.de\/de\/ https:\/\/www.nitriersalze.com\/en\/ Sites in Hungary https:\/\/www.tshungary.hu\/ Sites in Poland www.hartowniats.pl Sites in Spain https:\/\/www.tscatalunya.com\/ https:\/\/www.tspaisvasco.com Sites in Switzerland www.ub-ts.com UK sites https:\/\/techniques-surfaces.uk.com\/ https:\/\/durferrit.co.uk\/ Sites in the Czech Republic http:\/\/www.katringplus.cz\/<\/p>\n","protected":false},"author":1,"featured_media":9698,"parent":9675,"menu_order":0,"comment_status":"closed","ping_status":"closed","template":"","meta":{"_acf_changed":false,"inline_featured_image":false,"footnotes":""},"class_list":["post-11432","page","type-page","status-publish","has-post-thumbnail","hentry"],"acf":[],"yoast_head":"<!-- This site is optimized with the Yoast SEO plugin v27.4 - https:\/\/yoast.com\/product\/yoast-seo-wordpress\/ -->\n<title>Our Europa websites - HEF<\/title>\n<meta name=\"robots\" content=\"index, follow, max-snippet:-1, max-image-preview:large, max-video-preview:-1\" \/>\n<link rel=\"canonical\" href=\"https:\/\/hef.group\/en\/contact\/our-europa-websites\/\" \/>\n<meta property=\"og:locale\" content=\"en_US\" \/>\n<meta property=\"og:type\" content=\"article\" \/>\n<meta property=\"og:title\" content=\"Our Europa websites - HEF\" \/>\n<meta property=\"og:description\" content=\"Sites in France https:\/\/www.bushingsinnovationhef.com\/ https:\/\/kerdry.com\/ https:\/\/www.neyco.fr\/ http:\/\/www.optique-fichou.com http:\/\/www.acerde.com\/accueil http:\/\/www.optimask.fr\/ https:\/\/www.ireis.fr\/fr\/ Sites in Germany https:\/\/www.ts-deutschland.de\/de\/ https:\/\/www.nitriersalze.com\/en\/ Sites in Hungary https:\/\/www.tshungary.hu\/ Sites in Poland www.hartowniats.pl Sites in Spain https:\/\/www.tscatalunya.com\/ https:\/\/www.tspaisvasco.com Sites in Switzerland www.ub-ts.com UK sites https:\/\/techniques-surfaces.uk.com\/ https:\/\/durferrit.co.uk\/ Sites in the Czech Republic http:\/\/www.katringplus.cz\/\" \/>\n<meta property=\"og:url\" content=\"https:\/\/hef.group\/en\/contact\/our-europa-websites\/\" \/>\n<meta property=\"og:site_name\" content=\"HEF\" \/>\n<meta property=\"article:modified_time\" content=\"2025-10-09T12:23:34+00:00\" \/>\n<meta property=\"og:image\" content=\"https:\/\/hef.group\/wp-content\/uploads\/2024\/06\/big-20211011_HK_0030.jpg\" \/>\n\t<meta property=\"og:image:width\" content=\"450\" \/>\n\t<meta property=\"og:image:height\" content=\"300\" \/>\n\t<meta property=\"og:image:type\" content=\"image\/jpeg\" \/>\n<meta name=\"twitter:card\" content=\"summary_large_image\" \/>\n<meta name=\"twitter:label1\" content=\"Est. reading time\" \/>\n\t<meta name=\"twitter:data1\" content=\"1 minute\" \/>\n<script type=\"application\/ld+json\" class=\"yoast-schema-graph\">{\"@context\":\"https:\\\/\\\/schema.org\",\"@graph\":[{\"@type\":\"WebPage\",\"@id\":\"https:\\\/\\\/hef.group\\\/en\\\/contact\\\/our-europa-websites\\\/\",\"url\":\"https:\\\/\\\/hef.group\\\/en\\\/contact\\\/our-europa-websites\\\/\",\"name\":\"Our Europa websites - HEF\",\"isPartOf\":{\"@id\":\"https:\\\/\\\/hef.group\\\/en\\\/#website\"},\"primaryImageOfPage\":{\"@id\":\"https:\\\/\\\/hef.group\\\/en\\\/contact\\\/our-europa-websites\\\/#primaryimage\"},\"image\":{\"@id\":\"https:\\\/\\\/hef.group\\\/en\\\/contact\\\/our-europa-websites\\\/#primaryimage\"},\"thumbnailUrl\":\"https:\\\/\\\/hef.group\\\/wp-content\\\/uploads\\\/2024\\\/06\\\/big-20211011_HK_0030.jpg\",\"datePublished\":\"2024-10-31T09:40:52+00:00\",\"dateModified\":\"2025-10-09T12:23:34+00:00\",\"breadcrumb\":{\"@id\":\"https:\\\/\\\/hef.group\\\/en\\\/contact\\\/our-europa-websites\\\/#breadcrumb\"},\"inLanguage\":\"en-US\",\"potentialAction\":[{\"@type\":\"ReadAction\",\"target\":[\"https:\\\/\\\/hef.group\\\/en\\\/contact\\\/our-europa-websites\\\/\"]}]},{\"@type\":\"ImageObject\",\"inLanguage\":\"en-US\",\"@id\":\"https:\\\/\\\/hef.group\\\/en\\\/contact\\\/our-europa-websites\\\/#primaryimage\",\"url\":\"https:\\\/\\\/hef.group\\\/wp-content\\\/uploads\\\/2024\\\/06\\\/big-20211011_HK_0030.jpg\",\"contentUrl\":\"https:\\\/\\\/hef.group\\\/wp-content\\\/uploads\\\/2024\\\/06\\\/big-20211011_HK_0030.jpg\",\"width\":450,\"height\":300},{\"@type\":\"BreadcrumbList\",\"@id\":\"https:\\\/\\\/hef.group\\\/en\\\/contact\\\/our-europa-websites\\\/#breadcrumb\",\"itemListElement\":[{\"@type\":\"ListItem\",\"position\":1,\"name\":\"Home\",\"item\":\"https:\\\/\\\/hef.group\\\/en\\\/\"},{\"@type\":\"ListItem\",\"position\":2,\"name\":\"Contact\",\"item\":\"https:\\\/\\\/hef.group\\\/en\\\/contact\\\/\"},{\"@type\":\"ListItem\",\"position\":3,\"name\":\"Our Europa websites\"}]},{\"@type\":\"WebSite\",\"@id\":\"https:\\\/\\\/hef.group\\\/en\\\/#website\",\"url\":\"https:\\\/\\\/hef.group\\\/en\\\/\",\"name\":\"HEF Groupe\",\"description\":\"Leader Mondial en ing\u00e9n\u00e9rie des mat\u00e9riaux de surfaces\",\"publisher\":{\"@id\":\"https:\\\/\\\/hef.group\\\/en\\\/#organization\"},\"potentialAction\":[{\"@type\":\"SearchAction\",\"target\":{\"@type\":\"EntryPoint\",\"urlTemplate\":\"https:\\\/\\\/hef.group\\\/en\\\/?s={search_term_string}\"},\"query-input\":{\"@type\":\"PropertyValueSpecification\",\"valueRequired\":true,\"valueName\":\"search_term_string\"}}],\"inLanguage\":\"en-US\"},{\"@type\":\"Organization\",\"@id\":\"https:\\\/\\\/hef.group\\\/en\\\/#organization\",\"name\":\"HEF Groupe\",\"url\":\"https:\\\/\\\/hef.group\\\/en\\\/\",\"logo\":{\"@type\":\"ImageObject\",\"inLanguage\":\"en-US\",\"@id\":\"https:\\\/\\\/hef.group\\\/en\\\/#\\\/schema\\\/logo\\\/image\\\/\",\"url\":\"https:\\\/\\\/hef.group\\\/wp-content\\\/uploads\\\/2024\\\/02\\\/logo-hef-1.svg\",\"contentUrl\":\"https:\\\/\\\/hef.group\\\/wp-content\\\/uploads\\\/2024\\\/02\\\/logo-hef-1.svg\",\"width\":250,\"height\":60,\"caption\":\"HEF Groupe\"},\"image\":{\"@id\":\"https:\\\/\\\/hef.group\\\/en\\\/#\\\/schema\\\/logo\\\/image\\\/\"}}]}<\/script>\n<!-- \/ Yoast SEO plugin. -->","yoast_head_json":{"title":"Our Europa websites - HEF","robots":{"index":"index","follow":"follow","max-snippet":"max-snippet:-1","max-image-preview":"max-image-preview:large","max-video-preview":"max-video-preview:-1"},"canonical":"https:\/\/hef.group\/en\/contact\/our-europa-websites\/","og_locale":"en_US","og_type":"article","og_title":"Our Europa websites - HEF","og_description":"Sites in France https:\/\/www.bushingsinnovationhef.com\/ https:\/\/kerdry.com\/ https:\/\/www.neyco.fr\/ http:\/\/www.optique-fichou.com http:\/\/www.acerde.com\/accueil http:\/\/www.optimask.fr\/ https:\/\/www.ireis.fr\/fr\/ Sites in Germany https:\/\/www.ts-deutschland.de\/de\/ https:\/\/www.nitriersalze.com\/en\/ Sites in Hungary https:\/\/www.tshungary.hu\/ Sites in Poland www.hartowniats.pl Sites in Spain https:\/\/www.tscatalunya.com\/ https:\/\/www.tspaisvasco.com Sites in Switzerland www.ub-ts.com UK sites https:\/\/techniques-surfaces.uk.com\/ https:\/\/durferrit.co.uk\/ Sites in the Czech Republic http:\/\/www.katringplus.cz\/","og_url":"https:\/\/hef.group\/en\/contact\/our-europa-websites\/","og_site_name":"HEF","article_modified_time":"2025-10-09T12:23:34+00:00","og_image":[{"width":450,"height":300,"url":"https:\/\/hef.group\/wp-content\/uploads\/2024\/06\/big-20211011_HK_0030.jpg","type":"image\/jpeg"}],"twitter_card":"summary_large_image","twitter_misc":{"Est. reading time":"1 minute"},"schema":{"@context":"https:\/\/schema.org","@graph":[{"@type":"WebPage","@id":"https:\/\/hef.group\/en\/contact\/our-europa-websites\/","url":"https:\/\/hef.group\/en\/contact\/our-europa-websites\/","name":"Our Europa websites - HEF","isPartOf":{"@id":"https:\/\/hef.group\/en\/#website"},"primaryImageOfPage":{"@id":"https:\/\/hef.group\/en\/contact\/our-europa-websites\/#primaryimage"},"image":{"@id":"https:\/\/hef.group\/en\/contact\/our-europa-websites\/#primaryimage"},"thumbnailUrl":"https:\/\/hef.group\/wp-content\/uploads\/2024\/06\/big-20211011_HK_0030.jpg","datePublished":"2024-10-31T09:40:52+00:00","dateModified":"2025-10-09T12:23:34+00:00","breadcrumb":{"@id":"https:\/\/hef.group\/en\/contact\/our-europa-websites\/#breadcrumb"},"inLanguage":"en-US","potentialAction":[{"@type":"ReadAction","target":["https:\/\/hef.group\/en\/contact\/our-europa-websites\/"]}]},{"@type":"ImageObject","inLanguage":"en-US","@id":"https:\/\/hef.group\/en\/contact\/our-europa-websites\/#primaryimage","url":"https:\/\/hef.group\/wp-content\/uploads\/2024\/06\/big-20211011_HK_0030.jpg","contentUrl":"https:\/\/hef.group\/wp-content\/uploads\/2024\/06\/big-20211011_HK_0030.jpg","width":450,"height":300},{"@type":"BreadcrumbList","@id":"https:\/\/hef.group\/en\/contact\/our-europa-websites\/#breadcrumb","itemListElement":[{"@type":"ListItem","position":1,"name":"Home","item":"https:\/\/hef.group\/en\/"},{"@type":"ListItem","position":2,"name":"Contact","item":"https:\/\/hef.group\/en\/contact\/"},{"@type":"ListItem","position":3,"name":"Our Europa websites"}]},{"@type":"WebSite","@id":"https:\/\/hef.group\/en\/#website","url":"https:\/\/hef.group\/en\/","name":"HEF Groupe","description":"Leader Mondial en ing\u00e9n\u00e9rie des mat\u00e9riaux de surfaces","publisher":{"@id":"https:\/\/hef.group\/en\/#organization"},"potentialAction":[{"@type":"SearchAction","target":{"@type":"EntryPoint","urlTemplate":"https:\/\/hef.group\/en\/?s={search_term_string}"},"query-input":{"@type":"PropertyValueSpecification","valueRequired":true,"valueName":"search_term_string"}}],"inLanguage":"en-US"},{"@type":"Organization","@id":"https:\/\/hef.group\/en\/#organization","name":"HEF Groupe","url":"https:\/\/hef.group\/en\/","logo":{"@type":"ImageObject","inLanguage":"en-US","@id":"https:\/\/hef.group\/en\/#\/schema\/logo\/image\/","url":"https:\/\/hef.group\/wp-content\/uploads\/2024\/02\/logo-hef-1.svg","contentUrl":"https:\/\/hef.group\/wp-content\/uploads\/2024\/02\/logo-hef-1.svg","width":250,"height":60,"caption":"HEF Groupe"},"image":{"@id":"https:\/\/hef.group\/en\/#\/schema\/logo\/image\/"}}]}},"_links":{"self":[{"href":"https:\/\/hef.group\/en\/wp-json\/wp\/v2\/pages\/11432","targetHints":{"allow":["GET"]}}],"collection":[{"href":"https:\/\/hef.group\/en\/wp-json\/wp\/v2\/pages"}],"about":[{"href":"https:\/\/hef.group\/en\/wp-json\/wp\/v2\/types\/page"}],"author":[{"embeddable":true,"href":"https:\/\/hef.group\/en\/wp-json\/wp\/v2\/users\/1"}],"replies":[{"embeddable":true,"href":"https:\/\/hef.group\/en\/wp-json\/wp\/v2\/comments?post=11432"}],"version-history":[{"count":2,"href":"https:\/\/hef.group\/en\/wp-json\/wp\/v2\/pages\/11432\/revisions"}],"predecessor-version":[{"id":12577,"href":"https:\/\/hef.group\/en\/wp-json\/wp\/v2\/pages\/11432\/revisions\/12577"}],"up":[{"embeddable":true,"href":"https:\/\/hef.group\/en\/wp-json\/wp\/v2\/pages\/9675"}],"wp:featuredmedia":[{"embeddable":true,"href":"https:\/\/hef.group\/en\/wp-json\/wp\/v2\/media\/9698"}],"wp:attachment":[{"href":"https:\/\/hef.group\/en\/wp-json\/wp\/v2\/media?parent=11432"}],"curies":[{"name":"wp","href":"https:\/\/api.w.org\/{rel}","templated":true}]}}