{"id":12322,"date":"2025-04-15T13:43:25","date_gmt":"2025-04-15T11:43:25","guid":{"rendered":"https:\/\/hef.group\/terms-and-conditions-of-sale\/"},"modified":"2026-02-11T08:25:27","modified_gmt":"2026-02-11T07:25:27","slug":"terms-and-conditions-of-sale","status":"publish","type":"page","link":"https:\/\/hef.group\/en\/terms-and-conditions-of-sale\/","title":{"rendered":"Terms and conditions of sale"},"content":{"rendered":"<section class=\"axblock-textandimg blue-bg\">\n    <div class=\"ax-textandimg\">\n        <div class=\"container ax-textandimg-container content-right \">\n            <div class=\"ax-textandimg-content\" style=\"--numberColumns: 2\">\n                                    <h2 class=\"ax-title3\">Purchasing specification SPG 001<\/h2>\n                                                                <div class=\"btn-textandimg\">\n                                            <a class=\"btn btn-gradient-second btn-block-textandimg\"\n                           href=\"https:\/\/hef.group\/wp-content\/uploads\/2026\/02\/SPG_001_D_QUALITY_REQUIREMENTS_FOR_EXTERNAL.pdf#page=5\"\n\t\t\t\t\t\t   target=\"_blank\"\n\t\t\t\t\t\t>\n\t\t\t\t\t\t   \tSee our purchasing specifications\t\t\t\t\t\t<\/a>\n                                                        <\/div>\n                                <\/div>\n\n\t        <div class=\"ax-textandimg-medias-container\">\n\t            \t                \t                    <div class=\"ax-textandimg-img cover\">\n\t                        \t                    <\/div>\n\t                                    \t            \n\t\t        \t        <\/div>\n        <\/div>\n    <\/div>\n<\/section>\n\n\n<section class=\"axblock-textandimg blue-bg\">\n    <div class=\"ax-textandimg\">\n        <div class=\"container ax-textandimg-container content-right \">\n            <div class=\"ax-textandimg-content\" style=\"--numberColumns: 2\">\n                                    <h2 class=\"ax-title3\">Terms and conditions of purchase<\/h2>\n                                                                <div class=\"btn-textandimg\">\n                                            <a class=\"btn btn-gradient-second btn-block-textandimg\"\n                           href=\"https:\/\/hef.group\/wp-content\/uploads\/2025\/04\/IMG-049-CGA-HEF-GROUPE-15022019-FR-EN.pdf\"\n\t\t\t\t\t\t   target=\"_blank\"\n\t\t\t\t\t\t>\n\t\t\t\t\t\t   \tSee our terms and conditions \t\t\t\t\t\t<\/a>\n                                                        <\/div>\n                                <\/div>\n\n\t        <div class=\"ax-textandimg-medias-container\">\n\t            \t                \t                    <div class=\"ax-textandimg-img cover\">\n\t                        \t                    <\/div>\n\t                                    \t            \n\t\t        \t        <\/div>\n        <\/div>\n    <\/div>\n<\/section>\n","protected":false},"excerpt":{"rendered":"","protected":false},"author":6,"featured_media":0,"parent":0,"menu_order":0,"comment_status":"closed","ping_status":"closed","template":"","meta":{"_acf_changed":false,"inline_featured_image":false,"footnotes":""},"class_list":["post-12322","page","type-page","status-publish","hentry"],"acf":[],"yoast_head":"<!-- This site is optimized with the Yoast SEO plugin v27.4 - https:\/\/yoast.com\/product\/yoast-seo-wordpress\/ -->\n<title>Terms and conditions of sale - HEF<\/title>\n<meta name=\"robots\" content=\"index, follow, max-snippet:-1, max-image-preview:large, max-video-preview:-1\" \/>\n<link rel=\"canonical\" href=\"https:\/\/hef.group\/en\/terms-and-conditions-of-sale\/\" \/>\n<meta property=\"og:locale\" content=\"en_US\" \/>\n<meta property=\"og:type\" content=\"article\" \/>\n<meta property=\"og:title\" content=\"Terms and conditions of sale - HEF\" \/>\n<meta property=\"og:url\" content=\"https:\/\/hef.group\/en\/terms-and-conditions-of-sale\/\" \/>\n<meta property=\"og:site_name\" content=\"HEF\" \/>\n<meta property=\"article:modified_time\" content=\"2026-02-11T07:25:27+00:00\" \/>\n<meta name=\"twitter:card\" content=\"summary_large_image\" \/>\n<script type=\"application\/ld+json\" class=\"yoast-schema-graph\">{\"@context\":\"https:\\\/\\\/schema.org\",\"@graph\":[{\"@type\":\"WebPage\",\"@id\":\"https:\\\/\\\/hef.group\\\/en\\\/terms-and-conditions-of-sale\\\/\",\"url\":\"https:\\\/\\\/hef.group\\\/en\\\/terms-and-conditions-of-sale\\\/\",\"name\":\"Terms and conditions of sale - HEF\",\"isPartOf\":{\"@id\":\"https:\\\/\\\/hef.group\\\/en\\\/#website\"},\"datePublished\":\"2025-04-15T11:43:25+00:00\",\"dateModified\":\"2026-02-11T07:25:27+00:00\",\"breadcrumb\":{\"@id\":\"https:\\\/\\\/hef.group\\\/en\\\/terms-and-conditions-of-sale\\\/#breadcrumb\"},\"inLanguage\":\"en-US\",\"potentialAction\":[{\"@type\":\"ReadAction\",\"target\":[\"https:\\\/\\\/hef.group\\\/en\\\/terms-and-conditions-of-sale\\\/\"]}]},{\"@type\":\"BreadcrumbList\",\"@id\":\"https:\\\/\\\/hef.group\\\/en\\\/terms-and-conditions-of-sale\\\/#breadcrumb\",\"itemListElement\":[{\"@type\":\"ListItem\",\"position\":1,\"name\":\"Home\",\"item\":\"https:\\\/\\\/hef.group\\\/en\\\/\"},{\"@type\":\"ListItem\",\"position\":2,\"name\":\"Terms and conditions of sale\"}]},{\"@type\":\"WebSite\",\"@id\":\"https:\\\/\\\/hef.group\\\/en\\\/#website\",\"url\":\"https:\\\/\\\/hef.group\\\/en\\\/\",\"name\":\"HEF Groupe\",\"description\":\"Leader Mondial en ing\u00e9n\u00e9rie des mat\u00e9riaux de surfaces\",\"publisher\":{\"@id\":\"https:\\\/\\\/hef.group\\\/en\\\/#organization\"},\"potentialAction\":[{\"@type\":\"SearchAction\",\"target\":{\"@type\":\"EntryPoint\",\"urlTemplate\":\"https:\\\/\\\/hef.group\\\/en\\\/?s={search_term_string}\"},\"query-input\":{\"@type\":\"PropertyValueSpecification\",\"valueRequired\":true,\"valueName\":\"search_term_string\"}}],\"inLanguage\":\"en-US\"},{\"@type\":\"Organization\",\"@id\":\"https:\\\/\\\/hef.group\\\/en\\\/#organization\",\"name\":\"HEF Groupe\",\"url\":\"https:\\\/\\\/hef.group\\\/en\\\/\",\"logo\":{\"@type\":\"ImageObject\",\"inLanguage\":\"en-US\",\"@id\":\"https:\\\/\\\/hef.group\\\/en\\\/#\\\/schema\\\/logo\\\/image\\\/\",\"url\":\"https:\\\/\\\/hef.group\\\/wp-content\\\/uploads\\\/2024\\\/02\\\/logo-hef-1.svg\",\"contentUrl\":\"https:\\\/\\\/hef.group\\\/wp-content\\\/uploads\\\/2024\\\/02\\\/logo-hef-1.svg\",\"width\":250,\"height\":60,\"caption\":\"HEF Groupe\"},\"image\":{\"@id\":\"https:\\\/\\\/hef.group\\\/en\\\/#\\\/schema\\\/logo\\\/image\\\/\"}}]}<\/script>\n<!-- \/ Yoast SEO plugin. -->","yoast_head_json":{"title":"Terms and conditions of sale - HEF","robots":{"index":"index","follow":"follow","max-snippet":"max-snippet:-1","max-image-preview":"max-image-preview:large","max-video-preview":"max-video-preview:-1"},"canonical":"https:\/\/hef.group\/en\/terms-and-conditions-of-sale\/","og_locale":"en_US","og_type":"article","og_title":"Terms and conditions of sale - HEF","og_url":"https:\/\/hef.group\/en\/terms-and-conditions-of-sale\/","og_site_name":"HEF","article_modified_time":"2026-02-11T07:25:27+00:00","twitter_card":"summary_large_image","schema":{"@context":"https:\/\/schema.org","@graph":[{"@type":"WebPage","@id":"https:\/\/hef.group\/en\/terms-and-conditions-of-sale\/","url":"https:\/\/hef.group\/en\/terms-and-conditions-of-sale\/","name":"Terms and conditions of sale - HEF","isPartOf":{"@id":"https:\/\/hef.group\/en\/#website"},"datePublished":"2025-04-15T11:43:25+00:00","dateModified":"2026-02-11T07:25:27+00:00","breadcrumb":{"@id":"https:\/\/hef.group\/en\/terms-and-conditions-of-sale\/#breadcrumb"},"inLanguage":"en-US","potentialAction":[{"@type":"ReadAction","target":["https:\/\/hef.group\/en\/terms-and-conditions-of-sale\/"]}]},{"@type":"BreadcrumbList","@id":"https:\/\/hef.group\/en\/terms-and-conditions-of-sale\/#breadcrumb","itemListElement":[{"@type":"ListItem","position":1,"name":"Home","item":"https:\/\/hef.group\/en\/"},{"@type":"ListItem","position":2,"name":"Terms and conditions of sale"}]},{"@type":"WebSite","@id":"https:\/\/hef.group\/en\/#website","url":"https:\/\/hef.group\/en\/","name":"HEF Groupe","description":"Leader Mondial en ing\u00e9n\u00e9rie des mat\u00e9riaux de surfaces","publisher":{"@id":"https:\/\/hef.group\/en\/#organization"},"potentialAction":[{"@type":"SearchAction","target":{"@type":"EntryPoint","urlTemplate":"https:\/\/hef.group\/en\/?s={search_term_string}"},"query-input":{"@type":"PropertyValueSpecification","valueRequired":true,"valueName":"search_term_string"}}],"inLanguage":"en-US"},{"@type":"Organization","@id":"https:\/\/hef.group\/en\/#organization","name":"HEF Groupe","url":"https:\/\/hef.group\/en\/","logo":{"@type":"ImageObject","inLanguage":"en-US","@id":"https:\/\/hef.group\/en\/#\/schema\/logo\/image\/","url":"https:\/\/hef.group\/wp-content\/uploads\/2024\/02\/logo-hef-1.svg","contentUrl":"https:\/\/hef.group\/wp-content\/uploads\/2024\/02\/logo-hef-1.svg","width":250,"height":60,"caption":"HEF Groupe"},"image":{"@id":"https:\/\/hef.group\/en\/#\/schema\/logo\/image\/"}}]}},"_links":{"self":[{"href":"https:\/\/hef.group\/en\/wp-json\/wp\/v2\/pages\/12322","targetHints":{"allow":["GET"]}}],"collection":[{"href":"https:\/\/hef.group\/en\/wp-json\/wp\/v2\/pages"}],"about":[{"href":"https:\/\/hef.group\/en\/wp-json\/wp\/v2\/types\/page"}],"author":[{"embeddable":true,"href":"https:\/\/hef.group\/en\/wp-json\/wp\/v2\/users\/6"}],"replies":[{"embeddable":true,"href":"https:\/\/hef.group\/en\/wp-json\/wp\/v2\/comments?post=12322"}],"version-history":[{"count":3,"href":"https:\/\/hef.group\/en\/wp-json\/wp\/v2\/pages\/12322\/revisions"}],"predecessor-version":[{"id":12671,"href":"https:\/\/hef.group\/en\/wp-json\/wp\/v2\/pages\/12322\/revisions\/12671"}],"wp:attachment":[{"href":"https:\/\/hef.group\/en\/wp-json\/wp\/v2\/media?parent=12322"}],"curies":[{"name":"wp","href":"https:\/\/api.w.org\/{rel}","templated":true}]}}