{"id":7867,"date":"2023-11-27T14:18:03","date_gmt":"2023-11-27T13:18:03","guid":{"rendered":"https:\/\/hef.group\/?page_id=318"},"modified":"2024-11-05T13:53:32","modified_gmt":"2024-11-05T12:53:32","slug":"decarbonized-energy","status":"publish","type":"page","link":"https:\/\/hef.group\/en\/decarbonized-energy\/","title":{"rendered":"Decarbonized energy"},"content":{"rendered":"<section class=\"axblock \">\n    <div class=\"container\">\n        <div class=\"acf-innerblocks-container\"><\/div>\n    <\/div>\n    <div class=\"ax-cms1 \">\n        <div class=\"container axcms-container content-left\">\n            <div class=\"ax-cms1-content\">\n                                    <h2 class=\"ax-title3\">Our technological solutions for the production and use of low-carbon energies<\/h2>\n                                                    <div class=\"text-content\">\n                        <p><span data-contrast=\"none\">By diversifying into markets linked to low-carbon energies, HEF is integrating environmental issues, developing, designing and producing innovative surface solutions for electrolyzer components and all hydrogen-related peripherals.<\/span><\/p>\n<p>&nbsp;<\/p>\n<p><span data-contrast=\"none\">HEF is active in the nuclear power sector, providing plant safety solutions, as well as in the field of durable wind turbines. The group is also developing specific applications for the hydraulic and solar sectors. <\/span><\/p>\n                    <\/div>\n                                                    <a target=\"_self\" href=\"\/en\/contact\/\"\n                       class=\"btn btn-gradient-second\">Contact our experts<\/a>\n                            <\/div>\n                            <div class=\"ax-cms1-img\">\n                    <img decoding=\"async\" width=\"1920\" height=\"1200\" src=\"https:\/\/hef.group\/wp-content\/uploads\/2024\/02\/shutterstock_2235576431-1.jpg\" class=\"attachment-full size-full\" alt=\"\" srcset=\"https:\/\/hef.group\/wp-content\/uploads\/2024\/02\/shutterstock_2235576431-1.jpg 1920w, https:\/\/hef.group\/wp-content\/uploads\/2024\/02\/shutterstock_2235576431-1-300x188.jpg 300w, https:\/\/hef.group\/wp-content\/uploads\/2024\/02\/shutterstock_2235576431-1-1024x640.jpg 1024w, https:\/\/hef.group\/wp-content\/uploads\/2024\/02\/shutterstock_2235576431-1-768x480.jpg 768w, https:\/\/hef.group\/wp-content\/uploads\/2024\/02\/shutterstock_2235576431-1-1536x960.jpg 1536w\" sizes=\"(max-width: 1920px) 100vw, 1920px\" \/>                <\/div>\n                    <\/div>\n    <\/div>\n<\/section>\n\n\n\n\n<p><\/p>\n","protected":false},"excerpt":{"rendered":"","protected":false},"author":1,"featured_media":7868,"parent":0,"menu_order":0,"comment_status":"closed","ping_status":"closed","template":"template-marche.php","meta":{"_acf_changed":true,"inline_featured_image":false,"footnotes":""},"class_list":["post-7867","page","type-page","status-publish","has-post-thumbnail","hentry"],"acf":[],"yoast_head":"<!-- This site is optimized with the Yoast SEO plugin v27.4 - https:\/\/yoast.com\/product\/yoast-seo-wordpress\/ -->\n<title>Technological solutions for low-carbon energies | HEF<\/title>\n<meta name=\"description\" content=\"Our surface treatments and friction components support the production and use of low-carbon energies.\" \/>\n<meta name=\"robots\" content=\"index, follow, max-snippet:-1, max-image-preview:large, max-video-preview:-1\" \/>\n<link rel=\"canonical\" href=\"https:\/\/hef.group\/en\/decarbonized-energy\/\" \/>\n<meta property=\"og:locale\" content=\"en_US\" \/>\n<meta property=\"og:type\" content=\"article\" \/>\n<meta property=\"og:title\" content=\"Technological solutions for low-carbon energies | HEF\" \/>\n<meta property=\"og:description\" content=\"Our surface treatments and friction components support the production and use of low-carbon energies.\" \/>\n<meta property=\"og:url\" content=\"https:\/\/hef.group\/en\/decarbonized-energy\/\" \/>\n<meta property=\"og:site_name\" content=\"HEF\" \/>\n<meta property=\"article:modified_time\" content=\"2024-11-05T12:53:32+00:00\" \/>\n<meta property=\"og:image\" content=\"https:\/\/hef.group\/wp-content\/uploads\/2023\/11\/sunrise-3579931_640.jpg\" \/>\n\t<meta property=\"og:image:width\" content=\"640\" \/>\n\t<meta property=\"og:image:height\" content=\"440\" \/>\n\t<meta property=\"og:image:type\" content=\"image\/jpeg\" \/>\n<meta name=\"twitter:card\" content=\"summary_large_image\" \/>\n<meta name=\"twitter:label1\" content=\"Est. reading time\" \/>\n\t<meta name=\"twitter:data1\" content=\"1 minute\" \/>\n<script type=\"application\/ld+json\" class=\"yoast-schema-graph\">{\"@context\":\"https:\\\/\\\/schema.org\",\"@graph\":[{\"@type\":\"WebPage\",\"@id\":\"https:\\\/\\\/hef.group\\\/en\\\/decarbonized-energy\\\/\",\"url\":\"https:\\\/\\\/hef.group\\\/en\\\/decarbonized-energy\\\/\",\"name\":\"Technological solutions for low-carbon energies | HEF\",\"isPartOf\":{\"@id\":\"https:\\\/\\\/hef.group\\\/en\\\/#website\"},\"primaryImageOfPage\":{\"@id\":\"https:\\\/\\\/hef.group\\\/en\\\/decarbonized-energy\\\/#primaryimage\"},\"image\":{\"@id\":\"https:\\\/\\\/hef.group\\\/en\\\/decarbonized-energy\\\/#primaryimage\"},\"thumbnailUrl\":\"https:\\\/\\\/hef.group\\\/wp-content\\\/uploads\\\/2023\\\/11\\\/sunrise-3579931_640.jpg\",\"datePublished\":\"2023-11-27T13:18:03+00:00\",\"dateModified\":\"2024-11-05T12:53:32+00:00\",\"description\":\"Our surface treatments and friction components support the production and use of low-carbon energies.\",\"breadcrumb\":{\"@id\":\"https:\\\/\\\/hef.group\\\/en\\\/decarbonized-energy\\\/#breadcrumb\"},\"inLanguage\":\"en-US\",\"potentialAction\":[{\"@type\":\"ReadAction\",\"target\":[\"https:\\\/\\\/hef.group\\\/en\\\/decarbonized-energy\\\/\"]}]},{\"@type\":\"ImageObject\",\"inLanguage\":\"en-US\",\"@id\":\"https:\\\/\\\/hef.group\\\/en\\\/decarbonized-energy\\\/#primaryimage\",\"url\":\"https:\\\/\\\/hef.group\\\/wp-content\\\/uploads\\\/2023\\\/11\\\/sunrise-3579931_640.jpg\",\"contentUrl\":\"https:\\\/\\\/hef.group\\\/wp-content\\\/uploads\\\/2023\\\/11\\\/sunrise-3579931_640.jpg\",\"width\":640,\"height\":440,\"caption\":\"Energie d\u00e9carbon\u00e9e\"},{\"@type\":\"BreadcrumbList\",\"@id\":\"https:\\\/\\\/hef.group\\\/en\\\/decarbonized-energy\\\/#breadcrumb\",\"itemListElement\":[{\"@type\":\"ListItem\",\"position\":1,\"name\":\"Home\",\"item\":\"https:\\\/\\\/hef.group\\\/en\\\/\"},{\"@type\":\"ListItem\",\"position\":2,\"name\":\"Decarbonized energy\"}]},{\"@type\":\"WebSite\",\"@id\":\"https:\\\/\\\/hef.group\\\/en\\\/#website\",\"url\":\"https:\\\/\\\/hef.group\\\/en\\\/\",\"name\":\"HEF Groupe\",\"description\":\"Leader Mondial en ing\u00e9n\u00e9rie des mat\u00e9riaux de surfaces\",\"publisher\":{\"@id\":\"https:\\\/\\\/hef.group\\\/en\\\/#organization\"},\"potentialAction\":[{\"@type\":\"SearchAction\",\"target\":{\"@type\":\"EntryPoint\",\"urlTemplate\":\"https:\\\/\\\/hef.group\\\/en\\\/?s={search_term_string}\"},\"query-input\":{\"@type\":\"PropertyValueSpecification\",\"valueRequired\":true,\"valueName\":\"search_term_string\"}}],\"inLanguage\":\"en-US\"},{\"@type\":\"Organization\",\"@id\":\"https:\\\/\\\/hef.group\\\/en\\\/#organization\",\"name\":\"HEF Groupe\",\"url\":\"https:\\\/\\\/hef.group\\\/en\\\/\",\"logo\":{\"@type\":\"ImageObject\",\"inLanguage\":\"en-US\",\"@id\":\"https:\\\/\\\/hef.group\\\/en\\\/#\\\/schema\\\/logo\\\/image\\\/\",\"url\":\"https:\\\/\\\/hef.group\\\/wp-content\\\/uploads\\\/2024\\\/02\\\/logo-hef-1.svg\",\"contentUrl\":\"https:\\\/\\\/hef.group\\\/wp-content\\\/uploads\\\/2024\\\/02\\\/logo-hef-1.svg\",\"width\":250,\"height\":60,\"caption\":\"HEF Groupe\"},\"image\":{\"@id\":\"https:\\\/\\\/hef.group\\\/en\\\/#\\\/schema\\\/logo\\\/image\\\/\"}}]}<\/script>\n<!-- \/ Yoast SEO plugin. -->","yoast_head_json":{"title":"Technological solutions for low-carbon energies | HEF","description":"Our surface treatments and friction components support the production and use of low-carbon energies.","robots":{"index":"index","follow":"follow","max-snippet":"max-snippet:-1","max-image-preview":"max-image-preview:large","max-video-preview":"max-video-preview:-1"},"canonical":"https:\/\/hef.group\/en\/decarbonized-energy\/","og_locale":"en_US","og_type":"article","og_title":"Technological solutions for low-carbon energies | HEF","og_description":"Our surface treatments and friction components support the production and use of low-carbon energies.","og_url":"https:\/\/hef.group\/en\/decarbonized-energy\/","og_site_name":"HEF","article_modified_time":"2024-11-05T12:53:32+00:00","og_image":[{"width":640,"height":440,"url":"https:\/\/hef.group\/wp-content\/uploads\/2023\/11\/sunrise-3579931_640.jpg","type":"image\/jpeg"}],"twitter_card":"summary_large_image","twitter_misc":{"Est. reading time":"1 minute"},"schema":{"@context":"https:\/\/schema.org","@graph":[{"@type":"WebPage","@id":"https:\/\/hef.group\/en\/decarbonized-energy\/","url":"https:\/\/hef.group\/en\/decarbonized-energy\/","name":"Technological solutions for low-carbon energies | HEF","isPartOf":{"@id":"https:\/\/hef.group\/en\/#website"},"primaryImageOfPage":{"@id":"https:\/\/hef.group\/en\/decarbonized-energy\/#primaryimage"},"image":{"@id":"https:\/\/hef.group\/en\/decarbonized-energy\/#primaryimage"},"thumbnailUrl":"https:\/\/hef.group\/wp-content\/uploads\/2023\/11\/sunrise-3579931_640.jpg","datePublished":"2023-11-27T13:18:03+00:00","dateModified":"2024-11-05T12:53:32+00:00","description":"Our surface treatments and friction components support the production and use of low-carbon energies.","breadcrumb":{"@id":"https:\/\/hef.group\/en\/decarbonized-energy\/#breadcrumb"},"inLanguage":"en-US","potentialAction":[{"@type":"ReadAction","target":["https:\/\/hef.group\/en\/decarbonized-energy\/"]}]},{"@type":"ImageObject","inLanguage":"en-US","@id":"https:\/\/hef.group\/en\/decarbonized-energy\/#primaryimage","url":"https:\/\/hef.group\/wp-content\/uploads\/2023\/11\/sunrise-3579931_640.jpg","contentUrl":"https:\/\/hef.group\/wp-content\/uploads\/2023\/11\/sunrise-3579931_640.jpg","width":640,"height":440,"caption":"Energie d\u00e9carbon\u00e9e"},{"@type":"BreadcrumbList","@id":"https:\/\/hef.group\/en\/decarbonized-energy\/#breadcrumb","itemListElement":[{"@type":"ListItem","position":1,"name":"Home","item":"https:\/\/hef.group\/en\/"},{"@type":"ListItem","position":2,"name":"Decarbonized energy"}]},{"@type":"WebSite","@id":"https:\/\/hef.group\/en\/#website","url":"https:\/\/hef.group\/en\/","name":"HEF Groupe","description":"Leader Mondial en ing\u00e9n\u00e9rie des mat\u00e9riaux de surfaces","publisher":{"@id":"https:\/\/hef.group\/en\/#organization"},"potentialAction":[{"@type":"SearchAction","target":{"@type":"EntryPoint","urlTemplate":"https:\/\/hef.group\/en\/?s={search_term_string}"},"query-input":{"@type":"PropertyValueSpecification","valueRequired":true,"valueName":"search_term_string"}}],"inLanguage":"en-US"},{"@type":"Organization","@id":"https:\/\/hef.group\/en\/#organization","name":"HEF Groupe","url":"https:\/\/hef.group\/en\/","logo":{"@type":"ImageObject","inLanguage":"en-US","@id":"https:\/\/hef.group\/en\/#\/schema\/logo\/image\/","url":"https:\/\/hef.group\/wp-content\/uploads\/2024\/02\/logo-hef-1.svg","contentUrl":"https:\/\/hef.group\/wp-content\/uploads\/2024\/02\/logo-hef-1.svg","width":250,"height":60,"caption":"HEF Groupe"},"image":{"@id":"https:\/\/hef.group\/en\/#\/schema\/logo\/image\/"}}]}},"_links":{"self":[{"href":"https:\/\/hef.group\/en\/wp-json\/wp\/v2\/pages\/7867","targetHints":{"allow":["GET"]}}],"collection":[{"href":"https:\/\/hef.group\/en\/wp-json\/wp\/v2\/pages"}],"about":[{"href":"https:\/\/hef.group\/en\/wp-json\/wp\/v2\/types\/page"}],"author":[{"embeddable":true,"href":"https:\/\/hef.group\/en\/wp-json\/wp\/v2\/users\/1"}],"replies":[{"embeddable":true,"href":"https:\/\/hef.group\/en\/wp-json\/wp\/v2\/comments?post=7867"}],"version-history":[{"count":5,"href":"https:\/\/hef.group\/en\/wp-json\/wp\/v2\/pages\/7867\/revisions"}],"predecessor-version":[{"id":11473,"href":"https:\/\/hef.group\/en\/wp-json\/wp\/v2\/pages\/7867\/revisions\/11473"}],"wp:featuredmedia":[{"embeddable":true,"href":"https:\/\/hef.group\/en\/wp-json\/wp\/v2\/media\/7868"}],"wp:attachment":[{"href":"https:\/\/hef.group\/en\/wp-json\/wp\/v2\/media?parent=7867"}],"curies":[{"name":"wp","href":"https:\/\/api.w.org\/{rel}","templated":true}]}}