{"id":8892,"date":"2024-05-13T15:34:41","date_gmt":"2024-05-13T13:34:41","guid":{"rendered":"https:\/\/hef.group\/sels-et-traitements\/"},"modified":"2024-12-06T09:26:41","modified_gmt":"2024-12-06T08:26:41","slug":"salts-and-treatments","status":"publish","type":"page","link":"https:\/\/hef.group\/en\/salts-and-treatments\/","title":{"rendered":"Salts and equipments"},"content":{"rendered":"\n<div style=\"height:57px\" aria-hidden=\"true\" class=\"wp-block-spacer\"><\/div>\n\n\n<section class=\"axblock-textandimg white-bg\">\n    <div class=\"ax-textandimg\">\n        <div class=\"container ax-textandimg-container content-right \">\n            <div class=\"ax-textandimg-content\" style=\"--numberColumns: 2\">\n                                                    <div class=\"text-content\">\n                        <p><strong>The wide variety of HEF Durferrit salts can be used in molten form within a temperature range of 150\u00b0C to 1300\u00b0C.<\/strong><\/p>\n<p>&nbsp;<\/p>\n<p><strong>Uniform heat transfer<\/strong>\u00a0and high heat capacity give extremely short treating and processing times, good dimensional stability and low distortion.<\/p>\n<p>&nbsp;<\/p>\n<ul>\n<li><strong>The flexibility<\/strong>\u00a0made possible by using open, always accessible heat treating plants which do not require treatment to be carried out in batches.<\/li>\n<\/ul>\n<p>&nbsp;<\/p>\n<ul>\n<li><strong>Quality<\/strong>: setting the benchmark for wear and corrosion resistance as well as for toughness<\/li>\n<\/ul>\n<p>&nbsp;<\/p>\n<ul>\n<li><strong>High degree of automation<\/strong>\u00a0of salt bath plants, depending on customer requirements.<\/li>\n<\/ul>\n<p>&nbsp;<\/p>\n<ul>\n<li><strong>Wide range of use<\/strong>, in other words various kinds of heat treatments in one plant. A temperature range of 150\u00b0C &#8211; 1300\u00b0C can be covered by salts.<\/li>\n<\/ul>\n<p>&nbsp;<\/p>\n<ul>\n<li><strong>Protection:<\/strong>\u00a0Heat treatment virtually free from oxidation and decarburization.<\/li>\n<\/ul>\n<p>&nbsp;<\/p>\n<ul>\n<li><strong>Productivity:<\/strong>\u00a0through quick plant availability and correspondingly high throughput per time unit.<\/li>\n<\/ul>\n<p>&nbsp;<\/p>\n<ul>\n<li><strong>User-friendly<\/strong>\u00a0thanks to well thought out, proven, maintenance-friendly and easy to operate plant technology.<\/li>\n<\/ul>\n<p>&nbsp;<\/p>\n<ul>\n<li><strong>Process safety<\/strong>\u00a0thanks to simple process technology and the uniform physical and chemical properties of salt melts.<\/li>\n<\/ul>\n                    <\/div>\n                                            <\/div>\n\n\t        <div class=\"ax-textandimg-medias-container\">\n\t            \t                \t                    <div class=\"ax-textandimg-img cover\">\n\t                        <img decoding=\"async\" width=\"1920\" height=\"1280\" src=\"https:\/\/hef.group\/wp-content\/uploads\/2024\/07\/shutterstock_1266984061.jpg\" class=\"attachment-full size-full\" alt=\"\" srcset=\"https:\/\/hef.group\/wp-content\/uploads\/2024\/07\/shutterstock_1266984061.jpg 1920w, https:\/\/hef.group\/wp-content\/uploads\/2024\/07\/shutterstock_1266984061-300x200.jpg 300w, https:\/\/hef.group\/wp-content\/uploads\/2024\/07\/shutterstock_1266984061-1024x683.jpg 1024w, https:\/\/hef.group\/wp-content\/uploads\/2024\/07\/shutterstock_1266984061-768x512.jpg 768w, https:\/\/hef.group\/wp-content\/uploads\/2024\/07\/shutterstock_1266984061-1536x1024.jpg 1536w\" sizes=\"(max-width: 1920px) 100vw, 1920px\" \/>\t                    <\/div>\n\t                                    \t            \n\t\t        \t        <\/div>\n        <\/div>\n    <\/div>\n<\/section>\n","protected":false},"excerpt":{"rendered":"","protected":false},"author":1,"featured_media":0,"parent":0,"menu_order":0,"comment_status":"closed","ping_status":"closed","template":"template-sels-traitements.php","meta":{"_acf_changed":false,"inline_featured_image":false,"footnotes":""},"class_list":["post-8892","page","type-page","status-publish","hentry"],"acf":[],"yoast_head":"<!-- This site is optimized with the Yoast SEO plugin v27.4 - https:\/\/yoast.com\/product\/yoast-seo-wordpress\/ -->\n<title>Sels de nitruration et produits chimiques | HEF<\/title>\n<meta name=\"description\" content=\"HEF est un fournisseur de sels de nitruration et de nombreux autres produits chimiques de traitement thermique pour la nitrocarburation etc.\" \/>\n<meta name=\"robots\" content=\"index, follow, max-snippet:-1, max-image-preview:large, max-video-preview:-1\" \/>\n<link rel=\"canonical\" href=\"https:\/\/hef.group\/en\/salts-and-treatments\/\" \/>\n<meta property=\"og:locale\" content=\"en_US\" \/>\n<meta property=\"og:type\" content=\"article\" \/>\n<meta property=\"og:title\" content=\"Sels de nitruration et produits chimiques | HEF\" \/>\n<meta property=\"og:description\" content=\"HEF est un fournisseur de sels de nitruration et de nombreux autres produits chimiques de traitement thermique pour la nitrocarburation etc.\" \/>\n<meta property=\"og:url\" content=\"https:\/\/hef.group\/en\/salts-and-treatments\/\" \/>\n<meta property=\"og:site_name\" content=\"HEF\" \/>\n<meta property=\"article:modified_time\" content=\"2024-12-06T08:26:41+00:00\" \/>\n<meta name=\"twitter:card\" content=\"summary_large_image\" \/>\n<script type=\"application\/ld+json\" class=\"yoast-schema-graph\">{\"@context\":\"https:\\\/\\\/schema.org\",\"@graph\":[{\"@type\":\"WebPage\",\"@id\":\"https:\\\/\\\/hef.group\\\/en\\\/salts-and-treatments\\\/\",\"url\":\"https:\\\/\\\/hef.group\\\/en\\\/salts-and-treatments\\\/\",\"name\":\"Sels de nitruration et produits chimiques | HEF\",\"isPartOf\":{\"@id\":\"https:\\\/\\\/hef.group\\\/en\\\/#website\"},\"datePublished\":\"2024-05-13T13:34:41+00:00\",\"dateModified\":\"2024-12-06T08:26:41+00:00\",\"description\":\"HEF est un fournisseur de sels de nitruration et de nombreux autres produits chimiques de traitement thermique pour la nitrocarburation etc.\",\"breadcrumb\":{\"@id\":\"https:\\\/\\\/hef.group\\\/en\\\/salts-and-treatments\\\/#breadcrumb\"},\"inLanguage\":\"en-US\",\"potentialAction\":[{\"@type\":\"ReadAction\",\"target\":[\"https:\\\/\\\/hef.group\\\/en\\\/salts-and-treatments\\\/\"]}]},{\"@type\":\"BreadcrumbList\",\"@id\":\"https:\\\/\\\/hef.group\\\/en\\\/salts-and-treatments\\\/#breadcrumb\",\"itemListElement\":[{\"@type\":\"ListItem\",\"position\":1,\"name\":\"Home\",\"item\":\"https:\\\/\\\/hef.group\\\/en\\\/\"},{\"@type\":\"ListItem\",\"position\":2,\"name\":\"Salts and equipments\"}]},{\"@type\":\"WebSite\",\"@id\":\"https:\\\/\\\/hef.group\\\/en\\\/#website\",\"url\":\"https:\\\/\\\/hef.group\\\/en\\\/\",\"name\":\"HEF Groupe\",\"description\":\"Leader Mondial en ing\u00e9n\u00e9rie des mat\u00e9riaux de surfaces\",\"publisher\":{\"@id\":\"https:\\\/\\\/hef.group\\\/en\\\/#organization\"},\"potentialAction\":[{\"@type\":\"SearchAction\",\"target\":{\"@type\":\"EntryPoint\",\"urlTemplate\":\"https:\\\/\\\/hef.group\\\/en\\\/?s={search_term_string}\"},\"query-input\":{\"@type\":\"PropertyValueSpecification\",\"valueRequired\":true,\"valueName\":\"search_term_string\"}}],\"inLanguage\":\"en-US\"},{\"@type\":\"Organization\",\"@id\":\"https:\\\/\\\/hef.group\\\/en\\\/#organization\",\"name\":\"HEF Groupe\",\"url\":\"https:\\\/\\\/hef.group\\\/en\\\/\",\"logo\":{\"@type\":\"ImageObject\",\"inLanguage\":\"en-US\",\"@id\":\"https:\\\/\\\/hef.group\\\/en\\\/#\\\/schema\\\/logo\\\/image\\\/\",\"url\":\"https:\\\/\\\/hef.group\\\/wp-content\\\/uploads\\\/2024\\\/02\\\/logo-hef-1.svg\",\"contentUrl\":\"https:\\\/\\\/hef.group\\\/wp-content\\\/uploads\\\/2024\\\/02\\\/logo-hef-1.svg\",\"width\":250,\"height\":60,\"caption\":\"HEF Groupe\"},\"image\":{\"@id\":\"https:\\\/\\\/hef.group\\\/en\\\/#\\\/schema\\\/logo\\\/image\\\/\"}}]}<\/script>\n<!-- \/ Yoast SEO plugin. -->","yoast_head_json":{"title":"Sels de nitruration et produits chimiques | HEF","description":"HEF est un fournisseur de sels de nitruration et de nombreux autres produits chimiques de traitement thermique pour la nitrocarburation etc.","robots":{"index":"index","follow":"follow","max-snippet":"max-snippet:-1","max-image-preview":"max-image-preview:large","max-video-preview":"max-video-preview:-1"},"canonical":"https:\/\/hef.group\/en\/salts-and-treatments\/","og_locale":"en_US","og_type":"article","og_title":"Sels de nitruration et produits chimiques | HEF","og_description":"HEF est un fournisseur de sels de nitruration et de nombreux autres produits chimiques de traitement thermique pour la nitrocarburation etc.","og_url":"https:\/\/hef.group\/en\/salts-and-treatments\/","og_site_name":"HEF","article_modified_time":"2024-12-06T08:26:41+00:00","twitter_card":"summary_large_image","schema":{"@context":"https:\/\/schema.org","@graph":[{"@type":"WebPage","@id":"https:\/\/hef.group\/en\/salts-and-treatments\/","url":"https:\/\/hef.group\/en\/salts-and-treatments\/","name":"Sels de nitruration et produits chimiques | HEF","isPartOf":{"@id":"https:\/\/hef.group\/en\/#website"},"datePublished":"2024-05-13T13:34:41+00:00","dateModified":"2024-12-06T08:26:41+00:00","description":"HEF est un fournisseur de sels de nitruration et de nombreux autres produits chimiques de traitement thermique pour la nitrocarburation etc.","breadcrumb":{"@id":"https:\/\/hef.group\/en\/salts-and-treatments\/#breadcrumb"},"inLanguage":"en-US","potentialAction":[{"@type":"ReadAction","target":["https:\/\/hef.group\/en\/salts-and-treatments\/"]}]},{"@type":"BreadcrumbList","@id":"https:\/\/hef.group\/en\/salts-and-treatments\/#breadcrumb","itemListElement":[{"@type":"ListItem","position":1,"name":"Home","item":"https:\/\/hef.group\/en\/"},{"@type":"ListItem","position":2,"name":"Salts and equipments"}]},{"@type":"WebSite","@id":"https:\/\/hef.group\/en\/#website","url":"https:\/\/hef.group\/en\/","name":"HEF Groupe","description":"Leader Mondial en ing\u00e9n\u00e9rie des mat\u00e9riaux de surfaces","publisher":{"@id":"https:\/\/hef.group\/en\/#organization"},"potentialAction":[{"@type":"SearchAction","target":{"@type":"EntryPoint","urlTemplate":"https:\/\/hef.group\/en\/?s={search_term_string}"},"query-input":{"@type":"PropertyValueSpecification","valueRequired":true,"valueName":"search_term_string"}}],"inLanguage":"en-US"},{"@type":"Organization","@id":"https:\/\/hef.group\/en\/#organization","name":"HEF Groupe","url":"https:\/\/hef.group\/en\/","logo":{"@type":"ImageObject","inLanguage":"en-US","@id":"https:\/\/hef.group\/en\/#\/schema\/logo\/image\/","url":"https:\/\/hef.group\/wp-content\/uploads\/2024\/02\/logo-hef-1.svg","contentUrl":"https:\/\/hef.group\/wp-content\/uploads\/2024\/02\/logo-hef-1.svg","width":250,"height":60,"caption":"HEF Groupe"},"image":{"@id":"https:\/\/hef.group\/en\/#\/schema\/logo\/image\/"}}]}},"_links":{"self":[{"href":"https:\/\/hef.group\/en\/wp-json\/wp\/v2\/pages\/8892","targetHints":{"allow":["GET"]}}],"collection":[{"href":"https:\/\/hef.group\/en\/wp-json\/wp\/v2\/pages"}],"about":[{"href":"https:\/\/hef.group\/en\/wp-json\/wp\/v2\/types\/page"}],"author":[{"embeddable":true,"href":"https:\/\/hef.group\/en\/wp-json\/wp\/v2\/users\/1"}],"replies":[{"embeddable":true,"href":"https:\/\/hef.group\/en\/wp-json\/wp\/v2\/comments?post=8892"}],"version-history":[{"count":3,"href":"https:\/\/hef.group\/en\/wp-json\/wp\/v2\/pages\/8892\/revisions"}],"predecessor-version":[{"id":11845,"href":"https:\/\/hef.group\/en\/wp-json\/wp\/v2\/pages\/8892\/revisions\/11845"}],"wp:attachment":[{"href":"https:\/\/hef.group\/en\/wp-json\/wp\/v2\/media?parent=8892"}],"curies":[{"name":"wp","href":"https:\/\/api.w.org\/{rel}","templated":true}]}}