{"id":9128,"date":"2023-11-27T14:53:23","date_gmt":"2023-11-27T13:53:23","guid":{"rendered":"https:\/\/hef.group\/agriculture\/"},"modified":"2024-10-25T11:28:46","modified_gmt":"2024-10-25T09:28:46","slug":"agriculture","status":"publish","type":"page","link":"https:\/\/hef.group\/en\/our-solutions-by-market\/surface-treatments-for-mobility\/agriculture\/","title":{"rendered":"Agriculture"},"content":{"rendered":"<section class=\"axblock-gallery white-bg\">\n    <div class=\"ax-gallery\">\n        <div class=\"container ax-gallery-container content-left \" style=\"--heightBlock : 300px\">\n            <div class=\"ax-gallery-content\" style=\"--numberColumns: 2\">\n                                                    <div class=\"text-content\">\n                        <p><span data-contrast=\"auto\">HEF develops solutions designed especially for agricultural machinery, focused on optimizing performance and extending the service life of equipment subjected to extreme conditions.<\/span><span data-ccp-props=\"{&quot;201341983&quot;:0,&quot;335559739&quot;:0,&quot;335559740&quot;:279}\">\u00a0<\/span><\/p>\n<p><span data-contrast=\"auto\">\u00a0<\/span><span data-ccp-props=\"{&quot;201341983&quot;:0,&quot;335559739&quot;:0,&quot;335559740&quot;:279}\">\u00a0<\/span><\/p>\n<p><b><span data-contrast=\"auto\">Our maintenance-free agricultural machinery friction components are specially adapted to abrasive environments and offer exceptional abrasion resistance and wear resistance, even under heavy load. They also offer properties that prevent seizing and can be completely customized to meet more specific requirements.<\/span><\/b><span data-ccp-props=\"{&quot;201341983&quot;:0,&quot;335559739&quot;:0,&quot;335559740&quot;:279}\">\u00a0<\/span><\/p>\n<p><span data-contrast=\"auto\">\u00a0<\/span><span data-ccp-props=\"{&quot;201341983&quot;:0,&quot;335559739&quot;:0,&quot;335559740&quot;:279}\">\u00a0<\/span><\/p>\n<p><span data-contrast=\"auto\">The <\/span><b><span data-contrast=\"auto\">PEL\u00ae steel friction components for high loads <\/span><\/b><span data-contrast=\"auto\">are characterized by their high load resistance, extended lubrication intervals, and their protection against abrasion, seizing, and impact. In addition, they offer resistance to high temperatures and corrosion and are maintenance-free.\u00a0<\/span><span data-ccp-props=\"{&quot;201341983&quot;:0,&quot;335559739&quot;:0,&quot;335559740&quot;:279}\">\u00a0<\/span><\/p>\n<p><span data-contrast=\"auto\">The <\/span><b><span data-contrast=\"auto\">composite H-LINER \u00ae range of maintenance-free friction components,<\/span><\/b><span data-contrast=\"auto\">, offers resistance to medium and high load, low coefficients of friction, a low wear rate, machinability, reduced weight, minimal water absorption, and abrasion resistance. These components are primarily used on seeders, ploughs, stubble cultivators, harrows, harvesters, etc. <\/span><span data-ccp-props=\"{&quot;201341983&quot;:0,&quot;335559739&quot;:0,&quot;335559740&quot;:279}\">\u00a0<\/span><\/p>\n<p><span data-ccp-props=\"{&quot;201341983&quot;:0,&quot;335559739&quot;:0,&quot;335559740&quot;:279}\">\u00a0<\/span><\/p>\n<p><span data-contrast=\"auto\">Our CLIN\u2122 treatments are applied on various agricultural machinery components to extend the service life and ensure proper operation of these components. Whether on hydraulic valve <\/span><b><span data-contrast=\"auto\">components<\/span><\/b> <b><span data-contrast=\"auto\">or on hinge pins<\/span><\/b><span data-contrast=\"auto\">, <\/span><b><span data-contrast=\"auto\">CLIN\u2122 technologies significantly increase protection against <\/span><\/b><span data-contrast=\"auto\">.<\/span><span data-ccp-props=\"{&quot;201341983&quot;:0,&quot;335559739&quot;:0,&quot;335559740&quot;:279}\">\u00a0<\/span><\/p>\n<p><span data-ccp-props=\"{&quot;201341983&quot;:0,&quot;335559739&quot;:0,&quot;335559740&quot;:279}\">\u00a0<\/span><\/p>\n<p><b><span data-contrast=\"auto\">HEF offers viable and innovative farming solutions that maximize the efficiency of your agricultural machines.<\/span><\/b><span data-ccp-props=\"{&quot;201341983&quot;:0,&quot;335559739&quot;:0,&quot;335559740&quot;:279}\">\u00a0<\/span><\/p>\n                    <\/div>\n                                                    <div class=\"btn-gallery\">\n                                                    <a class=\"btn btn-gradient-second btn-block-gallery\"\n                               href=\"https:\/\/hef.group\/en\/contact\/\"\n                                 target=\"\"\n                               >Contact our experts<\/a>\n                                                                            <a class=\"btn btn-gradient-second btn-block-gallery\"\n                               href=\"https:\/\/hef.group\/wp-content\/uploads\/2024\/10\/farming_data_sheet_compressed.pdf\"\n                                target=\"_blank\"\n                               >Download our brochure<\/a>\n                                            <\/div>\n                            <\/div>\n\n            <div class=\"ax-gallery-medias-container\">\n                                        <div class=\"gallery-item\"><img decoding=\"async\" width=\"768\" height=\"512\" src=\"https:\/\/hef.group\/wp-content\/uploads\/2024\/06\/shutterstock_1923229541-1-768x512.jpg\" class=\"attachment-medium_large size-medium_large\" alt=\"\" srcset=\"https:\/\/hef.group\/wp-content\/uploads\/2024\/06\/shutterstock_1923229541-1-768x512.jpg 768w, https:\/\/hef.group\/wp-content\/uploads\/2024\/06\/shutterstock_1923229541-1-300x200.jpg 300w, https:\/\/hef.group\/wp-content\/uploads\/2024\/06\/shutterstock_1923229541-1-1024x683.jpg 1024w, https:\/\/hef.group\/wp-content\/uploads\/2024\/06\/shutterstock_1923229541-1-1536x1024.jpg 1536w, https:\/\/hef.group\/wp-content\/uploads\/2024\/06\/shutterstock_1923229541-1.jpg 1920w\" sizes=\"(max-width: 768px) 100vw, 768px\" \/><\/div><div class=\"gallery-item\"><img decoding=\"async\" width=\"768\" height=\"472\" src=\"https:\/\/hef.group\/wp-content\/uploads\/2024\/07\/shutterstock_2183484211-768x472.jpg\" class=\"attachment-medium_large size-medium_large\" alt=\"\" srcset=\"https:\/\/hef.group\/wp-content\/uploads\/2024\/07\/shutterstock_2183484211-768x472.jpg 768w, https:\/\/hef.group\/wp-content\/uploads\/2024\/07\/shutterstock_2183484211-300x185.jpg 300w, https:\/\/hef.group\/wp-content\/uploads\/2024\/07\/shutterstock_2183484211-1024x630.jpg 1024w, https:\/\/hef.group\/wp-content\/uploads\/2024\/07\/shutterstock_2183484211-1536x945.jpg 1536w, https:\/\/hef.group\/wp-content\/uploads\/2024\/07\/shutterstock_2183484211.jpg 1920w\" sizes=\"(max-width: 768px) 100vw, 768px\" \/><\/div>                            <\/div>\n        <\/div>\n    <\/div>\n<\/section>\n","protected":false},"excerpt":{"rendered":"","protected":false},"author":6,"featured_media":9129,"parent":10301,"menu_order":0,"comment_status":"closed","ping_status":"closed","template":"","meta":{"_acf_changed":false,"inline_featured_image":false,"footnotes":""},"class_list":["post-9128","page","type-page","status-publish","has-post-thumbnail","hentry"],"acf":[],"yoast_head":"<!-- This site is optimized with the Yoast SEO plugin v27.3 - https:\/\/yoast.com\/product\/yoast-seo-wordpress\/ -->\n<title>Innovative agricultural machinery friction components and solutions | HEF<\/title>\n<meta name=\"description\" content=\"HEF develops solutions, agricultural machinery friction components and treatments to optimize performance and extend the service life of agricultural equipment.\" \/>\n<meta name=\"robots\" content=\"index, follow, max-snippet:-1, max-image-preview:large, max-video-preview:-1\" \/>\n<link rel=\"canonical\" href=\"https:\/\/hef.group\/en\/our-solutions-by-market\/surface-treatments-for-mobility\/agriculture\/\" \/>\n<meta property=\"og:locale\" content=\"en_US\" \/>\n<meta property=\"og:type\" content=\"article\" \/>\n<meta property=\"og:title\" content=\"Innovative agricultural machinery friction components and solutions | HEF\" \/>\n<meta property=\"og:description\" content=\"HEF develops solutions, agricultural machinery friction components and treatments to optimize performance and extend the service life of agricultural equipment.\" \/>\n<meta property=\"og:url\" content=\"https:\/\/hef.group\/en\/our-solutions-by-market\/surface-treatments-for-mobility\/agriculture\/\" \/>\n<meta property=\"og:site_name\" content=\"HEF\" \/>\n<meta property=\"article:modified_time\" content=\"2024-10-25T09:28:46+00:00\" \/>\n<meta property=\"og:image\" content=\"https:\/\/hef.group\/wp-content\/uploads\/2023\/11\/pexels-tom-fisk-10838605-scaled.jpg\" \/>\n\t<meta property=\"og:image:width\" content=\"2560\" \/>\n\t<meta property=\"og:image:height\" content=\"1710\" \/>\n\t<meta property=\"og:image:type\" content=\"image\/jpeg\" \/>\n<meta name=\"twitter:card\" content=\"summary_large_image\" \/>\n<meta name=\"twitter:label1\" content=\"Est. reading time\" \/>\n\t<meta name=\"twitter:data1\" content=\"1 minute\" \/>\n<script type=\"application\/ld+json\" class=\"yoast-schema-graph\">{\"@context\":\"https:\\\/\\\/schema.org\",\"@graph\":[{\"@type\":\"WebPage\",\"@id\":\"https:\\\/\\\/hef.group\\\/en\\\/our-solutions-by-market\\\/surface-treatments-for-mobility\\\/agriculture\\\/\",\"url\":\"https:\\\/\\\/hef.group\\\/en\\\/our-solutions-by-market\\\/surface-treatments-for-mobility\\\/agriculture\\\/\",\"name\":\"Innovative agricultural machinery friction components and solutions | HEF\",\"isPartOf\":{\"@id\":\"https:\\\/\\\/hef.group\\\/en\\\/#website\"},\"primaryImageOfPage\":{\"@id\":\"https:\\\/\\\/hef.group\\\/en\\\/our-solutions-by-market\\\/surface-treatments-for-mobility\\\/agriculture\\\/#primaryimage\"},\"image\":{\"@id\":\"https:\\\/\\\/hef.group\\\/en\\\/our-solutions-by-market\\\/surface-treatments-for-mobility\\\/agriculture\\\/#primaryimage\"},\"thumbnailUrl\":\"https:\\\/\\\/hef.group\\\/wp-content\\\/uploads\\\/2023\\\/11\\\/pexels-tom-fisk-10838605-scaled.jpg\",\"datePublished\":\"2023-11-27T13:53:23+00:00\",\"dateModified\":\"2024-10-25T09:28:46+00:00\",\"description\":\"HEF develops solutions, agricultural machinery friction components and treatments to optimize performance and extend the service life of agricultural equipment.\",\"breadcrumb\":{\"@id\":\"https:\\\/\\\/hef.group\\\/en\\\/our-solutions-by-market\\\/surface-treatments-for-mobility\\\/agriculture\\\/#breadcrumb\"},\"inLanguage\":\"en-US\",\"potentialAction\":[{\"@type\":\"ReadAction\",\"target\":[\"https:\\\/\\\/hef.group\\\/en\\\/our-solutions-by-market\\\/surface-treatments-for-mobility\\\/agriculture\\\/\"]}]},{\"@type\":\"ImageObject\",\"inLanguage\":\"en-US\",\"@id\":\"https:\\\/\\\/hef.group\\\/en\\\/our-solutions-by-market\\\/surface-treatments-for-mobility\\\/agriculture\\\/#primaryimage\",\"url\":\"https:\\\/\\\/hef.group\\\/wp-content\\\/uploads\\\/2023\\\/11\\\/pexels-tom-fisk-10838605-scaled.jpg\",\"contentUrl\":\"https:\\\/\\\/hef.group\\\/wp-content\\\/uploads\\\/2023\\\/11\\\/pexels-tom-fisk-10838605-scaled.jpg\",\"width\":2560,\"height\":1710},{\"@type\":\"BreadcrumbList\",\"@id\":\"https:\\\/\\\/hef.group\\\/en\\\/our-solutions-by-market\\\/surface-treatments-for-mobility\\\/agriculture\\\/#breadcrumb\",\"itemListElement\":[{\"@type\":\"ListItem\",\"position\":1,\"name\":\"Home\",\"item\":\"https:\\\/\\\/hef.group\\\/en\\\/\"},{\"@type\":\"ListItem\",\"position\":2,\"name\":\"Our solutions by market\",\"item\":\"https:\\\/\\\/hef.group\\\/en\\\/our-solutions-by-market\\\/\"},{\"@type\":\"ListItem\",\"position\":3,\"name\":\"Surface treatments for mobility\",\"item\":\"https:\\\/\\\/hef.group\\\/en\\\/our-solutions-by-market\\\/surface-treatments-for-mobility\\\/\"},{\"@type\":\"ListItem\",\"position\":4,\"name\":\"Agriculture\"}]},{\"@type\":\"WebSite\",\"@id\":\"https:\\\/\\\/hef.group\\\/en\\\/#website\",\"url\":\"https:\\\/\\\/hef.group\\\/en\\\/\",\"name\":\"HEF Groupe\",\"description\":\"Leader Mondial en ing\u00e9n\u00e9rie des mat\u00e9riaux de surfaces\",\"publisher\":{\"@id\":\"https:\\\/\\\/hef.group\\\/en\\\/#organization\"},\"potentialAction\":[{\"@type\":\"SearchAction\",\"target\":{\"@type\":\"EntryPoint\",\"urlTemplate\":\"https:\\\/\\\/hef.group\\\/en\\\/?s={search_term_string}\"},\"query-input\":{\"@type\":\"PropertyValueSpecification\",\"valueRequired\":true,\"valueName\":\"search_term_string\"}}],\"inLanguage\":\"en-US\"},{\"@type\":\"Organization\",\"@id\":\"https:\\\/\\\/hef.group\\\/en\\\/#organization\",\"name\":\"HEF Groupe\",\"url\":\"https:\\\/\\\/hef.group\\\/en\\\/\",\"logo\":{\"@type\":\"ImageObject\",\"inLanguage\":\"en-US\",\"@id\":\"https:\\\/\\\/hef.group\\\/en\\\/#\\\/schema\\\/logo\\\/image\\\/\",\"url\":\"https:\\\/\\\/hef.group\\\/wp-content\\\/uploads\\\/2024\\\/02\\\/logo-hef-1.svg\",\"contentUrl\":\"https:\\\/\\\/hef.group\\\/wp-content\\\/uploads\\\/2024\\\/02\\\/logo-hef-1.svg\",\"width\":250,\"height\":60,\"caption\":\"HEF Groupe\"},\"image\":{\"@id\":\"https:\\\/\\\/hef.group\\\/en\\\/#\\\/schema\\\/logo\\\/image\\\/\"}}]}<\/script>\n<!-- \/ Yoast SEO plugin. -->","yoast_head_json":{"title":"Innovative agricultural machinery friction components and solutions | HEF","description":"HEF develops solutions, agricultural machinery friction components and treatments to optimize performance and extend the service life of agricultural equipment.","robots":{"index":"index","follow":"follow","max-snippet":"max-snippet:-1","max-image-preview":"max-image-preview:large","max-video-preview":"max-video-preview:-1"},"canonical":"https:\/\/hef.group\/en\/our-solutions-by-market\/surface-treatments-for-mobility\/agriculture\/","og_locale":"en_US","og_type":"article","og_title":"Innovative agricultural machinery friction components and solutions | HEF","og_description":"HEF develops solutions, agricultural machinery friction components and treatments to optimize performance and extend the service life of agricultural equipment.","og_url":"https:\/\/hef.group\/en\/our-solutions-by-market\/surface-treatments-for-mobility\/agriculture\/","og_site_name":"HEF","article_modified_time":"2024-10-25T09:28:46+00:00","og_image":[{"width":2560,"height":1710,"url":"https:\/\/hef.group\/wp-content\/uploads\/2023\/11\/pexels-tom-fisk-10838605-scaled.jpg","type":"image\/jpeg"}],"twitter_card":"summary_large_image","twitter_misc":{"Est. reading time":"1 minute"},"schema":{"@context":"https:\/\/schema.org","@graph":[{"@type":"WebPage","@id":"https:\/\/hef.group\/en\/our-solutions-by-market\/surface-treatments-for-mobility\/agriculture\/","url":"https:\/\/hef.group\/en\/our-solutions-by-market\/surface-treatments-for-mobility\/agriculture\/","name":"Innovative agricultural machinery friction components and solutions | HEF","isPartOf":{"@id":"https:\/\/hef.group\/en\/#website"},"primaryImageOfPage":{"@id":"https:\/\/hef.group\/en\/our-solutions-by-market\/surface-treatments-for-mobility\/agriculture\/#primaryimage"},"image":{"@id":"https:\/\/hef.group\/en\/our-solutions-by-market\/surface-treatments-for-mobility\/agriculture\/#primaryimage"},"thumbnailUrl":"https:\/\/hef.group\/wp-content\/uploads\/2023\/11\/pexels-tom-fisk-10838605-scaled.jpg","datePublished":"2023-11-27T13:53:23+00:00","dateModified":"2024-10-25T09:28:46+00:00","description":"HEF develops solutions, agricultural machinery friction components and treatments to optimize performance and extend the service life of agricultural equipment.","breadcrumb":{"@id":"https:\/\/hef.group\/en\/our-solutions-by-market\/surface-treatments-for-mobility\/agriculture\/#breadcrumb"},"inLanguage":"en-US","potentialAction":[{"@type":"ReadAction","target":["https:\/\/hef.group\/en\/our-solutions-by-market\/surface-treatments-for-mobility\/agriculture\/"]}]},{"@type":"ImageObject","inLanguage":"en-US","@id":"https:\/\/hef.group\/en\/our-solutions-by-market\/surface-treatments-for-mobility\/agriculture\/#primaryimage","url":"https:\/\/hef.group\/wp-content\/uploads\/2023\/11\/pexels-tom-fisk-10838605-scaled.jpg","contentUrl":"https:\/\/hef.group\/wp-content\/uploads\/2023\/11\/pexels-tom-fisk-10838605-scaled.jpg","width":2560,"height":1710},{"@type":"BreadcrumbList","@id":"https:\/\/hef.group\/en\/our-solutions-by-market\/surface-treatments-for-mobility\/agriculture\/#breadcrumb","itemListElement":[{"@type":"ListItem","position":1,"name":"Home","item":"https:\/\/hef.group\/en\/"},{"@type":"ListItem","position":2,"name":"Our solutions by market","item":"https:\/\/hef.group\/en\/our-solutions-by-market\/"},{"@type":"ListItem","position":3,"name":"Surface treatments for mobility","item":"https:\/\/hef.group\/en\/our-solutions-by-market\/surface-treatments-for-mobility\/"},{"@type":"ListItem","position":4,"name":"Agriculture"}]},{"@type":"WebSite","@id":"https:\/\/hef.group\/en\/#website","url":"https:\/\/hef.group\/en\/","name":"HEF Groupe","description":"Leader Mondial en ing\u00e9n\u00e9rie des mat\u00e9riaux de surfaces","publisher":{"@id":"https:\/\/hef.group\/en\/#organization"},"potentialAction":[{"@type":"SearchAction","target":{"@type":"EntryPoint","urlTemplate":"https:\/\/hef.group\/en\/?s={search_term_string}"},"query-input":{"@type":"PropertyValueSpecification","valueRequired":true,"valueName":"search_term_string"}}],"inLanguage":"en-US"},{"@type":"Organization","@id":"https:\/\/hef.group\/en\/#organization","name":"HEF Groupe","url":"https:\/\/hef.group\/en\/","logo":{"@type":"ImageObject","inLanguage":"en-US","@id":"https:\/\/hef.group\/en\/#\/schema\/logo\/image\/","url":"https:\/\/hef.group\/wp-content\/uploads\/2024\/02\/logo-hef-1.svg","contentUrl":"https:\/\/hef.group\/wp-content\/uploads\/2024\/02\/logo-hef-1.svg","width":250,"height":60,"caption":"HEF Groupe"},"image":{"@id":"https:\/\/hef.group\/en\/#\/schema\/logo\/image\/"}}]}},"_links":{"self":[{"href":"https:\/\/hef.group\/en\/wp-json\/wp\/v2\/pages\/9128","targetHints":{"allow":["GET"]}}],"collection":[{"href":"https:\/\/hef.group\/en\/wp-json\/wp\/v2\/pages"}],"about":[{"href":"https:\/\/hef.group\/en\/wp-json\/wp\/v2\/types\/page"}],"author":[{"embeddable":true,"href":"https:\/\/hef.group\/en\/wp-json\/wp\/v2\/users\/6"}],"replies":[{"embeddable":true,"href":"https:\/\/hef.group\/en\/wp-json\/wp\/v2\/comments?post=9128"}],"version-history":[{"count":4,"href":"https:\/\/hef.group\/en\/wp-json\/wp\/v2\/pages\/9128\/revisions"}],"predecessor-version":[{"id":10332,"href":"https:\/\/hef.group\/en\/wp-json\/wp\/v2\/pages\/9128\/revisions\/10332"}],"up":[{"embeddable":true,"href":"https:\/\/hef.group\/en\/wp-json\/wp\/v2\/pages\/10301"}],"wp:featuredmedia":[{"embeddable":true,"href":"https:\/\/hef.group\/en\/wp-json\/wp\/v2\/media\/9129"}],"wp:attachment":[{"href":"https:\/\/hef.group\/en\/wp-json\/wp\/v2\/media?parent=9128"}],"curies":[{"name":"wp","href":"https:\/\/api.w.org\/{rel}","templated":true}]}}