{"id":9135,"date":"2024-04-17T15:42:51","date_gmt":"2024-04-17T13:42:51","guid":{"rendered":"https:\/\/hef.group\/military-aerospace\/"},"modified":"2024-10-25T10:24:48","modified_gmt":"2024-10-25T08:24:48","slug":"military-aerospace","status":"publish","type":"page","link":"https:\/\/hef.group\/en\/defense-aerospace\/military-aerospace\/","title":{"rendered":"Optical military and aerospace solutions"},"content":{"rendered":"<section class=\"axblock-gallery white-bg\">\n    <div class=\"ax-gallery\">\n        <div class=\"container ax-gallery-container content-left \" style=\"--heightBlock : 300px\">\n            <div class=\"ax-gallery-content\" style=\"--numberColumns: 2\">\n                                                    <div class=\"text-content\">\n                        <p><span data-contrast=\"auto\">The military aerospace sector includes use of satellites and flying devices for surveillance and espionage applications, military communications, and other activities devoted to national defense.<\/span><span data-ccp-props=\"{&quot;134233117&quot;:false,&quot;134233118&quot;:false,&quot;201341983&quot;:0,&quot;335551550&quot;:1,&quot;335551620&quot;:1,&quot;335559738&quot;:0,&quot;335559739&quot;:0,&quot;335559740&quot;:279}\">\u00a0<\/span><\/p>\n<p><span data-contrast=\"auto\">\u00a0<\/span><span data-ccp-props=\"{&quot;134233117&quot;:false,&quot;134233118&quot;:false,&quot;201341983&quot;:0,&quot;335551550&quot;:1,&quot;335551620&quot;:1,&quot;335559738&quot;:0,&quot;335559739&quot;:0,&quot;335559740&quot;:279}\">\u00a0<\/span><\/p>\n<p><span data-contrast=\"auto\">HEF Photonics is capable of providing both optical military and aerospace solutions as well as a coating adapted for<\/span><b><span data-contrast=\"auto\"> optronic equipment and <\/span><\/b> <b><span data-contrast=\"auto\">viewfinders <\/span><\/b><span data-contrast=\"auto\">attached to helicopters or military airplanes.<\/span><span data-ccp-props=\"{&quot;134233117&quot;:false,&quot;134233118&quot;:false,&quot;201341983&quot;:0,&quot;335551550&quot;:1,&quot;335551620&quot;:1,&quot;335559738&quot;:0,&quot;335559739&quot;:0,&quot;335559740&quot;:279}\">\u00a0<\/span><\/p>\n<p><span data-contrast=\"auto\">\u00a0<\/span><span data-ccp-props=\"{&quot;134233117&quot;:false,&quot;134233118&quot;:false,&quot;201341983&quot;:0,&quot;335551550&quot;:1,&quot;335551620&quot;:1,&quot;335559738&quot;:0,&quot;335559739&quot;:0,&quot;335559740&quot;:279}\">\u00a0<\/span><\/p>\n<p><span data-contrast=\"auto\">Thanks to our efficient production of innovative optical solutions and that of our strategic partners, <\/span><b><span data-contrast=\"auto\">the laser cutting<\/span><\/b><span data-contrast=\"auto\"> offered by HEF Photonics enables increased capacity and improves cutting tolerances on parts such as <\/span><b><span data-contrast=\"auto\">shooting <\/span><\/b><b><span data-contrast=\"none\">glasses<\/span><\/b><span data-contrast=\"auto\">.<\/span><span data-ccp-props=\"{&quot;134233117&quot;:false,&quot;134233118&quot;:false,&quot;201341983&quot;:0,&quot;335551550&quot;:1,&quot;335551620&quot;:1,&quot;335559738&quot;:0,&quot;335559739&quot;:0,&quot;335559740&quot;:279}\">\u00a0<\/span><\/p>\n<p><span data-contrast=\"auto\">\u00a0<\/span><span data-ccp-props=\"{&quot;134233117&quot;:false,&quot;134233118&quot;:false,&quot;201341983&quot;:0,&quot;335551550&quot;:1,&quot;335551620&quot;:1,&quot;335559738&quot;:0,&quot;335559739&quot;:0,&quot;335559740&quot;:279}\">\u00a0<\/span><\/p>\n<p><span data-contrast=\"auto\">Lastly, HEF Photonics also has the expertise <\/span><span data-contrast=\"none\">as well as the requisite competence for treating and <\/span><span data-contrast=\"auto\"> engraving <\/span><b><span data-contrast=\"auto\">the glass substrates (display sizes)<\/span><\/b><span data-contrast=\"auto\"> of <\/span><b><span data-contrast=\"auto\">military information displays<\/span><\/b><span data-contrast=\"auto\">.<\/span><span data-ccp-props=\"{&quot;134233117&quot;:false,&quot;134233118&quot;:false,&quot;201341983&quot;:0,&quot;335551550&quot;:1,&quot;335551620&quot;:1,&quot;335559738&quot;:0,&quot;335559739&quot;:0,&quot;335559740&quot;:279}\">\u00a0<\/span><\/p>\n                    <\/div>\n                                                    <div class=\"btn-gallery\">\n                                                    <a class=\"btn btn-gradient-second btn-block-gallery\"\n                               href=\"https:\/\/hef.group\/en\/contact\/\"\n                                 target=\"\"\n                               >Contact our experts<\/a>\n                                                                            <a class=\"btn btn-gradient-second btn-block-gallery\"\n                               href=\"https:\/\/hef.group\/wp-content\/uploads\/2024\/09\/Plaquette-AERO-DEFENSE-CIVILE-EN.pdf\"\n                                target=\"_blank\"\n                               >Download our brochure<\/a>\n                                            <\/div>\n                            <\/div>\n\n            <div class=\"ax-gallery-medias-container\">\n                                        <div class=\"gallery-item\"><img decoding=\"async\" width=\"768\" height=\"511\" src=\"https:\/\/hef.group\/wp-content\/uploads\/2024\/04\/shutterstock_616007357-768x511.jpg\" class=\"attachment-medium_large size-medium_large\" alt=\"\" srcset=\"https:\/\/hef.group\/wp-content\/uploads\/2024\/04\/shutterstock_616007357-768x511.jpg 768w, https:\/\/hef.group\/wp-content\/uploads\/2024\/04\/shutterstock_616007357-300x200.jpg 300w, https:\/\/hef.group\/wp-content\/uploads\/2024\/04\/shutterstock_616007357-1024x682.jpg 1024w, https:\/\/hef.group\/wp-content\/uploads\/2024\/04\/shutterstock_616007357-1536x1022.jpg 1536w, https:\/\/hef.group\/wp-content\/uploads\/2024\/04\/shutterstock_616007357.jpg 1920w\" sizes=\"(max-width: 768px) 100vw, 768px\" \/><\/div><div class=\"gallery-item\"><img decoding=\"async\" width=\"768\" height=\"512\" src=\"https:\/\/hef.group\/wp-content\/uploads\/2024\/02\/shutterstock_428587012-768x512.jpg\" class=\"attachment-medium_large size-medium_large\" alt=\"\" srcset=\"https:\/\/hef.group\/wp-content\/uploads\/2024\/02\/shutterstock_428587012-768x512.jpg 768w, https:\/\/hef.group\/wp-content\/uploads\/2024\/02\/shutterstock_428587012-300x200.jpg 300w, https:\/\/hef.group\/wp-content\/uploads\/2024\/02\/shutterstock_428587012-1024x683.jpg 1024w, https:\/\/hef.group\/wp-content\/uploads\/2024\/02\/shutterstock_428587012-1536x1024.jpg 1536w, https:\/\/hef.group\/wp-content\/uploads\/2024\/02\/shutterstock_428587012.jpg 1920w\" sizes=\"(max-width: 768px) 100vw, 768px\" \/><\/div>                            <\/div>\n        <\/div>\n    <\/div>\n<\/section>\n\n\n\n<p><\/p>\n","protected":false},"excerpt":{"rendered":"","protected":false},"author":1,"featured_media":9136,"parent":10127,"menu_order":2,"comment_status":"closed","ping_status":"closed","template":"","meta":{"_acf_changed":false,"inline_featured_image":false,"footnotes":""},"class_list":["post-9135","page","type-page","status-publish","has-post-thumbnail","hentry"],"acf":[],"yoast_head":"<!-- This site is optimized with the Yoast SEO plugin v27.4 - https:\/\/yoast.com\/product\/yoast-seo-wordpress\/ -->\n<title>Optical military and aerospace solutions and coatings | HEF<\/title>\n<meta name=\"description\" content=\"Advanced technologies and optical military and aerospace solutions: laser cutting, treatments for glass substrates of military information displays.\" \/>\n<meta name=\"robots\" content=\"index, follow, max-snippet:-1, max-image-preview:large, max-video-preview:-1\" \/>\n<link rel=\"canonical\" href=\"https:\/\/hef.group\/en\/defense-aerospace\/military-aerospace\/\" \/>\n<meta property=\"og:locale\" content=\"en_US\" \/>\n<meta property=\"og:type\" content=\"article\" \/>\n<meta property=\"og:title\" content=\"Optical military and aerospace solutions and coatings | HEF\" \/>\n<meta property=\"og:description\" content=\"Advanced technologies and optical military and aerospace solutions: laser cutting, treatments for glass substrates of military information displays.\" \/>\n<meta property=\"og:url\" content=\"https:\/\/hef.group\/en\/defense-aerospace\/military-aerospace\/\" \/>\n<meta property=\"og:site_name\" content=\"HEF\" \/>\n<meta property=\"article:modified_time\" content=\"2024-10-25T08:24:48+00:00\" \/>\n<meta property=\"og:image\" content=\"https:\/\/hef.group\/wp-content\/uploads\/2024\/04\/shutterstock_255193537.jpg\" \/>\n\t<meta property=\"og:image:width\" content=\"1920\" \/>\n\t<meta property=\"og:image:height\" content=\"1280\" \/>\n\t<meta property=\"og:image:type\" content=\"image\/jpeg\" \/>\n<meta name=\"twitter:card\" content=\"summary_large_image\" \/>\n<meta name=\"twitter:label1\" content=\"Est. reading time\" \/>\n\t<meta name=\"twitter:data1\" content=\"1 minute\" \/>\n<script type=\"application\/ld+json\" class=\"yoast-schema-graph\">{\"@context\":\"https:\\\/\\\/schema.org\",\"@graph\":[{\"@type\":\"WebPage\",\"@id\":\"https:\\\/\\\/hef.group\\\/en\\\/defense-aerospace\\\/military-aerospace\\\/\",\"url\":\"https:\\\/\\\/hef.group\\\/en\\\/defense-aerospace\\\/military-aerospace\\\/\",\"name\":\"Optical military and aerospace solutions and coatings | HEF\",\"isPartOf\":{\"@id\":\"https:\\\/\\\/hef.group\\\/en\\\/#website\"},\"primaryImageOfPage\":{\"@id\":\"https:\\\/\\\/hef.group\\\/en\\\/defense-aerospace\\\/military-aerospace\\\/#primaryimage\"},\"image\":{\"@id\":\"https:\\\/\\\/hef.group\\\/en\\\/defense-aerospace\\\/military-aerospace\\\/#primaryimage\"},\"thumbnailUrl\":\"https:\\\/\\\/hef.group\\\/wp-content\\\/uploads\\\/2024\\\/04\\\/shutterstock_255193537.jpg\",\"datePublished\":\"2024-04-17T13:42:51+00:00\",\"dateModified\":\"2024-10-25T08:24:48+00:00\",\"description\":\"Advanced technologies and optical military and aerospace solutions: laser cutting, treatments for glass substrates of military information displays.\",\"breadcrumb\":{\"@id\":\"https:\\\/\\\/hef.group\\\/en\\\/defense-aerospace\\\/military-aerospace\\\/#breadcrumb\"},\"inLanguage\":\"en-US\",\"potentialAction\":[{\"@type\":\"ReadAction\",\"target\":[\"https:\\\/\\\/hef.group\\\/en\\\/defense-aerospace\\\/military-aerospace\\\/\"]}]},{\"@type\":\"ImageObject\",\"inLanguage\":\"en-US\",\"@id\":\"https:\\\/\\\/hef.group\\\/en\\\/defense-aerospace\\\/military-aerospace\\\/#primaryimage\",\"url\":\"https:\\\/\\\/hef.group\\\/wp-content\\\/uploads\\\/2024\\\/04\\\/shutterstock_255193537.jpg\",\"contentUrl\":\"https:\\\/\\\/hef.group\\\/wp-content\\\/uploads\\\/2024\\\/04\\\/shutterstock_255193537.jpg\",\"width\":1920,\"height\":1280},{\"@type\":\"BreadcrumbList\",\"@id\":\"https:\\\/\\\/hef.group\\\/en\\\/defense-aerospace\\\/military-aerospace\\\/#breadcrumb\",\"itemListElement\":[{\"@type\":\"ListItem\",\"position\":1,\"name\":\"Home\",\"item\":\"https:\\\/\\\/hef.group\\\/en\\\/\"},{\"@type\":\"ListItem\",\"position\":2,\"name\":\"Defense &#038; aerospace\",\"item\":\"https:\\\/\\\/hef.group\\\/en\\\/defense-aerospace\\\/\"},{\"@type\":\"ListItem\",\"position\":3,\"name\":\"Optical military and aerospace solutions\"}]},{\"@type\":\"WebSite\",\"@id\":\"https:\\\/\\\/hef.group\\\/en\\\/#website\",\"url\":\"https:\\\/\\\/hef.group\\\/en\\\/\",\"name\":\"HEF Groupe\",\"description\":\"Leader Mondial en ing\u00e9n\u00e9rie des mat\u00e9riaux de surfaces\",\"publisher\":{\"@id\":\"https:\\\/\\\/hef.group\\\/en\\\/#organization\"},\"potentialAction\":[{\"@type\":\"SearchAction\",\"target\":{\"@type\":\"EntryPoint\",\"urlTemplate\":\"https:\\\/\\\/hef.group\\\/en\\\/?s={search_term_string}\"},\"query-input\":{\"@type\":\"PropertyValueSpecification\",\"valueRequired\":true,\"valueName\":\"search_term_string\"}}],\"inLanguage\":\"en-US\"},{\"@type\":\"Organization\",\"@id\":\"https:\\\/\\\/hef.group\\\/en\\\/#organization\",\"name\":\"HEF Groupe\",\"url\":\"https:\\\/\\\/hef.group\\\/en\\\/\",\"logo\":{\"@type\":\"ImageObject\",\"inLanguage\":\"en-US\",\"@id\":\"https:\\\/\\\/hef.group\\\/en\\\/#\\\/schema\\\/logo\\\/image\\\/\",\"url\":\"https:\\\/\\\/hef.group\\\/wp-content\\\/uploads\\\/2024\\\/02\\\/logo-hef-1.svg\",\"contentUrl\":\"https:\\\/\\\/hef.group\\\/wp-content\\\/uploads\\\/2024\\\/02\\\/logo-hef-1.svg\",\"width\":250,\"height\":60,\"caption\":\"HEF Groupe\"},\"image\":{\"@id\":\"https:\\\/\\\/hef.group\\\/en\\\/#\\\/schema\\\/logo\\\/image\\\/\"}}]}<\/script>\n<!-- \/ Yoast SEO plugin. -->","yoast_head_json":{"title":"Optical military and aerospace solutions and coatings | HEF","description":"Advanced technologies and optical military and aerospace solutions: laser cutting, treatments for glass substrates of military information displays.","robots":{"index":"index","follow":"follow","max-snippet":"max-snippet:-1","max-image-preview":"max-image-preview:large","max-video-preview":"max-video-preview:-1"},"canonical":"https:\/\/hef.group\/en\/defense-aerospace\/military-aerospace\/","og_locale":"en_US","og_type":"article","og_title":"Optical military and aerospace solutions and coatings | HEF","og_description":"Advanced technologies and optical military and aerospace solutions: laser cutting, treatments for glass substrates of military information displays.","og_url":"https:\/\/hef.group\/en\/defense-aerospace\/military-aerospace\/","og_site_name":"HEF","article_modified_time":"2024-10-25T08:24:48+00:00","og_image":[{"width":1920,"height":1280,"url":"https:\/\/hef.group\/wp-content\/uploads\/2024\/04\/shutterstock_255193537.jpg","type":"image\/jpeg"}],"twitter_card":"summary_large_image","twitter_misc":{"Est. reading time":"1 minute"},"schema":{"@context":"https:\/\/schema.org","@graph":[{"@type":"WebPage","@id":"https:\/\/hef.group\/en\/defense-aerospace\/military-aerospace\/","url":"https:\/\/hef.group\/en\/defense-aerospace\/military-aerospace\/","name":"Optical military and aerospace solutions and coatings | HEF","isPartOf":{"@id":"https:\/\/hef.group\/en\/#website"},"primaryImageOfPage":{"@id":"https:\/\/hef.group\/en\/defense-aerospace\/military-aerospace\/#primaryimage"},"image":{"@id":"https:\/\/hef.group\/en\/defense-aerospace\/military-aerospace\/#primaryimage"},"thumbnailUrl":"https:\/\/hef.group\/wp-content\/uploads\/2024\/04\/shutterstock_255193537.jpg","datePublished":"2024-04-17T13:42:51+00:00","dateModified":"2024-10-25T08:24:48+00:00","description":"Advanced technologies and optical military and aerospace solutions: laser cutting, treatments for glass substrates of military information displays.","breadcrumb":{"@id":"https:\/\/hef.group\/en\/defense-aerospace\/military-aerospace\/#breadcrumb"},"inLanguage":"en-US","potentialAction":[{"@type":"ReadAction","target":["https:\/\/hef.group\/en\/defense-aerospace\/military-aerospace\/"]}]},{"@type":"ImageObject","inLanguage":"en-US","@id":"https:\/\/hef.group\/en\/defense-aerospace\/military-aerospace\/#primaryimage","url":"https:\/\/hef.group\/wp-content\/uploads\/2024\/04\/shutterstock_255193537.jpg","contentUrl":"https:\/\/hef.group\/wp-content\/uploads\/2024\/04\/shutterstock_255193537.jpg","width":1920,"height":1280},{"@type":"BreadcrumbList","@id":"https:\/\/hef.group\/en\/defense-aerospace\/military-aerospace\/#breadcrumb","itemListElement":[{"@type":"ListItem","position":1,"name":"Home","item":"https:\/\/hef.group\/en\/"},{"@type":"ListItem","position":2,"name":"Defense &#038; aerospace","item":"https:\/\/hef.group\/en\/defense-aerospace\/"},{"@type":"ListItem","position":3,"name":"Optical military and aerospace solutions"}]},{"@type":"WebSite","@id":"https:\/\/hef.group\/en\/#website","url":"https:\/\/hef.group\/en\/","name":"HEF Groupe","description":"Leader Mondial en ing\u00e9n\u00e9rie des mat\u00e9riaux de surfaces","publisher":{"@id":"https:\/\/hef.group\/en\/#organization"},"potentialAction":[{"@type":"SearchAction","target":{"@type":"EntryPoint","urlTemplate":"https:\/\/hef.group\/en\/?s={search_term_string}"},"query-input":{"@type":"PropertyValueSpecification","valueRequired":true,"valueName":"search_term_string"}}],"inLanguage":"en-US"},{"@type":"Organization","@id":"https:\/\/hef.group\/en\/#organization","name":"HEF Groupe","url":"https:\/\/hef.group\/en\/","logo":{"@type":"ImageObject","inLanguage":"en-US","@id":"https:\/\/hef.group\/en\/#\/schema\/logo\/image\/","url":"https:\/\/hef.group\/wp-content\/uploads\/2024\/02\/logo-hef-1.svg","contentUrl":"https:\/\/hef.group\/wp-content\/uploads\/2024\/02\/logo-hef-1.svg","width":250,"height":60,"caption":"HEF Groupe"},"image":{"@id":"https:\/\/hef.group\/en\/#\/schema\/logo\/image\/"}}]}},"_links":{"self":[{"href":"https:\/\/hef.group\/en\/wp-json\/wp\/v2\/pages\/9135","targetHints":{"allow":["GET"]}}],"collection":[{"href":"https:\/\/hef.group\/en\/wp-json\/wp\/v2\/pages"}],"about":[{"href":"https:\/\/hef.group\/en\/wp-json\/wp\/v2\/types\/page"}],"author":[{"embeddable":true,"href":"https:\/\/hef.group\/en\/wp-json\/wp\/v2\/users\/1"}],"replies":[{"embeddable":true,"href":"https:\/\/hef.group\/en\/wp-json\/wp\/v2\/comments?post=9135"}],"version-history":[{"count":4,"href":"https:\/\/hef.group\/en\/wp-json\/wp\/v2\/pages\/9135\/revisions"}],"predecessor-version":[{"id":10140,"href":"https:\/\/hef.group\/en\/wp-json\/wp\/v2\/pages\/9135\/revisions\/10140"}],"up":[{"embeddable":true,"href":"https:\/\/hef.group\/en\/wp-json\/wp\/v2\/pages\/10127"}],"wp:featuredmedia":[{"embeddable":true,"href":"https:\/\/hef.group\/en\/wp-json\/wp\/v2\/media\/9136"}],"wp:attachment":[{"href":"https:\/\/hef.group\/en\/wp-json\/wp\/v2\/media?parent=9135"}],"curies":[{"name":"wp","href":"https:\/\/api.w.org\/{rel}","templated":true}]}}