{"id":9140,"date":"2023-11-27T15:04:08","date_gmt":"2023-11-27T14:04:08","guid":{"rendered":"https:\/\/hef.group\/switchgear\/"},"modified":"2024-10-28T06:32:06","modified_gmt":"2024-10-28T05:32:06","slug":"switchgear","status":"publish","type":"page","link":"https:\/\/hef.group\/en\/electricity-electronics\/switchgear\/","title":{"rendered":"Switchgear"},"content":{"rendered":"<section class=\"axblock-gallery white-bg\">\n    <div class=\"ax-gallery\">\n        <div class=\"container ax-gallery-container content-left \" style=\"--heightBlock : 300px\">\n            <div class=\"ax-gallery-content\" style=\"--numberColumns: 2\">\n                                                    <div class=\"text-content\">\n                        <p>The switchgear market consists of a large range of products designed for the production, distribution, and utilization of electrical energy.<\/p>\n<p>&nbsp;<\/p>\n<p>HEF has developed a surface treatment for electrical appliances:\u00a0<strong>CERTESS\u00ae ELEC<\/strong>.<\/p>\n<p>This treatment relies on thin-film stacks that modify the electrical properties of the surfaces, using extremely pure materials to ensure optimal performance. PEMS<span class=\"TextRun SCXW253262497 BCX0\" lang=\"FR-FR\" xml:lang=\"FR-FR\" data-contrast=\"none\"><span class=\"NormalTextRun SCXW253262497 BCX0\">\u2122<\/span><\/span> technology\u00a0enables\u00a0<strong>precise application on all types of substrates and geometries<\/strong>. It offers excellent reproducibility of electrical properties as well as control of the thickness and states of the surfaces. The coatings are also <strong>resistant to aggressive chemicals<\/strong>.<\/p>\n<p>CERTESS\u00ae ELEC is compatible with a broad range of materials, including\u00a0<strong>glass, technical plastics, composites, ceramics, cermets, metals, and alloys.<\/strong>\u00a0It can be applied on electrical components, connections, sensors, and printed circuits, for example.<\/p>\n<p>&nbsp;<\/p>\n<p><strong>For metallic supports, HEF also offers a coating range of electrolytic solutions <\/strong> (silver, nickel, copper, etc.) that make it possible to combine electrical conductivity with other properties such as accommodation, solderability or ductility.<\/p>\n<p>&nbsp;<\/p>\n<p>These<strong> coatings enable you to preserve the desired electrical properties,<\/strong> even for parts that will subsequently be worked (crimped connections, soldered connections, etc.).<\/p>\n                    <\/div>\n                                                    <div class=\"btn-gallery\">\n                                                    <a class=\"btn btn-gradient-second btn-block-gallery\"\n                               href=\"\/en\/contact\/\"\n                                 target=\"\"\n                               >Contact our experts<\/a>\n                                                                    <\/div>\n                            <\/div>\n\n            <div class=\"ax-gallery-medias-container\">\n                                        <div class=\"gallery-item\"><img decoding=\"async\" width=\"768\" height=\"512\" src=\"https:\/\/hef.group\/wp-content\/uploads\/2024\/07\/shutterstock_2370661587-768x512.jpg\" class=\"attachment-medium_large size-medium_large\" alt=\"\" srcset=\"https:\/\/hef.group\/wp-content\/uploads\/2024\/07\/shutterstock_2370661587-768x512.jpg 768w, https:\/\/hef.group\/wp-content\/uploads\/2024\/07\/shutterstock_2370661587-300x200.jpg 300w, https:\/\/hef.group\/wp-content\/uploads\/2024\/07\/shutterstock_2370661587-1024x683.jpg 1024w, https:\/\/hef.group\/wp-content\/uploads\/2024\/07\/shutterstock_2370661587-1536x1024.jpg 1536w, https:\/\/hef.group\/wp-content\/uploads\/2024\/07\/shutterstock_2370661587.jpg 1920w\" sizes=\"(max-width: 768px) 100vw, 768px\" \/><\/div><div class=\"gallery-item\"><img decoding=\"async\" width=\"768\" height=\"512\" src=\"https:\/\/hef.group\/wp-content\/uploads\/2024\/07\/shutterstock_2198910421-768x512.jpg\" class=\"attachment-medium_large size-medium_large\" alt=\"\" srcset=\"https:\/\/hef.group\/wp-content\/uploads\/2024\/07\/shutterstock_2198910421-768x512.jpg 768w, https:\/\/hef.group\/wp-content\/uploads\/2024\/07\/shutterstock_2198910421-300x200.jpg 300w, https:\/\/hef.group\/wp-content\/uploads\/2024\/07\/shutterstock_2198910421-1024x683.jpg 1024w, https:\/\/hef.group\/wp-content\/uploads\/2024\/07\/shutterstock_2198910421-1536x1024.jpg 1536w, https:\/\/hef.group\/wp-content\/uploads\/2024\/07\/shutterstock_2198910421.jpg 1920w\" sizes=\"(max-width: 768px) 100vw, 768px\" \/><\/div>                            <\/div>\n        <\/div>\n    <\/div>\n<\/section>\n\n<div class=\"wp-block-columns is-layout-flex wp-container-core-columns-is-layout-9d6595d7 wp-block-columns-is-layout-flex\">\n<div class=\"wp-block-column is-layout-flow wp-block-column-is-layout-flow\" style=\"flex-basis:100%\"><\/div>\n<\/div>\n\n<p><\/p>\n","protected":false},"excerpt":{"rendered":"","protected":false},"author":1,"featured_media":9142,"parent":10149,"menu_order":0,"comment_status":"closed","ping_status":"closed","template":"","meta":{"_acf_changed":false,"inline_featured_image":false,"footnotes":""},"class_list":["post-9140","page","type-page","status-publish","has-post-thumbnail","hentry"],"acf":[],"yoast_head":"<!-- This site is optimized with the Yoast SEO plugin v27.3 - https:\/\/yoast.com\/product\/yoast-seo-wordpress\/ -->\n<title>Surface treatment for electrical appliances | HEF<\/title>\n<meta name=\"description\" content=\"HEF has developed a surface treatment for electrical appliances using thin-film stacks to deliver optimal performance.\" \/>\n<meta name=\"robots\" content=\"index, follow, max-snippet:-1, max-image-preview:large, max-video-preview:-1\" \/>\n<link rel=\"canonical\" href=\"https:\/\/hef.group\/en\/electricity-electronics\/switchgear\/\" \/>\n<meta property=\"og:locale\" content=\"en_US\" \/>\n<meta property=\"og:type\" content=\"article\" \/>\n<meta property=\"og:title\" content=\"Surface treatment for electrical appliances | HEF\" \/>\n<meta property=\"og:description\" content=\"HEF has developed a surface treatment for electrical appliances using thin-film stacks to deliver optimal performance.\" \/>\n<meta property=\"og:url\" content=\"https:\/\/hef.group\/en\/electricity-electronics\/switchgear\/\" \/>\n<meta property=\"og:site_name\" content=\"HEF\" \/>\n<meta property=\"article:modified_time\" content=\"2024-10-28T05:32:06+00:00\" \/>\n<meta property=\"og:image\" content=\"https:\/\/hef.group\/wp-content\/uploads\/2024\/06\/shutterstock_2338427065.jpg\" \/>\n\t<meta property=\"og:image:width\" content=\"1920\" \/>\n\t<meta property=\"og:image:height\" content=\"1328\" \/>\n\t<meta property=\"og:image:type\" content=\"image\/jpeg\" \/>\n<meta name=\"twitter:card\" content=\"summary_large_image\" \/>\n<meta name=\"twitter:label1\" content=\"Est. reading time\" \/>\n\t<meta name=\"twitter:data1\" content=\"1 minute\" \/>\n<script type=\"application\/ld+json\" class=\"yoast-schema-graph\">{\"@context\":\"https:\\\/\\\/schema.org\",\"@graph\":[{\"@type\":\"WebPage\",\"@id\":\"https:\\\/\\\/hef.group\\\/en\\\/electricity-electronics\\\/switchgear\\\/\",\"url\":\"https:\\\/\\\/hef.group\\\/en\\\/electricity-electronics\\\/switchgear\\\/\",\"name\":\"Surface treatment for electrical appliances | HEF\",\"isPartOf\":{\"@id\":\"https:\\\/\\\/hef.group\\\/en\\\/#website\"},\"primaryImageOfPage\":{\"@id\":\"https:\\\/\\\/hef.group\\\/en\\\/electricity-electronics\\\/switchgear\\\/#primaryimage\"},\"image\":{\"@id\":\"https:\\\/\\\/hef.group\\\/en\\\/electricity-electronics\\\/switchgear\\\/#primaryimage\"},\"thumbnailUrl\":\"https:\\\/\\\/hef.group\\\/wp-content\\\/uploads\\\/2024\\\/06\\\/shutterstock_2338427065.jpg\",\"datePublished\":\"2023-11-27T14:04:08+00:00\",\"dateModified\":\"2024-10-28T05:32:06+00:00\",\"description\":\"HEF has developed a surface treatment for electrical appliances using thin-film stacks to deliver optimal performance.\",\"breadcrumb\":{\"@id\":\"https:\\\/\\\/hef.group\\\/en\\\/electricity-electronics\\\/switchgear\\\/#breadcrumb\"},\"inLanguage\":\"en-US\",\"potentialAction\":[{\"@type\":\"ReadAction\",\"target\":[\"https:\\\/\\\/hef.group\\\/en\\\/electricity-electronics\\\/switchgear\\\/\"]}]},{\"@type\":\"ImageObject\",\"inLanguage\":\"en-US\",\"@id\":\"https:\\\/\\\/hef.group\\\/en\\\/electricity-electronics\\\/switchgear\\\/#primaryimage\",\"url\":\"https:\\\/\\\/hef.group\\\/wp-content\\\/uploads\\\/2024\\\/06\\\/shutterstock_2338427065.jpg\",\"contentUrl\":\"https:\\\/\\\/hef.group\\\/wp-content\\\/uploads\\\/2024\\\/06\\\/shutterstock_2338427065.jpg\",\"width\":1920,\"height\":1328},{\"@type\":\"BreadcrumbList\",\"@id\":\"https:\\\/\\\/hef.group\\\/en\\\/electricity-electronics\\\/switchgear\\\/#breadcrumb\",\"itemListElement\":[{\"@type\":\"ListItem\",\"position\":1,\"name\":\"Home\",\"item\":\"https:\\\/\\\/hef.group\\\/en\\\/\"},{\"@type\":\"ListItem\",\"position\":2,\"name\":\"Electricity \\\/ Electronics\",\"item\":\"https:\\\/\\\/hef.group\\\/en\\\/electricity-electronics\\\/\"},{\"@type\":\"ListItem\",\"position\":3,\"name\":\"Switchgear\"}]},{\"@type\":\"WebSite\",\"@id\":\"https:\\\/\\\/hef.group\\\/en\\\/#website\",\"url\":\"https:\\\/\\\/hef.group\\\/en\\\/\",\"name\":\"HEF Groupe\",\"description\":\"Leader Mondial en ing\u00e9n\u00e9rie des mat\u00e9riaux de surfaces\",\"publisher\":{\"@id\":\"https:\\\/\\\/hef.group\\\/en\\\/#organization\"},\"potentialAction\":[{\"@type\":\"SearchAction\",\"target\":{\"@type\":\"EntryPoint\",\"urlTemplate\":\"https:\\\/\\\/hef.group\\\/en\\\/?s={search_term_string}\"},\"query-input\":{\"@type\":\"PropertyValueSpecification\",\"valueRequired\":true,\"valueName\":\"search_term_string\"}}],\"inLanguage\":\"en-US\"},{\"@type\":\"Organization\",\"@id\":\"https:\\\/\\\/hef.group\\\/en\\\/#organization\",\"name\":\"HEF Groupe\",\"url\":\"https:\\\/\\\/hef.group\\\/en\\\/\",\"logo\":{\"@type\":\"ImageObject\",\"inLanguage\":\"en-US\",\"@id\":\"https:\\\/\\\/hef.group\\\/en\\\/#\\\/schema\\\/logo\\\/image\\\/\",\"url\":\"https:\\\/\\\/hef.group\\\/wp-content\\\/uploads\\\/2024\\\/02\\\/logo-hef-1.svg\",\"contentUrl\":\"https:\\\/\\\/hef.group\\\/wp-content\\\/uploads\\\/2024\\\/02\\\/logo-hef-1.svg\",\"width\":250,\"height\":60,\"caption\":\"HEF Groupe\"},\"image\":{\"@id\":\"https:\\\/\\\/hef.group\\\/en\\\/#\\\/schema\\\/logo\\\/image\\\/\"}}]}<\/script>\n<!-- \/ Yoast SEO plugin. -->","yoast_head_json":{"title":"Surface treatment for electrical appliances | HEF","description":"HEF has developed a surface treatment for electrical appliances using thin-film stacks to deliver optimal performance.","robots":{"index":"index","follow":"follow","max-snippet":"max-snippet:-1","max-image-preview":"max-image-preview:large","max-video-preview":"max-video-preview:-1"},"canonical":"https:\/\/hef.group\/en\/electricity-electronics\/switchgear\/","og_locale":"en_US","og_type":"article","og_title":"Surface treatment for electrical appliances | HEF","og_description":"HEF has developed a surface treatment for electrical appliances using thin-film stacks to deliver optimal performance.","og_url":"https:\/\/hef.group\/en\/electricity-electronics\/switchgear\/","og_site_name":"HEF","article_modified_time":"2024-10-28T05:32:06+00:00","og_image":[{"width":1920,"height":1328,"url":"https:\/\/hef.group\/wp-content\/uploads\/2024\/06\/shutterstock_2338427065.jpg","type":"image\/jpeg"}],"twitter_card":"summary_large_image","twitter_misc":{"Est. reading time":"1 minute"},"schema":{"@context":"https:\/\/schema.org","@graph":[{"@type":"WebPage","@id":"https:\/\/hef.group\/en\/electricity-electronics\/switchgear\/","url":"https:\/\/hef.group\/en\/electricity-electronics\/switchgear\/","name":"Surface treatment for electrical appliances | HEF","isPartOf":{"@id":"https:\/\/hef.group\/en\/#website"},"primaryImageOfPage":{"@id":"https:\/\/hef.group\/en\/electricity-electronics\/switchgear\/#primaryimage"},"image":{"@id":"https:\/\/hef.group\/en\/electricity-electronics\/switchgear\/#primaryimage"},"thumbnailUrl":"https:\/\/hef.group\/wp-content\/uploads\/2024\/06\/shutterstock_2338427065.jpg","datePublished":"2023-11-27T14:04:08+00:00","dateModified":"2024-10-28T05:32:06+00:00","description":"HEF has developed a surface treatment for electrical appliances using thin-film stacks to deliver optimal performance.","breadcrumb":{"@id":"https:\/\/hef.group\/en\/electricity-electronics\/switchgear\/#breadcrumb"},"inLanguage":"en-US","potentialAction":[{"@type":"ReadAction","target":["https:\/\/hef.group\/en\/electricity-electronics\/switchgear\/"]}]},{"@type":"ImageObject","inLanguage":"en-US","@id":"https:\/\/hef.group\/en\/electricity-electronics\/switchgear\/#primaryimage","url":"https:\/\/hef.group\/wp-content\/uploads\/2024\/06\/shutterstock_2338427065.jpg","contentUrl":"https:\/\/hef.group\/wp-content\/uploads\/2024\/06\/shutterstock_2338427065.jpg","width":1920,"height":1328},{"@type":"BreadcrumbList","@id":"https:\/\/hef.group\/en\/electricity-electronics\/switchgear\/#breadcrumb","itemListElement":[{"@type":"ListItem","position":1,"name":"Home","item":"https:\/\/hef.group\/en\/"},{"@type":"ListItem","position":2,"name":"Electricity \/ Electronics","item":"https:\/\/hef.group\/en\/electricity-electronics\/"},{"@type":"ListItem","position":3,"name":"Switchgear"}]},{"@type":"WebSite","@id":"https:\/\/hef.group\/en\/#website","url":"https:\/\/hef.group\/en\/","name":"HEF Groupe","description":"Leader Mondial en ing\u00e9n\u00e9rie des mat\u00e9riaux de surfaces","publisher":{"@id":"https:\/\/hef.group\/en\/#organization"},"potentialAction":[{"@type":"SearchAction","target":{"@type":"EntryPoint","urlTemplate":"https:\/\/hef.group\/en\/?s={search_term_string}"},"query-input":{"@type":"PropertyValueSpecification","valueRequired":true,"valueName":"search_term_string"}}],"inLanguage":"en-US"},{"@type":"Organization","@id":"https:\/\/hef.group\/en\/#organization","name":"HEF Groupe","url":"https:\/\/hef.group\/en\/","logo":{"@type":"ImageObject","inLanguage":"en-US","@id":"https:\/\/hef.group\/en\/#\/schema\/logo\/image\/","url":"https:\/\/hef.group\/wp-content\/uploads\/2024\/02\/logo-hef-1.svg","contentUrl":"https:\/\/hef.group\/wp-content\/uploads\/2024\/02\/logo-hef-1.svg","width":250,"height":60,"caption":"HEF Groupe"},"image":{"@id":"https:\/\/hef.group\/en\/#\/schema\/logo\/image\/"}}]}},"_links":{"self":[{"href":"https:\/\/hef.group\/en\/wp-json\/wp\/v2\/pages\/9140","targetHints":{"allow":["GET"]}}],"collection":[{"href":"https:\/\/hef.group\/en\/wp-json\/wp\/v2\/pages"}],"about":[{"href":"https:\/\/hef.group\/en\/wp-json\/wp\/v2\/types\/page"}],"author":[{"embeddable":true,"href":"https:\/\/hef.group\/en\/wp-json\/wp\/v2\/users\/1"}],"replies":[{"embeddable":true,"href":"https:\/\/hef.group\/en\/wp-json\/wp\/v2\/comments?post=9140"}],"version-history":[{"count":4,"href":"https:\/\/hef.group\/en\/wp-json\/wp\/v2\/pages\/9140\/revisions"}],"predecessor-version":[{"id":10420,"href":"https:\/\/hef.group\/en\/wp-json\/wp\/v2\/pages\/9140\/revisions\/10420"}],"up":[{"embeddable":true,"href":"https:\/\/hef.group\/en\/wp-json\/wp\/v2\/pages\/10149"}],"wp:featuredmedia":[{"embeddable":true,"href":"https:\/\/hef.group\/en\/wp-json\/wp\/v2\/media\/9142"}],"wp:attachment":[{"href":"https:\/\/hef.group\/en\/wp-json\/wp\/v2\/media?parent=9140"}],"curies":[{"name":"wp","href":"https:\/\/api.w.org\/{rel}","templated":true}]}}