{"id":9146,"date":"2023-11-27T15:05:01","date_gmt":"2023-11-27T14:05:01","guid":{"rendered":"https:\/\/hef.group\/household-appliances\/"},"modified":"2025-03-13T11:06:48","modified_gmt":"2025-03-13T10:06:48","slug":"household-appliances","status":"publish","type":"page","link":"https:\/\/hef.group\/en\/consumer-goods\/household-appliances\/","title":{"rendered":"Household appliances: Surface treatment for goods consummation"},"content":{"rendered":"<section class=\"axblock-gallery white-bg\">\n    <div class=\"ax-gallery\">\n        <div class=\"container ax-gallery-container content-left \" style=\"--heightBlock : 300px\">\n            <div class=\"ax-gallery-content\" style=\"--numberColumns: 2\">\n                                                    <div class=\"text-content\">\n                        <p><strong>PVD-PECVD and nitriding play crucial roles in the household appliance market. These processes improve performance, extend service life, and enhance the appearance of products. Thus they also meet the high expectations of consumers.<\/strong><\/p>\n<p>&nbsp;<\/p>\n<p>For example, HEF, thanks to its\u00a0<strong>ARCOR\u2122<\/strong>\u00a0treatment from the<strong>CLIN\u2122, nitrocarburizing liquid<\/strong> range can treat the <strong>shafts of printing presses<\/strong>, an essential part that ensures precise movement of the printing heads and of the paper supports. Thus, all types of ferrous materials from forged iron to high-strength steel alloys can be treated.<\/p>\n<p><strong>This process combines thermal and chemical conversion<\/strong> with the objective of optimizing the performance of your parts. The surface treatment leads to improved mechanical resistance, increased corrosion resistance, better abrasion resistance, and a lower coefficient of friction. <strong>The combination of all these aspects enables increased robustness for your products, with no compromises.<\/strong><\/p>\n<p>&nbsp;<\/p>\n<p>&nbsp;<\/p>\n<p>HEF offers the <strong>CERTESS\u00ae LOOK<\/strong>\u00a0 (PVD) treatment that <strong>combines mechanical performance and decorative technical applications<\/strong>, and thus meets the increasing demands of consumers for products that are both functional and attractive.<\/p>\n<p>Starting from a thickness of several microns, these surface coatings can be applied on a broad range of parts, whether made of steel, plastic, glass or other parts made of other materials. Perfectly adhering on the topography of surfaces, these coatings can be applied for a decorative objective or for high performance in the areas of abrasion resistance or low friction. Thus we can provide a metallic aspect to a gripping cradle that increases the performance of a rotating axle.<\/p>\n                    <\/div>\n                                                    <div class=\"btn-gallery\">\n                                                    <a class=\"btn btn-gradient-second btn-block-gallery\"\n                               href=\"https:\/\/hef.group\/en\/contact\/\"\n                                 target=\"\"\n                               >Contact our experts<\/a>\n                                                                    <\/div>\n                            <\/div>\n\n            <div class=\"ax-gallery-medias-container\">\n                                        <div class=\"gallery-item\"><img decoding=\"async\" width=\"768\" height=\"512\" src=\"https:\/\/hef.group\/wp-content\/uploads\/2024\/06\/shutterstock_2473032475-768x512.jpg\" class=\"attachment-medium_large size-medium_large\" alt=\"\" srcset=\"https:\/\/hef.group\/wp-content\/uploads\/2024\/06\/shutterstock_2473032475-768x512.jpg 768w, https:\/\/hef.group\/wp-content\/uploads\/2024\/06\/shutterstock_2473032475-300x200.jpg 300w, https:\/\/hef.group\/wp-content\/uploads\/2024\/06\/shutterstock_2473032475-1024x683.jpg 1024w, https:\/\/hef.group\/wp-content\/uploads\/2024\/06\/shutterstock_2473032475-1536x1024.jpg 1536w, https:\/\/hef.group\/wp-content\/uploads\/2024\/06\/shutterstock_2473032475.jpg 1920w\" sizes=\"(max-width: 768px) 100vw, 768px\" \/><\/div><div class=\"gallery-item\"><img decoding=\"async\" width=\"768\" height=\"467\" src=\"https:\/\/hef.group\/wp-content\/uploads\/2024\/06\/shutterstock_2133586035-e1719413242825-768x467.jpg\" class=\"attachment-medium_large size-medium_large\" alt=\"\" srcset=\"https:\/\/hef.group\/wp-content\/uploads\/2024\/06\/shutterstock_2133586035-e1719413242825-768x467.jpg 768w, https:\/\/hef.group\/wp-content\/uploads\/2024\/06\/shutterstock_2133586035-e1719413242825-300x182.jpg 300w, https:\/\/hef.group\/wp-content\/uploads\/2024\/06\/shutterstock_2133586035-e1719413242825-1024x623.jpg 1024w, https:\/\/hef.group\/wp-content\/uploads\/2024\/06\/shutterstock_2133586035-e1719413242825-1536x934.jpg 1536w, https:\/\/hef.group\/wp-content\/uploads\/2024\/06\/shutterstock_2133586035-e1719413242825.jpg 1651w\" sizes=\"(max-width: 768px) 100vw, 768px\" \/><\/div>                            <\/div>\n        <\/div>\n    <\/div>\n<\/section>\n","protected":false},"excerpt":{"rendered":"","protected":false},"author":1,"featured_media":9147,"parent":10095,"menu_order":0,"comment_status":"closed","ping_status":"closed","template":"","meta":{"_acf_changed":false,"inline_featured_image":false,"footnotes":""},"class_list":["post-9146","page","type-page","status-publish","has-post-thumbnail","hentry"],"acf":[],"yoast_head":"<!-- This site is optimized with the Yoast SEO plugin v27.3 - https:\/\/yoast.com\/product\/yoast-seo-wordpress\/ -->\n<title>Surface treatment for goods consummation | HEF<\/title>\n<meta name=\"description\" content=\"HEF offers high-performance surface treatments for household appliances, enhancing robustness, durability, and visual appeal.\" \/>\n<meta name=\"robots\" content=\"index, follow, max-snippet:-1, max-image-preview:large, max-video-preview:-1\" \/>\n<link rel=\"canonical\" href=\"https:\/\/hef.group\/en\/consumer-goods\/household-appliances\/\" \/>\n<meta property=\"og:locale\" content=\"en_US\" \/>\n<meta property=\"og:type\" content=\"article\" \/>\n<meta property=\"og:title\" content=\"Surface treatment for goods consummation | HEF\" \/>\n<meta property=\"og:description\" content=\"HEF offers high-performance surface treatments for household appliances, enhancing robustness, durability, and visual appeal.\" \/>\n<meta property=\"og:url\" content=\"https:\/\/hef.group\/en\/consumer-goods\/household-appliances\/\" \/>\n<meta property=\"og:site_name\" content=\"HEF\" \/>\n<meta property=\"article:modified_time\" content=\"2025-03-13T10:06:48+00:00\" \/>\n<meta property=\"og:image\" content=\"https:\/\/hef.group\/wp-content\/uploads\/2024\/06\/shutterstock_2133586035-e1719413242825.jpg\" \/>\n\t<meta property=\"og:image:width\" content=\"1651\" \/>\n\t<meta property=\"og:image:height\" content=\"1004\" \/>\n\t<meta property=\"og:image:type\" content=\"image\/jpeg\" \/>\n<meta name=\"twitter:card\" content=\"summary_large_image\" \/>\n<meta name=\"twitter:label1\" content=\"Est. reading time\" \/>\n\t<meta name=\"twitter:data1\" content=\"1 minute\" \/>\n<script type=\"application\/ld+json\" class=\"yoast-schema-graph\">{\"@context\":\"https:\\\/\\\/schema.org\",\"@graph\":[{\"@type\":\"WebPage\",\"@id\":\"https:\\\/\\\/hef.group\\\/en\\\/consumer-goods\\\/household-appliances\\\/\",\"url\":\"https:\\\/\\\/hef.group\\\/en\\\/consumer-goods\\\/household-appliances\\\/\",\"name\":\"Surface treatment for goods consummation | HEF\",\"isPartOf\":{\"@id\":\"https:\\\/\\\/hef.group\\\/en\\\/#website\"},\"primaryImageOfPage\":{\"@id\":\"https:\\\/\\\/hef.group\\\/en\\\/consumer-goods\\\/household-appliances\\\/#primaryimage\"},\"image\":{\"@id\":\"https:\\\/\\\/hef.group\\\/en\\\/consumer-goods\\\/household-appliances\\\/#primaryimage\"},\"thumbnailUrl\":\"https:\\\/\\\/hef.group\\\/wp-content\\\/uploads\\\/2024\\\/06\\\/shutterstock_2133586035-e1719413242825.jpg\",\"datePublished\":\"2023-11-27T14:05:01+00:00\",\"dateModified\":\"2025-03-13T10:06:48+00:00\",\"description\":\"HEF offers high-performance surface treatments for household appliances, enhancing robustness, durability, and visual appeal.\",\"breadcrumb\":{\"@id\":\"https:\\\/\\\/hef.group\\\/en\\\/consumer-goods\\\/household-appliances\\\/#breadcrumb\"},\"inLanguage\":\"en-US\",\"potentialAction\":[{\"@type\":\"ReadAction\",\"target\":[\"https:\\\/\\\/hef.group\\\/en\\\/consumer-goods\\\/household-appliances\\\/\"]}]},{\"@type\":\"ImageObject\",\"inLanguage\":\"en-US\",\"@id\":\"https:\\\/\\\/hef.group\\\/en\\\/consumer-goods\\\/household-appliances\\\/#primaryimage\",\"url\":\"https:\\\/\\\/hef.group\\\/wp-content\\\/uploads\\\/2024\\\/06\\\/shutterstock_2133586035-e1719413242825.jpg\",\"contentUrl\":\"https:\\\/\\\/hef.group\\\/wp-content\\\/uploads\\\/2024\\\/06\\\/shutterstock_2133586035-e1719413242825.jpg\",\"width\":1651,\"height\":1004},{\"@type\":\"BreadcrumbList\",\"@id\":\"https:\\\/\\\/hef.group\\\/en\\\/consumer-goods\\\/household-appliances\\\/#breadcrumb\",\"itemListElement\":[{\"@type\":\"ListItem\",\"position\":1,\"name\":\"Home\",\"item\":\"https:\\\/\\\/hef.group\\\/en\\\/\"},{\"@type\":\"ListItem\",\"position\":2,\"name\":\"Consumer goods\",\"item\":\"https:\\\/\\\/hef.group\\\/en\\\/consumer-goods\\\/\"},{\"@type\":\"ListItem\",\"position\":3,\"name\":\"Household appliances: Surface treatment for goods consummation\"}]},{\"@type\":\"WebSite\",\"@id\":\"https:\\\/\\\/hef.group\\\/en\\\/#website\",\"url\":\"https:\\\/\\\/hef.group\\\/en\\\/\",\"name\":\"HEF Groupe\",\"description\":\"Leader Mondial en ing\u00e9n\u00e9rie des mat\u00e9riaux de surfaces\",\"publisher\":{\"@id\":\"https:\\\/\\\/hef.group\\\/en\\\/#organization\"},\"potentialAction\":[{\"@type\":\"SearchAction\",\"target\":{\"@type\":\"EntryPoint\",\"urlTemplate\":\"https:\\\/\\\/hef.group\\\/en\\\/?s={search_term_string}\"},\"query-input\":{\"@type\":\"PropertyValueSpecification\",\"valueRequired\":true,\"valueName\":\"search_term_string\"}}],\"inLanguage\":\"en-US\"},{\"@type\":\"Organization\",\"@id\":\"https:\\\/\\\/hef.group\\\/en\\\/#organization\",\"name\":\"HEF Groupe\",\"url\":\"https:\\\/\\\/hef.group\\\/en\\\/\",\"logo\":{\"@type\":\"ImageObject\",\"inLanguage\":\"en-US\",\"@id\":\"https:\\\/\\\/hef.group\\\/en\\\/#\\\/schema\\\/logo\\\/image\\\/\",\"url\":\"https:\\\/\\\/hef.group\\\/wp-content\\\/uploads\\\/2024\\\/02\\\/logo-hef-1.svg\",\"contentUrl\":\"https:\\\/\\\/hef.group\\\/wp-content\\\/uploads\\\/2024\\\/02\\\/logo-hef-1.svg\",\"width\":250,\"height\":60,\"caption\":\"HEF Groupe\"},\"image\":{\"@id\":\"https:\\\/\\\/hef.group\\\/en\\\/#\\\/schema\\\/logo\\\/image\\\/\"}}]}<\/script>\n<!-- \/ Yoast SEO plugin. -->","yoast_head_json":{"title":"Surface treatment for goods consummation | HEF","description":"HEF offers high-performance surface treatments for household appliances, enhancing robustness, durability, and visual appeal.","robots":{"index":"index","follow":"follow","max-snippet":"max-snippet:-1","max-image-preview":"max-image-preview:large","max-video-preview":"max-video-preview:-1"},"canonical":"https:\/\/hef.group\/en\/consumer-goods\/household-appliances\/","og_locale":"en_US","og_type":"article","og_title":"Surface treatment for goods consummation | HEF","og_description":"HEF offers high-performance surface treatments for household appliances, enhancing robustness, durability, and visual appeal.","og_url":"https:\/\/hef.group\/en\/consumer-goods\/household-appliances\/","og_site_name":"HEF","article_modified_time":"2025-03-13T10:06:48+00:00","og_image":[{"width":1651,"height":1004,"url":"https:\/\/hef.group\/wp-content\/uploads\/2024\/06\/shutterstock_2133586035-e1719413242825.jpg","type":"image\/jpeg"}],"twitter_card":"summary_large_image","twitter_misc":{"Est. reading time":"1 minute"},"schema":{"@context":"https:\/\/schema.org","@graph":[{"@type":"WebPage","@id":"https:\/\/hef.group\/en\/consumer-goods\/household-appliances\/","url":"https:\/\/hef.group\/en\/consumer-goods\/household-appliances\/","name":"Surface treatment for goods consummation | HEF","isPartOf":{"@id":"https:\/\/hef.group\/en\/#website"},"primaryImageOfPage":{"@id":"https:\/\/hef.group\/en\/consumer-goods\/household-appliances\/#primaryimage"},"image":{"@id":"https:\/\/hef.group\/en\/consumer-goods\/household-appliances\/#primaryimage"},"thumbnailUrl":"https:\/\/hef.group\/wp-content\/uploads\/2024\/06\/shutterstock_2133586035-e1719413242825.jpg","datePublished":"2023-11-27T14:05:01+00:00","dateModified":"2025-03-13T10:06:48+00:00","description":"HEF offers high-performance surface treatments for household appliances, enhancing robustness, durability, and visual appeal.","breadcrumb":{"@id":"https:\/\/hef.group\/en\/consumer-goods\/household-appliances\/#breadcrumb"},"inLanguage":"en-US","potentialAction":[{"@type":"ReadAction","target":["https:\/\/hef.group\/en\/consumer-goods\/household-appliances\/"]}]},{"@type":"ImageObject","inLanguage":"en-US","@id":"https:\/\/hef.group\/en\/consumer-goods\/household-appliances\/#primaryimage","url":"https:\/\/hef.group\/wp-content\/uploads\/2024\/06\/shutterstock_2133586035-e1719413242825.jpg","contentUrl":"https:\/\/hef.group\/wp-content\/uploads\/2024\/06\/shutterstock_2133586035-e1719413242825.jpg","width":1651,"height":1004},{"@type":"BreadcrumbList","@id":"https:\/\/hef.group\/en\/consumer-goods\/household-appliances\/#breadcrumb","itemListElement":[{"@type":"ListItem","position":1,"name":"Home","item":"https:\/\/hef.group\/en\/"},{"@type":"ListItem","position":2,"name":"Consumer goods","item":"https:\/\/hef.group\/en\/consumer-goods\/"},{"@type":"ListItem","position":3,"name":"Household appliances: Surface treatment for goods consummation"}]},{"@type":"WebSite","@id":"https:\/\/hef.group\/en\/#website","url":"https:\/\/hef.group\/en\/","name":"HEF Groupe","description":"Leader Mondial en ing\u00e9n\u00e9rie des mat\u00e9riaux de surfaces","publisher":{"@id":"https:\/\/hef.group\/en\/#organization"},"potentialAction":[{"@type":"SearchAction","target":{"@type":"EntryPoint","urlTemplate":"https:\/\/hef.group\/en\/?s={search_term_string}"},"query-input":{"@type":"PropertyValueSpecification","valueRequired":true,"valueName":"search_term_string"}}],"inLanguage":"en-US"},{"@type":"Organization","@id":"https:\/\/hef.group\/en\/#organization","name":"HEF Groupe","url":"https:\/\/hef.group\/en\/","logo":{"@type":"ImageObject","inLanguage":"en-US","@id":"https:\/\/hef.group\/en\/#\/schema\/logo\/image\/","url":"https:\/\/hef.group\/wp-content\/uploads\/2024\/02\/logo-hef-1.svg","contentUrl":"https:\/\/hef.group\/wp-content\/uploads\/2024\/02\/logo-hef-1.svg","width":250,"height":60,"caption":"HEF Groupe"},"image":{"@id":"https:\/\/hef.group\/en\/#\/schema\/logo\/image\/"}}]}},"_links":{"self":[{"href":"https:\/\/hef.group\/en\/wp-json\/wp\/v2\/pages\/9146","targetHints":{"allow":["GET"]}}],"collection":[{"href":"https:\/\/hef.group\/en\/wp-json\/wp\/v2\/pages"}],"about":[{"href":"https:\/\/hef.group\/en\/wp-json\/wp\/v2\/types\/page"}],"author":[{"embeddable":true,"href":"https:\/\/hef.group\/en\/wp-json\/wp\/v2\/users\/1"}],"replies":[{"embeddable":true,"href":"https:\/\/hef.group\/en\/wp-json\/wp\/v2\/comments?post=9146"}],"version-history":[{"count":6,"href":"https:\/\/hef.group\/en\/wp-json\/wp\/v2\/pages\/9146\/revisions"}],"predecessor-version":[{"id":12610,"href":"https:\/\/hef.group\/en\/wp-json\/wp\/v2\/pages\/9146\/revisions\/12610"}],"up":[{"embeddable":true,"href":"https:\/\/hef.group\/en\/wp-json\/wp\/v2\/pages\/10095"}],"wp:featuredmedia":[{"embeddable":true,"href":"https:\/\/hef.group\/en\/wp-json\/wp\/v2\/media\/9147"}],"wp:attachment":[{"href":"https:\/\/hef.group\/en\/wp-json\/wp\/v2\/media?parent=9146"}],"curies":[{"name":"wp","href":"https:\/\/api.w.org\/{rel}","templated":true}]}}