{"id":9151,"date":"2023-11-27T14:56:25","date_gmt":"2023-11-27T13:56:25","guid":{"rendered":"https:\/\/hef.group\/civilian-firearms\/"},"modified":"2024-11-05T10:23:53","modified_gmt":"2024-11-05T09:23:53","slug":"civilian-firearms","status":"publish","type":"page","link":"https:\/\/hef.group\/en\/defense-aerospace\/civilian-firearms\/","title":{"rendered":"Surface treatment for civilian firearms"},"content":{"rendered":"<section class=\"axblock-gallery white-bg\">\n    <div class=\"ax-gallery\">\n        <div class=\"container ax-gallery-container content-left \" style=\"--heightBlock : 300px\">\n            <div class=\"ax-gallery-content\" style=\"--numberColumns: 2\">\n                                                    <div class=\"text-content\">\n                        <p><span data-contrast=\"auto\">Explore our complete line of <\/span><b><span data-contrast=\"auto\">advanced coatings and surface treatments for firearms, designed specifically for improved performance and durability.<\/span><\/b><span data-ccp-props=\"{&quot;134233117&quot;:false,&quot;134233118&quot;:false,&quot;201341983&quot;:0,&quot;335559738&quot;:0,&quot;335559739&quot;:0,&quot;335559740&quot;:279}\">\u00a0<\/span><\/p>\n<p><span data-contrast=\"auto\">\u00a0<\/span><span data-ccp-props=\"{&quot;134233117&quot;:false,&quot;134233118&quot;:false,&quot;201341983&quot;:0,&quot;335559738&quot;:0,&quot;335559739&quot;:0,&quot;335559740&quot;:279}\">\u00a0<\/span><\/p>\n<p><span data-contrast=\"auto\">The solutions provided by HEF offer significant advantages in the areas of <\/span><b><span data-contrast=\"auto\">resistance to wear, corrosion, and erosion<\/span><\/b><span data-contrast=\"auto\">, <\/span><b><span data-contrast=\"auto\">reduced friction<\/span><\/b><span data-contrast=\"auto\">, <\/span><b><span data-contrast=\"auto\">resistance to scratches<\/span><\/b><span data-contrast=\"auto\">, and they increase the overall aesthetics of firearms.<\/span><span data-ccp-props=\"{&quot;134233117&quot;:false,&quot;134233118&quot;:false,&quot;201341983&quot;:0,&quot;335559738&quot;:0,&quot;335559739&quot;:0,&quot;335559740&quot;:279}\">\u00a0<\/span><\/p>\n<p><span data-contrast=\"auto\">\u00a0<\/span><span data-ccp-props=\"{&quot;134233117&quot;:false,&quot;134233118&quot;:false,&quot;201341983&quot;:0,&quot;335559738&quot;:0,&quot;335559739&quot;:0,&quot;335559740&quot;:279}\">\u00a0<\/span><\/p>\n<p><span data-contrast=\"auto\">Our liquid nitriding<\/span><b> <\/b><span data-contrast=\"auto\"> treatments (<\/span><b><span data-contrast=\"auto\">TENIFER\u00ae, QPQ\u00ae, SURSULF\u00ae and ARCOR\u00ae<\/span><\/b>) <span data-contrast=\"auto\">are the treatments of choice. Offering exceptional resistance to wear and corrosion, they minimize jamming and provide an aesthetic black finish.\u00a0<\/span><span data-ccp-props=\"{&quot;134233117&quot;:false,&quot;134233118&quot;:false,&quot;201341983&quot;:0,&quot;335559738&quot;:0,&quot;335559739&quot;:0,&quot;335559740&quot;:279}\">\u00a0<\/span><\/p>\n<p><span data-contrast=\"auto\">These nitriding treatments are well respected for applications such as gun barrels and loaders.<\/span><span data-ccp-props=\"{&quot;134233117&quot;:false,&quot;134233118&quot;:false,&quot;201341983&quot;:0,&quot;335559738&quot;:0,&quot;335559739&quot;:0,&quot;335559740&quot;:279}\">\u00a0<\/span><\/p>\n<p aria-level=\"1\"><span data-ccp-props=\"{&quot;134233117&quot;:false,&quot;134233118&quot;:false,&quot;134245418&quot;:true,&quot;134245529&quot;:true,&quot;201341983&quot;:0,&quot;335559738&quot;:0,&quot;335559739&quot;:0,&quot;335559740&quot;:279}\">\u00a0<\/span><\/p>\n<p aria-level=\"1\"><span data-contrast=\"auto\">Our surface treatment for firearms developed with PVD (Physical Vapor Deposition) technology as well as our DLC carbon-based treatment offer advanced performance. <\/span><b><span data-contrast=\"auto\">Our Certess\u2122 line of coatings increases durability and reduces friction.<\/span><\/b><span data-ccp-props=\"{&quot;134233117&quot;:false,&quot;134233118&quot;:false,&quot;134245418&quot;:true,&quot;134245529&quot;:true,&quot;201341983&quot;:0,&quot;335559738&quot;:0,&quot;335559739&quot;:0,&quot;335559740&quot;:279}\">\u00a0<\/span><\/p>\n<p><span data-ccp-props=\"{&quot;134233117&quot;:false,&quot;134233118&quot;:false,&quot;201341983&quot;:0,&quot;335551550&quot;:1,&quot;335551620&quot;:1,&quot;335559738&quot;:0,&quot;335559739&quot;:0,&quot;335559740&quot;:279}\">\u00a0<\/span><\/p>\n<p><span data-contrast=\"auto\">REM micromachining, manganese phosphating, and nickel chemical deposition <\/span><span data-contrast=\"auto\">are also available to meet your specific needs.<\/span><span data-ccp-props=\"{&quot;134233117&quot;:false,&quot;134233118&quot;:false,&quot;201341983&quot;:0,&quot;335559738&quot;:0,&quot;335559739&quot;:0,&quot;335559740&quot;:279}\">\u00a0<\/span><\/p>\n                    <\/div>\n                                                    <div class=\"btn-gallery\">\n                                                    <a class=\"btn btn-gradient-second btn-block-gallery\"\n                               href=\"\/en\/contact\/\"\n                                 target=\"\"\n                               >Contact our experts<\/a>\n                                                                            <a class=\"btn btn-gradient-second btn-block-gallery\"\n                               href=\"https:\/\/hef.group\/wp-content\/uploads\/2024\/10\/FIREARMS-1.pdf\"\n                                target=\"_blank\"\n                               >Download our brochure<\/a>\n                                            <\/div>\n                            <\/div>\n\n            <div class=\"ax-gallery-medias-container\">\n                                        <div class=\"gallery-item\"><img decoding=\"async\" width=\"768\" height=\"512\" src=\"https:\/\/hef.group\/wp-content\/uploads\/2024\/04\/shutterstock_2099148778-768x512.jpg\" class=\"attachment-medium_large size-medium_large\" alt=\"\" srcset=\"https:\/\/hef.group\/wp-content\/uploads\/2024\/04\/shutterstock_2099148778-768x512.jpg 768w, https:\/\/hef.group\/wp-content\/uploads\/2024\/04\/shutterstock_2099148778-300x200.jpg 300w, https:\/\/hef.group\/wp-content\/uploads\/2024\/04\/shutterstock_2099148778-1024x683.jpg 1024w, https:\/\/hef.group\/wp-content\/uploads\/2024\/04\/shutterstock_2099148778-1536x1024.jpg 1536w, https:\/\/hef.group\/wp-content\/uploads\/2024\/04\/shutterstock_2099148778.jpg 1920w\" sizes=\"(max-width: 768px) 100vw, 768px\" \/><\/div><div class=\"gallery-item\"><img decoding=\"async\" width=\"768\" height=\"512\" src=\"https:\/\/hef.group\/wp-content\/uploads\/2024\/06\/shutterstock_2235407803-768x512.jpg\" class=\"attachment-medium_large size-medium_large\" alt=\"\" srcset=\"https:\/\/hef.group\/wp-content\/uploads\/2024\/06\/shutterstock_2235407803-768x512.jpg 768w, https:\/\/hef.group\/wp-content\/uploads\/2024\/06\/shutterstock_2235407803-300x200.jpg 300w, https:\/\/hef.group\/wp-content\/uploads\/2024\/06\/shutterstock_2235407803-1024x683.jpg 1024w, https:\/\/hef.group\/wp-content\/uploads\/2024\/06\/shutterstock_2235407803-1536x1024.jpg 1536w, https:\/\/hef.group\/wp-content\/uploads\/2024\/06\/shutterstock_2235407803.jpg 1920w\" sizes=\"(max-width: 768px) 100vw, 768px\" \/><\/div>                            <\/div>\n        <\/div>\n    <\/div>\n<\/section>\n","protected":false},"excerpt":{"rendered":"","protected":false},"author":1,"featured_media":9153,"parent":10127,"menu_order":0,"comment_status":"closed","ping_status":"closed","template":"","meta":{"_acf_changed":false,"inline_featured_image":false,"footnotes":""},"class_list":["post-9151","page","type-page","status-publish","has-post-thumbnail","hentry"],"acf":[],"yoast_head":"<!-- This site is optimized with the Yoast SEO plugin v27.2 - https:\/\/yoast.com\/product\/yoast-seo-wordpress\/ -->\n<title>Surface treatment for firearms | Liquid nitriding | HEF<\/title>\n<meta name=\"description\" content=\"Exceptional wear resistance, corrosion resistance, and erosion resistance, reduced friction, and improved aesthetics with our surface treatment for firearms.\" \/>\n<meta name=\"robots\" content=\"index, follow, max-snippet:-1, max-image-preview:large, max-video-preview:-1\" \/>\n<link rel=\"canonical\" href=\"https:\/\/hef.group\/en\/defense-aerospace\/civilian-firearms\/\" \/>\n<meta property=\"og:locale\" content=\"en_US\" \/>\n<meta property=\"og:type\" content=\"article\" \/>\n<meta property=\"og:title\" content=\"Surface treatment for firearms | Liquid nitriding | HEF\" \/>\n<meta property=\"og:description\" content=\"Exceptional wear resistance, corrosion resistance, and erosion resistance, reduced friction, and improved aesthetics with our surface treatment for firearms.\" \/>\n<meta property=\"og:url\" content=\"https:\/\/hef.group\/en\/defense-aerospace\/civilian-firearms\/\" \/>\n<meta property=\"og:site_name\" content=\"HEF\" \/>\n<meta property=\"article:modified_time\" content=\"2024-11-05T09:23:53+00:00\" \/>\n<meta property=\"og:image\" content=\"https:\/\/hef.group\/wp-content\/uploads\/2024\/04\/shutterstock_2235407803.jpg\" \/>\n\t<meta property=\"og:image:width\" content=\"1920\" \/>\n\t<meta property=\"og:image:height\" content=\"1280\" \/>\n\t<meta property=\"og:image:type\" content=\"image\/jpeg\" \/>\n<meta name=\"twitter:card\" content=\"summary_large_image\" \/>\n<meta name=\"twitter:label1\" content=\"Est. reading time\" \/>\n\t<meta name=\"twitter:data1\" content=\"1 minute\" \/>\n<script type=\"application\/ld+json\" class=\"yoast-schema-graph\">{\"@context\":\"https:\/\/schema.org\",\"@graph\":[{\"@type\":\"WebPage\",\"@id\":\"https:\/\/hef.group\/en\/defense-aerospace\/civilian-firearms\/\",\"url\":\"https:\/\/hef.group\/en\/defense-aerospace\/civilian-firearms\/\",\"name\":\"Surface treatment for firearms | Liquid nitriding | HEF\",\"isPartOf\":{\"@id\":\"https:\/\/hef.group\/en\/#website\"},\"primaryImageOfPage\":{\"@id\":\"https:\/\/hef.group\/en\/defense-aerospace\/civilian-firearms\/#primaryimage\"},\"image\":{\"@id\":\"https:\/\/hef.group\/en\/defense-aerospace\/civilian-firearms\/#primaryimage\"},\"thumbnailUrl\":\"https:\/\/hef.group\/wp-content\/uploads\/2024\/04\/shutterstock_2235407803.jpg\",\"datePublished\":\"2023-11-27T13:56:25+00:00\",\"dateModified\":\"2024-11-05T09:23:53+00:00\",\"description\":\"Exceptional wear resistance, corrosion resistance, and erosion resistance, reduced friction, and improved aesthetics with our surface treatment for firearms.\",\"breadcrumb\":{\"@id\":\"https:\/\/hef.group\/en\/defense-aerospace\/civilian-firearms\/#breadcrumb\"},\"inLanguage\":\"en-US\",\"potentialAction\":[{\"@type\":\"ReadAction\",\"target\":[\"https:\/\/hef.group\/en\/defense-aerospace\/civilian-firearms\/\"]}]},{\"@type\":\"ImageObject\",\"inLanguage\":\"en-US\",\"@id\":\"https:\/\/hef.group\/en\/defense-aerospace\/civilian-firearms\/#primaryimage\",\"url\":\"https:\/\/hef.group\/wp-content\/uploads\/2024\/04\/shutterstock_2235407803.jpg\",\"contentUrl\":\"https:\/\/hef.group\/wp-content\/uploads\/2024\/04\/shutterstock_2235407803.jpg\",\"width\":1920,\"height\":1280},{\"@type\":\"BreadcrumbList\",\"@id\":\"https:\/\/hef.group\/en\/defense-aerospace\/civilian-firearms\/#breadcrumb\",\"itemListElement\":[{\"@type\":\"ListItem\",\"position\":1,\"name\":\"Home\",\"item\":\"https:\/\/hef.group\/en\/\"},{\"@type\":\"ListItem\",\"position\":2,\"name\":\"Defense &#038; aerospace\",\"item\":\"https:\/\/hef.group\/en\/defense-aerospace\/\"},{\"@type\":\"ListItem\",\"position\":3,\"name\":\"Surface treatment for civilian firearms\"}]},{\"@type\":\"WebSite\",\"@id\":\"https:\/\/hef.group\/en\/#website\",\"url\":\"https:\/\/hef.group\/en\/\",\"name\":\"HEF Groupe\",\"description\":\"Leader Mondial en ing\u00e9n\u00e9rie des mat\u00e9riaux de surfaces\",\"publisher\":{\"@id\":\"https:\/\/hef.group\/en\/#organization\"},\"potentialAction\":[{\"@type\":\"SearchAction\",\"target\":{\"@type\":\"EntryPoint\",\"urlTemplate\":\"https:\/\/hef.group\/en\/?s={search_term_string}\"},\"query-input\":{\"@type\":\"PropertyValueSpecification\",\"valueRequired\":true,\"valueName\":\"search_term_string\"}}],\"inLanguage\":\"en-US\"},{\"@type\":\"Organization\",\"@id\":\"https:\/\/hef.group\/en\/#organization\",\"name\":\"HEF Groupe\",\"url\":\"https:\/\/hef.group\/en\/\",\"logo\":{\"@type\":\"ImageObject\",\"inLanguage\":\"en-US\",\"@id\":\"https:\/\/hef.group\/en\/#\/schema\/logo\/image\/\",\"url\":\"https:\/\/hef.group\/wp-content\/uploads\/2024\/02\/logo-hef-1.svg\",\"contentUrl\":\"https:\/\/hef.group\/wp-content\/uploads\/2024\/02\/logo-hef-1.svg\",\"width\":250,\"height\":60,\"caption\":\"HEF Groupe\"},\"image\":{\"@id\":\"https:\/\/hef.group\/en\/#\/schema\/logo\/image\/\"}}]}<\/script>\n<!-- \/ Yoast SEO plugin. -->","yoast_head_json":{"title":"Surface treatment for firearms | Liquid nitriding | HEF","description":"Exceptional wear resistance, corrosion resistance, and erosion resistance, reduced friction, and improved aesthetics with our surface treatment for firearms.","robots":{"index":"index","follow":"follow","max-snippet":"max-snippet:-1","max-image-preview":"max-image-preview:large","max-video-preview":"max-video-preview:-1"},"canonical":"https:\/\/hef.group\/en\/defense-aerospace\/civilian-firearms\/","og_locale":"en_US","og_type":"article","og_title":"Surface treatment for firearms | Liquid nitriding | HEF","og_description":"Exceptional wear resistance, corrosion resistance, and erosion resistance, reduced friction, and improved aesthetics with our surface treatment for firearms.","og_url":"https:\/\/hef.group\/en\/defense-aerospace\/civilian-firearms\/","og_site_name":"HEF","article_modified_time":"2024-11-05T09:23:53+00:00","og_image":[{"width":1920,"height":1280,"url":"https:\/\/hef.group\/wp-content\/uploads\/2024\/04\/shutterstock_2235407803.jpg","type":"image\/jpeg"}],"twitter_card":"summary_large_image","twitter_misc":{"Est. reading time":"1 minute"},"schema":{"@context":"https:\/\/schema.org","@graph":[{"@type":"WebPage","@id":"https:\/\/hef.group\/en\/defense-aerospace\/civilian-firearms\/","url":"https:\/\/hef.group\/en\/defense-aerospace\/civilian-firearms\/","name":"Surface treatment for firearms | Liquid nitriding | HEF","isPartOf":{"@id":"https:\/\/hef.group\/en\/#website"},"primaryImageOfPage":{"@id":"https:\/\/hef.group\/en\/defense-aerospace\/civilian-firearms\/#primaryimage"},"image":{"@id":"https:\/\/hef.group\/en\/defense-aerospace\/civilian-firearms\/#primaryimage"},"thumbnailUrl":"https:\/\/hef.group\/wp-content\/uploads\/2024\/04\/shutterstock_2235407803.jpg","datePublished":"2023-11-27T13:56:25+00:00","dateModified":"2024-11-05T09:23:53+00:00","description":"Exceptional wear resistance, corrosion resistance, and erosion resistance, reduced friction, and improved aesthetics with our surface treatment for firearms.","breadcrumb":{"@id":"https:\/\/hef.group\/en\/defense-aerospace\/civilian-firearms\/#breadcrumb"},"inLanguage":"en-US","potentialAction":[{"@type":"ReadAction","target":["https:\/\/hef.group\/en\/defense-aerospace\/civilian-firearms\/"]}]},{"@type":"ImageObject","inLanguage":"en-US","@id":"https:\/\/hef.group\/en\/defense-aerospace\/civilian-firearms\/#primaryimage","url":"https:\/\/hef.group\/wp-content\/uploads\/2024\/04\/shutterstock_2235407803.jpg","contentUrl":"https:\/\/hef.group\/wp-content\/uploads\/2024\/04\/shutterstock_2235407803.jpg","width":1920,"height":1280},{"@type":"BreadcrumbList","@id":"https:\/\/hef.group\/en\/defense-aerospace\/civilian-firearms\/#breadcrumb","itemListElement":[{"@type":"ListItem","position":1,"name":"Home","item":"https:\/\/hef.group\/en\/"},{"@type":"ListItem","position":2,"name":"Defense &#038; aerospace","item":"https:\/\/hef.group\/en\/defense-aerospace\/"},{"@type":"ListItem","position":3,"name":"Surface treatment for civilian firearms"}]},{"@type":"WebSite","@id":"https:\/\/hef.group\/en\/#website","url":"https:\/\/hef.group\/en\/","name":"HEF Groupe","description":"Leader Mondial en ing\u00e9n\u00e9rie des mat\u00e9riaux de surfaces","publisher":{"@id":"https:\/\/hef.group\/en\/#organization"},"potentialAction":[{"@type":"SearchAction","target":{"@type":"EntryPoint","urlTemplate":"https:\/\/hef.group\/en\/?s={search_term_string}"},"query-input":{"@type":"PropertyValueSpecification","valueRequired":true,"valueName":"search_term_string"}}],"inLanguage":"en-US"},{"@type":"Organization","@id":"https:\/\/hef.group\/en\/#organization","name":"HEF Groupe","url":"https:\/\/hef.group\/en\/","logo":{"@type":"ImageObject","inLanguage":"en-US","@id":"https:\/\/hef.group\/en\/#\/schema\/logo\/image\/","url":"https:\/\/hef.group\/wp-content\/uploads\/2024\/02\/logo-hef-1.svg","contentUrl":"https:\/\/hef.group\/wp-content\/uploads\/2024\/02\/logo-hef-1.svg","width":250,"height":60,"caption":"HEF Groupe"},"image":{"@id":"https:\/\/hef.group\/en\/#\/schema\/logo\/image\/"}}]}},"_links":{"self":[{"href":"https:\/\/hef.group\/en\/wp-json\/wp\/v2\/pages\/9151","targetHints":{"allow":["GET"]}}],"collection":[{"href":"https:\/\/hef.group\/en\/wp-json\/wp\/v2\/pages"}],"about":[{"href":"https:\/\/hef.group\/en\/wp-json\/wp\/v2\/types\/page"}],"author":[{"embeddable":true,"href":"https:\/\/hef.group\/en\/wp-json\/wp\/v2\/users\/1"}],"replies":[{"embeddable":true,"href":"https:\/\/hef.group\/en\/wp-json\/wp\/v2\/comments?post=9151"}],"version-history":[{"count":5,"href":"https:\/\/hef.group\/en\/wp-json\/wp\/v2\/pages\/9151\/revisions"}],"predecessor-version":[{"id":11470,"href":"https:\/\/hef.group\/en\/wp-json\/wp\/v2\/pages\/9151\/revisions\/11470"}],"up":[{"embeddable":true,"href":"https:\/\/hef.group\/en\/wp-json\/wp\/v2\/pages\/10127"}],"wp:featuredmedia":[{"embeddable":true,"href":"https:\/\/hef.group\/en\/wp-json\/wp\/v2\/media\/9153"}],"wp:attachment":[{"href":"https:\/\/hef.group\/en\/wp-json\/wp\/v2\/media?parent=9151"}],"curies":[{"name":"wp","href":"https:\/\/api.w.org\/{rel}","templated":true}]}}