{"id":9157,"date":"2023-11-27T15:00:02","date_gmt":"2023-11-27T14:00:02","guid":{"rendered":"https:\/\/hef.group\/surgical-instruments\/"},"modified":"2024-10-29T09:31:33","modified_gmt":"2024-10-29T08:31:33","slug":"surgical-instruments","status":"publish","type":"page","link":"https:\/\/hef.group\/en\/medical-photonics-and-tribology\/surgical-instruments\/","title":{"rendered":"Surgical instrument coatings"},"content":{"rendered":"<section class=\"axblock-gallery white-bg\">\n    <div class=\"ax-gallery\">\n        <div class=\"container ax-gallery-container content-left \" style=\"--heightBlock : 300px\">\n            <div class=\"ax-gallery-content\" style=\"--numberColumns: 2\">\n                                                    <div class=\"text-content\">\n                        <p><b><span data-contrast=\"auto\">Our competence and our coatings offer a broad range of applications in the area of vacuum deposition for surgical instruments.<\/span><\/b><span data-ccp-props=\"{&quot;134233117&quot;:false,&quot;134233118&quot;:false,&quot;201341983&quot;:0,&quot;335559738&quot;:0,&quot;335559739&quot;:0,&quot;335559740&quot;:279}\">\u00a0<\/span><\/p>\n<p><span data-contrast=\"auto\">\u00a0<\/span><span data-ccp-props=\"{&quot;134233117&quot;:false,&quot;134233118&quot;:false,&quot;201341983&quot;:0,&quot;335559738&quot;:0,&quot;335559739&quot;:0,&quot;335559740&quot;:279}\">\u00a0<\/span><\/p>\n<p><span data-contrast=\"auto\">We provide coatings for a multitude of <\/span><b><span data-contrast=\"auto\">instruments used for surgery and dental medicine<\/span><\/b><span data-contrast=\"auto\">, and for specialized tools such as <\/span><b><span data-contrast=\"auto\">bone drills<\/span><\/b><span data-contrast=\"auto\"> and <\/span><b><span data-contrast=\"auto\">bone saws<\/span><\/b><span data-contrast=\"auto\">.\u00a0Moreover, our coatings are also suitable <\/span><b><span data-contrast=\"auto\"> for the components necessary to manufacture medical devices.<\/span><\/b><span data-ccp-props=\"{&quot;134233117&quot;:false,&quot;134233118&quot;:false,&quot;201341983&quot;:0,&quot;335559738&quot;:0,&quot;335559739&quot;:0,&quot;335559740&quot;:279}\">\u00a0<\/span><\/p>\n<p><span data-contrast=\"auto\">\u00a0<\/span><span data-ccp-props=\"{&quot;134233117&quot;:false,&quot;134233118&quot;:false,&quot;201341983&quot;:0,&quot;335559738&quot;:0,&quot;335559739&quot;:0,&quot;335559740&quot;:279}\">\u00a0<\/span><\/p>\n<p><span data-contrast=\"auto\">To meet the specific needs of this sector,<\/span><span data-contrast=\"auto\"> we offer a dedicated product line, <\/span><span data-contrast=\"auto\">Certess<\/span><span data-contrast=\"auto\"><\/span><span data-contrast=\"auto\">\u00ae<\/span><span data-contrast=\"auto\">\u00a0LIFE <\/span><span data-contrast=\"auto\">, which provides a variety <\/span><span data-contrast=\"auto\">of solutions to guarantee the performance and durability of essential medical equipment.<\/span><span data-ccp-props=\"{&quot;134233117&quot;:false,&quot;134233118&quot;:false,&quot;201341983&quot;:0,&quot;335559738&quot;:0,&quot;335559739&quot;:0,&quot;335559740&quot;:279}\">\u00a0<\/span><\/p>\n                    <\/div>\n                                                    <div class=\"btn-gallery\">\n                                                    <a class=\"btn btn-gradient-second btn-block-gallery\"\n                               href=\"https:\/\/hef.group\/en\/contact\/\"\n                                 target=\"_blank\"\n                               >Contact our experts<\/a>\n                                                                            <a class=\"btn btn-gradient-second btn-block-gallery\"\n                               href=\"https:\/\/hef.group\/wp-content\/uploads\/2024\/09\/Medical-leaflet-BD.pdf\"\n                                target=\"_blank\"\n                               >Download our brochure<\/a>\n                                            <\/div>\n                            <\/div>\n\n            <div class=\"ax-gallery-medias-container\">\n                                        <div class=\"gallery-item\"><img decoding=\"async\" width=\"768\" height=\"576\" src=\"https:\/\/hef.group\/wp-content\/uploads\/2024\/07\/images-5-e1720791449166-768x576.jpg\" class=\"attachment-medium_large size-medium_large\" alt=\"\" srcset=\"https:\/\/hef.group\/wp-content\/uploads\/2024\/07\/images-5-e1720791449166-768x576.jpg 768w, https:\/\/hef.group\/wp-content\/uploads\/2024\/07\/images-5-e1720791449166-300x225.jpg 300w, https:\/\/hef.group\/wp-content\/uploads\/2024\/07\/images-5-e1720791449166-1024x768.jpg 1024w, https:\/\/hef.group\/wp-content\/uploads\/2024\/07\/images-5-e1720791449166-1536x1152.jpg 1536w, https:\/\/hef.group\/wp-content\/uploads\/2024\/07\/images-5-e1720791449166.jpg 1920w\" sizes=\"(max-width: 768px) 100vw, 768px\" \/><\/div><div class=\"gallery-item\"><img decoding=\"async\" width=\"768\" height=\"512\" src=\"https:\/\/hef.group\/wp-content\/uploads\/2024\/08\/20211011_HK_0132-768x512.jpg\" class=\"attachment-medium_large size-medium_large\" alt=\"\" srcset=\"https:\/\/hef.group\/wp-content\/uploads\/2024\/08\/20211011_HK_0132-768x512.jpg 768w, https:\/\/hef.group\/wp-content\/uploads\/2024\/08\/20211011_HK_0132-300x200.jpg 300w, https:\/\/hef.group\/wp-content\/uploads\/2024\/08\/20211011_HK_0132-1024x682.jpg 1024w, https:\/\/hef.group\/wp-content\/uploads\/2024\/08\/20211011_HK_0132-1536x1024.jpg 1536w, https:\/\/hef.group\/wp-content\/uploads\/2024\/08\/20211011_HK_0132.jpg 2000w\" sizes=\"(max-width: 768px) 100vw, 768px\" \/><\/div>                            <\/div>\n        <\/div>\n    <\/div>\n<\/section>\n","protected":false},"excerpt":{"rendered":"","protected":false},"author":1,"featured_media":9158,"parent":10277,"menu_order":0,"comment_status":"closed","ping_status":"closed","template":"","meta":{"_acf_changed":false,"inline_featured_image":false,"footnotes":""},"class_list":["post-9157","page","type-page","status-publish","has-post-thumbnail","hentry"],"acf":[],"yoast_head":"<!-- This site is optimized with the Yoast SEO plugin v27.3 - https:\/\/yoast.com\/product\/yoast-seo-wordpress\/ -->\n<title>Surgical instrument coatings: Vacuum deposition<\/title>\n<meta name=\"description\" content=\"HEF offers an extensive range of surgical instrument coatings (PVD) for medical instruments, implants, and also surface functionalization via ultra-fast laser.\" \/>\n<meta name=\"robots\" content=\"index, follow, max-snippet:-1, max-image-preview:large, max-video-preview:-1\" \/>\n<link rel=\"canonical\" href=\"https:\/\/hef.group\/en\/medical-photonics-and-tribology\/surgical-instruments\/\" \/>\n<meta property=\"og:locale\" content=\"en_US\" \/>\n<meta property=\"og:type\" content=\"article\" \/>\n<meta property=\"og:title\" content=\"Surgical instrument coatings: Vacuum deposition\" \/>\n<meta property=\"og:description\" content=\"HEF offers an extensive range of surgical instrument coatings (PVD) for medical instruments, implants, and also surface functionalization via ultra-fast laser.\" \/>\n<meta property=\"og:url\" content=\"https:\/\/hef.group\/en\/medical-photonics-and-tribology\/surgical-instruments\/\" \/>\n<meta property=\"og:site_name\" content=\"HEF\" \/>\n<meta property=\"article:modified_time\" content=\"2024-10-29T08:31:33+00:00\" \/>\n<meta property=\"og:image\" content=\"https:\/\/hef.group\/wp-content\/uploads\/2024\/01\/surgery-1822458_1280.jpg\" \/>\n\t<meta property=\"og:image:width\" content=\"1280\" \/>\n\t<meta property=\"og:image:height\" content=\"854\" \/>\n\t<meta property=\"og:image:type\" content=\"image\/jpeg\" \/>\n<meta name=\"twitter:card\" content=\"summary_large_image\" \/>\n<meta name=\"twitter:label1\" content=\"Est. reading time\" \/>\n\t<meta name=\"twitter:data1\" content=\"1 minute\" \/>\n<script type=\"application\/ld+json\" class=\"yoast-schema-graph\">{\"@context\":\"https:\\\/\\\/schema.org\",\"@graph\":[{\"@type\":\"WebPage\",\"@id\":\"https:\\\/\\\/hef.group\\\/en\\\/medical-photonics-and-tribology\\\/surgical-instruments\\\/\",\"url\":\"https:\\\/\\\/hef.group\\\/en\\\/medical-photonics-and-tribology\\\/surgical-instruments\\\/\",\"name\":\"Surgical instrument coatings: Vacuum deposition\",\"isPartOf\":{\"@id\":\"https:\\\/\\\/hef.group\\\/en\\\/#website\"},\"primaryImageOfPage\":{\"@id\":\"https:\\\/\\\/hef.group\\\/en\\\/medical-photonics-and-tribology\\\/surgical-instruments\\\/#primaryimage\"},\"image\":{\"@id\":\"https:\\\/\\\/hef.group\\\/en\\\/medical-photonics-and-tribology\\\/surgical-instruments\\\/#primaryimage\"},\"thumbnailUrl\":\"https:\\\/\\\/hef.group\\\/wp-content\\\/uploads\\\/2024\\\/01\\\/surgery-1822458_1280.jpg\",\"datePublished\":\"2023-11-27T14:00:02+00:00\",\"dateModified\":\"2024-10-29T08:31:33+00:00\",\"description\":\"HEF offers an extensive range of surgical instrument coatings (PVD) for medical instruments, implants, and also surface functionalization via ultra-fast laser.\",\"breadcrumb\":{\"@id\":\"https:\\\/\\\/hef.group\\\/en\\\/medical-photonics-and-tribology\\\/surgical-instruments\\\/#breadcrumb\"},\"inLanguage\":\"en-US\",\"potentialAction\":[{\"@type\":\"ReadAction\",\"target\":[\"https:\\\/\\\/hef.group\\\/en\\\/medical-photonics-and-tribology\\\/surgical-instruments\\\/\"]}]},{\"@type\":\"ImageObject\",\"inLanguage\":\"en-US\",\"@id\":\"https:\\\/\\\/hef.group\\\/en\\\/medical-photonics-and-tribology\\\/surgical-instruments\\\/#primaryimage\",\"url\":\"https:\\\/\\\/hef.group\\\/wp-content\\\/uploads\\\/2024\\\/01\\\/surgery-1822458_1280.jpg\",\"contentUrl\":\"https:\\\/\\\/hef.group\\\/wp-content\\\/uploads\\\/2024\\\/01\\\/surgery-1822458_1280.jpg\",\"width\":1280,\"height\":854},{\"@type\":\"BreadcrumbList\",\"@id\":\"https:\\\/\\\/hef.group\\\/en\\\/medical-photonics-and-tribology\\\/surgical-instruments\\\/#breadcrumb\",\"itemListElement\":[{\"@type\":\"ListItem\",\"position\":1,\"name\":\"Home\",\"item\":\"https:\\\/\\\/hef.group\\\/en\\\/\"},{\"@type\":\"ListItem\",\"position\":2,\"name\":\"Medical photonics and tribology\",\"item\":\"https:\\\/\\\/hef.group\\\/en\\\/medical-photonics-and-tribology\\\/\"},{\"@type\":\"ListItem\",\"position\":3,\"name\":\"Surgical instrument coatings\"}]},{\"@type\":\"WebSite\",\"@id\":\"https:\\\/\\\/hef.group\\\/en\\\/#website\",\"url\":\"https:\\\/\\\/hef.group\\\/en\\\/\",\"name\":\"HEF Groupe\",\"description\":\"Leader Mondial en ing\u00e9n\u00e9rie des mat\u00e9riaux de surfaces\",\"publisher\":{\"@id\":\"https:\\\/\\\/hef.group\\\/en\\\/#organization\"},\"potentialAction\":[{\"@type\":\"SearchAction\",\"target\":{\"@type\":\"EntryPoint\",\"urlTemplate\":\"https:\\\/\\\/hef.group\\\/en\\\/?s={search_term_string}\"},\"query-input\":{\"@type\":\"PropertyValueSpecification\",\"valueRequired\":true,\"valueName\":\"search_term_string\"}}],\"inLanguage\":\"en-US\"},{\"@type\":\"Organization\",\"@id\":\"https:\\\/\\\/hef.group\\\/en\\\/#organization\",\"name\":\"HEF Groupe\",\"url\":\"https:\\\/\\\/hef.group\\\/en\\\/\",\"logo\":{\"@type\":\"ImageObject\",\"inLanguage\":\"en-US\",\"@id\":\"https:\\\/\\\/hef.group\\\/en\\\/#\\\/schema\\\/logo\\\/image\\\/\",\"url\":\"https:\\\/\\\/hef.group\\\/wp-content\\\/uploads\\\/2024\\\/02\\\/logo-hef-1.svg\",\"contentUrl\":\"https:\\\/\\\/hef.group\\\/wp-content\\\/uploads\\\/2024\\\/02\\\/logo-hef-1.svg\",\"width\":250,\"height\":60,\"caption\":\"HEF Groupe\"},\"image\":{\"@id\":\"https:\\\/\\\/hef.group\\\/en\\\/#\\\/schema\\\/logo\\\/image\\\/\"}}]}<\/script>\n<!-- \/ Yoast SEO plugin. -->","yoast_head_json":{"title":"Surgical instrument coatings: Vacuum deposition","description":"HEF offers an extensive range of surgical instrument coatings (PVD) for medical instruments, implants, and also surface functionalization via ultra-fast laser.","robots":{"index":"index","follow":"follow","max-snippet":"max-snippet:-1","max-image-preview":"max-image-preview:large","max-video-preview":"max-video-preview:-1"},"canonical":"https:\/\/hef.group\/en\/medical-photonics-and-tribology\/surgical-instruments\/","og_locale":"en_US","og_type":"article","og_title":"Surgical instrument coatings: Vacuum deposition","og_description":"HEF offers an extensive range of surgical instrument coatings (PVD) for medical instruments, implants, and also surface functionalization via ultra-fast laser.","og_url":"https:\/\/hef.group\/en\/medical-photonics-and-tribology\/surgical-instruments\/","og_site_name":"HEF","article_modified_time":"2024-10-29T08:31:33+00:00","og_image":[{"width":1280,"height":854,"url":"https:\/\/hef.group\/wp-content\/uploads\/2024\/01\/surgery-1822458_1280.jpg","type":"image\/jpeg"}],"twitter_card":"summary_large_image","twitter_misc":{"Est. reading time":"1 minute"},"schema":{"@context":"https:\/\/schema.org","@graph":[{"@type":"WebPage","@id":"https:\/\/hef.group\/en\/medical-photonics-and-tribology\/surgical-instruments\/","url":"https:\/\/hef.group\/en\/medical-photonics-and-tribology\/surgical-instruments\/","name":"Surgical instrument coatings: Vacuum deposition","isPartOf":{"@id":"https:\/\/hef.group\/en\/#website"},"primaryImageOfPage":{"@id":"https:\/\/hef.group\/en\/medical-photonics-and-tribology\/surgical-instruments\/#primaryimage"},"image":{"@id":"https:\/\/hef.group\/en\/medical-photonics-and-tribology\/surgical-instruments\/#primaryimage"},"thumbnailUrl":"https:\/\/hef.group\/wp-content\/uploads\/2024\/01\/surgery-1822458_1280.jpg","datePublished":"2023-11-27T14:00:02+00:00","dateModified":"2024-10-29T08:31:33+00:00","description":"HEF offers an extensive range of surgical instrument coatings (PVD) for medical instruments, implants, and also surface functionalization via ultra-fast laser.","breadcrumb":{"@id":"https:\/\/hef.group\/en\/medical-photonics-and-tribology\/surgical-instruments\/#breadcrumb"},"inLanguage":"en-US","potentialAction":[{"@type":"ReadAction","target":["https:\/\/hef.group\/en\/medical-photonics-and-tribology\/surgical-instruments\/"]}]},{"@type":"ImageObject","inLanguage":"en-US","@id":"https:\/\/hef.group\/en\/medical-photonics-and-tribology\/surgical-instruments\/#primaryimage","url":"https:\/\/hef.group\/wp-content\/uploads\/2024\/01\/surgery-1822458_1280.jpg","contentUrl":"https:\/\/hef.group\/wp-content\/uploads\/2024\/01\/surgery-1822458_1280.jpg","width":1280,"height":854},{"@type":"BreadcrumbList","@id":"https:\/\/hef.group\/en\/medical-photonics-and-tribology\/surgical-instruments\/#breadcrumb","itemListElement":[{"@type":"ListItem","position":1,"name":"Home","item":"https:\/\/hef.group\/en\/"},{"@type":"ListItem","position":2,"name":"Medical photonics and tribology","item":"https:\/\/hef.group\/en\/medical-photonics-and-tribology\/"},{"@type":"ListItem","position":3,"name":"Surgical instrument coatings"}]},{"@type":"WebSite","@id":"https:\/\/hef.group\/en\/#website","url":"https:\/\/hef.group\/en\/","name":"HEF Groupe","description":"Leader Mondial en ing\u00e9n\u00e9rie des mat\u00e9riaux de surfaces","publisher":{"@id":"https:\/\/hef.group\/en\/#organization"},"potentialAction":[{"@type":"SearchAction","target":{"@type":"EntryPoint","urlTemplate":"https:\/\/hef.group\/en\/?s={search_term_string}"},"query-input":{"@type":"PropertyValueSpecification","valueRequired":true,"valueName":"search_term_string"}}],"inLanguage":"en-US"},{"@type":"Organization","@id":"https:\/\/hef.group\/en\/#organization","name":"HEF Groupe","url":"https:\/\/hef.group\/en\/","logo":{"@type":"ImageObject","inLanguage":"en-US","@id":"https:\/\/hef.group\/en\/#\/schema\/logo\/image\/","url":"https:\/\/hef.group\/wp-content\/uploads\/2024\/02\/logo-hef-1.svg","contentUrl":"https:\/\/hef.group\/wp-content\/uploads\/2024\/02\/logo-hef-1.svg","width":250,"height":60,"caption":"HEF Groupe"},"image":{"@id":"https:\/\/hef.group\/en\/#\/schema\/logo\/image\/"}}]}},"_links":{"self":[{"href":"https:\/\/hef.group\/en\/wp-json\/wp\/v2\/pages\/9157","targetHints":{"allow":["GET"]}}],"collection":[{"href":"https:\/\/hef.group\/en\/wp-json\/wp\/v2\/pages"}],"about":[{"href":"https:\/\/hef.group\/en\/wp-json\/wp\/v2\/types\/page"}],"author":[{"embeddable":true,"href":"https:\/\/hef.group\/en\/wp-json\/wp\/v2\/users\/1"}],"replies":[{"embeddable":true,"href":"https:\/\/hef.group\/en\/wp-json\/wp\/v2\/comments?post=9157"}],"version-history":[{"count":5,"href":"https:\/\/hef.group\/en\/wp-json\/wp\/v2\/pages\/9157\/revisions"}],"predecessor-version":[{"id":10674,"href":"https:\/\/hef.group\/en\/wp-json\/wp\/v2\/pages\/9157\/revisions\/10674"}],"up":[{"embeddable":true,"href":"https:\/\/hef.group\/en\/wp-json\/wp\/v2\/pages\/10277"}],"wp:featuredmedia":[{"embeddable":true,"href":"https:\/\/hef.group\/en\/wp-json\/wp\/v2\/media\/9158"}],"wp:attachment":[{"href":"https:\/\/hef.group\/en\/wp-json\/wp\/v2\/media?parent=9157"}],"curies":[{"name":"wp","href":"https:\/\/api.w.org\/{rel}","templated":true}]}}