{"id":9162,"date":"2023-11-27T15:01:43","date_gmt":"2023-11-27T14:01:43","guid":{"rendered":"https:\/\/hef.group\/diagnostic-devices\/"},"modified":"2024-10-25T11:12:49","modified_gmt":"2024-10-25T09:12:49","slug":"diagnostic-devices","status":"publish","type":"page","link":"https:\/\/hef.group\/en\/medical-photonics-and-tribology\/diagnostic-devices\/","title":{"rendered":"Rotative anodes for diagnostic devices"},"content":{"rendered":"<section class=\"axblock-gallery white-bg\">\n    <div class=\"ax-gallery\">\n        <div class=\"container ax-gallery-container content-left \" style=\"--heightBlock : 300px\">\n            <div class=\"ax-gallery-content\" style=\"--numberColumns: 2\">\n                                                    <div class=\"text-content\">\n                        <p><span data-contrast=\"auto\">HEF competes in the medical imaging market. We specialize in the manufacturing <\/span><b><span data-contrast=\"auto\"> of rotary anodes for diagnostic devices, namely those used in X-ray tubes<\/span><\/b><span data-contrast=\"auto\">. These anodes are integrated in various radiology equipment applications: scanners, angiography, mammography, cardiology.<\/span><span data-ccp-props=\"{&quot;134233117&quot;:false,&quot;134233118&quot;:false,&quot;201341983&quot;:0,&quot;335559738&quot;:0,&quot;335559739&quot;:0,&quot;335559740&quot;:279}\">\u00a0<\/span><\/p>\n<p>&nbsp;<\/p>\n<p><span data-contrast=\"auto\">HEF offers extensive know-how in rotative anode manufacturing, <\/span><b><span data-contrast=\"auto\">high-temperature chemical vapor deposition (HTCVD), and the chemistry of <\/span><\/b> <b><span data-contrast=\"auto\">fluorinated products<\/span><\/b><span data-contrast=\"auto\"> tailored to the specific needs of the medical industry.<\/span><span data-ccp-props=\"{&quot;134233117&quot;:false,&quot;134233118&quot;:false,&quot;201341983&quot;:0,&quot;335559738&quot;:0,&quot;335559739&quot;:0,&quot;335559740&quot;:279}\">\u00a0<\/span><\/p>\n<p><span data-contrast=\"auto\">\u00a0<\/span><span data-ccp-props=\"{&quot;134233117&quot;:false,&quot;134233118&quot;:false,&quot;201341983&quot;:0,&quot;335559738&quot;:0,&quot;335559739&quot;:0,&quot;335559740&quot;:279}\">\u00a0<\/span><\/p>\n<p><span data-contrast=\"auto\">In addition, HEF implements the<\/span><b><span data-contrast=\"auto\">mirrors, lenses, prisms, windows, and filters necessary in imaging systems <\/span><\/b><span data-contrast=\"auto\">(cameras, scanners, virtual reality headsets, etc.)<\/span><b><span data-contrast=\"auto\"> as well as the optical instrumentation equipment <\/span><\/b><b><span data-contrast=\"none\">for the biomedical sector (blood analysis, virus, etc.)<\/span><\/b><span data-ccp-props=\"{&quot;134233117&quot;:false,&quot;134233118&quot;:false,&quot;201341983&quot;:0,&quot;335559738&quot;:0,&quot;335559739&quot;:0,&quot;335559740&quot;:279}\">\u00a0<\/span><\/p>\n<p><span data-contrast=\"auto\">\u00a0<\/span><span data-ccp-props=\"{&quot;134233117&quot;:false,&quot;134233118&quot;:false,&quot;201341983&quot;:0,&quot;335559738&quot;:0,&quot;335559739&quot;:0,&quot;335559740&quot;:279}\">\u00a0<\/span><\/p>\n<p><span data-contrast=\"auto\">HEF also provides <\/span><b><span data-contrast=\"auto\">optical solutions<\/span><\/b><span data-contrast=\"auto\"> for applications involving light and inducing fluorescence in the biomedical industry.<\/span><span data-ccp-props=\"{&quot;134233117&quot;:false,&quot;134233118&quot;:false,&quot;201341983&quot;:0,&quot;335559738&quot;:0,&quot;335559739&quot;:0,&quot;335559740&quot;:279}\">\u00a0<\/span><\/p>\n<p><span data-contrast=\"auto\">\u00a0<\/span><span data-ccp-props=\"{&quot;134233117&quot;:false,&quot;134233118&quot;:false,&quot;201341983&quot;:0,&quot;335559738&quot;:0,&quot;335559739&quot;:0,&quot;335559740&quot;:279}\">\u00a0<\/span><\/p>\n<p><span data-contrast=\"auto\">Quality control, consistency and viability are crucial for manufacturers of <\/span><b><span data-contrast=\"auto\">medical equipment and biochips that are regulated by the Federal Drug Administration<\/span><\/b><span data-contrast=\"auto\"> (FDA) and designed for these applications.<\/span><span data-ccp-props=\"{&quot;134233117&quot;:false,&quot;134233118&quot;:false,&quot;201341983&quot;:0,&quot;335559738&quot;:0,&quot;335559739&quot;:0,&quot;335559740&quot;:279}\">\u00a0<\/span><\/p>\n                    <\/div>\n                                                    <div class=\"btn-gallery\">\n                                                    <a class=\"btn btn-gradient-second btn-block-gallery\"\n                               href=\"https:\/\/hef.group\/wp-content\/uploads\/2024\/10\/Reclaim-of-X-ray-Targets.pdf\"\n                                 target=\"_blank\"\n                               >Reclaim of X-ray Targets<\/a>\n                                                                            <a class=\"btn btn-gradient-second btn-block-gallery\"\n                               href=\"https:\/\/hef.group\/wp-content\/uploads\/2024\/10\/Lightweight-X-ray-Targets.pdf\"\n                                target=\"_blank\"\n                               >Lightweight X-ray Targets<\/a>\n                                            <\/div>\n                            <\/div>\n\n            <div class=\"ax-gallery-medias-container\">\n                                        <div class=\"gallery-item\"><img decoding=\"async\" width=\"768\" height=\"512\" src=\"https:\/\/hef.group\/wp-content\/uploads\/2024\/07\/shutterstock_1693883815-1-768x512.jpg\" class=\"attachment-medium_large size-medium_large\" alt=\"\" srcset=\"https:\/\/hef.group\/wp-content\/uploads\/2024\/07\/shutterstock_1693883815-1-768x512.jpg 768w, https:\/\/hef.group\/wp-content\/uploads\/2024\/07\/shutterstock_1693883815-1-300x200.jpg 300w, https:\/\/hef.group\/wp-content\/uploads\/2024\/07\/shutterstock_1693883815-1-1024x683.jpg 1024w, https:\/\/hef.group\/wp-content\/uploads\/2024\/07\/shutterstock_1693883815-1-1536x1024.jpg 1536w, https:\/\/hef.group\/wp-content\/uploads\/2024\/07\/shutterstock_1693883815-1.jpg 1920w\" sizes=\"(max-width: 768px) 100vw, 768px\" \/><\/div><div class=\"gallery-item\"><img decoding=\"async\" width=\"768\" height=\"432\" src=\"https:\/\/hef.group\/wp-content\/uploads\/2024\/08\/shutterstock_2213585573-768x432.jpg\" class=\"attachment-medium_large size-medium_large\" alt=\"\" srcset=\"https:\/\/hef.group\/wp-content\/uploads\/2024\/08\/shutterstock_2213585573-768x432.jpg 768w, https:\/\/hef.group\/wp-content\/uploads\/2024\/08\/shutterstock_2213585573-300x169.jpg 300w, https:\/\/hef.group\/wp-content\/uploads\/2024\/08\/shutterstock_2213585573-1024x576.jpg 1024w, https:\/\/hef.group\/wp-content\/uploads\/2024\/08\/shutterstock_2213585573-1536x864.jpg 1536w, https:\/\/hef.group\/wp-content\/uploads\/2024\/08\/shutterstock_2213585573.jpg 1920w\" sizes=\"(max-width: 768px) 100vw, 768px\" \/><\/div>                            <\/div>\n        <\/div>\n    <\/div>\n<\/section>\n","protected":false},"excerpt":{"rendered":"","protected":false},"author":1,"featured_media":9163,"parent":10277,"menu_order":0,"comment_status":"closed","ping_status":"closed","template":"","meta":{"_acf_changed":false,"inline_featured_image":false,"footnotes":""},"class_list":["post-9162","page","type-page","status-publish","has-post-thumbnail","hentry"],"acf":[],"yoast_head":"<!-- This site is optimized with the Yoast SEO plugin v27.2 - https:\/\/yoast.com\/product\/yoast-seo-wordpress\/ -->\n<title>Treatments and rotative anodes for diagnostic devices<\/title>\n<meta name=\"description\" content=\"HEF optics solutions for medical imaging include rotative anodes for diagnostic devices and innovative surface treatments.\" \/>\n<meta name=\"robots\" content=\"index, follow, max-snippet:-1, max-image-preview:large, max-video-preview:-1\" \/>\n<link rel=\"canonical\" href=\"https:\/\/hef.group\/en\/medical-photonics-and-tribology\/diagnostic-devices\/\" \/>\n<meta property=\"og:locale\" content=\"en_US\" \/>\n<meta property=\"og:type\" content=\"article\" \/>\n<meta property=\"og:title\" content=\"Treatments and rotative anodes for diagnostic devices\" \/>\n<meta property=\"og:description\" content=\"HEF optics solutions for medical imaging include rotative anodes for diagnostic devices and innovative surface treatments.\" \/>\n<meta property=\"og:url\" content=\"https:\/\/hef.group\/en\/medical-photonics-and-tribology\/diagnostic-devices\/\" \/>\n<meta property=\"og:site_name\" content=\"HEF\" \/>\n<meta property=\"article:modified_time\" content=\"2024-10-25T09:12:49+00:00\" \/>\n<meta property=\"og:image\" content=\"https:\/\/hef.group\/wp-content\/uploads\/2024\/01\/hospital-3098683_1280.jpg\" \/>\n\t<meta property=\"og:image:width\" content=\"1280\" \/>\n\t<meta property=\"og:image:height\" content=\"853\" \/>\n\t<meta property=\"og:image:type\" content=\"image\/jpeg\" \/>\n<meta name=\"twitter:card\" content=\"summary_large_image\" \/>\n<script type=\"application\/ld+json\" class=\"yoast-schema-graph\">{\"@context\":\"https:\/\/schema.org\",\"@graph\":[{\"@type\":\"WebPage\",\"@id\":\"https:\/\/hef.group\/en\/medical-photonics-and-tribology\/diagnostic-devices\/\",\"url\":\"https:\/\/hef.group\/en\/medical-photonics-and-tribology\/diagnostic-devices\/\",\"name\":\"Treatments and rotative anodes for diagnostic devices\",\"isPartOf\":{\"@id\":\"https:\/\/hef.group\/en\/#website\"},\"primaryImageOfPage\":{\"@id\":\"https:\/\/hef.group\/en\/medical-photonics-and-tribology\/diagnostic-devices\/#primaryimage\"},\"image\":{\"@id\":\"https:\/\/hef.group\/en\/medical-photonics-and-tribology\/diagnostic-devices\/#primaryimage\"},\"thumbnailUrl\":\"https:\/\/hef.group\/wp-content\/uploads\/2024\/01\/hospital-3098683_1280.jpg\",\"datePublished\":\"2023-11-27T14:01:43+00:00\",\"dateModified\":\"2024-10-25T09:12:49+00:00\",\"description\":\"HEF optics solutions for medical imaging include rotative anodes for diagnostic devices and innovative surface treatments.\",\"breadcrumb\":{\"@id\":\"https:\/\/hef.group\/en\/medical-photonics-and-tribology\/diagnostic-devices\/#breadcrumb\"},\"inLanguage\":\"en-US\",\"potentialAction\":[{\"@type\":\"ReadAction\",\"target\":[\"https:\/\/hef.group\/en\/medical-photonics-and-tribology\/diagnostic-devices\/\"]}]},{\"@type\":\"ImageObject\",\"inLanguage\":\"en-US\",\"@id\":\"https:\/\/hef.group\/en\/medical-photonics-and-tribology\/diagnostic-devices\/#primaryimage\",\"url\":\"https:\/\/hef.group\/wp-content\/uploads\/2024\/01\/hospital-3098683_1280.jpg\",\"contentUrl\":\"https:\/\/hef.group\/wp-content\/uploads\/2024\/01\/hospital-3098683_1280.jpg\",\"width\":1280,\"height\":853},{\"@type\":\"BreadcrumbList\",\"@id\":\"https:\/\/hef.group\/en\/medical-photonics-and-tribology\/diagnostic-devices\/#breadcrumb\",\"itemListElement\":[{\"@type\":\"ListItem\",\"position\":1,\"name\":\"Home\",\"item\":\"https:\/\/hef.group\/en\/\"},{\"@type\":\"ListItem\",\"position\":2,\"name\":\"Medical photonics and tribology\",\"item\":\"https:\/\/hef.group\/en\/medical-photonics-and-tribology\/\"},{\"@type\":\"ListItem\",\"position\":3,\"name\":\"Rotative anodes for diagnostic devices\"}]},{\"@type\":\"WebSite\",\"@id\":\"https:\/\/hef.group\/en\/#website\",\"url\":\"https:\/\/hef.group\/en\/\",\"name\":\"HEF Groupe\",\"description\":\"Leader Mondial en ing\u00e9n\u00e9rie des mat\u00e9riaux de surfaces\",\"publisher\":{\"@id\":\"https:\/\/hef.group\/en\/#organization\"},\"potentialAction\":[{\"@type\":\"SearchAction\",\"target\":{\"@type\":\"EntryPoint\",\"urlTemplate\":\"https:\/\/hef.group\/en\/?s={search_term_string}\"},\"query-input\":{\"@type\":\"PropertyValueSpecification\",\"valueRequired\":true,\"valueName\":\"search_term_string\"}}],\"inLanguage\":\"en-US\"},{\"@type\":\"Organization\",\"@id\":\"https:\/\/hef.group\/en\/#organization\",\"name\":\"HEF Groupe\",\"url\":\"https:\/\/hef.group\/en\/\",\"logo\":{\"@type\":\"ImageObject\",\"inLanguage\":\"en-US\",\"@id\":\"https:\/\/hef.group\/en\/#\/schema\/logo\/image\/\",\"url\":\"https:\/\/hef.group\/wp-content\/uploads\/2024\/02\/logo-hef-1.svg\",\"contentUrl\":\"https:\/\/hef.group\/wp-content\/uploads\/2024\/02\/logo-hef-1.svg\",\"width\":250,\"height\":60,\"caption\":\"HEF Groupe\"},\"image\":{\"@id\":\"https:\/\/hef.group\/en\/#\/schema\/logo\/image\/\"}}]}<\/script>\n<!-- \/ Yoast SEO plugin. -->","yoast_head_json":{"title":"Treatments and rotative anodes for diagnostic devices","description":"HEF optics solutions for medical imaging include rotative anodes for diagnostic devices and innovative surface treatments.","robots":{"index":"index","follow":"follow","max-snippet":"max-snippet:-1","max-image-preview":"max-image-preview:large","max-video-preview":"max-video-preview:-1"},"canonical":"https:\/\/hef.group\/en\/medical-photonics-and-tribology\/diagnostic-devices\/","og_locale":"en_US","og_type":"article","og_title":"Treatments and rotative anodes for diagnostic devices","og_description":"HEF optics solutions for medical imaging include rotative anodes for diagnostic devices and innovative surface treatments.","og_url":"https:\/\/hef.group\/en\/medical-photonics-and-tribology\/diagnostic-devices\/","og_site_name":"HEF","article_modified_time":"2024-10-25T09:12:49+00:00","og_image":[{"width":1280,"height":853,"url":"https:\/\/hef.group\/wp-content\/uploads\/2024\/01\/hospital-3098683_1280.jpg","type":"image\/jpeg"}],"twitter_card":"summary_large_image","schema":{"@context":"https:\/\/schema.org","@graph":[{"@type":"WebPage","@id":"https:\/\/hef.group\/en\/medical-photonics-and-tribology\/diagnostic-devices\/","url":"https:\/\/hef.group\/en\/medical-photonics-and-tribology\/diagnostic-devices\/","name":"Treatments and rotative anodes for diagnostic devices","isPartOf":{"@id":"https:\/\/hef.group\/en\/#website"},"primaryImageOfPage":{"@id":"https:\/\/hef.group\/en\/medical-photonics-and-tribology\/diagnostic-devices\/#primaryimage"},"image":{"@id":"https:\/\/hef.group\/en\/medical-photonics-and-tribology\/diagnostic-devices\/#primaryimage"},"thumbnailUrl":"https:\/\/hef.group\/wp-content\/uploads\/2024\/01\/hospital-3098683_1280.jpg","datePublished":"2023-11-27T14:01:43+00:00","dateModified":"2024-10-25T09:12:49+00:00","description":"HEF optics solutions for medical imaging include rotative anodes for diagnostic devices and innovative surface treatments.","breadcrumb":{"@id":"https:\/\/hef.group\/en\/medical-photonics-and-tribology\/diagnostic-devices\/#breadcrumb"},"inLanguage":"en-US","potentialAction":[{"@type":"ReadAction","target":["https:\/\/hef.group\/en\/medical-photonics-and-tribology\/diagnostic-devices\/"]}]},{"@type":"ImageObject","inLanguage":"en-US","@id":"https:\/\/hef.group\/en\/medical-photonics-and-tribology\/diagnostic-devices\/#primaryimage","url":"https:\/\/hef.group\/wp-content\/uploads\/2024\/01\/hospital-3098683_1280.jpg","contentUrl":"https:\/\/hef.group\/wp-content\/uploads\/2024\/01\/hospital-3098683_1280.jpg","width":1280,"height":853},{"@type":"BreadcrumbList","@id":"https:\/\/hef.group\/en\/medical-photonics-and-tribology\/diagnostic-devices\/#breadcrumb","itemListElement":[{"@type":"ListItem","position":1,"name":"Home","item":"https:\/\/hef.group\/en\/"},{"@type":"ListItem","position":2,"name":"Medical photonics and tribology","item":"https:\/\/hef.group\/en\/medical-photonics-and-tribology\/"},{"@type":"ListItem","position":3,"name":"Rotative anodes for diagnostic devices"}]},{"@type":"WebSite","@id":"https:\/\/hef.group\/en\/#website","url":"https:\/\/hef.group\/en\/","name":"HEF Groupe","description":"Leader Mondial en ing\u00e9n\u00e9rie des mat\u00e9riaux de surfaces","publisher":{"@id":"https:\/\/hef.group\/en\/#organization"},"potentialAction":[{"@type":"SearchAction","target":{"@type":"EntryPoint","urlTemplate":"https:\/\/hef.group\/en\/?s={search_term_string}"},"query-input":{"@type":"PropertyValueSpecification","valueRequired":true,"valueName":"search_term_string"}}],"inLanguage":"en-US"},{"@type":"Organization","@id":"https:\/\/hef.group\/en\/#organization","name":"HEF Groupe","url":"https:\/\/hef.group\/en\/","logo":{"@type":"ImageObject","inLanguage":"en-US","@id":"https:\/\/hef.group\/en\/#\/schema\/logo\/image\/","url":"https:\/\/hef.group\/wp-content\/uploads\/2024\/02\/logo-hef-1.svg","contentUrl":"https:\/\/hef.group\/wp-content\/uploads\/2024\/02\/logo-hef-1.svg","width":250,"height":60,"caption":"HEF Groupe"},"image":{"@id":"https:\/\/hef.group\/en\/#\/schema\/logo\/image\/"}}]}},"_links":{"self":[{"href":"https:\/\/hef.group\/en\/wp-json\/wp\/v2\/pages\/9162","targetHints":{"allow":["GET"]}}],"collection":[{"href":"https:\/\/hef.group\/en\/wp-json\/wp\/v2\/pages"}],"about":[{"href":"https:\/\/hef.group\/en\/wp-json\/wp\/v2\/types\/page"}],"author":[{"embeddable":true,"href":"https:\/\/hef.group\/en\/wp-json\/wp\/v2\/users\/1"}],"replies":[{"embeddable":true,"href":"https:\/\/hef.group\/en\/wp-json\/wp\/v2\/comments?post=9162"}],"version-history":[{"count":3,"href":"https:\/\/hef.group\/en\/wp-json\/wp\/v2\/pages\/9162\/revisions"}],"predecessor-version":[{"id":10293,"href":"https:\/\/hef.group\/en\/wp-json\/wp\/v2\/pages\/9162\/revisions\/10293"}],"up":[{"embeddable":true,"href":"https:\/\/hef.group\/en\/wp-json\/wp\/v2\/pages\/10277"}],"wp:featuredmedia":[{"embeddable":true,"href":"https:\/\/hef.group\/en\/wp-json\/wp\/v2\/media\/9163"}],"wp:attachment":[{"href":"https:\/\/hef.group\/en\/wp-json\/wp\/v2\/media?parent=9162"}],"curies":[{"name":"wp","href":"https:\/\/api.w.org\/{rel}","templated":true}]}}