{"id":9171,"date":"2023-11-27T15:03:41","date_gmt":"2023-11-27T14:03:41","guid":{"rendered":"https:\/\/hef.group\/electronics\/"},"modified":"2024-10-25T14:40:06","modified_gmt":"2024-10-25T12:40:06","slug":"electronics","status":"publish","type":"page","link":"https:\/\/hef.group\/en\/electricity-electronics\/electronics\/","title":{"rendered":"Laser treatment, photolithography and PVD coating for electronics"},"content":{"rendered":"<section class=\"axblock-gallery white-bg\">\n    <div class=\"ax-gallery\">\n        <div class=\"container ax-gallery-container content-left \" style=\"--heightBlock : 300px\">\n            <div class=\"ax-gallery-content\" style=\"--numberColumns: 2\">\n                                                    <div class=\"text-content\">\n                        <p>HEF offers advanced surface engineering technology for demanding applications: <strong>ultra-fast laser treatment, physical vapor deposition (PVD) coating for electronics, and photolithography,<\/strong> on cutting-edge equipment for prototyping or industrial production.<\/p>\n<p>&nbsp;<\/p>\n<p><strong> There are infinite possibilities for creating innovative effects with fast treatment times and high precision.<\/strong><\/p>\n<p>&nbsp;<\/p>\n<p>Our laser platforms work on:<\/p>\n<ul>\n<li>TGV (Through Glass Vias) and high-aspect ratio interposers;<\/li>\n<li>wafer cutting; and<\/li>\n<li>creating microchannels, as well as 3D decorating<\/li>\n<\/ul>\n<p>with micron-order precision on any type of material (glass, ceramics, polymers, composites, metals, etc.).<\/p>\n<p>&nbsp;<\/p>\n<p><strong>HEF is player in the electronics packaging market thanks to a collaborative project initiated by Thales. In this project, HEF develops solder balls with a polymer core, called \u201cSuperballs\u201d. <\/strong>This unique technology makes it possible to better absorb thermo-mechanical variations of PCBs. This ensures optimal spacing between the components and the printed circuit in harsh environments and offers an alternative to lead solder balls.<\/p>\n                    <\/div>\n                                                    <div class=\"btn-gallery\">\n                                                    <a class=\"btn btn-gradient-second btn-block-gallery\"\n                               href=\"https:\/\/hef.group\/en\/contact\/\"\n                                 target=\"\"\n                               >Contact our experts<\/a>\n                                                                            <a class=\"btn btn-gradient-second btn-block-gallery\"\n                               href=\"https:\/\/hef.group\/wp-content\/uploads\/2024\/06\/leafletLASERPOWDERS_compressed.pdf\"\n                                target=\"_blank\"\n                               >Download our brochure<\/a>\n                                            <\/div>\n                            <\/div>\n\n            <div class=\"ax-gallery-medias-container\">\n                                        <div class=\"gallery-item\"><img decoding=\"async\" width=\"600\" height=\"477\" src=\"https:\/\/hef.group\/wp-content\/uploads\/2024\/06\/SP-01-d94c1e9c-e1719559857443.jpg\" class=\"attachment-medium_large size-medium_large\" alt=\"\" srcset=\"https:\/\/hef.group\/wp-content\/uploads\/2024\/06\/SP-01-d94c1e9c-e1719559857443.jpg 600w, https:\/\/hef.group\/wp-content\/uploads\/2024\/06\/SP-01-d94c1e9c-e1719559857443-300x239.jpg 300w\" sizes=\"(max-width: 600px) 100vw, 600px\" \/><\/div><div class=\"gallery-item\"><img decoding=\"async\" width=\"768\" height=\"512\" src=\"https:\/\/hef.group\/wp-content\/uploads\/2024\/06\/shutterstock_797460667-768x512.jpg\" class=\"attachment-medium_large size-medium_large\" alt=\"\" srcset=\"https:\/\/hef.group\/wp-content\/uploads\/2024\/06\/shutterstock_797460667-768x512.jpg 768w, https:\/\/hef.group\/wp-content\/uploads\/2024\/06\/shutterstock_797460667-300x200.jpg 300w, https:\/\/hef.group\/wp-content\/uploads\/2024\/06\/shutterstock_797460667-1024x683.jpg 1024w, https:\/\/hef.group\/wp-content\/uploads\/2024\/06\/shutterstock_797460667-1536x1024.jpg 1536w, https:\/\/hef.group\/wp-content\/uploads\/2024\/06\/shutterstock_797460667.jpg 1920w\" sizes=\"(max-width: 768px) 100vw, 768px\" \/><\/div>                            <\/div>\n        <\/div>\n    <\/div>\n<\/section>\n","protected":false},"excerpt":{"rendered":"","protected":false},"author":1,"featured_media":9172,"parent":10149,"menu_order":0,"comment_status":"closed","ping_status":"closed","template":"","meta":{"_acf_changed":false,"inline_featured_image":false,"footnotes":""},"class_list":["post-9171","page","type-page","status-publish","has-post-thumbnail","hentry"],"acf":[],"yoast_head":"<!-- This site is optimized with the Yoast SEO plugin v27.3 - https:\/\/yoast.com\/product\/yoast-seo-wordpress\/ -->\n<title>Laser treatment, photolithography and PVD coating for electronics | HEF<\/title>\n<meta name=\"description\" content=\"HEF offers solutions and PVD coating for electronics, enabling the creation of precise and rapid effects on glass, ceramics, polymers, metals, etc.\" \/>\n<meta name=\"robots\" content=\"index, follow, max-snippet:-1, max-image-preview:large, max-video-preview:-1\" \/>\n<link rel=\"canonical\" href=\"https:\/\/hef.group\/en\/electricity-electronics\/electronics\/\" \/>\n<meta property=\"og:locale\" content=\"en_US\" \/>\n<meta property=\"og:type\" content=\"article\" \/>\n<meta property=\"og:title\" content=\"Laser treatment, photolithography and PVD coating for electronics | HEF\" \/>\n<meta property=\"og:description\" content=\"HEF offers solutions and PVD coating for electronics, enabling the creation of precise and rapid effects on glass, ceramics, polymers, metals, etc.\" \/>\n<meta property=\"og:url\" content=\"https:\/\/hef.group\/en\/electricity-electronics\/electronics\/\" \/>\n<meta property=\"og:site_name\" content=\"HEF\" \/>\n<meta property=\"article:modified_time\" content=\"2024-10-25T12:40:06+00:00\" \/>\n<meta property=\"og:image\" content=\"https:\/\/hef.group\/wp-content\/uploads\/2024\/06\/shutterstock_1595520232.jpg\" \/>\n\t<meta property=\"og:image:width\" content=\"1920\" \/>\n\t<meta property=\"og:image:height\" content=\"954\" \/>\n\t<meta property=\"og:image:type\" content=\"image\/jpeg\" \/>\n<meta name=\"twitter:card\" content=\"summary_large_image\" \/>\n<meta name=\"twitter:label1\" content=\"Est. reading time\" \/>\n\t<meta name=\"twitter:data1\" content=\"1 minute\" \/>\n<script type=\"application\/ld+json\" class=\"yoast-schema-graph\">{\"@context\":\"https:\\\/\\\/schema.org\",\"@graph\":[{\"@type\":\"WebPage\",\"@id\":\"https:\\\/\\\/hef.group\\\/en\\\/electricity-electronics\\\/electronics\\\/\",\"url\":\"https:\\\/\\\/hef.group\\\/en\\\/electricity-electronics\\\/electronics\\\/\",\"name\":\"Laser treatment, photolithography and PVD coating for electronics | HEF\",\"isPartOf\":{\"@id\":\"https:\\\/\\\/hef.group\\\/en\\\/#website\"},\"primaryImageOfPage\":{\"@id\":\"https:\\\/\\\/hef.group\\\/en\\\/electricity-electronics\\\/electronics\\\/#primaryimage\"},\"image\":{\"@id\":\"https:\\\/\\\/hef.group\\\/en\\\/electricity-electronics\\\/electronics\\\/#primaryimage\"},\"thumbnailUrl\":\"https:\\\/\\\/hef.group\\\/wp-content\\\/uploads\\\/2024\\\/06\\\/shutterstock_1595520232.jpg\",\"datePublished\":\"2023-11-27T14:03:41+00:00\",\"dateModified\":\"2024-10-25T12:40:06+00:00\",\"description\":\"HEF offers solutions and PVD coating for electronics, enabling the creation of precise and rapid effects on glass, ceramics, polymers, metals, etc.\",\"breadcrumb\":{\"@id\":\"https:\\\/\\\/hef.group\\\/en\\\/electricity-electronics\\\/electronics\\\/#breadcrumb\"},\"inLanguage\":\"en-US\",\"potentialAction\":[{\"@type\":\"ReadAction\",\"target\":[\"https:\\\/\\\/hef.group\\\/en\\\/electricity-electronics\\\/electronics\\\/\"]}]},{\"@type\":\"ImageObject\",\"inLanguage\":\"en-US\",\"@id\":\"https:\\\/\\\/hef.group\\\/en\\\/electricity-electronics\\\/electronics\\\/#primaryimage\",\"url\":\"https:\\\/\\\/hef.group\\\/wp-content\\\/uploads\\\/2024\\\/06\\\/shutterstock_1595520232.jpg\",\"contentUrl\":\"https:\\\/\\\/hef.group\\\/wp-content\\\/uploads\\\/2024\\\/06\\\/shutterstock_1595520232.jpg\",\"width\":1920,\"height\":954},{\"@type\":\"BreadcrumbList\",\"@id\":\"https:\\\/\\\/hef.group\\\/en\\\/electricity-electronics\\\/electronics\\\/#breadcrumb\",\"itemListElement\":[{\"@type\":\"ListItem\",\"position\":1,\"name\":\"Home\",\"item\":\"https:\\\/\\\/hef.group\\\/en\\\/\"},{\"@type\":\"ListItem\",\"position\":2,\"name\":\"Electricity \\\/ Electronics\",\"item\":\"https:\\\/\\\/hef.group\\\/en\\\/electricity-electronics\\\/\"},{\"@type\":\"ListItem\",\"position\":3,\"name\":\"Laser treatment, photolithography and PVD coating for electronics\"}]},{\"@type\":\"WebSite\",\"@id\":\"https:\\\/\\\/hef.group\\\/en\\\/#website\",\"url\":\"https:\\\/\\\/hef.group\\\/en\\\/\",\"name\":\"HEF Groupe\",\"description\":\"Leader Mondial en ing\u00e9n\u00e9rie des mat\u00e9riaux de surfaces\",\"publisher\":{\"@id\":\"https:\\\/\\\/hef.group\\\/en\\\/#organization\"},\"potentialAction\":[{\"@type\":\"SearchAction\",\"target\":{\"@type\":\"EntryPoint\",\"urlTemplate\":\"https:\\\/\\\/hef.group\\\/en\\\/?s={search_term_string}\"},\"query-input\":{\"@type\":\"PropertyValueSpecification\",\"valueRequired\":true,\"valueName\":\"search_term_string\"}}],\"inLanguage\":\"en-US\"},{\"@type\":\"Organization\",\"@id\":\"https:\\\/\\\/hef.group\\\/en\\\/#organization\",\"name\":\"HEF Groupe\",\"url\":\"https:\\\/\\\/hef.group\\\/en\\\/\",\"logo\":{\"@type\":\"ImageObject\",\"inLanguage\":\"en-US\",\"@id\":\"https:\\\/\\\/hef.group\\\/en\\\/#\\\/schema\\\/logo\\\/image\\\/\",\"url\":\"https:\\\/\\\/hef.group\\\/wp-content\\\/uploads\\\/2024\\\/02\\\/logo-hef-1.svg\",\"contentUrl\":\"https:\\\/\\\/hef.group\\\/wp-content\\\/uploads\\\/2024\\\/02\\\/logo-hef-1.svg\",\"width\":250,\"height\":60,\"caption\":\"HEF Groupe\"},\"image\":{\"@id\":\"https:\\\/\\\/hef.group\\\/en\\\/#\\\/schema\\\/logo\\\/image\\\/\"}}]}<\/script>\n<!-- \/ Yoast SEO plugin. -->","yoast_head_json":{"title":"Laser treatment, photolithography and PVD coating for electronics | HEF","description":"HEF offers solutions and PVD coating for electronics, enabling the creation of precise and rapid effects on glass, ceramics, polymers, metals, etc.","robots":{"index":"index","follow":"follow","max-snippet":"max-snippet:-1","max-image-preview":"max-image-preview:large","max-video-preview":"max-video-preview:-1"},"canonical":"https:\/\/hef.group\/en\/electricity-electronics\/electronics\/","og_locale":"en_US","og_type":"article","og_title":"Laser treatment, photolithography and PVD coating for electronics | HEF","og_description":"HEF offers solutions and PVD coating for electronics, enabling the creation of precise and rapid effects on glass, ceramics, polymers, metals, etc.","og_url":"https:\/\/hef.group\/en\/electricity-electronics\/electronics\/","og_site_name":"HEF","article_modified_time":"2024-10-25T12:40:06+00:00","og_image":[{"width":1920,"height":954,"url":"https:\/\/hef.group\/wp-content\/uploads\/2024\/06\/shutterstock_1595520232.jpg","type":"image\/jpeg"}],"twitter_card":"summary_large_image","twitter_misc":{"Est. reading time":"1 minute"},"schema":{"@context":"https:\/\/schema.org","@graph":[{"@type":"WebPage","@id":"https:\/\/hef.group\/en\/electricity-electronics\/electronics\/","url":"https:\/\/hef.group\/en\/electricity-electronics\/electronics\/","name":"Laser treatment, photolithography and PVD coating for electronics | HEF","isPartOf":{"@id":"https:\/\/hef.group\/en\/#website"},"primaryImageOfPage":{"@id":"https:\/\/hef.group\/en\/electricity-electronics\/electronics\/#primaryimage"},"image":{"@id":"https:\/\/hef.group\/en\/electricity-electronics\/electronics\/#primaryimage"},"thumbnailUrl":"https:\/\/hef.group\/wp-content\/uploads\/2024\/06\/shutterstock_1595520232.jpg","datePublished":"2023-11-27T14:03:41+00:00","dateModified":"2024-10-25T12:40:06+00:00","description":"HEF offers solutions and PVD coating for electronics, enabling the creation of precise and rapid effects on glass, ceramics, polymers, metals, etc.","breadcrumb":{"@id":"https:\/\/hef.group\/en\/electricity-electronics\/electronics\/#breadcrumb"},"inLanguage":"en-US","potentialAction":[{"@type":"ReadAction","target":["https:\/\/hef.group\/en\/electricity-electronics\/electronics\/"]}]},{"@type":"ImageObject","inLanguage":"en-US","@id":"https:\/\/hef.group\/en\/electricity-electronics\/electronics\/#primaryimage","url":"https:\/\/hef.group\/wp-content\/uploads\/2024\/06\/shutterstock_1595520232.jpg","contentUrl":"https:\/\/hef.group\/wp-content\/uploads\/2024\/06\/shutterstock_1595520232.jpg","width":1920,"height":954},{"@type":"BreadcrumbList","@id":"https:\/\/hef.group\/en\/electricity-electronics\/electronics\/#breadcrumb","itemListElement":[{"@type":"ListItem","position":1,"name":"Home","item":"https:\/\/hef.group\/en\/"},{"@type":"ListItem","position":2,"name":"Electricity \/ Electronics","item":"https:\/\/hef.group\/en\/electricity-electronics\/"},{"@type":"ListItem","position":3,"name":"Laser treatment, photolithography and PVD coating for electronics"}]},{"@type":"WebSite","@id":"https:\/\/hef.group\/en\/#website","url":"https:\/\/hef.group\/en\/","name":"HEF Groupe","description":"Leader Mondial en ing\u00e9n\u00e9rie des mat\u00e9riaux de surfaces","publisher":{"@id":"https:\/\/hef.group\/en\/#organization"},"potentialAction":[{"@type":"SearchAction","target":{"@type":"EntryPoint","urlTemplate":"https:\/\/hef.group\/en\/?s={search_term_string}"},"query-input":{"@type":"PropertyValueSpecification","valueRequired":true,"valueName":"search_term_string"}}],"inLanguage":"en-US"},{"@type":"Organization","@id":"https:\/\/hef.group\/en\/#organization","name":"HEF Groupe","url":"https:\/\/hef.group\/en\/","logo":{"@type":"ImageObject","inLanguage":"en-US","@id":"https:\/\/hef.group\/en\/#\/schema\/logo\/image\/","url":"https:\/\/hef.group\/wp-content\/uploads\/2024\/02\/logo-hef-1.svg","contentUrl":"https:\/\/hef.group\/wp-content\/uploads\/2024\/02\/logo-hef-1.svg","width":250,"height":60,"caption":"HEF Groupe"},"image":{"@id":"https:\/\/hef.group\/en\/#\/schema\/logo\/image\/"}}]}},"_links":{"self":[{"href":"https:\/\/hef.group\/en\/wp-json\/wp\/v2\/pages\/9171","targetHints":{"allow":["GET"]}}],"collection":[{"href":"https:\/\/hef.group\/en\/wp-json\/wp\/v2\/pages"}],"about":[{"href":"https:\/\/hef.group\/en\/wp-json\/wp\/v2\/types\/page"}],"author":[{"embeddable":true,"href":"https:\/\/hef.group\/en\/wp-json\/wp\/v2\/users\/1"}],"replies":[{"embeddable":true,"href":"https:\/\/hef.group\/en\/wp-json\/wp\/v2\/comments?post=9171"}],"version-history":[{"count":4,"href":"https:\/\/hef.group\/en\/wp-json\/wp\/v2\/pages\/9171\/revisions"}],"predecessor-version":[{"id":10412,"href":"https:\/\/hef.group\/en\/wp-json\/wp\/v2\/pages\/9171\/revisions\/10412"}],"up":[{"embeddable":true,"href":"https:\/\/hef.group\/en\/wp-json\/wp\/v2\/pages\/10149"}],"wp:featuredmedia":[{"embeddable":true,"href":"https:\/\/hef.group\/en\/wp-json\/wp\/v2\/media\/9172"}],"wp:attachment":[{"href":"https:\/\/hef.group\/en\/wp-json\/wp\/v2\/media?parent=9171"}],"curies":[{"name":"wp","href":"https:\/\/api.w.org\/{rel}","templated":true}]}}