{"id":9176,"date":"2023-11-27T14:55:07","date_gmt":"2023-11-27T13:55:07","guid":{"rendered":"https:\/\/hef.group\/mining-equipment\/"},"modified":"2024-10-25T10:19:01","modified_gmt":"2024-10-25T08:19:01","slug":"mining-equipment","status":"publish","type":"page","link":"https:\/\/hef.group\/en\/construction\/mining-equipment\/","title":{"rendered":"Friction components for mining equipment"},"content":{"rendered":"<section class=\"axblock-gallery white-bg\">\n    <div class=\"ax-gallery\">\n        <div class=\"container ax-gallery-container content-left \" style=\"--heightBlock : 300px\">\n            <div class=\"ax-gallery-content\" style=\"--numberColumns: 2\">\n                                                    <div class=\"text-content\">\n                        <p><span data-contrast=\"auto\">The mining environment subjects machinery to an extreme environment and corrosive substances. The severe working conditions in mines necessitate robust and durable components to ensure the safety and the viability of operations. Mining equipment must resist heavy loads, constant vibration, and variable temperatures.<\/span><span data-ccp-props=\"{&quot;201341983&quot;:0,&quot;335559739&quot;:0,&quot;335559740&quot;:279}\">\u00a0<\/span><\/p>\n<p><span data-contrast=\"auto\">\u00a0<\/span><span data-ccp-props=\"{&quot;201341983&quot;:0,&quot;335559739&quot;:0,&quot;335559740&quot;:279}\">\u00a0<\/span><\/p>\n<p><b><span data-contrast=\"auto\">For more than 50 years, HEF has designed and developed high-performance friction components for demanding applications in this type of environment.<\/span><\/b><span data-contrast=\"auto\"> HEF components are known the world over for their long service life, their excellent friction properties and anti-seizing properties, their capacity to handle high loads, and for their extended lubrication intervals or no lubrication at all.<\/span><span data-ccp-props=\"{&quot;201341983&quot;:0,&quot;335559739&quot;:0,&quot;335559740&quot;:279}\">\u00a0<\/span><\/p>\n                    <\/div>\n                                                    <div class=\"btn-gallery\">\n                                                    <a class=\"btn btn-gradient-second btn-block-gallery\"\n                               href=\"https:\/\/hef.group\/en\/contact\/\"\n                                 target=\"\"\n                               >Contact our experts<\/a>\n                                                                            <a class=\"btn btn-gradient-second btn-block-gallery\"\n                               href=\"https:\/\/www.bushingsinnovationhef.com\/\"\n                                target=\"\"\n                               >PEL IGO<\/a>\n                                            <\/div>\n                            <\/div>\n\n            <div class=\"ax-gallery-medias-container\">\n                                        <div class=\"gallery-item\"><img decoding=\"async\" width=\"768\" height=\"442\" src=\"https:\/\/hef.group\/wp-content\/uploads\/2024\/02\/shutterstock_1740590624-768x442.jpg\" class=\"attachment-medium_large size-medium_large\" alt=\"\" srcset=\"https:\/\/hef.group\/wp-content\/uploads\/2024\/02\/shutterstock_1740590624-768x442.jpg 768w, https:\/\/hef.group\/wp-content\/uploads\/2024\/02\/shutterstock_1740590624-300x173.jpg 300w, https:\/\/hef.group\/wp-content\/uploads\/2024\/02\/shutterstock_1740590624-1024x589.jpg 1024w, https:\/\/hef.group\/wp-content\/uploads\/2024\/02\/shutterstock_1740590624-1536x884.jpg 1536w, https:\/\/hef.group\/wp-content\/uploads\/2024\/02\/shutterstock_1740590624.jpg 1920w\" sizes=\"(max-width: 768px) 100vw, 768px\" \/><\/div><div class=\"gallery-item\"><img decoding=\"async\" width=\"768\" height=\"512\" src=\"https:\/\/hef.group\/wp-content\/uploads\/2024\/06\/shutterstock_1322170661-1-768x512.jpg\" class=\"attachment-medium_large size-medium_large\" alt=\"\" srcset=\"https:\/\/hef.group\/wp-content\/uploads\/2024\/06\/shutterstock_1322170661-1-768x512.jpg 768w, https:\/\/hef.group\/wp-content\/uploads\/2024\/06\/shutterstock_1322170661-1-300x200.jpg 300w, https:\/\/hef.group\/wp-content\/uploads\/2024\/06\/shutterstock_1322170661-1-1024x683.jpg 1024w, https:\/\/hef.group\/wp-content\/uploads\/2024\/06\/shutterstock_1322170661-1-1536x1024.jpg 1536w, https:\/\/hef.group\/wp-content\/uploads\/2024\/06\/shutterstock_1322170661-1.jpg 1920w\" sizes=\"(max-width: 768px) 100vw, 768px\" \/><\/div>                            <\/div>\n        <\/div>\n    <\/div>\n<\/section>\n","protected":false},"excerpt":{"rendered":"","protected":false},"author":1,"featured_media":9177,"parent":10103,"menu_order":0,"comment_status":"closed","ping_status":"closed","template":"","meta":{"_acf_changed":false,"inline_featured_image":false,"footnotes":""},"class_list":["post-9176","page","type-page","status-publish","has-post-thumbnail","hentry"],"acf":[],"yoast_head":"<!-- This site is optimized with the Yoast SEO plugin v27.3 - https:\/\/yoast.com\/product\/yoast-seo-wordpress\/ -->\n<title>Friction components for mining equipment | HEF<\/title>\n<meta name=\"description\" content=\"Advanced solutions for mining equipment, including robustness and durability of the HEF friction components.\" \/>\n<meta name=\"robots\" content=\"index, follow, max-snippet:-1, max-image-preview:large, max-video-preview:-1\" \/>\n<link rel=\"canonical\" href=\"https:\/\/hef.group\/en\/construction\/mining-equipment\/\" \/>\n<meta property=\"og:locale\" content=\"en_US\" \/>\n<meta property=\"og:type\" content=\"article\" \/>\n<meta property=\"og:title\" content=\"Friction components for mining equipment | HEF\" \/>\n<meta property=\"og:description\" content=\"Advanced solutions for mining equipment, including robustness and durability of the HEF friction components.\" \/>\n<meta property=\"og:url\" content=\"https:\/\/hef.group\/en\/construction\/mining-equipment\/\" \/>\n<meta property=\"og:site_name\" content=\"HEF\" \/>\n<meta property=\"article:modified_time\" content=\"2024-10-25T08:19:01+00:00\" \/>\n<meta property=\"og:image\" content=\"https:\/\/hef.group\/wp-content\/uploads\/2024\/01\/car-2017341_1280.jpg\" \/>\n\t<meta property=\"og:image:width\" content=\"1280\" \/>\n\t<meta property=\"og:image:height\" content=\"857\" \/>\n\t<meta property=\"og:image:type\" content=\"image\/jpeg\" \/>\n<meta name=\"twitter:card\" content=\"summary_large_image\" \/>\n<meta name=\"twitter:label1\" content=\"Est. reading time\" \/>\n\t<meta name=\"twitter:data1\" content=\"1 minute\" \/>\n<script type=\"application\/ld+json\" class=\"yoast-schema-graph\">{\"@context\":\"https:\\\/\\\/schema.org\",\"@graph\":[{\"@type\":\"WebPage\",\"@id\":\"https:\\\/\\\/hef.group\\\/en\\\/construction\\\/mining-equipment\\\/\",\"url\":\"https:\\\/\\\/hef.group\\\/en\\\/construction\\\/mining-equipment\\\/\",\"name\":\"Friction components for mining equipment | HEF\",\"isPartOf\":{\"@id\":\"https:\\\/\\\/hef.group\\\/en\\\/#website\"},\"primaryImageOfPage\":{\"@id\":\"https:\\\/\\\/hef.group\\\/en\\\/construction\\\/mining-equipment\\\/#primaryimage\"},\"image\":{\"@id\":\"https:\\\/\\\/hef.group\\\/en\\\/construction\\\/mining-equipment\\\/#primaryimage\"},\"thumbnailUrl\":\"https:\\\/\\\/hef.group\\\/wp-content\\\/uploads\\\/2024\\\/01\\\/car-2017341_1280.jpg\",\"datePublished\":\"2023-11-27T13:55:07+00:00\",\"dateModified\":\"2024-10-25T08:19:01+00:00\",\"description\":\"Advanced solutions for mining equipment, including robustness and durability of the HEF friction components.\",\"breadcrumb\":{\"@id\":\"https:\\\/\\\/hef.group\\\/en\\\/construction\\\/mining-equipment\\\/#breadcrumb\"},\"inLanguage\":\"en-US\",\"potentialAction\":[{\"@type\":\"ReadAction\",\"target\":[\"https:\\\/\\\/hef.group\\\/en\\\/construction\\\/mining-equipment\\\/\"]}]},{\"@type\":\"ImageObject\",\"inLanguage\":\"en-US\",\"@id\":\"https:\\\/\\\/hef.group\\\/en\\\/construction\\\/mining-equipment\\\/#primaryimage\",\"url\":\"https:\\\/\\\/hef.group\\\/wp-content\\\/uploads\\\/2024\\\/01\\\/car-2017341_1280.jpg\",\"contentUrl\":\"https:\\\/\\\/hef.group\\\/wp-content\\\/uploads\\\/2024\\\/01\\\/car-2017341_1280.jpg\",\"width\":1280,\"height\":857},{\"@type\":\"BreadcrumbList\",\"@id\":\"https:\\\/\\\/hef.group\\\/en\\\/construction\\\/mining-equipment\\\/#breadcrumb\",\"itemListElement\":[{\"@type\":\"ListItem\",\"position\":1,\"name\":\"Home\",\"item\":\"https:\\\/\\\/hef.group\\\/en\\\/\"},{\"@type\":\"ListItem\",\"position\":2,\"name\":\"Construction\",\"item\":\"https:\\\/\\\/hef.group\\\/en\\\/construction\\\/\"},{\"@type\":\"ListItem\",\"position\":3,\"name\":\"Friction components for mining equipment\"}]},{\"@type\":\"WebSite\",\"@id\":\"https:\\\/\\\/hef.group\\\/en\\\/#website\",\"url\":\"https:\\\/\\\/hef.group\\\/en\\\/\",\"name\":\"HEF Groupe\",\"description\":\"Leader Mondial en ing\u00e9n\u00e9rie des mat\u00e9riaux de surfaces\",\"publisher\":{\"@id\":\"https:\\\/\\\/hef.group\\\/en\\\/#organization\"},\"potentialAction\":[{\"@type\":\"SearchAction\",\"target\":{\"@type\":\"EntryPoint\",\"urlTemplate\":\"https:\\\/\\\/hef.group\\\/en\\\/?s={search_term_string}\"},\"query-input\":{\"@type\":\"PropertyValueSpecification\",\"valueRequired\":true,\"valueName\":\"search_term_string\"}}],\"inLanguage\":\"en-US\"},{\"@type\":\"Organization\",\"@id\":\"https:\\\/\\\/hef.group\\\/en\\\/#organization\",\"name\":\"HEF Groupe\",\"url\":\"https:\\\/\\\/hef.group\\\/en\\\/\",\"logo\":{\"@type\":\"ImageObject\",\"inLanguage\":\"en-US\",\"@id\":\"https:\\\/\\\/hef.group\\\/en\\\/#\\\/schema\\\/logo\\\/image\\\/\",\"url\":\"https:\\\/\\\/hef.group\\\/wp-content\\\/uploads\\\/2024\\\/02\\\/logo-hef-1.svg\",\"contentUrl\":\"https:\\\/\\\/hef.group\\\/wp-content\\\/uploads\\\/2024\\\/02\\\/logo-hef-1.svg\",\"width\":250,\"height\":60,\"caption\":\"HEF Groupe\"},\"image\":{\"@id\":\"https:\\\/\\\/hef.group\\\/en\\\/#\\\/schema\\\/logo\\\/image\\\/\"}}]}<\/script>\n<!-- \/ Yoast SEO plugin. -->","yoast_head_json":{"title":"Friction components for mining equipment | HEF","description":"Advanced solutions for mining equipment, including robustness and durability of the HEF friction components.","robots":{"index":"index","follow":"follow","max-snippet":"max-snippet:-1","max-image-preview":"max-image-preview:large","max-video-preview":"max-video-preview:-1"},"canonical":"https:\/\/hef.group\/en\/construction\/mining-equipment\/","og_locale":"en_US","og_type":"article","og_title":"Friction components for mining equipment | HEF","og_description":"Advanced solutions for mining equipment, including robustness and durability of the HEF friction components.","og_url":"https:\/\/hef.group\/en\/construction\/mining-equipment\/","og_site_name":"HEF","article_modified_time":"2024-10-25T08:19:01+00:00","og_image":[{"width":1280,"height":857,"url":"https:\/\/hef.group\/wp-content\/uploads\/2024\/01\/car-2017341_1280.jpg","type":"image\/jpeg"}],"twitter_card":"summary_large_image","twitter_misc":{"Est. reading time":"1 minute"},"schema":{"@context":"https:\/\/schema.org","@graph":[{"@type":"WebPage","@id":"https:\/\/hef.group\/en\/construction\/mining-equipment\/","url":"https:\/\/hef.group\/en\/construction\/mining-equipment\/","name":"Friction components for mining equipment | HEF","isPartOf":{"@id":"https:\/\/hef.group\/en\/#website"},"primaryImageOfPage":{"@id":"https:\/\/hef.group\/en\/construction\/mining-equipment\/#primaryimage"},"image":{"@id":"https:\/\/hef.group\/en\/construction\/mining-equipment\/#primaryimage"},"thumbnailUrl":"https:\/\/hef.group\/wp-content\/uploads\/2024\/01\/car-2017341_1280.jpg","datePublished":"2023-11-27T13:55:07+00:00","dateModified":"2024-10-25T08:19:01+00:00","description":"Advanced solutions for mining equipment, including robustness and durability of the HEF friction components.","breadcrumb":{"@id":"https:\/\/hef.group\/en\/construction\/mining-equipment\/#breadcrumb"},"inLanguage":"en-US","potentialAction":[{"@type":"ReadAction","target":["https:\/\/hef.group\/en\/construction\/mining-equipment\/"]}]},{"@type":"ImageObject","inLanguage":"en-US","@id":"https:\/\/hef.group\/en\/construction\/mining-equipment\/#primaryimage","url":"https:\/\/hef.group\/wp-content\/uploads\/2024\/01\/car-2017341_1280.jpg","contentUrl":"https:\/\/hef.group\/wp-content\/uploads\/2024\/01\/car-2017341_1280.jpg","width":1280,"height":857},{"@type":"BreadcrumbList","@id":"https:\/\/hef.group\/en\/construction\/mining-equipment\/#breadcrumb","itemListElement":[{"@type":"ListItem","position":1,"name":"Home","item":"https:\/\/hef.group\/en\/"},{"@type":"ListItem","position":2,"name":"Construction","item":"https:\/\/hef.group\/en\/construction\/"},{"@type":"ListItem","position":3,"name":"Friction components for mining equipment"}]},{"@type":"WebSite","@id":"https:\/\/hef.group\/en\/#website","url":"https:\/\/hef.group\/en\/","name":"HEF Groupe","description":"Leader Mondial en ing\u00e9n\u00e9rie des mat\u00e9riaux de surfaces","publisher":{"@id":"https:\/\/hef.group\/en\/#organization"},"potentialAction":[{"@type":"SearchAction","target":{"@type":"EntryPoint","urlTemplate":"https:\/\/hef.group\/en\/?s={search_term_string}"},"query-input":{"@type":"PropertyValueSpecification","valueRequired":true,"valueName":"search_term_string"}}],"inLanguage":"en-US"},{"@type":"Organization","@id":"https:\/\/hef.group\/en\/#organization","name":"HEF Groupe","url":"https:\/\/hef.group\/en\/","logo":{"@type":"ImageObject","inLanguage":"en-US","@id":"https:\/\/hef.group\/en\/#\/schema\/logo\/image\/","url":"https:\/\/hef.group\/wp-content\/uploads\/2024\/02\/logo-hef-1.svg","contentUrl":"https:\/\/hef.group\/wp-content\/uploads\/2024\/02\/logo-hef-1.svg","width":250,"height":60,"caption":"HEF Groupe"},"image":{"@id":"https:\/\/hef.group\/en\/#\/schema\/logo\/image\/"}}]}},"_links":{"self":[{"href":"https:\/\/hef.group\/en\/wp-json\/wp\/v2\/pages\/9176","targetHints":{"allow":["GET"]}}],"collection":[{"href":"https:\/\/hef.group\/en\/wp-json\/wp\/v2\/pages"}],"about":[{"href":"https:\/\/hef.group\/en\/wp-json\/wp\/v2\/types\/page"}],"author":[{"embeddable":true,"href":"https:\/\/hef.group\/en\/wp-json\/wp\/v2\/users\/1"}],"replies":[{"embeddable":true,"href":"https:\/\/hef.group\/en\/wp-json\/wp\/v2\/comments?post=9176"}],"version-history":[{"count":4,"href":"https:\/\/hef.group\/en\/wp-json\/wp\/v2\/pages\/9176\/revisions"}],"predecessor-version":[{"id":10120,"href":"https:\/\/hef.group\/en\/wp-json\/wp\/v2\/pages\/9176\/revisions\/10120"}],"up":[{"embeddable":true,"href":"https:\/\/hef.group\/en\/wp-json\/wp\/v2\/pages\/10103"}],"wp:featuredmedia":[{"embeddable":true,"href":"https:\/\/hef.group\/en\/wp-json\/wp\/v2\/media\/9177"}],"wp:attachment":[{"href":"https:\/\/hef.group\/en\/wp-json\/wp\/v2\/media?parent=9176"}],"curies":[{"name":"wp","href":"https:\/\/api.w.org\/{rel}","templated":true}]}}