{"id":9180,"date":"2023-11-27T14:23:16","date_gmt":"2023-11-27T13:23:16","guid":{"rendered":"https:\/\/hef.group\/materials-handling-equipment\/"},"modified":"2024-10-25T10:20:43","modified_gmt":"2024-10-25T08:20:43","slug":"materials-handling-equipment","status":"publish","type":"page","link":"https:\/\/hef.group\/en\/construction\/materials-handling-equipment\/","title":{"rendered":"Friction components for material handling equipment"},"content":{"rendered":"<section class=\"axblock-gallery white-bg\">\n    <div class=\"ax-gallery\">\n        <div class=\"container ax-gallery-container content-left \" style=\"--heightBlock : 300px\">\n            <div class=\"ax-gallery-content\" style=\"--numberColumns: 2\">\n                                                    <div class=\"text-content\">\n                        <p><b><span data-contrast=\"auto\">Material handling equipment refers to machines <\/span><\/b><b><span data-contrast=\"none\">specially designed<\/span><\/b> <b><span data-contrast=\"auto\">to move, lift, and transport merchandise and products, safely and efficiently.<\/span><\/b><span data-contrast=\"auto\">\u00a0<\/span><span data-ccp-props=\"{&quot;201341983&quot;:0,&quot;335559739&quot;:0,&quot;335559740&quot;:279}\">\u00a0<\/span><\/p>\n<p><span data-ccp-props=\"{&quot;201341983&quot;:0,&quot;335559739&quot;:0,&quot;335559740&quot;:279}\">\u00a0<\/span><\/p>\n<p><span data-contrast=\"auto\">Our CLIN\u2122<\/span><span data-contrast=\"auto\"> treatment perfectly meets the technical specifications required by demanding operational conditions. Our liquid nitrocarburizing technologies have been developed to ensure the technical performance of friction components for material handling equipment such as:\u00a0<\/span><span data-ccp-props=\"{&quot;201341983&quot;:0,&quot;335559739&quot;:0,&quot;335559740&quot;:279}\">\u00a0<\/span><\/p>\n<ul>\n<li data-leveltext=\"\uf0b7\" data-font=\"Symbol\" data-listid=\"2\" data-list-defn-props=\"{&quot;335552541&quot;:1,&quot;335559685&quot;:720,&quot;335559991&quot;:360,&quot;469769226&quot;:&quot;Symbol&quot;,&quot;469769242&quot;:[8226],&quot;469777803&quot;:&quot;left&quot;,&quot;469777804&quot;:&quot;\uf0b7&quot;,&quot;469777815&quot;:&quot;hybridMultilevel&quot;}\" aria-setsize=\"-1\" data-aria-posinset=\"1\" data-aria-level=\"1\"><span data-contrast=\"auto\">Hinge pins<\/span><span data-ccp-props=\"{&quot;201341983&quot;:0,&quot;335559739&quot;:0,&quot;335559740&quot;:279}\">\u00a0<\/span><\/li>\n<\/ul>\n<ul>\n<li data-leveltext=\"\uf0b7\" data-font=\"Symbol\" data-listid=\"2\" data-list-defn-props=\"{&quot;335552541&quot;:1,&quot;335559685&quot;:720,&quot;335559991&quot;:360,&quot;469769226&quot;:&quot;Symbol&quot;,&quot;469769242&quot;:[8226],&quot;469777803&quot;:&quot;left&quot;,&quot;469777804&quot;:&quot;\uf0b7&quot;,&quot;469777815&quot;:&quot;hybridMultilevel&quot;}\" aria-setsize=\"-1\" data-aria-posinset=\"2\" data-aria-level=\"1\"><span data-contrast=\"auto\">Hydraulic valves (piston rods, valve body, guide heads, etc.)<\/span><span data-ccp-props=\"{&quot;201341983&quot;:0,&quot;335559739&quot;:0,&quot;335559740&quot;:279}\">\u00a0<\/span><\/li>\n<\/ul>\n<p><span data-ccp-props=\"{&quot;201341983&quot;:0,&quot;335559739&quot;:0,&quot;335559740&quot;:279}\">\u00a0<\/span><\/p>\n<p><span data-contrast=\"auto\">Our tribological expertise enables consistent improvement:<\/span><span data-ccp-props=\"{&quot;201341983&quot;:0,&quot;335559739&quot;:0,&quot;335559740&quot;:279}\">\u00a0<\/span><\/p>\n<ul>\n<li data-leveltext=\"\uf0b7\" data-font=\"Symbol\" data-listid=\"1\" data-list-defn-props=\"{&quot;335552541&quot;:1,&quot;335559685&quot;:720,&quot;335559991&quot;:360,&quot;469769226&quot;:&quot;Symbol&quot;,&quot;469769242&quot;:[8226],&quot;469777803&quot;:&quot;left&quot;,&quot;469777804&quot;:&quot;\uf0b7&quot;,&quot;469777815&quot;:&quot;hybridMultilevel&quot;}\" aria-setsize=\"-1\" data-aria-posinset=\"1\" data-aria-level=\"1\"><span data-contrast=\"auto\">Wear resistance (abrasion, adhesion)<\/span><span data-ccp-props=\"{&quot;201341983&quot;:0,&quot;335559739&quot;:0,&quot;335559740&quot;:279}\">\u00a0<\/span><\/li>\n<\/ul>\n<ul>\n<li data-leveltext=\"\uf0b7\" data-font=\"Symbol\" data-listid=\"1\" data-list-defn-props=\"{&quot;335552541&quot;:1,&quot;335559685&quot;:720,&quot;335559991&quot;:360,&quot;469769226&quot;:&quot;Symbol&quot;,&quot;469769242&quot;:[8226],&quot;469777803&quot;:&quot;left&quot;,&quot;469777804&quot;:&quot;\uf0b7&quot;,&quot;469777815&quot;:&quot;hybridMultilevel&quot;}\" aria-setsize=\"-1\" data-aria-posinset=\"2\" data-aria-level=\"1\"><span data-contrast=\"auto\">Friction behavior (coefficient, leak-tightness, heating, <\/span><i><span data-contrast=\"auto\">stick-slip)<\/span><\/i><span data-ccp-props=\"{&quot;201341983&quot;:0,&quot;335559739&quot;:0,&quot;335559740&quot;:279}\">\u00a0<\/span><\/li>\n<\/ul>\n<ul>\n<li data-leveltext=\"\uf0b7\" data-font=\"Symbol\" data-listid=\"1\" data-list-defn-props=\"{&quot;335552541&quot;:1,&quot;335559685&quot;:720,&quot;335559991&quot;:360,&quot;469769226&quot;:&quot;Symbol&quot;,&quot;469769242&quot;:[8226],&quot;469777803&quot;:&quot;left&quot;,&quot;469777804&quot;:&quot;\uf0b7&quot;,&quot;469777815&quot;:&quot;hybridMultilevel&quot;}\" aria-setsize=\"-1\" data-aria-posinset=\"3\" data-aria-level=\"1\"><span data-contrast=\"auto\">Corrosion resistance (BS adherence test more than 400 h)<\/span><span data-ccp-props=\"{&quot;201341983&quot;:0,&quot;335559739&quot;:0,&quot;335559740&quot;:279}\">\u00a0<\/span><\/li>\n<\/ul>\n<p><span data-ccp-props=\"{&quot;201341983&quot;:0,&quot;335559739&quot;:0,&quot;335559740&quot;:279}\">\u00a0<\/span><\/p>\n<p><b><span data-contrast=\"auto\">The HEF composite bushings<\/span><\/b> <b><span data-contrast=\"auto\">meet the technical demands and enable operation without lubrication,<\/span><\/b><span data-contrast=\"auto\"> in high &#8220;high-pressure \/ high-speed&#8221; conditions. They are being rapidly adopted thanks to their high-performance tribological properties with regard to coefficient of friction and service life.<\/span><span data-ccp-props=\"{&quot;201341983&quot;:0,&quot;335559739&quot;:0,&quot;335559740&quot;:279}\">\u00a0<\/span><\/p>\n<p><span data-contrast=\"auto\">Thanks to its high load capacity, the range of composite\u00a0 H-Liner\u2122 bushings is perfectly tailored to the technical demands of materials handling equipment such as aerial work platforms, truck-mounted cranes or axles, etc.<\/span><span data-ccp-props=\"{&quot;201341983&quot;:0,&quot;335559739&quot;:0,&quot;335559740&quot;:279}\">\u00a0<\/span><\/p>\n                    <\/div>\n                                                    <div class=\"btn-gallery\">\n                                                    <a class=\"btn btn-gradient-second btn-block-gallery\"\n                               href=\"https:\/\/forms.office.com\/e\/ENRKPRUhDb\"\n                                 target=\"_blank\"\n                               >Download our brochure<\/a>\n                                                                    <\/div>\n                            <\/div>\n\n            <div class=\"ax-gallery-medias-container\">\n                                        <div class=\"gallery-item\"><img decoding=\"async\" width=\"768\" height=\"512\" src=\"https:\/\/hef.group\/wp-content\/uploads\/2024\/10\/iStock-1480179063-768x512.jpg\" class=\"attachment-medium_large size-medium_large\" alt=\"\" srcset=\"https:\/\/hef.group\/wp-content\/uploads\/2024\/10\/iStock-1480179063-768x512.jpg 768w, https:\/\/hef.group\/wp-content\/uploads\/2024\/10\/iStock-1480179063-300x200.jpg 300w, https:\/\/hef.group\/wp-content\/uploads\/2024\/10\/iStock-1480179063-1024x683.jpg 1024w, https:\/\/hef.group\/wp-content\/uploads\/2024\/10\/iStock-1480179063-1536x1024.jpg 1536w, https:\/\/hef.group\/wp-content\/uploads\/2024\/10\/iStock-1480179063.jpg 1920w\" sizes=\"(max-width: 768px) 100vw, 768px\" \/><\/div><div class=\"gallery-item\"><img decoding=\"async\" width=\"768\" height=\"512\" src=\"https:\/\/hef.group\/wp-content\/uploads\/2024\/10\/iStock-2161860313-768x512.jpg\" class=\"attachment-medium_large size-medium_large\" alt=\"\" srcset=\"https:\/\/hef.group\/wp-content\/uploads\/2024\/10\/iStock-2161860313-768x512.jpg 768w, https:\/\/hef.group\/wp-content\/uploads\/2024\/10\/iStock-2161860313-300x200.jpg 300w, https:\/\/hef.group\/wp-content\/uploads\/2024\/10\/iStock-2161860313-1024x683.jpg 1024w, https:\/\/hef.group\/wp-content\/uploads\/2024\/10\/iStock-2161860313-1536x1025.jpg 1536w, https:\/\/hef.group\/wp-content\/uploads\/2024\/10\/iStock-2161860313.jpg 1920w\" sizes=\"(max-width: 768px) 100vw, 768px\" \/><\/div>                            <\/div>\n        <\/div>\n    <\/div>\n<\/section>\n","protected":false},"excerpt":{"rendered":"","protected":false},"author":1,"featured_media":9182,"parent":10103,"menu_order":0,"comment_status":"closed","ping_status":"closed","template":"","meta":{"_acf_changed":false,"inline_featured_image":false,"footnotes":""},"class_list":["post-9180","page","type-page","status-publish","has-post-thumbnail","hentry"],"acf":[],"yoast_head":"<!-- This site is optimized with the Yoast SEO plugin v27.2 - https:\/\/yoast.com\/product\/yoast-seo-wordpress\/ -->\n<title>Friction components for material handling equipment | HEF<\/title>\n<meta name=\"description\" content=\"Surface treatments and friction components for material handling equipment, offering protection against wear, corrosion, and friction optimization\" \/>\n<meta name=\"robots\" content=\"index, follow, max-snippet:-1, max-image-preview:large, max-video-preview:-1\" \/>\n<link rel=\"canonical\" href=\"https:\/\/hef.group\/en\/construction\/materials-handling-equipment\/\" \/>\n<meta property=\"og:locale\" content=\"en_US\" \/>\n<meta property=\"og:type\" content=\"article\" \/>\n<meta property=\"og:title\" content=\"Friction components for material handling equipment | HEF\" \/>\n<meta property=\"og:description\" content=\"Surface treatments and friction components for material handling equipment, offering protection against wear, corrosion, and friction optimization\" \/>\n<meta property=\"og:url\" content=\"https:\/\/hef.group\/en\/construction\/materials-handling-equipment\/\" \/>\n<meta property=\"og:site_name\" content=\"HEF\" \/>\n<meta property=\"article:modified_time\" content=\"2024-10-25T08:20:43+00:00\" \/>\n<meta property=\"og:image\" content=\"https:\/\/hef.group\/wp-content\/uploads\/2024\/04\/shutterstock_1681156105.jpg\" \/>\n\t<meta property=\"og:image:width\" content=\"1920\" \/>\n\t<meta property=\"og:image:height\" content=\"1280\" \/>\n\t<meta property=\"og:image:type\" content=\"image\/jpeg\" \/>\n<meta name=\"twitter:card\" content=\"summary_large_image\" \/>\n<meta name=\"twitter:label1\" content=\"Est. reading time\" \/>\n\t<meta name=\"twitter:data1\" content=\"1 minute\" \/>\n<script type=\"application\/ld+json\" class=\"yoast-schema-graph\">{\"@context\":\"https:\/\/schema.org\",\"@graph\":[{\"@type\":\"WebPage\",\"@id\":\"https:\/\/hef.group\/en\/construction\/materials-handling-equipment\/\",\"url\":\"https:\/\/hef.group\/en\/construction\/materials-handling-equipment\/\",\"name\":\"Friction components for material handling equipment | HEF\",\"isPartOf\":{\"@id\":\"https:\/\/hef.group\/en\/#website\"},\"primaryImageOfPage\":{\"@id\":\"https:\/\/hef.group\/en\/construction\/materials-handling-equipment\/#primaryimage\"},\"image\":{\"@id\":\"https:\/\/hef.group\/en\/construction\/materials-handling-equipment\/#primaryimage\"},\"thumbnailUrl\":\"https:\/\/hef.group\/wp-content\/uploads\/2024\/04\/shutterstock_1681156105.jpg\",\"datePublished\":\"2023-11-27T13:23:16+00:00\",\"dateModified\":\"2024-10-25T08:20:43+00:00\",\"description\":\"Surface treatments and friction components for material handling equipment, offering protection against wear, corrosion, and friction optimization\",\"breadcrumb\":{\"@id\":\"https:\/\/hef.group\/en\/construction\/materials-handling-equipment\/#breadcrumb\"},\"inLanguage\":\"en-US\",\"potentialAction\":[{\"@type\":\"ReadAction\",\"target\":[\"https:\/\/hef.group\/en\/construction\/materials-handling-equipment\/\"]}]},{\"@type\":\"ImageObject\",\"inLanguage\":\"en-US\",\"@id\":\"https:\/\/hef.group\/en\/construction\/materials-handling-equipment\/#primaryimage\",\"url\":\"https:\/\/hef.group\/wp-content\/uploads\/2024\/04\/shutterstock_1681156105.jpg\",\"contentUrl\":\"https:\/\/hef.group\/wp-content\/uploads\/2024\/04\/shutterstock_1681156105.jpg\",\"width\":1920,\"height\":1280},{\"@type\":\"BreadcrumbList\",\"@id\":\"https:\/\/hef.group\/en\/construction\/materials-handling-equipment\/#breadcrumb\",\"itemListElement\":[{\"@type\":\"ListItem\",\"position\":1,\"name\":\"Home\",\"item\":\"https:\/\/hef.group\/en\/\"},{\"@type\":\"ListItem\",\"position\":2,\"name\":\"Construction\",\"item\":\"https:\/\/hef.group\/en\/construction\/\"},{\"@type\":\"ListItem\",\"position\":3,\"name\":\"Friction components for material handling equipment\"}]},{\"@type\":\"WebSite\",\"@id\":\"https:\/\/hef.group\/en\/#website\",\"url\":\"https:\/\/hef.group\/en\/\",\"name\":\"HEF Groupe\",\"description\":\"Leader Mondial en ing\u00e9n\u00e9rie des mat\u00e9riaux de surfaces\",\"publisher\":{\"@id\":\"https:\/\/hef.group\/en\/#organization\"},\"potentialAction\":[{\"@type\":\"SearchAction\",\"target\":{\"@type\":\"EntryPoint\",\"urlTemplate\":\"https:\/\/hef.group\/en\/?s={search_term_string}\"},\"query-input\":{\"@type\":\"PropertyValueSpecification\",\"valueRequired\":true,\"valueName\":\"search_term_string\"}}],\"inLanguage\":\"en-US\"},{\"@type\":\"Organization\",\"@id\":\"https:\/\/hef.group\/en\/#organization\",\"name\":\"HEF Groupe\",\"url\":\"https:\/\/hef.group\/en\/\",\"logo\":{\"@type\":\"ImageObject\",\"inLanguage\":\"en-US\",\"@id\":\"https:\/\/hef.group\/en\/#\/schema\/logo\/image\/\",\"url\":\"https:\/\/hef.group\/wp-content\/uploads\/2024\/02\/logo-hef-1.svg\",\"contentUrl\":\"https:\/\/hef.group\/wp-content\/uploads\/2024\/02\/logo-hef-1.svg\",\"width\":250,\"height\":60,\"caption\":\"HEF Groupe\"},\"image\":{\"@id\":\"https:\/\/hef.group\/en\/#\/schema\/logo\/image\/\"}}]}<\/script>\n<!-- \/ Yoast SEO plugin. -->","yoast_head_json":{"title":"Friction components for material handling equipment | HEF","description":"Surface treatments and friction components for material handling equipment, offering protection against wear, corrosion, and friction optimization","robots":{"index":"index","follow":"follow","max-snippet":"max-snippet:-1","max-image-preview":"max-image-preview:large","max-video-preview":"max-video-preview:-1"},"canonical":"https:\/\/hef.group\/en\/construction\/materials-handling-equipment\/","og_locale":"en_US","og_type":"article","og_title":"Friction components for material handling equipment | HEF","og_description":"Surface treatments and friction components for material handling equipment, offering protection against wear, corrosion, and friction optimization","og_url":"https:\/\/hef.group\/en\/construction\/materials-handling-equipment\/","og_site_name":"HEF","article_modified_time":"2024-10-25T08:20:43+00:00","og_image":[{"width":1920,"height":1280,"url":"https:\/\/hef.group\/wp-content\/uploads\/2024\/04\/shutterstock_1681156105.jpg","type":"image\/jpeg"}],"twitter_card":"summary_large_image","twitter_misc":{"Est. reading time":"1 minute"},"schema":{"@context":"https:\/\/schema.org","@graph":[{"@type":"WebPage","@id":"https:\/\/hef.group\/en\/construction\/materials-handling-equipment\/","url":"https:\/\/hef.group\/en\/construction\/materials-handling-equipment\/","name":"Friction components for material handling equipment | HEF","isPartOf":{"@id":"https:\/\/hef.group\/en\/#website"},"primaryImageOfPage":{"@id":"https:\/\/hef.group\/en\/construction\/materials-handling-equipment\/#primaryimage"},"image":{"@id":"https:\/\/hef.group\/en\/construction\/materials-handling-equipment\/#primaryimage"},"thumbnailUrl":"https:\/\/hef.group\/wp-content\/uploads\/2024\/04\/shutterstock_1681156105.jpg","datePublished":"2023-11-27T13:23:16+00:00","dateModified":"2024-10-25T08:20:43+00:00","description":"Surface treatments and friction components for material handling equipment, offering protection against wear, corrosion, and friction optimization","breadcrumb":{"@id":"https:\/\/hef.group\/en\/construction\/materials-handling-equipment\/#breadcrumb"},"inLanguage":"en-US","potentialAction":[{"@type":"ReadAction","target":["https:\/\/hef.group\/en\/construction\/materials-handling-equipment\/"]}]},{"@type":"ImageObject","inLanguage":"en-US","@id":"https:\/\/hef.group\/en\/construction\/materials-handling-equipment\/#primaryimage","url":"https:\/\/hef.group\/wp-content\/uploads\/2024\/04\/shutterstock_1681156105.jpg","contentUrl":"https:\/\/hef.group\/wp-content\/uploads\/2024\/04\/shutterstock_1681156105.jpg","width":1920,"height":1280},{"@type":"BreadcrumbList","@id":"https:\/\/hef.group\/en\/construction\/materials-handling-equipment\/#breadcrumb","itemListElement":[{"@type":"ListItem","position":1,"name":"Home","item":"https:\/\/hef.group\/en\/"},{"@type":"ListItem","position":2,"name":"Construction","item":"https:\/\/hef.group\/en\/construction\/"},{"@type":"ListItem","position":3,"name":"Friction components for material handling equipment"}]},{"@type":"WebSite","@id":"https:\/\/hef.group\/en\/#website","url":"https:\/\/hef.group\/en\/","name":"HEF Groupe","description":"Leader Mondial en ing\u00e9n\u00e9rie des mat\u00e9riaux de surfaces","publisher":{"@id":"https:\/\/hef.group\/en\/#organization"},"potentialAction":[{"@type":"SearchAction","target":{"@type":"EntryPoint","urlTemplate":"https:\/\/hef.group\/en\/?s={search_term_string}"},"query-input":{"@type":"PropertyValueSpecification","valueRequired":true,"valueName":"search_term_string"}}],"inLanguage":"en-US"},{"@type":"Organization","@id":"https:\/\/hef.group\/en\/#organization","name":"HEF Groupe","url":"https:\/\/hef.group\/en\/","logo":{"@type":"ImageObject","inLanguage":"en-US","@id":"https:\/\/hef.group\/en\/#\/schema\/logo\/image\/","url":"https:\/\/hef.group\/wp-content\/uploads\/2024\/02\/logo-hef-1.svg","contentUrl":"https:\/\/hef.group\/wp-content\/uploads\/2024\/02\/logo-hef-1.svg","width":250,"height":60,"caption":"HEF Groupe"},"image":{"@id":"https:\/\/hef.group\/en\/#\/schema\/logo\/image\/"}}]}},"_links":{"self":[{"href":"https:\/\/hef.group\/en\/wp-json\/wp\/v2\/pages\/9180","targetHints":{"allow":["GET"]}}],"collection":[{"href":"https:\/\/hef.group\/en\/wp-json\/wp\/v2\/pages"}],"about":[{"href":"https:\/\/hef.group\/en\/wp-json\/wp\/v2\/types\/page"}],"author":[{"embeddable":true,"href":"https:\/\/hef.group\/en\/wp-json\/wp\/v2\/users\/1"}],"replies":[{"embeddable":true,"href":"https:\/\/hef.group\/en\/wp-json\/wp\/v2\/comments?post=9180"}],"version-history":[{"count":4,"href":"https:\/\/hef.group\/en\/wp-json\/wp\/v2\/pages\/9180\/revisions"}],"predecessor-version":[{"id":10123,"href":"https:\/\/hef.group\/en\/wp-json\/wp\/v2\/pages\/9180\/revisions\/10123"}],"up":[{"embeddable":true,"href":"https:\/\/hef.group\/en\/wp-json\/wp\/v2\/pages\/10103"}],"wp:featuredmedia":[{"embeddable":true,"href":"https:\/\/hef.group\/en\/wp-json\/wp\/v2\/media\/9182"}],"wp:attachment":[{"href":"https:\/\/hef.group\/en\/wp-json\/wp\/v2\/media?parent=9180"}],"curies":[{"name":"wp","href":"https:\/\/api.w.org\/{rel}","templated":true}]}}