{"id":9200,"date":"2023-11-27T14:49:35","date_gmt":"2023-11-27T13:49:35","guid":{"rendered":"https:\/\/hef.group\/railway-industry\/"},"modified":"2024-11-05T14:08:59","modified_gmt":"2024-11-05T13:08:59","slug":"railway-industry","status":"publish","type":"page","link":"https:\/\/hef.group\/en\/our-solutions-by-market\/surface-treatments-for-mobility\/railway-industry\/","title":{"rendered":"Railway tribology"},"content":{"rendered":"<section class=\"axblock-gallery white-bg\">\n    <div class=\"ax-gallery\">\n        <div class=\"container ax-gallery-container content-left \" style=\"--heightBlock : 300px\">\n            <div class=\"ax-gallery-content\" style=\"--numberColumns: 2\">\n                                                    <div class=\"text-content\">\n                        <p><b><span data-contrast=\"auto\">HEF puts its railway tribology experience to work for the rail industry.<\/span><\/b><span data-ccp-props=\"{&quot;201341983&quot;:0,&quot;335559738&quot;:240,&quot;335559739&quot;:240,&quot;335559740&quot;:279}\">\u00a0<\/span><\/br><\/br><\/p>\n<p><span data-contrast=\"auto\">In the railway sector, inspection of components such as doors or even the brakes, benefits from the advantages offered by <\/span><b><span data-contrast=\"auto\">liquid nitrocarburizing.<\/span><\/b><span data-contrast=\"auto\"> As a matter of fact, <strong>HEF\u2019s<\/strong><\/span><b><span data-contrast=\"auto\"> CLIN\u2122 technology<\/span><\/b><span data-contrast=\"auto\"> is acknowledged as a viable and ecological solution that offers a nitriding layer with high-performance tribological properties, excellent microporosity and corrosion resistance by means of traditional methods such as gas nitriding and plasma nitriding.<\/span><span data-ccp-props=\"{&quot;201341983&quot;:0,&quot;335559738&quot;:240,&quot;335559739&quot;:240,&quot;335559740&quot;:279}\">\u00a0<\/span><\/br><\/br><\/p>\n<p><span data-contrast=\"auto\">On the other hand, HEF designs and manufactures <\/span><b><span data-contrast=\"auto\">friction components<\/span><\/b><span data-contrast=\"auto\"> for the world\u2019s top players in the railway industry.<\/span><span data-ccp-props=\"{&quot;201341983&quot;:0,&quot;335559738&quot;:240,&quot;335559739&quot;:240,&quot;335559740&quot;:279}\">\u00a0<\/span><\/br><\/br><\/p>\n<p><span data-contrast=\"auto\">Our friction components are used in the railway communication control devices, the coupling systems on trains and subways, brake guidewires, signal lights, pantographs, and the equipment for placing and maintaining tracks, etc.<\/span><span data-ccp-props=\"{&quot;201341983&quot;:0,&quot;335559738&quot;:240,&quot;335559739&quot;:240,&quot;335559740&quot;:279}\">\u00a0<\/span><\/p>\n                    <\/div>\n                                                    <div class=\"btn-gallery\">\n                                                    <a class=\"btn btn-gradient-second btn-block-gallery\"\n                               href=\"https:\/\/hef.group\/en\/contact\/\"\n                                 target=\"\"\n                               >Contact our experts<\/a>\n                                                                            <a class=\"btn btn-gradient-second btn-block-gallery\"\n                               href=\"https:\/\/hef.group\/wp-content\/uploads\/2024\/10\/HEF-APPLICATIONS-RAILWAY.pdf\"\n                                target=\"_blank\"\n                               >Download our brochure<\/a>\n                                            <\/div>\n                            <\/div>\n\n            <div class=\"ax-gallery-medias-container\">\n                                        <div class=\"gallery-item\"><img decoding=\"async\" width=\"768\" height=\"476\" src=\"https:\/\/hef.group\/wp-content\/uploads\/2024\/03\/Capture-decran-2024-03-06-115241-768x476.jpg\" class=\"attachment-medium_large size-medium_large\" alt=\"\" srcset=\"https:\/\/hef.group\/wp-content\/uploads\/2024\/03\/Capture-decran-2024-03-06-115241-768x476.jpg 768w, https:\/\/hef.group\/wp-content\/uploads\/2024\/03\/Capture-decran-2024-03-06-115241-300x186.jpg 300w, https:\/\/hef.group\/wp-content\/uploads\/2024\/03\/Capture-decran-2024-03-06-115241-1024x634.jpg 1024w, https:\/\/hef.group\/wp-content\/uploads\/2024\/03\/Capture-decran-2024-03-06-115241.jpg 1266w\" sizes=\"(max-width: 768px) 100vw, 768px\" \/><\/div><div class=\"gallery-item\"><img decoding=\"async\" width=\"768\" height=\"512\" src=\"https:\/\/hef.group\/wp-content\/uploads\/2024\/07\/shutterstock_543092677-768x512.jpg\" class=\"attachment-medium_large size-medium_large\" alt=\"\" srcset=\"https:\/\/hef.group\/wp-content\/uploads\/2024\/07\/shutterstock_543092677-768x512.jpg 768w, https:\/\/hef.group\/wp-content\/uploads\/2024\/07\/shutterstock_543092677-300x200.jpg 300w, https:\/\/hef.group\/wp-content\/uploads\/2024\/07\/shutterstock_543092677-1024x683.jpg 1024w, https:\/\/hef.group\/wp-content\/uploads\/2024\/07\/shutterstock_543092677-1536x1024.jpg 1536w, https:\/\/hef.group\/wp-content\/uploads\/2024\/07\/shutterstock_543092677.jpg 1920w\" sizes=\"(max-width: 768px) 100vw, 768px\" \/><\/div>                            <\/div>\n        <\/div>\n    <\/div>\n<\/section>\n","protected":false},"excerpt":{"rendered":"","protected":false},"author":1,"featured_media":9202,"parent":10301,"menu_order":0,"comment_status":"closed","ping_status":"closed","template":"","meta":{"_acf_changed":false,"inline_featured_image":false,"footnotes":""},"class_list":["post-9200","page","type-page","status-publish","has-post-thumbnail","hentry"],"acf":[],"yoast_head":"<!-- This site is optimized with the Yoast SEO plugin v27.2 - https:\/\/yoast.com\/product\/yoast-seo-wordpress\/ -->\n<title>Railway tribology: Advanced solutions for the rail industry | HEF<\/title>\n<meta name=\"description\" content=\"Railway tribology solutions offer superior resistance to corrosion for components: doors, brakes, stabilizers, etc.\" \/>\n<meta name=\"robots\" content=\"index, follow, max-snippet:-1, max-image-preview:large, max-video-preview:-1\" \/>\n<link rel=\"canonical\" href=\"https:\/\/hef.group\/en\/our-solutions-by-market\/surface-treatments-for-mobility\/railway-industry\/\" \/>\n<meta property=\"og:locale\" content=\"en_US\" \/>\n<meta property=\"og:type\" content=\"article\" \/>\n<meta property=\"og:title\" content=\"Railway tribology: Advanced solutions for the rail industry | HEF\" \/>\n<meta property=\"og:description\" content=\"Railway tribology solutions offer superior resistance to corrosion for components: doors, brakes, stabilizers, etc.\" \/>\n<meta property=\"og:url\" content=\"https:\/\/hef.group\/en\/our-solutions-by-market\/surface-treatments-for-mobility\/railway-industry\/\" \/>\n<meta property=\"og:site_name\" content=\"HEF\" \/>\n<meta property=\"article:modified_time\" content=\"2024-11-05T13:08:59+00:00\" \/>\n<meta property=\"og:image\" content=\"https:\/\/hef.group\/wp-content\/uploads\/2023\/11\/pexels-donald-tong-28614-scaled.jpg\" \/>\n\t<meta property=\"og:image:width\" content=\"2560\" \/>\n\t<meta property=\"og:image:height\" content=\"1707\" \/>\n\t<meta property=\"og:image:type\" content=\"image\/jpeg\" \/>\n<meta name=\"twitter:card\" content=\"summary_large_image\" \/>\n<meta name=\"twitter:label1\" content=\"Est. reading time\" \/>\n\t<meta name=\"twitter:data1\" content=\"1 minute\" \/>\n<script type=\"application\/ld+json\" class=\"yoast-schema-graph\">{\"@context\":\"https:\/\/schema.org\",\"@graph\":[{\"@type\":\"WebPage\",\"@id\":\"https:\/\/hef.group\/en\/our-solutions-by-market\/surface-treatments-for-mobility\/railway-industry\/\",\"url\":\"https:\/\/hef.group\/en\/our-solutions-by-market\/surface-treatments-for-mobility\/railway-industry\/\",\"name\":\"Railway tribology: Advanced solutions for the rail industry | HEF\",\"isPartOf\":{\"@id\":\"https:\/\/hef.group\/en\/#website\"},\"primaryImageOfPage\":{\"@id\":\"https:\/\/hef.group\/en\/our-solutions-by-market\/surface-treatments-for-mobility\/railway-industry\/#primaryimage\"},\"image\":{\"@id\":\"https:\/\/hef.group\/en\/our-solutions-by-market\/surface-treatments-for-mobility\/railway-industry\/#primaryimage\"},\"thumbnailUrl\":\"https:\/\/hef.group\/wp-content\/uploads\/2023\/11\/pexels-donald-tong-28614-scaled.jpg\",\"datePublished\":\"2023-11-27T13:49:35+00:00\",\"dateModified\":\"2024-11-05T13:08:59+00:00\",\"description\":\"Railway tribology solutions offer superior resistance to corrosion for components: doors, brakes, stabilizers, etc.\",\"breadcrumb\":{\"@id\":\"https:\/\/hef.group\/en\/our-solutions-by-market\/surface-treatments-for-mobility\/railway-industry\/#breadcrumb\"},\"inLanguage\":\"en-US\",\"potentialAction\":[{\"@type\":\"ReadAction\",\"target\":[\"https:\/\/hef.group\/en\/our-solutions-by-market\/surface-treatments-for-mobility\/railway-industry\/\"]}]},{\"@type\":\"ImageObject\",\"inLanguage\":\"en-US\",\"@id\":\"https:\/\/hef.group\/en\/our-solutions-by-market\/surface-treatments-for-mobility\/railway-industry\/#primaryimage\",\"url\":\"https:\/\/hef.group\/wp-content\/uploads\/2023\/11\/pexels-donald-tong-28614-scaled.jpg\",\"contentUrl\":\"https:\/\/hef.group\/wp-content\/uploads\/2023\/11\/pexels-donald-tong-28614-scaled.jpg\",\"width\":2560,\"height\":1707},{\"@type\":\"BreadcrumbList\",\"@id\":\"https:\/\/hef.group\/en\/our-solutions-by-market\/surface-treatments-for-mobility\/railway-industry\/#breadcrumb\",\"itemListElement\":[{\"@type\":\"ListItem\",\"position\":1,\"name\":\"Home\",\"item\":\"https:\/\/hef.group\/en\/\"},{\"@type\":\"ListItem\",\"position\":2,\"name\":\"Our solutions by market\",\"item\":\"https:\/\/hef.group\/en\/our-solutions-by-market\/\"},{\"@type\":\"ListItem\",\"position\":3,\"name\":\"Surface treatments for mobility\",\"item\":\"https:\/\/hef.group\/en\/our-solutions-by-market\/surface-treatments-for-mobility\/\"},{\"@type\":\"ListItem\",\"position\":4,\"name\":\"Railway tribology\"}]},{\"@type\":\"WebSite\",\"@id\":\"https:\/\/hef.group\/en\/#website\",\"url\":\"https:\/\/hef.group\/en\/\",\"name\":\"HEF Groupe\",\"description\":\"Leader Mondial en ing\u00e9n\u00e9rie des mat\u00e9riaux de surfaces\",\"publisher\":{\"@id\":\"https:\/\/hef.group\/en\/#organization\"},\"potentialAction\":[{\"@type\":\"SearchAction\",\"target\":{\"@type\":\"EntryPoint\",\"urlTemplate\":\"https:\/\/hef.group\/en\/?s={search_term_string}\"},\"query-input\":{\"@type\":\"PropertyValueSpecification\",\"valueRequired\":true,\"valueName\":\"search_term_string\"}}],\"inLanguage\":\"en-US\"},{\"@type\":\"Organization\",\"@id\":\"https:\/\/hef.group\/en\/#organization\",\"name\":\"HEF Groupe\",\"url\":\"https:\/\/hef.group\/en\/\",\"logo\":{\"@type\":\"ImageObject\",\"inLanguage\":\"en-US\",\"@id\":\"https:\/\/hef.group\/en\/#\/schema\/logo\/image\/\",\"url\":\"https:\/\/hef.group\/wp-content\/uploads\/2024\/02\/logo-hef-1.svg\",\"contentUrl\":\"https:\/\/hef.group\/wp-content\/uploads\/2024\/02\/logo-hef-1.svg\",\"width\":250,\"height\":60,\"caption\":\"HEF Groupe\"},\"image\":{\"@id\":\"https:\/\/hef.group\/en\/#\/schema\/logo\/image\/\"}}]}<\/script>\n<!-- \/ Yoast SEO plugin. -->","yoast_head_json":{"title":"Railway tribology: Advanced solutions for the rail industry | HEF","description":"Railway tribology solutions offer superior resistance to corrosion for components: doors, brakes, stabilizers, etc.","robots":{"index":"index","follow":"follow","max-snippet":"max-snippet:-1","max-image-preview":"max-image-preview:large","max-video-preview":"max-video-preview:-1"},"canonical":"https:\/\/hef.group\/en\/our-solutions-by-market\/surface-treatments-for-mobility\/railway-industry\/","og_locale":"en_US","og_type":"article","og_title":"Railway tribology: Advanced solutions for the rail industry | HEF","og_description":"Railway tribology solutions offer superior resistance to corrosion for components: doors, brakes, stabilizers, etc.","og_url":"https:\/\/hef.group\/en\/our-solutions-by-market\/surface-treatments-for-mobility\/railway-industry\/","og_site_name":"HEF","article_modified_time":"2024-11-05T13:08:59+00:00","og_image":[{"width":2560,"height":1707,"url":"https:\/\/hef.group\/wp-content\/uploads\/2023\/11\/pexels-donald-tong-28614-scaled.jpg","type":"image\/jpeg"}],"twitter_card":"summary_large_image","twitter_misc":{"Est. reading time":"1 minute"},"schema":{"@context":"https:\/\/schema.org","@graph":[{"@type":"WebPage","@id":"https:\/\/hef.group\/en\/our-solutions-by-market\/surface-treatments-for-mobility\/railway-industry\/","url":"https:\/\/hef.group\/en\/our-solutions-by-market\/surface-treatments-for-mobility\/railway-industry\/","name":"Railway tribology: Advanced solutions for the rail industry | HEF","isPartOf":{"@id":"https:\/\/hef.group\/en\/#website"},"primaryImageOfPage":{"@id":"https:\/\/hef.group\/en\/our-solutions-by-market\/surface-treatments-for-mobility\/railway-industry\/#primaryimage"},"image":{"@id":"https:\/\/hef.group\/en\/our-solutions-by-market\/surface-treatments-for-mobility\/railway-industry\/#primaryimage"},"thumbnailUrl":"https:\/\/hef.group\/wp-content\/uploads\/2023\/11\/pexels-donald-tong-28614-scaled.jpg","datePublished":"2023-11-27T13:49:35+00:00","dateModified":"2024-11-05T13:08:59+00:00","description":"Railway tribology solutions offer superior resistance to corrosion for components: doors, brakes, stabilizers, etc.","breadcrumb":{"@id":"https:\/\/hef.group\/en\/our-solutions-by-market\/surface-treatments-for-mobility\/railway-industry\/#breadcrumb"},"inLanguage":"en-US","potentialAction":[{"@type":"ReadAction","target":["https:\/\/hef.group\/en\/our-solutions-by-market\/surface-treatments-for-mobility\/railway-industry\/"]}]},{"@type":"ImageObject","inLanguage":"en-US","@id":"https:\/\/hef.group\/en\/our-solutions-by-market\/surface-treatments-for-mobility\/railway-industry\/#primaryimage","url":"https:\/\/hef.group\/wp-content\/uploads\/2023\/11\/pexels-donald-tong-28614-scaled.jpg","contentUrl":"https:\/\/hef.group\/wp-content\/uploads\/2023\/11\/pexels-donald-tong-28614-scaled.jpg","width":2560,"height":1707},{"@type":"BreadcrumbList","@id":"https:\/\/hef.group\/en\/our-solutions-by-market\/surface-treatments-for-mobility\/railway-industry\/#breadcrumb","itemListElement":[{"@type":"ListItem","position":1,"name":"Home","item":"https:\/\/hef.group\/en\/"},{"@type":"ListItem","position":2,"name":"Our solutions by market","item":"https:\/\/hef.group\/en\/our-solutions-by-market\/"},{"@type":"ListItem","position":3,"name":"Surface treatments for mobility","item":"https:\/\/hef.group\/en\/our-solutions-by-market\/surface-treatments-for-mobility\/"},{"@type":"ListItem","position":4,"name":"Railway tribology"}]},{"@type":"WebSite","@id":"https:\/\/hef.group\/en\/#website","url":"https:\/\/hef.group\/en\/","name":"HEF Groupe","description":"Leader Mondial en ing\u00e9n\u00e9rie des mat\u00e9riaux de surfaces","publisher":{"@id":"https:\/\/hef.group\/en\/#organization"},"potentialAction":[{"@type":"SearchAction","target":{"@type":"EntryPoint","urlTemplate":"https:\/\/hef.group\/en\/?s={search_term_string}"},"query-input":{"@type":"PropertyValueSpecification","valueRequired":true,"valueName":"search_term_string"}}],"inLanguage":"en-US"},{"@type":"Organization","@id":"https:\/\/hef.group\/en\/#organization","name":"HEF Groupe","url":"https:\/\/hef.group\/en\/","logo":{"@type":"ImageObject","inLanguage":"en-US","@id":"https:\/\/hef.group\/en\/#\/schema\/logo\/image\/","url":"https:\/\/hef.group\/wp-content\/uploads\/2024\/02\/logo-hef-1.svg","contentUrl":"https:\/\/hef.group\/wp-content\/uploads\/2024\/02\/logo-hef-1.svg","width":250,"height":60,"caption":"HEF Groupe"},"image":{"@id":"https:\/\/hef.group\/en\/#\/schema\/logo\/image\/"}}]}},"_links":{"self":[{"href":"https:\/\/hef.group\/en\/wp-json\/wp\/v2\/pages\/9200","targetHints":{"allow":["GET"]}}],"collection":[{"href":"https:\/\/hef.group\/en\/wp-json\/wp\/v2\/pages"}],"about":[{"href":"https:\/\/hef.group\/en\/wp-json\/wp\/v2\/types\/page"}],"author":[{"embeddable":true,"href":"https:\/\/hef.group\/en\/wp-json\/wp\/v2\/users\/1"}],"replies":[{"embeddable":true,"href":"https:\/\/hef.group\/en\/wp-json\/wp\/v2\/comments?post=9200"}],"version-history":[{"count":5,"href":"https:\/\/hef.group\/en\/wp-json\/wp\/v2\/pages\/9200\/revisions"}],"predecessor-version":[{"id":11535,"href":"https:\/\/hef.group\/en\/wp-json\/wp\/v2\/pages\/9200\/revisions\/11535"}],"up":[{"embeddable":true,"href":"https:\/\/hef.group\/en\/wp-json\/wp\/v2\/pages\/10301"}],"wp:featuredmedia":[{"embeddable":true,"href":"https:\/\/hef.group\/en\/wp-json\/wp\/v2\/media\/9202"}],"wp:attachment":[{"href":"https:\/\/hef.group\/en\/wp-json\/wp\/v2\/media?parent=9200"}],"curies":[{"name":"wp","href":"https:\/\/api.w.org\/{rel}","templated":true}]}}