{"id":9206,"date":"2023-11-27T14:57:31","date_gmt":"2023-11-27T13:57:31","guid":{"rendered":"https:\/\/hef.group\/energie-decarbonees\/hydraulics\/"},"modified":"2024-10-25T10:44:02","modified_gmt":"2024-10-25T08:44:02","slug":"hydraulics","status":"publish","type":"page","link":"https:\/\/hef.group\/en\/decarbonized-energy\/hydraulics\/","title":{"rendered":"Hydraulic solutions for electricity production"},"content":{"rendered":"<section class=\"axblock-gallery white-bg\">\n    <div class=\"ax-gallery\">\n        <div class=\"container ax-gallery-container content-left \" style=\"--heightBlock : 300px\">\n            <div class=\"ax-gallery-content\" style=\"--numberColumns: 2\">\n                                                    <div class=\"text-content\">\n                        <p><span data-contrast=\"auto\">For millennia, humankind has harnessed the power of water to power mills and build dams. Today, this natural resource has become one of the world\u2019s primary sources of clean electricity.<\/span><span data-ccp-props=\"{&quot;134233117&quot;:false,&quot;134233118&quot;:false,&quot;201341983&quot;:0,&quot;335559738&quot;:0,&quot;335559739&quot;:0,&quot;335559740&quot;:279}\">\u00a0<\/span><\/p>\n<p><span data-contrast=\"auto\">\u00a0<\/span><span data-ccp-props=\"{&quot;134233117&quot;:false,&quot;134233118&quot;:false,&quot;201341983&quot;:0,&quot;335559738&quot;:0,&quot;335559739&quot;:0,&quot;335559740&quot;:279}\">\u00a0<\/span><\/p>\n<p><span data-contrast=\"auto\">Hydraulics exploits the energy potential of water by making it pass through turbines, thus converting its kinetic energy into electricity.<\/span><span data-ccp-props=\"{&quot;134233117&quot;:false,&quot;134233118&quot;:false,&quot;201341983&quot;:0,&quot;335559738&quot;:0,&quot;335559739&quot;:0,&quot;335559740&quot;:279}\">\u00a0<\/span><\/p>\n<p>&nbsp;<\/p>\n<p><strong>The HEF Group\u2019s composite self-lubricating hydraulic solutions for electricity production have been used for more than 20\u00a0years in power plants throughout the entire world, where they replace copper alloy bushings on: \u00a0<\/strong><\/p>\n<p>&nbsp;<\/p>\n<ul>\n<li><span data-contrast=\"auto\">FRANCIS, KAPLAN, PELTON turbines on the wicket gates, winnowing ring, connecting rod, the KAPLAN blade orientation, injector guidance, etc. <\/span><span data-ccp-props=\"{&quot;134233117&quot;:false,&quot;134233118&quot;:false,&quot;201341983&quot;:0,&quot;335559738&quot;:0,&quot;335559739&quot;:0,&quot;335559740&quot;:279}\">\u00a0<\/span><\/li>\n<li><span data-contrast=\"auto\">Segment valves, gate valves, butterfly valves, faucet valves, spherical valves, etc.<\/span><span data-ccp-props=\"{&quot;134233117&quot;:false,&quot;134233118&quot;:false,&quot;201341983&quot;:0,&quot;335559738&quot;:0,&quot;335559739&quot;:0,&quot;335559740&quot;:279}\">\u00a0<\/span><\/li>\n<li><span data-contrast=\"auto\">Weirs<\/span><span data-ccp-props=\"{&quot;134233117&quot;:false,&quot;134233118&quot;:false,&quot;201341983&quot;:0,&quot;335559738&quot;:0,&quot;335559739&quot;:0,&quot;335559740&quot;:279}\">\u00a0<\/span><\/li>\n<\/ul>\n<p><span data-ccp-props=\"{&quot;134233117&quot;:false,&quot;134233118&quot;:false,&quot;201341983&quot;:0,&quot;335559738&quot;:0,&quot;335559739&quot;:0,&quot;335559740&quot;:279}\">\u00a0<\/span><\/p>\n<p><strong>Why contractors rely on HEF:\u00a0 \u00a0<\/strong><\/p>\n<p><span data-ccp-props=\"{&quot;134233117&quot;:false,&quot;134233118&quot;:false,&quot;201341983&quot;:0,&quot;335559738&quot;:0,&quot;335559739&quot;:0,&quot;335559740&quot;:279}\">\u00a0<\/span><\/p>\n<ul>\n<li><span data-contrast=\"auto\">Self-lubricating solution: no water pollution\u00a0 <\/span><span data-ccp-props=\"{&quot;134233117&quot;:false,&quot;134233118&quot;:false,&quot;201341983&quot;:0,&quot;335551550&quot;:1,&quot;335551620&quot;:1,&quot;335559685&quot;:720,&quot;335559737&quot;:0,&quot;335559738&quot;:0,&quot;335559739&quot;:0,&quot;335559740&quot;:279,&quot;335559991&quot;:446}\">\u00a0<\/span><\/li>\n<li data-leveltext=\"-\" data-font=\"Aptos\" data-listid=\"1\" data-list-defn-props=\"{&quot;335552541&quot;:1,&quot;335559683&quot;:0,&quot;335559684&quot;:-2,&quot;335559685&quot;:634,&quot;335559991&quot;:360,&quot;469769226&quot;:&quot;Aptos&quot;,&quot;469769242&quot;:[8226],&quot;469777803&quot;:&quot;left&quot;,&quot;469777804&quot;:&quot;-&quot;,&quot;469777815&quot;:&quot;hybridMultilevel&quot;}\" aria-setsize=\"-1\" data-aria-posinset=\"1\" data-aria-level=\"1\"><span data-contrast=\"auto\">Low coefficient of friction \u00a0&gt; \u00a0less energy required to move parts <\/span><span data-ccp-props=\"{&quot;134233117&quot;:false,&quot;134233118&quot;:false,&quot;201341983&quot;:0,&quot;335551550&quot;:1,&quot;335551620&quot;:1,&quot;335559737&quot;:0,&quot;335559738&quot;:0,&quot;335559739&quot;:0,&quot;335559740&quot;:279}\">\u00a0<\/span><\/li>\n<li><span data-contrast=\"auto\">Six-fold weight reduction compared to copper alloy bushings; facilitated maintenance <\/span><span data-ccp-props=\"{&quot;134233117&quot;:false,&quot;134233118&quot;:false,&quot;201341983&quot;:0,&quot;335551550&quot;:1,&quot;335551620&quot;:1,&quot;335559685&quot;:720,&quot;335559737&quot;:0,&quot;335559738&quot;:0,&quot;335559739&quot;:0,&quot;335559740&quot;:279,&quot;335559991&quot;:446}\">\u00a0<\/span><\/li>\n<li><span data-contrast=\"auto\">Increased service life <\/span><span data-ccp-props=\"{&quot;134233117&quot;:false,&quot;134233118&quot;:false,&quot;201341983&quot;:0,&quot;335551550&quot;:1,&quot;335551620&quot;:1,&quot;335559685&quot;:720,&quot;335559737&quot;:0,&quot;335559738&quot;:0,&quot;335559739&quot;:0,&quot;335559740&quot;:279,&quot;335559991&quot;:446}\">\u00a0<\/span><\/li>\n<li><span data-contrast=\"auto\">Negligible water absorption <\/span><span data-ccp-props=\"{&quot;134233117&quot;:false,&quot;134233118&quot;:false,&quot;201341983&quot;:0,&quot;335551550&quot;:1,&quot;335551620&quot;:1,&quot;335559685&quot;:720,&quot;335559737&quot;:0,&quot;335559738&quot;:0,&quot;335559739&quot;:0,&quot;335559740&quot;:279,&quot;335559991&quot;:446}\">\u00a0<\/span><\/li>\n<li><span data-contrast=\"auto\">20+\u00a0years\u2019 expertise and industry experience <\/span><span data-ccp-props=\"{&quot;134233117&quot;:false,&quot;134233118&quot;:false,&quot;201341983&quot;:0,&quot;335551550&quot;:1,&quot;335551620&quot;:1,&quot;335559685&quot;:720,&quot;335559737&quot;:0,&quot;335559738&quot;:0,&quot;335559739&quot;:0,&quot;335559740&quot;:279,&quot;335559991&quot;:446}\">\u00a0<\/span><\/li>\n<li><span data-contrast=\"auto\">Competitive prices<\/span><span data-ccp-props=\"{&quot;134233117&quot;:false,&quot;134233118&quot;:false,&quot;201341983&quot;:0,&quot;335551550&quot;:1,&quot;335551620&quot;:1,&quot;335559685&quot;:720,&quot;335559737&quot;:0,&quot;335559738&quot;:0,&quot;335559739&quot;:0,&quot;335559740&quot;:279,&quot;335559991&quot;:446}\">\u00a0<\/span><\/li>\n<li><span data-contrast=\"auto\">Short lead times <\/span><span data-ccp-props=\"{&quot;134233117&quot;:false,&quot;134233118&quot;:false,&quot;201341983&quot;:0,&quot;335551550&quot;:1,&quot;335551620&quot;:1,&quot;335559685&quot;:720,&quot;335559737&quot;:0,&quot;335559738&quot;:0,&quot;335559739&quot;:0,&quot;335559740&quot;:279,&quot;335559991&quot;:446}\">\u00a0<\/span><\/li>\n<li><span data-contrast=\"auto\">Dimensioning up to 2\u00a0m in diameter<\/span><span data-ccp-props=\"{&quot;134233117&quot;:false,&quot;134233118&quot;:false,&quot;201341983&quot;:0,&quot;335551550&quot;:1,&quot;335551620&quot;:1,&quot;335559685&quot;:720,&quot;335559737&quot;:0,&quot;335559738&quot;:0,&quot;335559739&quot;:0,&quot;335559740&quot;:279,&quot;335559991&quot;:446}\">\u00a0<\/span><\/li>\n<\/ul>\n                    <\/div>\n                                                    <div class=\"btn-gallery\">\n                                                    <a class=\"btn btn-gradient-second btn-block-gallery\"\n                               href=\"https:\/\/forms.office.com\/e\/ENRKPRUhDb\"\n                                 target=\"_blank\"\n                               >Download our brochure<\/a>\n                                                                    <\/div>\n                            <\/div>\n\n            <div class=\"ax-gallery-medias-container\">\n                                        <div class=\"gallery-item\"><img decoding=\"async\" width=\"768\" height=\"354\" src=\"https:\/\/hef.group\/wp-content\/uploads\/2024\/04\/shutterstock_2168068913-768x354.jpg\" class=\"attachment-medium_large size-medium_large\" alt=\"\" srcset=\"https:\/\/hef.group\/wp-content\/uploads\/2024\/04\/shutterstock_2168068913-768x354.jpg 768w, https:\/\/hef.group\/wp-content\/uploads\/2024\/04\/shutterstock_2168068913-300x138.jpg 300w, https:\/\/hef.group\/wp-content\/uploads\/2024\/04\/shutterstock_2168068913-1024x471.jpg 1024w, https:\/\/hef.group\/wp-content\/uploads\/2024\/04\/shutterstock_2168068913-1536x707.jpg 1536w, https:\/\/hef.group\/wp-content\/uploads\/2024\/04\/shutterstock_2168068913.jpg 1920w\" sizes=\"(max-width: 768px) 100vw, 768px\" \/><\/div><div class=\"gallery-item\"><img decoding=\"async\" width=\"768\" height=\"768\" src=\"https:\/\/hef.group\/wp-content\/uploads\/2024\/07\/shutterstock_2200000391-1-768x768.jpg\" class=\"attachment-medium_large size-medium_large\" alt=\"\" srcset=\"https:\/\/hef.group\/wp-content\/uploads\/2024\/07\/shutterstock_2200000391-1-768x768.jpg 768w, https:\/\/hef.group\/wp-content\/uploads\/2024\/07\/shutterstock_2200000391-1-300x300.jpg 300w, https:\/\/hef.group\/wp-content\/uploads\/2024\/07\/shutterstock_2200000391-1-1024x1024.jpg 1024w, https:\/\/hef.group\/wp-content\/uploads\/2024\/07\/shutterstock_2200000391-1-150x150.jpg 150w, https:\/\/hef.group\/wp-content\/uploads\/2024\/07\/shutterstock_2200000391-1-1536x1536.jpg 1536w, https:\/\/hef.group\/wp-content\/uploads\/2024\/07\/shutterstock_2200000391-1-120x120.jpg 120w, https:\/\/hef.group\/wp-content\/uploads\/2024\/07\/shutterstock_2200000391-1.jpg 1920w\" sizes=\"(max-width: 768px) 100vw, 768px\" \/><\/div>                            <\/div>\n        <\/div>\n    <\/div>\n<\/section>\n","protected":false},"excerpt":{"rendered":"","protected":false},"author":1,"featured_media":9207,"parent":7867,"menu_order":0,"comment_status":"closed","ping_status":"closed","template":"","meta":{"_acf_changed":false,"inline_featured_image":false,"footnotes":""},"class_list":["post-9206","page","type-page","status-publish","has-post-thumbnail","hentry"],"acf":[],"yoast_head":"<!-- This site is optimized with the Yoast SEO plugin v27.2 - https:\/\/yoast.com\/product\/yoast-seo-wordpress\/ -->\n<title>Advanced hydraulic solutions for electricity production | HEF<\/title>\n<meta name=\"description\" content=\"Our innovative hydraulic technologies assure optimal performance and facilitated maintenance for systems that produce electricity.\" \/>\n<meta name=\"robots\" content=\"index, follow, max-snippet:-1, max-image-preview:large, max-video-preview:-1\" \/>\n<link rel=\"canonical\" href=\"https:\/\/hef.group\/en\/decarbonized-energy\/hydraulics\/\" \/>\n<meta property=\"og:locale\" content=\"en_US\" \/>\n<meta property=\"og:type\" content=\"article\" \/>\n<meta property=\"og:title\" content=\"Advanced hydraulic solutions for electricity production | HEF\" \/>\n<meta property=\"og:description\" content=\"Our innovative hydraulic technologies assure optimal performance and facilitated maintenance for systems that produce electricity.\" \/>\n<meta property=\"og:url\" content=\"https:\/\/hef.group\/en\/decarbonized-energy\/hydraulics\/\" \/>\n<meta property=\"og:site_name\" content=\"HEF\" \/>\n<meta property=\"article:modified_time\" content=\"2024-10-25T08:44:02+00:00\" \/>\n<meta property=\"og:image\" content=\"https:\/\/hef.group\/wp-content\/uploads\/2023\/11\/pexels-ciboulette-574024-scaled.jpg\" \/>\n\t<meta property=\"og:image:width\" content=\"2560\" \/>\n\t<meta property=\"og:image:height\" content=\"1920\" \/>\n\t<meta property=\"og:image:type\" content=\"image\/jpeg\" \/>\n<meta name=\"twitter:card\" content=\"summary_large_image\" \/>\n<meta name=\"twitter:label1\" content=\"Est. reading time\" \/>\n\t<meta name=\"twitter:data1\" content=\"1 minute\" \/>\n<script type=\"application\/ld+json\" class=\"yoast-schema-graph\">{\"@context\":\"https:\/\/schema.org\",\"@graph\":[{\"@type\":\"WebPage\",\"@id\":\"https:\/\/hef.group\/en\/decarbonized-energy\/hydraulics\/\",\"url\":\"https:\/\/hef.group\/en\/decarbonized-energy\/hydraulics\/\",\"name\":\"Advanced hydraulic solutions for electricity production | HEF\",\"isPartOf\":{\"@id\":\"https:\/\/hef.group\/en\/#website\"},\"primaryImageOfPage\":{\"@id\":\"https:\/\/hef.group\/en\/decarbonized-energy\/hydraulics\/#primaryimage\"},\"image\":{\"@id\":\"https:\/\/hef.group\/en\/decarbonized-energy\/hydraulics\/#primaryimage\"},\"thumbnailUrl\":\"https:\/\/hef.group\/wp-content\/uploads\/2023\/11\/pexels-ciboulette-574024-scaled.jpg\",\"datePublished\":\"2023-11-27T13:57:31+00:00\",\"dateModified\":\"2024-10-25T08:44:02+00:00\",\"description\":\"Our innovative hydraulic technologies assure optimal performance and facilitated maintenance for systems that produce electricity.\",\"breadcrumb\":{\"@id\":\"https:\/\/hef.group\/en\/decarbonized-energy\/hydraulics\/#breadcrumb\"},\"inLanguage\":\"en-US\",\"potentialAction\":[{\"@type\":\"ReadAction\",\"target\":[\"https:\/\/hef.group\/en\/decarbonized-energy\/hydraulics\/\"]}]},{\"@type\":\"ImageObject\",\"inLanguage\":\"en-US\",\"@id\":\"https:\/\/hef.group\/en\/decarbonized-energy\/hydraulics\/#primaryimage\",\"url\":\"https:\/\/hef.group\/wp-content\/uploads\/2023\/11\/pexels-ciboulette-574024-scaled.jpg\",\"contentUrl\":\"https:\/\/hef.group\/wp-content\/uploads\/2023\/11\/pexels-ciboulette-574024-scaled.jpg\",\"width\":2560,\"height\":1920},{\"@type\":\"BreadcrumbList\",\"@id\":\"https:\/\/hef.group\/en\/decarbonized-energy\/hydraulics\/#breadcrumb\",\"itemListElement\":[{\"@type\":\"ListItem\",\"position\":1,\"name\":\"Home\",\"item\":\"https:\/\/hef.group\/en\/\"},{\"@type\":\"ListItem\",\"position\":2,\"name\":\"Decarbonized energy\",\"item\":\"https:\/\/hef.group\/en\/decarbonized-energy\/\"},{\"@type\":\"ListItem\",\"position\":3,\"name\":\"Hydraulic solutions for electricity production\"}]},{\"@type\":\"WebSite\",\"@id\":\"https:\/\/hef.group\/en\/#website\",\"url\":\"https:\/\/hef.group\/en\/\",\"name\":\"HEF Groupe\",\"description\":\"Leader Mondial en ing\u00e9n\u00e9rie des mat\u00e9riaux de surfaces\",\"publisher\":{\"@id\":\"https:\/\/hef.group\/en\/#organization\"},\"potentialAction\":[{\"@type\":\"SearchAction\",\"target\":{\"@type\":\"EntryPoint\",\"urlTemplate\":\"https:\/\/hef.group\/en\/?s={search_term_string}\"},\"query-input\":{\"@type\":\"PropertyValueSpecification\",\"valueRequired\":true,\"valueName\":\"search_term_string\"}}],\"inLanguage\":\"en-US\"},{\"@type\":\"Organization\",\"@id\":\"https:\/\/hef.group\/en\/#organization\",\"name\":\"HEF Groupe\",\"url\":\"https:\/\/hef.group\/en\/\",\"logo\":{\"@type\":\"ImageObject\",\"inLanguage\":\"en-US\",\"@id\":\"https:\/\/hef.group\/en\/#\/schema\/logo\/image\/\",\"url\":\"https:\/\/hef.group\/wp-content\/uploads\/2024\/02\/logo-hef-1.svg\",\"contentUrl\":\"https:\/\/hef.group\/wp-content\/uploads\/2024\/02\/logo-hef-1.svg\",\"width\":250,\"height\":60,\"caption\":\"HEF Groupe\"},\"image\":{\"@id\":\"https:\/\/hef.group\/en\/#\/schema\/logo\/image\/\"}}]}<\/script>\n<!-- \/ Yoast SEO plugin. -->","yoast_head_json":{"title":"Advanced hydraulic solutions for electricity production | HEF","description":"Our innovative hydraulic technologies assure optimal performance and facilitated maintenance for systems that produce electricity.","robots":{"index":"index","follow":"follow","max-snippet":"max-snippet:-1","max-image-preview":"max-image-preview:large","max-video-preview":"max-video-preview:-1"},"canonical":"https:\/\/hef.group\/en\/decarbonized-energy\/hydraulics\/","og_locale":"en_US","og_type":"article","og_title":"Advanced hydraulic solutions for electricity production | HEF","og_description":"Our innovative hydraulic technologies assure optimal performance and facilitated maintenance for systems that produce electricity.","og_url":"https:\/\/hef.group\/en\/decarbonized-energy\/hydraulics\/","og_site_name":"HEF","article_modified_time":"2024-10-25T08:44:02+00:00","og_image":[{"width":2560,"height":1920,"url":"https:\/\/hef.group\/wp-content\/uploads\/2023\/11\/pexels-ciboulette-574024-scaled.jpg","type":"image\/jpeg"}],"twitter_card":"summary_large_image","twitter_misc":{"Est. reading time":"1 minute"},"schema":{"@context":"https:\/\/schema.org","@graph":[{"@type":"WebPage","@id":"https:\/\/hef.group\/en\/decarbonized-energy\/hydraulics\/","url":"https:\/\/hef.group\/en\/decarbonized-energy\/hydraulics\/","name":"Advanced hydraulic solutions for electricity production | HEF","isPartOf":{"@id":"https:\/\/hef.group\/en\/#website"},"primaryImageOfPage":{"@id":"https:\/\/hef.group\/en\/decarbonized-energy\/hydraulics\/#primaryimage"},"image":{"@id":"https:\/\/hef.group\/en\/decarbonized-energy\/hydraulics\/#primaryimage"},"thumbnailUrl":"https:\/\/hef.group\/wp-content\/uploads\/2023\/11\/pexels-ciboulette-574024-scaled.jpg","datePublished":"2023-11-27T13:57:31+00:00","dateModified":"2024-10-25T08:44:02+00:00","description":"Our innovative hydraulic technologies assure optimal performance and facilitated maintenance for systems that produce electricity.","breadcrumb":{"@id":"https:\/\/hef.group\/en\/decarbonized-energy\/hydraulics\/#breadcrumb"},"inLanguage":"en-US","potentialAction":[{"@type":"ReadAction","target":["https:\/\/hef.group\/en\/decarbonized-energy\/hydraulics\/"]}]},{"@type":"ImageObject","inLanguage":"en-US","@id":"https:\/\/hef.group\/en\/decarbonized-energy\/hydraulics\/#primaryimage","url":"https:\/\/hef.group\/wp-content\/uploads\/2023\/11\/pexels-ciboulette-574024-scaled.jpg","contentUrl":"https:\/\/hef.group\/wp-content\/uploads\/2023\/11\/pexels-ciboulette-574024-scaled.jpg","width":2560,"height":1920},{"@type":"BreadcrumbList","@id":"https:\/\/hef.group\/en\/decarbonized-energy\/hydraulics\/#breadcrumb","itemListElement":[{"@type":"ListItem","position":1,"name":"Home","item":"https:\/\/hef.group\/en\/"},{"@type":"ListItem","position":2,"name":"Decarbonized energy","item":"https:\/\/hef.group\/en\/decarbonized-energy\/"},{"@type":"ListItem","position":3,"name":"Hydraulic solutions for electricity production"}]},{"@type":"WebSite","@id":"https:\/\/hef.group\/en\/#website","url":"https:\/\/hef.group\/en\/","name":"HEF Groupe","description":"Leader Mondial en ing\u00e9n\u00e9rie des mat\u00e9riaux de surfaces","publisher":{"@id":"https:\/\/hef.group\/en\/#organization"},"potentialAction":[{"@type":"SearchAction","target":{"@type":"EntryPoint","urlTemplate":"https:\/\/hef.group\/en\/?s={search_term_string}"},"query-input":{"@type":"PropertyValueSpecification","valueRequired":true,"valueName":"search_term_string"}}],"inLanguage":"en-US"},{"@type":"Organization","@id":"https:\/\/hef.group\/en\/#organization","name":"HEF Groupe","url":"https:\/\/hef.group\/en\/","logo":{"@type":"ImageObject","inLanguage":"en-US","@id":"https:\/\/hef.group\/en\/#\/schema\/logo\/image\/","url":"https:\/\/hef.group\/wp-content\/uploads\/2024\/02\/logo-hef-1.svg","contentUrl":"https:\/\/hef.group\/wp-content\/uploads\/2024\/02\/logo-hef-1.svg","width":250,"height":60,"caption":"HEF Groupe"},"image":{"@id":"https:\/\/hef.group\/en\/#\/schema\/logo\/image\/"}}]}},"_links":{"self":[{"href":"https:\/\/hef.group\/en\/wp-json\/wp\/v2\/pages\/9206","targetHints":{"allow":["GET"]}}],"collection":[{"href":"https:\/\/hef.group\/en\/wp-json\/wp\/v2\/pages"}],"about":[{"href":"https:\/\/hef.group\/en\/wp-json\/wp\/v2\/types\/page"}],"author":[{"embeddable":true,"href":"https:\/\/hef.group\/en\/wp-json\/wp\/v2\/users\/1"}],"replies":[{"embeddable":true,"href":"https:\/\/hef.group\/en\/wp-json\/wp\/v2\/comments?post=9206"}],"version-history":[{"count":5,"href":"https:\/\/hef.group\/en\/wp-json\/wp\/v2\/pages\/9206\/revisions"}],"predecessor-version":[{"id":10167,"href":"https:\/\/hef.group\/en\/wp-json\/wp\/v2\/pages\/9206\/revisions\/10167"}],"up":[{"embeddable":true,"href":"https:\/\/hef.group\/en\/wp-json\/wp\/v2\/pages\/7867"}],"wp:featuredmedia":[{"embeddable":true,"href":"https:\/\/hef.group\/en\/wp-json\/wp\/v2\/media\/9207"}],"wp:attachment":[{"href":"https:\/\/hef.group\/en\/wp-json\/wp\/v2\/media?parent=9206"}],"curies":[{"name":"wp","href":"https:\/\/api.w.org\/{rel}","templated":true}]}}