{"id":9219,"date":"2023-11-27T15:04:34","date_gmt":"2023-11-27T14:04:34","guid":{"rendered":"https:\/\/hef.group\/luxury-goods\/"},"modified":"2025-03-13T11:22:57","modified_gmt":"2025-03-13T10:22:57","slug":"luxury-goods","status":"publish","type":"page","link":"https:\/\/hef.group\/en\/consumer-goods\/luxury-goods\/","title":{"rendered":"Luxury goods surface treatment"},"content":{"rendered":"<section class=\"axblock-gallery white-bg\">\n    <div class=\"ax-gallery\">\n        <div class=\"container ax-gallery-container content-left \" style=\"--heightBlock : 300px\">\n            <div class=\"ax-gallery-content\" style=\"--numberColumns: 2\">\n                                                    <div class=\"text-content\">\n                        <p>The luxury goods sector is an economic sector with significant weight on the global scale. In this sector, innovation and elegance blend to create products and services that are always advance guard and top of the line.<\/p>\n<p>&nbsp;<\/p>\n<p><strong>HEF offers a range of thin films, CERTESS\u00ae LOOK, developed for technical decorative applications where the aesthetic function is just as important as the mechanical function.<\/strong> <strong>Odorless, hypoallergenic, resistant to abrasive wear, and with a metallic touch sensation, this luxury goods surface treatment can be applied on watches, belts, or even in vehicle passenger compartments, and on keys.<\/strong><\/p>\n<p>&nbsp;<\/p>\n<p>These thin films can be applied on a wide range of materials, whether steel, glass, plastic, organic materials, or other materials. We can provide a layer of several microns on the surface to meet your needs. Starting with a very low thickness (several microns), these films (gold-plated, silver-plated, metallic, black, etc.) can also offer a protective coating to your surfaces.<\/p>\n                    <\/div>\n                                                    <div class=\"btn-gallery\">\n                                                    <a class=\"btn btn-gradient-second btn-block-gallery\"\n                               href=\"https:\/\/hef.group\/en\/contact\/\"\n                                 target=\"\"\n                               >Contact our experts<\/a>\n                                                                    <\/div>\n                            <\/div>\n\n            <div class=\"ax-gallery-medias-container\">\n                                        <div class=\"gallery-item\"><img decoding=\"async\" width=\"768\" height=\"512\" src=\"https:\/\/hef.group\/wp-content\/uploads\/2024\/05\/shutterstock_2366490943-768x512.jpg\" class=\"attachment-medium_large size-medium_large\" alt=\"\" srcset=\"https:\/\/hef.group\/wp-content\/uploads\/2024\/05\/shutterstock_2366490943-768x512.jpg 768w, https:\/\/hef.group\/wp-content\/uploads\/2024\/05\/shutterstock_2366490943-300x200.jpg 300w, https:\/\/hef.group\/wp-content\/uploads\/2024\/05\/shutterstock_2366490943-1024x683.jpg 1024w, https:\/\/hef.group\/wp-content\/uploads\/2024\/05\/shutterstock_2366490943-1536x1024.jpg 1536w, https:\/\/hef.group\/wp-content\/uploads\/2024\/05\/shutterstock_2366490943.jpg 1920w\" sizes=\"(max-width: 768px) 100vw, 768px\" \/><\/div><div class=\"gallery-item\"><img decoding=\"async\" width=\"768\" height=\"511\" src=\"https:\/\/hef.group\/wp-content\/uploads\/2024\/07\/shutterstock_564574102-1-768x511.jpg\" class=\"attachment-medium_large size-medium_large\" alt=\"\" srcset=\"https:\/\/hef.group\/wp-content\/uploads\/2024\/07\/shutterstock_564574102-1-768x511.jpg 768w, https:\/\/hef.group\/wp-content\/uploads\/2024\/07\/shutterstock_564574102-1-300x200.jpg 300w, https:\/\/hef.group\/wp-content\/uploads\/2024\/07\/shutterstock_564574102-1-1024x682.jpg 1024w, https:\/\/hef.group\/wp-content\/uploads\/2024\/07\/shutterstock_564574102-1-1536x1022.jpg 1536w, https:\/\/hef.group\/wp-content\/uploads\/2024\/07\/shutterstock_564574102-1.jpg 1920w\" sizes=\"(max-width: 768px) 100vw, 768px\" \/><\/div>                            <\/div>\n        <\/div>\n    <\/div>\n<\/section>\n","protected":false},"excerpt":{"rendered":"","protected":false},"author":1,"featured_media":9221,"parent":10095,"menu_order":0,"comment_status":"closed","ping_status":"closed","template":"","meta":{"_acf_changed":false,"inline_featured_image":false,"footnotes":""},"class_list":["post-9219","page","type-page","status-publish","has-post-thumbnail","hentry"],"acf":[],"yoast_head":"<!-- This site is optimized with the Yoast SEO plugin v27.3 - https:\/\/yoast.com\/product\/yoast-seo-wordpress\/ -->\n<title>Luxury goods surface treatment: PVD and ultra-fast lasers | HEF<\/title>\n<meta name=\"description\" content=\"HEF offers thin-film vacuum deposition for luxury goods, including surface treatments for watches, belts, and vehicle interiors, etc.\" \/>\n<meta name=\"robots\" content=\"index, follow, max-snippet:-1, max-image-preview:large, max-video-preview:-1\" \/>\n<link rel=\"canonical\" href=\"https:\/\/hef.group\/en\/consumer-goods\/luxury-goods\/\" \/>\n<meta property=\"og:locale\" content=\"en_US\" \/>\n<meta property=\"og:type\" content=\"article\" \/>\n<meta property=\"og:title\" content=\"Luxury goods surface treatment: PVD and ultra-fast lasers | HEF\" \/>\n<meta property=\"og:description\" content=\"HEF offers thin-film vacuum deposition for luxury goods, including surface treatments for watches, belts, and vehicle interiors, etc.\" \/>\n<meta property=\"og:url\" content=\"https:\/\/hef.group\/en\/consumer-goods\/luxury-goods\/\" \/>\n<meta property=\"og:site_name\" content=\"HEF\" \/>\n<meta property=\"article:modified_time\" content=\"2025-03-13T10:22:57+00:00\" \/>\n<meta property=\"og:image\" content=\"https:\/\/hef.group\/wp-content\/uploads\/2024\/06\/shutterstock_2261674697.jpg\" \/>\n\t<meta property=\"og:image:width\" content=\"1920\" \/>\n\t<meta property=\"og:image:height\" content=\"1280\" \/>\n\t<meta property=\"og:image:type\" content=\"image\/jpeg\" \/>\n<meta name=\"twitter:card\" content=\"summary_large_image\" \/>\n<meta name=\"twitter:label1\" content=\"Est. reading time\" \/>\n\t<meta name=\"twitter:data1\" content=\"1 minute\" \/>\n<script type=\"application\/ld+json\" class=\"yoast-schema-graph\">{\"@context\":\"https:\\\/\\\/schema.org\",\"@graph\":[{\"@type\":\"WebPage\",\"@id\":\"https:\\\/\\\/hef.group\\\/en\\\/consumer-goods\\\/luxury-goods\\\/\",\"url\":\"https:\\\/\\\/hef.group\\\/en\\\/consumer-goods\\\/luxury-goods\\\/\",\"name\":\"Luxury goods surface treatment: PVD and ultra-fast lasers | HEF\",\"isPartOf\":{\"@id\":\"https:\\\/\\\/hef.group\\\/en\\\/#website\"},\"primaryImageOfPage\":{\"@id\":\"https:\\\/\\\/hef.group\\\/en\\\/consumer-goods\\\/luxury-goods\\\/#primaryimage\"},\"image\":{\"@id\":\"https:\\\/\\\/hef.group\\\/en\\\/consumer-goods\\\/luxury-goods\\\/#primaryimage\"},\"thumbnailUrl\":\"https:\\\/\\\/hef.group\\\/wp-content\\\/uploads\\\/2024\\\/06\\\/shutterstock_2261674697.jpg\",\"datePublished\":\"2023-11-27T14:04:34+00:00\",\"dateModified\":\"2025-03-13T10:22:57+00:00\",\"description\":\"HEF offers thin-film vacuum deposition for luxury goods, including surface treatments for watches, belts, and vehicle interiors, etc.\",\"breadcrumb\":{\"@id\":\"https:\\\/\\\/hef.group\\\/en\\\/consumer-goods\\\/luxury-goods\\\/#breadcrumb\"},\"inLanguage\":\"en-US\",\"potentialAction\":[{\"@type\":\"ReadAction\",\"target\":[\"https:\\\/\\\/hef.group\\\/en\\\/consumer-goods\\\/luxury-goods\\\/\"]}]},{\"@type\":\"ImageObject\",\"inLanguage\":\"en-US\",\"@id\":\"https:\\\/\\\/hef.group\\\/en\\\/consumer-goods\\\/luxury-goods\\\/#primaryimage\",\"url\":\"https:\\\/\\\/hef.group\\\/wp-content\\\/uploads\\\/2024\\\/06\\\/shutterstock_2261674697.jpg\",\"contentUrl\":\"https:\\\/\\\/hef.group\\\/wp-content\\\/uploads\\\/2024\\\/06\\\/shutterstock_2261674697.jpg\",\"width\":1920,\"height\":1280},{\"@type\":\"BreadcrumbList\",\"@id\":\"https:\\\/\\\/hef.group\\\/en\\\/consumer-goods\\\/luxury-goods\\\/#breadcrumb\",\"itemListElement\":[{\"@type\":\"ListItem\",\"position\":1,\"name\":\"Home\",\"item\":\"https:\\\/\\\/hef.group\\\/en\\\/\"},{\"@type\":\"ListItem\",\"position\":2,\"name\":\"Consumer goods\",\"item\":\"https:\\\/\\\/hef.group\\\/en\\\/consumer-goods\\\/\"},{\"@type\":\"ListItem\",\"position\":3,\"name\":\"Luxury goods surface treatment\"}]},{\"@type\":\"WebSite\",\"@id\":\"https:\\\/\\\/hef.group\\\/en\\\/#website\",\"url\":\"https:\\\/\\\/hef.group\\\/en\\\/\",\"name\":\"HEF Groupe\",\"description\":\"Leader Mondial en ing\u00e9n\u00e9rie des mat\u00e9riaux de surfaces\",\"publisher\":{\"@id\":\"https:\\\/\\\/hef.group\\\/en\\\/#organization\"},\"potentialAction\":[{\"@type\":\"SearchAction\",\"target\":{\"@type\":\"EntryPoint\",\"urlTemplate\":\"https:\\\/\\\/hef.group\\\/en\\\/?s={search_term_string}\"},\"query-input\":{\"@type\":\"PropertyValueSpecification\",\"valueRequired\":true,\"valueName\":\"search_term_string\"}}],\"inLanguage\":\"en-US\"},{\"@type\":\"Organization\",\"@id\":\"https:\\\/\\\/hef.group\\\/en\\\/#organization\",\"name\":\"HEF Groupe\",\"url\":\"https:\\\/\\\/hef.group\\\/en\\\/\",\"logo\":{\"@type\":\"ImageObject\",\"inLanguage\":\"en-US\",\"@id\":\"https:\\\/\\\/hef.group\\\/en\\\/#\\\/schema\\\/logo\\\/image\\\/\",\"url\":\"https:\\\/\\\/hef.group\\\/wp-content\\\/uploads\\\/2024\\\/02\\\/logo-hef-1.svg\",\"contentUrl\":\"https:\\\/\\\/hef.group\\\/wp-content\\\/uploads\\\/2024\\\/02\\\/logo-hef-1.svg\",\"width\":250,\"height\":60,\"caption\":\"HEF Groupe\"},\"image\":{\"@id\":\"https:\\\/\\\/hef.group\\\/en\\\/#\\\/schema\\\/logo\\\/image\\\/\"}}]}<\/script>\n<!-- \/ Yoast SEO plugin. -->","yoast_head_json":{"title":"Luxury goods surface treatment: PVD and ultra-fast lasers | HEF","description":"HEF offers thin-film vacuum deposition for luxury goods, including surface treatments for watches, belts, and vehicle interiors, etc.","robots":{"index":"index","follow":"follow","max-snippet":"max-snippet:-1","max-image-preview":"max-image-preview:large","max-video-preview":"max-video-preview:-1"},"canonical":"https:\/\/hef.group\/en\/consumer-goods\/luxury-goods\/","og_locale":"en_US","og_type":"article","og_title":"Luxury goods surface treatment: PVD and ultra-fast lasers | HEF","og_description":"HEF offers thin-film vacuum deposition for luxury goods, including surface treatments for watches, belts, and vehicle interiors, etc.","og_url":"https:\/\/hef.group\/en\/consumer-goods\/luxury-goods\/","og_site_name":"HEF","article_modified_time":"2025-03-13T10:22:57+00:00","og_image":[{"width":1920,"height":1280,"url":"https:\/\/hef.group\/wp-content\/uploads\/2024\/06\/shutterstock_2261674697.jpg","type":"image\/jpeg"}],"twitter_card":"summary_large_image","twitter_misc":{"Est. reading time":"1 minute"},"schema":{"@context":"https:\/\/schema.org","@graph":[{"@type":"WebPage","@id":"https:\/\/hef.group\/en\/consumer-goods\/luxury-goods\/","url":"https:\/\/hef.group\/en\/consumer-goods\/luxury-goods\/","name":"Luxury goods surface treatment: PVD and ultra-fast lasers | HEF","isPartOf":{"@id":"https:\/\/hef.group\/en\/#website"},"primaryImageOfPage":{"@id":"https:\/\/hef.group\/en\/consumer-goods\/luxury-goods\/#primaryimage"},"image":{"@id":"https:\/\/hef.group\/en\/consumer-goods\/luxury-goods\/#primaryimage"},"thumbnailUrl":"https:\/\/hef.group\/wp-content\/uploads\/2024\/06\/shutterstock_2261674697.jpg","datePublished":"2023-11-27T14:04:34+00:00","dateModified":"2025-03-13T10:22:57+00:00","description":"HEF offers thin-film vacuum deposition for luxury goods, including surface treatments for watches, belts, and vehicle interiors, etc.","breadcrumb":{"@id":"https:\/\/hef.group\/en\/consumer-goods\/luxury-goods\/#breadcrumb"},"inLanguage":"en-US","potentialAction":[{"@type":"ReadAction","target":["https:\/\/hef.group\/en\/consumer-goods\/luxury-goods\/"]}]},{"@type":"ImageObject","inLanguage":"en-US","@id":"https:\/\/hef.group\/en\/consumer-goods\/luxury-goods\/#primaryimage","url":"https:\/\/hef.group\/wp-content\/uploads\/2024\/06\/shutterstock_2261674697.jpg","contentUrl":"https:\/\/hef.group\/wp-content\/uploads\/2024\/06\/shutterstock_2261674697.jpg","width":1920,"height":1280},{"@type":"BreadcrumbList","@id":"https:\/\/hef.group\/en\/consumer-goods\/luxury-goods\/#breadcrumb","itemListElement":[{"@type":"ListItem","position":1,"name":"Home","item":"https:\/\/hef.group\/en\/"},{"@type":"ListItem","position":2,"name":"Consumer goods","item":"https:\/\/hef.group\/en\/consumer-goods\/"},{"@type":"ListItem","position":3,"name":"Luxury goods surface treatment"}]},{"@type":"WebSite","@id":"https:\/\/hef.group\/en\/#website","url":"https:\/\/hef.group\/en\/","name":"HEF Groupe","description":"Leader Mondial en ing\u00e9n\u00e9rie des mat\u00e9riaux de surfaces","publisher":{"@id":"https:\/\/hef.group\/en\/#organization"},"potentialAction":[{"@type":"SearchAction","target":{"@type":"EntryPoint","urlTemplate":"https:\/\/hef.group\/en\/?s={search_term_string}"},"query-input":{"@type":"PropertyValueSpecification","valueRequired":true,"valueName":"search_term_string"}}],"inLanguage":"en-US"},{"@type":"Organization","@id":"https:\/\/hef.group\/en\/#organization","name":"HEF Groupe","url":"https:\/\/hef.group\/en\/","logo":{"@type":"ImageObject","inLanguage":"en-US","@id":"https:\/\/hef.group\/en\/#\/schema\/logo\/image\/","url":"https:\/\/hef.group\/wp-content\/uploads\/2024\/02\/logo-hef-1.svg","contentUrl":"https:\/\/hef.group\/wp-content\/uploads\/2024\/02\/logo-hef-1.svg","width":250,"height":60,"caption":"HEF Groupe"},"image":{"@id":"https:\/\/hef.group\/en\/#\/schema\/logo\/image\/"}}]}},"_links":{"self":[{"href":"https:\/\/hef.group\/en\/wp-json\/wp\/v2\/pages\/9219","targetHints":{"allow":["GET"]}}],"collection":[{"href":"https:\/\/hef.group\/en\/wp-json\/wp\/v2\/pages"}],"about":[{"href":"https:\/\/hef.group\/en\/wp-json\/wp\/v2\/types\/page"}],"author":[{"embeddable":true,"href":"https:\/\/hef.group\/en\/wp-json\/wp\/v2\/users\/1"}],"replies":[{"embeddable":true,"href":"https:\/\/hef.group\/en\/wp-json\/wp\/v2\/comments?post=9219"}],"version-history":[{"count":4,"href":"https:\/\/hef.group\/en\/wp-json\/wp\/v2\/pages\/9219\/revisions"}],"predecessor-version":[{"id":10102,"href":"https:\/\/hef.group\/en\/wp-json\/wp\/v2\/pages\/9219\/revisions\/10102"}],"up":[{"embeddable":true,"href":"https:\/\/hef.group\/en\/wp-json\/wp\/v2\/pages\/10095"}],"wp:featuredmedia":[{"embeddable":true,"href":"https:\/\/hef.group\/en\/wp-json\/wp\/v2\/media\/9221"}],"wp:attachment":[{"href":"https:\/\/hef.group\/en\/wp-json\/wp\/v2\/media?parent=9219"}],"curies":[{"name":"wp","href":"https:\/\/api.w.org\/{rel}","templated":true}]}}