{"id":9224,"date":"2023-11-27T14:57:04","date_gmt":"2023-11-27T13:57:04","guid":{"rendered":"https:\/\/hef.group\/military-on-land-sea\/"},"modified":"2024-10-25T10:28:14","modified_gmt":"2024-10-25T08:28:14","slug":"military-on-land-sea","status":"publish","type":"page","link":"https:\/\/hef.group\/en\/defense-aerospace\/military-on-land-sea\/","title":{"rendered":"Laser texturing for the military \u2013 on land and at sea"},"content":{"rendered":"<section class=\"axblock-gallery white-bg\">\n    <div class=\"ax-gallery\">\n        <div class=\"container ax-gallery-container content-left \" style=\"--heightBlock : 300px\">\n            <div class=\"ax-gallery-content\" style=\"--numberColumns: 2\">\n                                                    <div class=\"text-content\">\n                        <p><span data-contrast=\"auto\">In the defense sector, surface functionalization is particularly important on strategic parts such as <\/span><b><span data-contrast=\"auto\">radomes<\/span><\/b><span data-contrast=\"auto\">, small <\/span><b><span data-contrast=\"auto\">components<\/span><\/b><span data-contrast=\"auto\">, and <\/span><b><span data-contrast=\"auto\">sensitive substrates<\/span><\/b><span data-contrast=\"auto\">. By optimizing key surfaces with laser texturing, <\/span><b><span data-contrast=\"auto\">HEF makes it possible to improve the performance, durability, and viability of equipment used in military applications<\/span><\/b><span data-contrast=\"auto\">.<\/span><span data-ccp-props=\"{&quot;134233117&quot;:false,&quot;134233118&quot;:false,&quot;201341983&quot;:0,&quot;335551550&quot;:1,&quot;335551620&quot;:1,&quot;335559738&quot;:0,&quot;335559739&quot;:0,&quot;335559740&quot;:279}\">\u00a0<\/span><\/p>\n<p><span data-contrast=\"auto\">\u00a0<\/span><span data-ccp-props=\"{&quot;134233117&quot;:false,&quot;134233118&quot;:false,&quot;201341983&quot;:0,&quot;335551550&quot;:1,&quot;335551620&quot;:1,&quot;335559738&quot;:0,&quot;335559739&quot;:0,&quot;335559740&quot;:279}\">\u00a0<\/span><\/p>\n<p><span data-contrast=\"auto\">Surface functionalization for the defense sector via<\/span><b><span data-contrast=\"auto\"> laser micro-texturing and laser nano-texturing <\/span><\/b><span data-contrast=\"auto\">offers an innovative approach for improving various aspects of materials. This technology makes it possible to make precise changes on a micro or nano scale that offer advantages such as adjusting wettability, the texturing of the coating, frost resistance and water-repellent properties.<\/span><span data-ccp-props=\"{&quot;134233117&quot;:false,&quot;134233118&quot;:false,&quot;201341983&quot;:0,&quot;335551550&quot;:1,&quot;335551620&quot;:1,&quot;335559738&quot;:0,&quot;335559739&quot;:0,&quot;335559740&quot;:279}\">\u00a0<\/span><\/p>\n<p><span data-contrast=\"auto\">\u00a0<\/span><span data-ccp-props=\"{&quot;134233117&quot;:false,&quot;134233118&quot;:false,&quot;201341983&quot;:0,&quot;335551550&quot;:1,&quot;335551620&quot;:1,&quot;335559738&quot;:0,&quot;335559739&quot;:0,&quot;335559740&quot;:279}\">\u00a0<\/span><\/p>\n<p><span data-contrast=\"auto\">Precision shaping and piercing offer significant advantages for the treatment of materials. Thanks to these techniques, it is possible to obtain a shape without heating the material, thus eliminating the risk of deformation while ensuring a clean cutting edge.<\/span><span data-ccp-props=\"{&quot;134233117&quot;:false,&quot;134233118&quot;:false,&quot;201341983&quot;:0,&quot;335551550&quot;:1,&quot;335551620&quot;:1,&quot;335559738&quot;:0,&quot;335559739&quot;:0,&quot;335559740&quot;:279}\">\u00a0<\/span><\/p>\n<p><span data-contrast=\"auto\">\u00a0<\/span><span data-ccp-props=\"{&quot;134233117&quot;:false,&quot;134233118&quot;:false,&quot;201341983&quot;:0,&quot;335551550&quot;:1,&quot;335551620&quot;:1,&quot;335559738&quot;:0,&quot;335559739&quot;:0,&quot;335559740&quot;:279}\">\u00a0<\/span><\/p>\n<p><span data-contrast=\"auto\">The remarkable resolution of these methods makes it possible to make cutouts on the plates with a thickness ranging from 20 microns to several hundred microns. The clean cutting edge and exceptional resolution are critical factors for manufacturing precision components. These factors contribute to the efficacy and the viability of defense systems.<\/span><span data-ccp-props=\"{&quot;134233117&quot;:false,&quot;134233118&quot;:false,&quot;201341983&quot;:0,&quot;335551550&quot;:1,&quot;335551620&quot;:1,&quot;335559738&quot;:0,&quot;335559739&quot;:0,&quot;335559740&quot;:279}\">\u00a0<\/span><\/p>\n<p><span data-contrast=\"auto\">\u00a0<\/span><span data-ccp-props=\"{&quot;134233117&quot;:false,&quot;134233118&quot;:false,&quot;201341983&quot;:0,&quot;335551550&quot;:1,&quot;335551620&quot;:1,&quot;335559738&quot;:0,&quot;335559739&quot;:0,&quot;335559740&quot;:279}\">\u00a0<\/span><\/p>\n<p><span data-contrast=\"auto\">Ablation of the thin films is a process that involves precise subliming of the material, and it offers micrometric precision in the handling of the materials. This technique makes it possible to perform ablation on multi-layer structures, thus offering flexibility when treating complex materials. The subliming by which the thin films are evaporated, without transition to a liquid state, ensures precise withdrawal control of the material.<\/span><span data-ccp-props=\"{&quot;134233117&quot;:false,&quot;134233118&quot;:false,&quot;201341983&quot;:0,&quot;335551550&quot;:1,&quot;335551620&quot;:1,&quot;335559738&quot;:0,&quot;335559739&quot;:0,&quot;335559740&quot;:279}\">\u00a0<\/span><\/p>\n                    <\/div>\n                                                    <div class=\"btn-gallery\">\n                                                    <a class=\"btn btn-gradient-second btn-block-gallery\"\n                               href=\"https:\/\/hef.group\/en\/contact\/\"\n                                 target=\"\"\n                               >Contact our experts<\/a>\n                                                                            <a class=\"btn btn-gradient-second btn-block-gallery\"\n                               href=\"https:\/\/hef.group\/wp-content\/uploads\/2024\/09\/Plaquette-AERO-DEFENSE-CIVILE-EN.pdf\"\n                                target=\"_blank\"\n                               >Download our brochure<\/a>\n                                            <\/div>\n                            <\/div>\n\n            <div class=\"ax-gallery-medias-container\">\n                                        <div class=\"gallery-item\"><img decoding=\"async\" width=\"768\" height=\"423\" src=\"https:\/\/hef.group\/wp-content\/uploads\/2024\/06\/shutterstock_1431516980-768x423.jpg\" class=\"attachment-medium_large size-medium_large\" alt=\"\" srcset=\"https:\/\/hef.group\/wp-content\/uploads\/2024\/06\/shutterstock_1431516980-768x423.jpg 768w, https:\/\/hef.group\/wp-content\/uploads\/2024\/06\/shutterstock_1431516980-300x165.jpg 300w, https:\/\/hef.group\/wp-content\/uploads\/2024\/06\/shutterstock_1431516980-1024x564.jpg 1024w, https:\/\/hef.group\/wp-content\/uploads\/2024\/06\/shutterstock_1431516980-1536x846.jpg 1536w, https:\/\/hef.group\/wp-content\/uploads\/2024\/06\/shutterstock_1431516980.jpg 1920w\" sizes=\"(max-width: 768px) 100vw, 768px\" \/><\/div><div class=\"gallery-item\"><img decoding=\"async\" width=\"768\" height=\"499\" src=\"https:\/\/hef.group\/wp-content\/uploads\/2024\/01\/uss-america-1986420_1280-768x499.jpg\" class=\"attachment-medium_large size-medium_large\" alt=\"\" srcset=\"https:\/\/hef.group\/wp-content\/uploads\/2024\/01\/uss-america-1986420_1280-768x499.jpg 768w, https:\/\/hef.group\/wp-content\/uploads\/2024\/01\/uss-america-1986420_1280-300x195.jpg 300w, https:\/\/hef.group\/wp-content\/uploads\/2024\/01\/uss-america-1986420_1280-1024x666.jpg 1024w, https:\/\/hef.group\/wp-content\/uploads\/2024\/01\/uss-america-1986420_1280.jpg 1280w\" sizes=\"(max-width: 768px) 100vw, 768px\" \/><\/div>                            <\/div>\n        <\/div>\n    <\/div>\n<\/section>\n","protected":false},"excerpt":{"rendered":"","protected":false},"author":1,"featured_media":9225,"parent":10127,"menu_order":3,"comment_status":"closed","ping_status":"closed","template":"","meta":{"_acf_changed":false,"inline_featured_image":false,"footnotes":""},"class_list":["post-9224","page","type-page","status-publish","has-post-thumbnail","hentry"],"acf":[],"yoast_head":"<!-- This site is optimized with the Yoast SEO plugin v27.2 - https:\/\/yoast.com\/product\/yoast-seo-wordpress\/ -->\n<title>Laser texturing: Micro- and nano-texturing for the defense industry | HEF<\/title>\n<meta name=\"description\" content=\"Laser texturing solutions that make it possible to adjust wettability, coating texturing, frost resistance, and water-repellent properties.\" \/>\n<meta name=\"robots\" content=\"index, follow, max-snippet:-1, max-image-preview:large, max-video-preview:-1\" \/>\n<link rel=\"canonical\" href=\"https:\/\/hef.group\/en\/defense-aerospace\/military-on-land-sea\/\" \/>\n<meta property=\"og:locale\" content=\"en_US\" \/>\n<meta property=\"og:type\" content=\"article\" \/>\n<meta property=\"og:title\" content=\"Laser texturing: Micro- and nano-texturing for the defense industry | HEF\" \/>\n<meta property=\"og:description\" content=\"Laser texturing solutions that make it possible to adjust wettability, coating texturing, frost resistance, and water-repellent properties.\" \/>\n<meta property=\"og:url\" content=\"https:\/\/hef.group\/en\/defense-aerospace\/military-on-land-sea\/\" \/>\n<meta property=\"og:site_name\" content=\"HEF\" \/>\n<meta property=\"article:modified_time\" content=\"2024-10-25T08:28:14+00:00\" \/>\n<meta property=\"og:image\" content=\"https:\/\/hef.group\/wp-content\/uploads\/2024\/01\/uss-america-1986420_1280.jpg\" \/>\n\t<meta property=\"og:image:width\" content=\"1280\" \/>\n\t<meta property=\"og:image:height\" content=\"832\" \/>\n\t<meta property=\"og:image:type\" content=\"image\/jpeg\" \/>\n<meta name=\"twitter:card\" content=\"summary_large_image\" \/>\n<meta name=\"twitter:label1\" content=\"Est. reading time\" \/>\n\t<meta name=\"twitter:data1\" content=\"1 minute\" \/>\n<script type=\"application\/ld+json\" class=\"yoast-schema-graph\">{\"@context\":\"https:\/\/schema.org\",\"@graph\":[{\"@type\":\"WebPage\",\"@id\":\"https:\/\/hef.group\/en\/defense-aerospace\/military-on-land-sea\/\",\"url\":\"https:\/\/hef.group\/en\/defense-aerospace\/military-on-land-sea\/\",\"name\":\"Laser texturing: Micro- and nano-texturing for the defense industry | HEF\",\"isPartOf\":{\"@id\":\"https:\/\/hef.group\/en\/#website\"},\"primaryImageOfPage\":{\"@id\":\"https:\/\/hef.group\/en\/defense-aerospace\/military-on-land-sea\/#primaryimage\"},\"image\":{\"@id\":\"https:\/\/hef.group\/en\/defense-aerospace\/military-on-land-sea\/#primaryimage\"},\"thumbnailUrl\":\"https:\/\/hef.group\/wp-content\/uploads\/2024\/01\/uss-america-1986420_1280.jpg\",\"datePublished\":\"2023-11-27T13:57:04+00:00\",\"dateModified\":\"2024-10-25T08:28:14+00:00\",\"description\":\"Laser texturing solutions that make it possible to adjust wettability, coating texturing, frost resistance, and water-repellent properties.\",\"breadcrumb\":{\"@id\":\"https:\/\/hef.group\/en\/defense-aerospace\/military-on-land-sea\/#breadcrumb\"},\"inLanguage\":\"en-US\",\"potentialAction\":[{\"@type\":\"ReadAction\",\"target\":[\"https:\/\/hef.group\/en\/defense-aerospace\/military-on-land-sea\/\"]}]},{\"@type\":\"ImageObject\",\"inLanguage\":\"en-US\",\"@id\":\"https:\/\/hef.group\/en\/defense-aerospace\/military-on-land-sea\/#primaryimage\",\"url\":\"https:\/\/hef.group\/wp-content\/uploads\/2024\/01\/uss-america-1986420_1280.jpg\",\"contentUrl\":\"https:\/\/hef.group\/wp-content\/uploads\/2024\/01\/uss-america-1986420_1280.jpg\",\"width\":1280,\"height\":832},{\"@type\":\"BreadcrumbList\",\"@id\":\"https:\/\/hef.group\/en\/defense-aerospace\/military-on-land-sea\/#breadcrumb\",\"itemListElement\":[{\"@type\":\"ListItem\",\"position\":1,\"name\":\"Home\",\"item\":\"https:\/\/hef.group\/en\/\"},{\"@type\":\"ListItem\",\"position\":2,\"name\":\"Defense &#038; aerospace\",\"item\":\"https:\/\/hef.group\/en\/defense-aerospace\/\"},{\"@type\":\"ListItem\",\"position\":3,\"name\":\"Laser texturing for the military \u2013 on land and at sea\"}]},{\"@type\":\"WebSite\",\"@id\":\"https:\/\/hef.group\/en\/#website\",\"url\":\"https:\/\/hef.group\/en\/\",\"name\":\"HEF Groupe\",\"description\":\"Leader Mondial en ing\u00e9n\u00e9rie des mat\u00e9riaux de surfaces\",\"publisher\":{\"@id\":\"https:\/\/hef.group\/en\/#organization\"},\"potentialAction\":[{\"@type\":\"SearchAction\",\"target\":{\"@type\":\"EntryPoint\",\"urlTemplate\":\"https:\/\/hef.group\/en\/?s={search_term_string}\"},\"query-input\":{\"@type\":\"PropertyValueSpecification\",\"valueRequired\":true,\"valueName\":\"search_term_string\"}}],\"inLanguage\":\"en-US\"},{\"@type\":\"Organization\",\"@id\":\"https:\/\/hef.group\/en\/#organization\",\"name\":\"HEF Groupe\",\"url\":\"https:\/\/hef.group\/en\/\",\"logo\":{\"@type\":\"ImageObject\",\"inLanguage\":\"en-US\",\"@id\":\"https:\/\/hef.group\/en\/#\/schema\/logo\/image\/\",\"url\":\"https:\/\/hef.group\/wp-content\/uploads\/2024\/02\/logo-hef-1.svg\",\"contentUrl\":\"https:\/\/hef.group\/wp-content\/uploads\/2024\/02\/logo-hef-1.svg\",\"width\":250,\"height\":60,\"caption\":\"HEF Groupe\"},\"image\":{\"@id\":\"https:\/\/hef.group\/en\/#\/schema\/logo\/image\/\"}}]}<\/script>\n<!-- \/ Yoast SEO plugin. -->","yoast_head_json":{"title":"Laser texturing: Micro- and nano-texturing for the defense industry | HEF","description":"Laser texturing solutions that make it possible to adjust wettability, coating texturing, frost resistance, and water-repellent properties.","robots":{"index":"index","follow":"follow","max-snippet":"max-snippet:-1","max-image-preview":"max-image-preview:large","max-video-preview":"max-video-preview:-1"},"canonical":"https:\/\/hef.group\/en\/defense-aerospace\/military-on-land-sea\/","og_locale":"en_US","og_type":"article","og_title":"Laser texturing: Micro- and nano-texturing for the defense industry | HEF","og_description":"Laser texturing solutions that make it possible to adjust wettability, coating texturing, frost resistance, and water-repellent properties.","og_url":"https:\/\/hef.group\/en\/defense-aerospace\/military-on-land-sea\/","og_site_name":"HEF","article_modified_time":"2024-10-25T08:28:14+00:00","og_image":[{"width":1280,"height":832,"url":"https:\/\/hef.group\/wp-content\/uploads\/2024\/01\/uss-america-1986420_1280.jpg","type":"image\/jpeg"}],"twitter_card":"summary_large_image","twitter_misc":{"Est. reading time":"1 minute"},"schema":{"@context":"https:\/\/schema.org","@graph":[{"@type":"WebPage","@id":"https:\/\/hef.group\/en\/defense-aerospace\/military-on-land-sea\/","url":"https:\/\/hef.group\/en\/defense-aerospace\/military-on-land-sea\/","name":"Laser texturing: Micro- and nano-texturing for the defense industry | HEF","isPartOf":{"@id":"https:\/\/hef.group\/en\/#website"},"primaryImageOfPage":{"@id":"https:\/\/hef.group\/en\/defense-aerospace\/military-on-land-sea\/#primaryimage"},"image":{"@id":"https:\/\/hef.group\/en\/defense-aerospace\/military-on-land-sea\/#primaryimage"},"thumbnailUrl":"https:\/\/hef.group\/wp-content\/uploads\/2024\/01\/uss-america-1986420_1280.jpg","datePublished":"2023-11-27T13:57:04+00:00","dateModified":"2024-10-25T08:28:14+00:00","description":"Laser texturing solutions that make it possible to adjust wettability, coating texturing, frost resistance, and water-repellent properties.","breadcrumb":{"@id":"https:\/\/hef.group\/en\/defense-aerospace\/military-on-land-sea\/#breadcrumb"},"inLanguage":"en-US","potentialAction":[{"@type":"ReadAction","target":["https:\/\/hef.group\/en\/defense-aerospace\/military-on-land-sea\/"]}]},{"@type":"ImageObject","inLanguage":"en-US","@id":"https:\/\/hef.group\/en\/defense-aerospace\/military-on-land-sea\/#primaryimage","url":"https:\/\/hef.group\/wp-content\/uploads\/2024\/01\/uss-america-1986420_1280.jpg","contentUrl":"https:\/\/hef.group\/wp-content\/uploads\/2024\/01\/uss-america-1986420_1280.jpg","width":1280,"height":832},{"@type":"BreadcrumbList","@id":"https:\/\/hef.group\/en\/defense-aerospace\/military-on-land-sea\/#breadcrumb","itemListElement":[{"@type":"ListItem","position":1,"name":"Home","item":"https:\/\/hef.group\/en\/"},{"@type":"ListItem","position":2,"name":"Defense &#038; aerospace","item":"https:\/\/hef.group\/en\/defense-aerospace\/"},{"@type":"ListItem","position":3,"name":"Laser texturing for the military \u2013 on land and at sea"}]},{"@type":"WebSite","@id":"https:\/\/hef.group\/en\/#website","url":"https:\/\/hef.group\/en\/","name":"HEF Groupe","description":"Leader Mondial en ing\u00e9n\u00e9rie des mat\u00e9riaux de surfaces","publisher":{"@id":"https:\/\/hef.group\/en\/#organization"},"potentialAction":[{"@type":"SearchAction","target":{"@type":"EntryPoint","urlTemplate":"https:\/\/hef.group\/en\/?s={search_term_string}"},"query-input":{"@type":"PropertyValueSpecification","valueRequired":true,"valueName":"search_term_string"}}],"inLanguage":"en-US"},{"@type":"Organization","@id":"https:\/\/hef.group\/en\/#organization","name":"HEF Groupe","url":"https:\/\/hef.group\/en\/","logo":{"@type":"ImageObject","inLanguage":"en-US","@id":"https:\/\/hef.group\/en\/#\/schema\/logo\/image\/","url":"https:\/\/hef.group\/wp-content\/uploads\/2024\/02\/logo-hef-1.svg","contentUrl":"https:\/\/hef.group\/wp-content\/uploads\/2024\/02\/logo-hef-1.svg","width":250,"height":60,"caption":"HEF Groupe"},"image":{"@id":"https:\/\/hef.group\/en\/#\/schema\/logo\/image\/"}}]}},"_links":{"self":[{"href":"https:\/\/hef.group\/en\/wp-json\/wp\/v2\/pages\/9224","targetHints":{"allow":["GET"]}}],"collection":[{"href":"https:\/\/hef.group\/en\/wp-json\/wp\/v2\/pages"}],"about":[{"href":"https:\/\/hef.group\/en\/wp-json\/wp\/v2\/types\/page"}],"author":[{"embeddable":true,"href":"https:\/\/hef.group\/en\/wp-json\/wp\/v2\/users\/1"}],"replies":[{"embeddable":true,"href":"https:\/\/hef.group\/en\/wp-json\/wp\/v2\/comments?post=9224"}],"version-history":[{"count":4,"href":"https:\/\/hef.group\/en\/wp-json\/wp\/v2\/pages\/9224\/revisions"}],"predecessor-version":[{"id":10146,"href":"https:\/\/hef.group\/en\/wp-json\/wp\/v2\/pages\/9224\/revisions\/10146"}],"up":[{"embeddable":true,"href":"https:\/\/hef.group\/en\/wp-json\/wp\/v2\/pages\/10127"}],"wp:featuredmedia":[{"embeddable":true,"href":"https:\/\/hef.group\/en\/wp-json\/wp\/v2\/media\/9225"}],"wp:attachment":[{"href":"https:\/\/hef.group\/en\/wp-json\/wp\/v2\/media?parent=9224"}],"curies":[{"name":"wp","href":"https:\/\/api.w.org\/{rel}","templated":true}]}}