{"id":9234,"date":"2023-11-27T15:02:19","date_gmt":"2023-11-27T14:02:19","guid":{"rendered":"https:\/\/hef.group\/plastics-processing-molds\/"},"modified":"2024-10-28T11:36:40","modified_gmt":"2024-10-28T10:36:40","slug":"plastics-processing-molds","status":"publish","type":"page","link":"https:\/\/hef.group\/en\/materials-processing\/plastics-processing-molds\/","title":{"rendered":"Plastics processing \/ Molds: Tribology for the plastics processing industry"},"content":{"rendered":"<section class=\"axblock-gallery white-bg\">\n    <div class=\"ax-gallery\">\n        <div class=\"container ax-gallery-container content-left \" style=\"--heightBlock : 300px\">\n            <div class=\"ax-gallery-content\" style=\"--numberColumns: 2\">\n                                                    <div class=\"text-content\">\n                        <p><strong>Injection molding is becoming increasingly popular because it is both economical and eco-friendly<\/strong>. You can make several parts at the same time, most of the materials processed can be recycled, and, unlike other technologies, there is little or no material waste.<\/p>\n<p>&nbsp;<\/p>\n<p>The objective is to integrate as many functions as possible into the parts produced in order to maximize economic gains, and this makes the molds even more complex. On the other hand, in the search for perfect aesthetics, designers can create all types of topography (mirror polish, graining, imitation leather, etc.) in the same mold, which will be reproduced on the entire series of pieces.<\/p>\n<p>&nbsp;<\/p>\n<p>To meet all these needs, injection molders are working with ever more complex molds and increasingly technical materials. These materials and their additives are highly abrasive to surfaces, and movements in the molds generate ever-greater operating forces.<\/p>\n<p>&nbsp;<\/p>\n<p><strong>To meet these challenges, HEF draws on all its know-how regarding tribology for the plastics processing industry and the processes of liquid ionic nitrocarburizing (ARCOR) and PVD-PECVD (CERTESS\u00ae range). We provide solutions in the two following focus areas:<\/strong><\/p>\n<ul>\n<li>Protecting the surfaces in molded cavities: Reducing abrasive wear, reducing adhesion, protecting the surface quality, reducing contamination<\/li>\n<li>Protecting moving parts. You benefit from HEF\u2019s tribological DNA by optimizing the interactions between the various moving parts, whatever their material.<\/li>\n<\/ul>\n<p>&nbsp;<\/p>\n<p><strong>These treatments all share the objectives of optimizing the service life of your molds, keeping them in good operating condition, and reducing maintenance.<\/strong><\/p>\n                    <\/div>\n                                                    <div class=\"btn-gallery\">\n                                                    <a class=\"btn btn-gradient-second btn-block-gallery\"\n                               href=\"https:\/\/hef.group\/en\/contact\/\"\n                                 target=\"\"\n                               >Contact our experts<\/a>\n                                                                    <\/div>\n                            <\/div>\n\n            <div class=\"ax-gallery-medias-container\">\n                                        <div class=\"gallery-item\"><img decoding=\"async\" width=\"768\" height=\"512\" src=\"https:\/\/hef.group\/wp-content\/uploads\/2024\/07\/shutterstock_2242817519-768x512.jpg\" class=\"attachment-medium_large size-medium_large\" alt=\"\" srcset=\"https:\/\/hef.group\/wp-content\/uploads\/2024\/07\/shutterstock_2242817519-768x512.jpg 768w, https:\/\/hef.group\/wp-content\/uploads\/2024\/07\/shutterstock_2242817519-300x200.jpg 300w, https:\/\/hef.group\/wp-content\/uploads\/2024\/07\/shutterstock_2242817519-1024x683.jpg 1024w, https:\/\/hef.group\/wp-content\/uploads\/2024\/07\/shutterstock_2242817519-1536x1024.jpg 1536w, https:\/\/hef.group\/wp-content\/uploads\/2024\/07\/shutterstock_2242817519.jpg 1920w\" sizes=\"(max-width: 768px) 100vw, 768px\" \/><\/div><div class=\"gallery-item\"><img decoding=\"async\" width=\"768\" height=\"512\" src=\"https:\/\/hef.group\/wp-content\/uploads\/2024\/06\/shutterstock_2374068219-768x512.jpg\" class=\"attachment-medium_large size-medium_large\" alt=\"\" srcset=\"https:\/\/hef.group\/wp-content\/uploads\/2024\/06\/shutterstock_2374068219-768x512.jpg 768w, https:\/\/hef.group\/wp-content\/uploads\/2024\/06\/shutterstock_2374068219-300x200.jpg 300w, https:\/\/hef.group\/wp-content\/uploads\/2024\/06\/shutterstock_2374068219-1024x683.jpg 1024w, https:\/\/hef.group\/wp-content\/uploads\/2024\/06\/shutterstock_2374068219-1536x1025.jpg 1536w, https:\/\/hef.group\/wp-content\/uploads\/2024\/06\/shutterstock_2374068219.jpg 1920w\" sizes=\"(max-width: 768px) 100vw, 768px\" \/><\/div>                            <\/div>\n        <\/div>\n    <\/div>\n<\/section>\n","protected":false},"excerpt":{"rendered":"","protected":false},"author":1,"featured_media":9237,"parent":10494,"menu_order":0,"comment_status":"closed","ping_status":"closed","template":"","meta":{"_acf_changed":false,"inline_featured_image":false,"footnotes":""},"class_list":["post-9234","page","type-page","status-publish","has-post-thumbnail","hentry"],"acf":[],"yoast_head":"<!-- This site is optimized with the Yoast SEO plugin v27.4 - https:\/\/yoast.com\/product\/yoast-seo-wordpress\/ -->\n<title>Tribology for the plastics processing industry | HEF<\/title>\n<meta name=\"description\" content=\"HEF offers advanced solutions to improve mold performance, durability, and tribology for the plastics processing industry.\" \/>\n<meta name=\"robots\" content=\"index, follow, max-snippet:-1, max-image-preview:large, max-video-preview:-1\" \/>\n<link rel=\"canonical\" href=\"https:\/\/hef.group\/en\/materials-processing\/plastics-processing-molds\/\" \/>\n<meta property=\"og:locale\" content=\"en_US\" \/>\n<meta property=\"og:type\" content=\"article\" \/>\n<meta property=\"og:title\" content=\"Tribology for the plastics processing industry | HEF\" \/>\n<meta property=\"og:description\" content=\"HEF offers advanced solutions to improve mold performance, durability, and tribology for the plastics processing industry.\" \/>\n<meta property=\"og:url\" content=\"https:\/\/hef.group\/en\/materials-processing\/plastics-processing-molds\/\" \/>\n<meta property=\"og:site_name\" content=\"HEF\" \/>\n<meta property=\"article:modified_time\" content=\"2024-10-28T10:36:40+00:00\" \/>\n<meta property=\"og:image\" content=\"https:\/\/hef.group\/wp-content\/uploads\/2024\/06\/shutterstock_2374068219.jpg\" \/>\n\t<meta property=\"og:image:width\" content=\"1920\" \/>\n\t<meta property=\"og:image:height\" content=\"1281\" \/>\n\t<meta property=\"og:image:type\" content=\"image\/jpeg\" \/>\n<meta name=\"twitter:card\" content=\"summary_large_image\" \/>\n<script type=\"application\/ld+json\" class=\"yoast-schema-graph\">{\"@context\":\"https:\\\/\\\/schema.org\",\"@graph\":[{\"@type\":\"WebPage\",\"@id\":\"https:\\\/\\\/hef.group\\\/en\\\/materials-processing\\\/plastics-processing-molds\\\/\",\"url\":\"https:\\\/\\\/hef.group\\\/en\\\/materials-processing\\\/plastics-processing-molds\\\/\",\"name\":\"Tribology for the plastics processing industry | HEF\",\"isPartOf\":{\"@id\":\"https:\\\/\\\/hef.group\\\/en\\\/#website\"},\"primaryImageOfPage\":{\"@id\":\"https:\\\/\\\/hef.group\\\/en\\\/materials-processing\\\/plastics-processing-molds\\\/#primaryimage\"},\"image\":{\"@id\":\"https:\\\/\\\/hef.group\\\/en\\\/materials-processing\\\/plastics-processing-molds\\\/#primaryimage\"},\"thumbnailUrl\":\"https:\\\/\\\/hef.group\\\/wp-content\\\/uploads\\\/2024\\\/06\\\/shutterstock_2374068219.jpg\",\"datePublished\":\"2023-11-27T14:02:19+00:00\",\"dateModified\":\"2024-10-28T10:36:40+00:00\",\"description\":\"HEF offers advanced solutions to improve mold performance, durability, and tribology for the plastics processing industry.\",\"breadcrumb\":{\"@id\":\"https:\\\/\\\/hef.group\\\/en\\\/materials-processing\\\/plastics-processing-molds\\\/#breadcrumb\"},\"inLanguage\":\"en-US\",\"potentialAction\":[{\"@type\":\"ReadAction\",\"target\":[\"https:\\\/\\\/hef.group\\\/en\\\/materials-processing\\\/plastics-processing-molds\\\/\"]}]},{\"@type\":\"ImageObject\",\"inLanguage\":\"en-US\",\"@id\":\"https:\\\/\\\/hef.group\\\/en\\\/materials-processing\\\/plastics-processing-molds\\\/#primaryimage\",\"url\":\"https:\\\/\\\/hef.group\\\/wp-content\\\/uploads\\\/2024\\\/06\\\/shutterstock_2374068219.jpg\",\"contentUrl\":\"https:\\\/\\\/hef.group\\\/wp-content\\\/uploads\\\/2024\\\/06\\\/shutterstock_2374068219.jpg\",\"width\":1920,\"height\":1281},{\"@type\":\"BreadcrumbList\",\"@id\":\"https:\\\/\\\/hef.group\\\/en\\\/materials-processing\\\/plastics-processing-molds\\\/#breadcrumb\",\"itemListElement\":[{\"@type\":\"ListItem\",\"position\":1,\"name\":\"Home\",\"item\":\"https:\\\/\\\/hef.group\\\/en\\\/\"},{\"@type\":\"ListItem\",\"position\":2,\"name\":\"Materials processing\",\"item\":\"https:\\\/\\\/hef.group\\\/en\\\/materials-processing\\\/\"},{\"@type\":\"ListItem\",\"position\":3,\"name\":\"Plastics processing \\\/ Molds: Tribology for the plastics processing industry\"}]},{\"@type\":\"WebSite\",\"@id\":\"https:\\\/\\\/hef.group\\\/en\\\/#website\",\"url\":\"https:\\\/\\\/hef.group\\\/en\\\/\",\"name\":\"HEF Groupe\",\"description\":\"Leader Mondial en ing\u00e9n\u00e9rie des mat\u00e9riaux de surfaces\",\"publisher\":{\"@id\":\"https:\\\/\\\/hef.group\\\/en\\\/#organization\"},\"potentialAction\":[{\"@type\":\"SearchAction\",\"target\":{\"@type\":\"EntryPoint\",\"urlTemplate\":\"https:\\\/\\\/hef.group\\\/en\\\/?s={search_term_string}\"},\"query-input\":{\"@type\":\"PropertyValueSpecification\",\"valueRequired\":true,\"valueName\":\"search_term_string\"}}],\"inLanguage\":\"en-US\"},{\"@type\":\"Organization\",\"@id\":\"https:\\\/\\\/hef.group\\\/en\\\/#organization\",\"name\":\"HEF Groupe\",\"url\":\"https:\\\/\\\/hef.group\\\/en\\\/\",\"logo\":{\"@type\":\"ImageObject\",\"inLanguage\":\"en-US\",\"@id\":\"https:\\\/\\\/hef.group\\\/en\\\/#\\\/schema\\\/logo\\\/image\\\/\",\"url\":\"https:\\\/\\\/hef.group\\\/wp-content\\\/uploads\\\/2024\\\/02\\\/logo-hef-1.svg\",\"contentUrl\":\"https:\\\/\\\/hef.group\\\/wp-content\\\/uploads\\\/2024\\\/02\\\/logo-hef-1.svg\",\"width\":250,\"height\":60,\"caption\":\"HEF Groupe\"},\"image\":{\"@id\":\"https:\\\/\\\/hef.group\\\/en\\\/#\\\/schema\\\/logo\\\/image\\\/\"}}]}<\/script>\n<!-- \/ Yoast SEO plugin. -->","yoast_head_json":{"title":"Tribology for the plastics processing industry | HEF","description":"HEF offers advanced solutions to improve mold performance, durability, and tribology for the plastics processing industry.","robots":{"index":"index","follow":"follow","max-snippet":"max-snippet:-1","max-image-preview":"max-image-preview:large","max-video-preview":"max-video-preview:-1"},"canonical":"https:\/\/hef.group\/en\/materials-processing\/plastics-processing-molds\/","og_locale":"en_US","og_type":"article","og_title":"Tribology for the plastics processing industry | HEF","og_description":"HEF offers advanced solutions to improve mold performance, durability, and tribology for the plastics processing industry.","og_url":"https:\/\/hef.group\/en\/materials-processing\/plastics-processing-molds\/","og_site_name":"HEF","article_modified_time":"2024-10-28T10:36:40+00:00","og_image":[{"width":1920,"height":1281,"url":"https:\/\/hef.group\/wp-content\/uploads\/2024\/06\/shutterstock_2374068219.jpg","type":"image\/jpeg"}],"twitter_card":"summary_large_image","schema":{"@context":"https:\/\/schema.org","@graph":[{"@type":"WebPage","@id":"https:\/\/hef.group\/en\/materials-processing\/plastics-processing-molds\/","url":"https:\/\/hef.group\/en\/materials-processing\/plastics-processing-molds\/","name":"Tribology for the plastics processing industry | HEF","isPartOf":{"@id":"https:\/\/hef.group\/en\/#website"},"primaryImageOfPage":{"@id":"https:\/\/hef.group\/en\/materials-processing\/plastics-processing-molds\/#primaryimage"},"image":{"@id":"https:\/\/hef.group\/en\/materials-processing\/plastics-processing-molds\/#primaryimage"},"thumbnailUrl":"https:\/\/hef.group\/wp-content\/uploads\/2024\/06\/shutterstock_2374068219.jpg","datePublished":"2023-11-27T14:02:19+00:00","dateModified":"2024-10-28T10:36:40+00:00","description":"HEF offers advanced solutions to improve mold performance, durability, and tribology for the plastics processing industry.","breadcrumb":{"@id":"https:\/\/hef.group\/en\/materials-processing\/plastics-processing-molds\/#breadcrumb"},"inLanguage":"en-US","potentialAction":[{"@type":"ReadAction","target":["https:\/\/hef.group\/en\/materials-processing\/plastics-processing-molds\/"]}]},{"@type":"ImageObject","inLanguage":"en-US","@id":"https:\/\/hef.group\/en\/materials-processing\/plastics-processing-molds\/#primaryimage","url":"https:\/\/hef.group\/wp-content\/uploads\/2024\/06\/shutterstock_2374068219.jpg","contentUrl":"https:\/\/hef.group\/wp-content\/uploads\/2024\/06\/shutterstock_2374068219.jpg","width":1920,"height":1281},{"@type":"BreadcrumbList","@id":"https:\/\/hef.group\/en\/materials-processing\/plastics-processing-molds\/#breadcrumb","itemListElement":[{"@type":"ListItem","position":1,"name":"Home","item":"https:\/\/hef.group\/en\/"},{"@type":"ListItem","position":2,"name":"Materials processing","item":"https:\/\/hef.group\/en\/materials-processing\/"},{"@type":"ListItem","position":3,"name":"Plastics processing \/ Molds: Tribology for the plastics processing industry"}]},{"@type":"WebSite","@id":"https:\/\/hef.group\/en\/#website","url":"https:\/\/hef.group\/en\/","name":"HEF Groupe","description":"Leader Mondial en ing\u00e9n\u00e9rie des mat\u00e9riaux de surfaces","publisher":{"@id":"https:\/\/hef.group\/en\/#organization"},"potentialAction":[{"@type":"SearchAction","target":{"@type":"EntryPoint","urlTemplate":"https:\/\/hef.group\/en\/?s={search_term_string}"},"query-input":{"@type":"PropertyValueSpecification","valueRequired":true,"valueName":"search_term_string"}}],"inLanguage":"en-US"},{"@type":"Organization","@id":"https:\/\/hef.group\/en\/#organization","name":"HEF Groupe","url":"https:\/\/hef.group\/en\/","logo":{"@type":"ImageObject","inLanguage":"en-US","@id":"https:\/\/hef.group\/en\/#\/schema\/logo\/image\/","url":"https:\/\/hef.group\/wp-content\/uploads\/2024\/02\/logo-hef-1.svg","contentUrl":"https:\/\/hef.group\/wp-content\/uploads\/2024\/02\/logo-hef-1.svg","width":250,"height":60,"caption":"HEF Groupe"},"image":{"@id":"https:\/\/hef.group\/en\/#\/schema\/logo\/image\/"}}]}},"_links":{"self":[{"href":"https:\/\/hef.group\/en\/wp-json\/wp\/v2\/pages\/9234","targetHints":{"allow":["GET"]}}],"collection":[{"href":"https:\/\/hef.group\/en\/wp-json\/wp\/v2\/pages"}],"about":[{"href":"https:\/\/hef.group\/en\/wp-json\/wp\/v2\/types\/page"}],"author":[{"embeddable":true,"href":"https:\/\/hef.group\/en\/wp-json\/wp\/v2\/users\/1"}],"replies":[{"embeddable":true,"href":"https:\/\/hef.group\/en\/wp-json\/wp\/v2\/comments?post=9234"}],"version-history":[{"count":5,"href":"https:\/\/hef.group\/en\/wp-json\/wp\/v2\/pages\/9234\/revisions"}],"predecessor-version":[{"id":10505,"href":"https:\/\/hef.group\/en\/wp-json\/wp\/v2\/pages\/9234\/revisions\/10505"}],"up":[{"embeddable":true,"href":"https:\/\/hef.group\/en\/wp-json\/wp\/v2\/pages\/10494"}],"wp:featuredmedia":[{"embeddable":true,"href":"https:\/\/hef.group\/en\/wp-json\/wp\/v2\/media\/9237"}],"wp:attachment":[{"href":"https:\/\/hef.group\/en\/wp-json\/wp\/v2\/media?parent=9234"}],"curies":[{"name":"wp","href":"https:\/\/api.w.org\/{rel}","templated":true}]}}