{"id":9240,"date":"2023-11-27T15:03:12","date_gmt":"2023-11-27T14:03:12","guid":{"rendered":"https:\/\/hef.group\/steel-industry\/"},"modified":"2024-10-28T11:41:24","modified_gmt":"2024-10-28T10:41:24","slug":"steel-industry","status":"publish","type":"page","link":"https:\/\/hef.group\/en\/materials-processing\/steel-industry\/","title":{"rendered":"Friction components for the steel industry"},"content":{"rendered":"<section class=\"axblock-gallery white-bg\">\n    <div class=\"ax-gallery\">\n        <div class=\"container ax-gallery-container content-left \" style=\"--heightBlock : 300px\">\n            <div class=\"ax-gallery-content\" style=\"--numberColumns: 2\">\n                                                    <div class=\"text-content\">\n                        <p>The steel market is an important sector of the global economy, producing steel used in industries such as the construction, automotive, aerospace, and consumer goods sectors. This market is dominated by regions such as Asia, Europe, and North America, where demand for steel is particularly high due to urbanization and investment in infrastructure. <\/p>\n<p>&nbsp;<\/p>\n<p><strong>HEF is present at various points along the steel production chain.<\/strong> Our <strong>TESCO\u00ae<\/strong>, <strong>FAM\u00ae<\/strong>, <strong>COD 11\u00ae<\/strong> and <strong>PEL\u00ae<\/strong> friction components for the steel industry solve the problems of seizure and excessive wear on grippers, clamshell buckets, wheel loaders, and more. These components last <strong>2 to 8 times longer <\/strong>than conventional components, and are <strong>highly resistant to wear and seizure under severe working conditions.<\/strong> <\/p>\n                    <\/div>\n                                                    <div class=\"btn-gallery\">\n                                                    <a class=\"btn btn-gradient-second btn-block-gallery\"\n                               href=\"https:\/\/forms.office.com\/e\/ENRKPRUhDb\"\n                                 target=\"_blank\"\n                               >Download our brochure<\/a>\n                                                                    <\/div>\n                            <\/div>\n\n            <div class=\"ax-gallery-medias-container\">\n                                        <div class=\"gallery-item\"><img decoding=\"async\" width=\"768\" height=\"512\" src=\"https:\/\/hef.group\/wp-content\/uploads\/2024\/06\/shutterstock_1975421474-768x512.jpg\" class=\"attachment-medium_large size-medium_large\" alt=\"\" srcset=\"https:\/\/hef.group\/wp-content\/uploads\/2024\/06\/shutterstock_1975421474-768x512.jpg 768w, https:\/\/hef.group\/wp-content\/uploads\/2024\/06\/shutterstock_1975421474-300x200.jpg 300w, https:\/\/hef.group\/wp-content\/uploads\/2024\/06\/shutterstock_1975421474-1024x683.jpg 1024w, https:\/\/hef.group\/wp-content\/uploads\/2024\/06\/shutterstock_1975421474-1536x1024.jpg 1536w, https:\/\/hef.group\/wp-content\/uploads\/2024\/06\/shutterstock_1975421474.jpg 1920w\" sizes=\"(max-width: 768px) 100vw, 768px\" \/><\/div><div class=\"gallery-item\"><img decoding=\"async\" width=\"768\" height=\"511\" src=\"https:\/\/hef.group\/wp-content\/uploads\/2024\/08\/shutterstock_2112768695-768x511.jpg\" class=\"attachment-medium_large size-medium_large\" alt=\"\" srcset=\"https:\/\/hef.group\/wp-content\/uploads\/2024\/08\/shutterstock_2112768695-768x511.jpg 768w, https:\/\/hef.group\/wp-content\/uploads\/2024\/08\/shutterstock_2112768695-300x200.jpg 300w, https:\/\/hef.group\/wp-content\/uploads\/2024\/08\/shutterstock_2112768695-1024x682.jpg 1024w, https:\/\/hef.group\/wp-content\/uploads\/2024\/08\/shutterstock_2112768695-1536x1022.jpg 1536w, https:\/\/hef.group\/wp-content\/uploads\/2024\/08\/shutterstock_2112768695.jpg 1920w\" sizes=\"(max-width: 768px) 100vw, 768px\" \/><\/div>                            <\/div>\n        <\/div>\n    <\/div>\n<\/section>\n","protected":false},"excerpt":{"rendered":"","protected":false},"author":1,"featured_media":9241,"parent":10494,"menu_order":0,"comment_status":"closed","ping_status":"closed","template":"","meta":{"_acf_changed":false,"inline_featured_image":false,"footnotes":""},"class_list":["post-9240","page","type-page","status-publish","has-post-thumbnail","hentry"],"acf":[],"yoast_head":"<!-- This site is optimized with the Yoast SEO plugin v27.3 - https:\/\/yoast.com\/product\/yoast-seo-wordpress\/ -->\n<title>High-strength friction components for the steel industry | HEF<\/title>\n<meta name=\"description\" content=\"HEF is present at various points in production chains with its wear-resistant friction components for the steel industry.\" \/>\n<meta name=\"robots\" content=\"index, follow, max-snippet:-1, max-image-preview:large, max-video-preview:-1\" \/>\n<link rel=\"canonical\" href=\"https:\/\/hef.group\/en\/materials-processing\/steel-industry\/\" \/>\n<meta property=\"og:locale\" content=\"en_US\" \/>\n<meta property=\"og:type\" content=\"article\" \/>\n<meta property=\"og:title\" content=\"High-strength friction components for the steel industry | HEF\" \/>\n<meta property=\"og:description\" content=\"HEF is present at various points in production chains with its wear-resistant friction components for the steel industry.\" \/>\n<meta property=\"og:url\" content=\"https:\/\/hef.group\/en\/materials-processing\/steel-industry\/\" \/>\n<meta property=\"og:site_name\" content=\"HEF\" \/>\n<meta property=\"article:modified_time\" content=\"2024-10-28T10:41:24+00:00\" \/>\n<meta property=\"og:image\" content=\"https:\/\/hef.group\/wp-content\/uploads\/2023\/11\/pexels-bence-szemerey-6804260-scaled.jpg\" \/>\n\t<meta property=\"og:image:width\" content=\"2560\" \/>\n\t<meta property=\"og:image:height\" content=\"1706\" \/>\n\t<meta property=\"og:image:type\" content=\"image\/jpeg\" \/>\n<meta name=\"twitter:card\" content=\"summary_large_image\" \/>\n<script type=\"application\/ld+json\" class=\"yoast-schema-graph\">{\"@context\":\"https:\\\/\\\/schema.org\",\"@graph\":[{\"@type\":\"WebPage\",\"@id\":\"https:\\\/\\\/hef.group\\\/en\\\/materials-processing\\\/steel-industry\\\/\",\"url\":\"https:\\\/\\\/hef.group\\\/en\\\/materials-processing\\\/steel-industry\\\/\",\"name\":\"High-strength friction components for the steel industry | HEF\",\"isPartOf\":{\"@id\":\"https:\\\/\\\/hef.group\\\/en\\\/#website\"},\"primaryImageOfPage\":{\"@id\":\"https:\\\/\\\/hef.group\\\/en\\\/materials-processing\\\/steel-industry\\\/#primaryimage\"},\"image\":{\"@id\":\"https:\\\/\\\/hef.group\\\/en\\\/materials-processing\\\/steel-industry\\\/#primaryimage\"},\"thumbnailUrl\":\"https:\\\/\\\/hef.group\\\/wp-content\\\/uploads\\\/2023\\\/11\\\/pexels-bence-szemerey-6804260-scaled.jpg\",\"datePublished\":\"2023-11-27T14:03:12+00:00\",\"dateModified\":\"2024-10-28T10:41:24+00:00\",\"description\":\"HEF is present at various points in production chains with its wear-resistant friction components for the steel industry.\",\"breadcrumb\":{\"@id\":\"https:\\\/\\\/hef.group\\\/en\\\/materials-processing\\\/steel-industry\\\/#breadcrumb\"},\"inLanguage\":\"en-US\",\"potentialAction\":[{\"@type\":\"ReadAction\",\"target\":[\"https:\\\/\\\/hef.group\\\/en\\\/materials-processing\\\/steel-industry\\\/\"]}]},{\"@type\":\"ImageObject\",\"inLanguage\":\"en-US\",\"@id\":\"https:\\\/\\\/hef.group\\\/en\\\/materials-processing\\\/steel-industry\\\/#primaryimage\",\"url\":\"https:\\\/\\\/hef.group\\\/wp-content\\\/uploads\\\/2023\\\/11\\\/pexels-bence-szemerey-6804260-scaled.jpg\",\"contentUrl\":\"https:\\\/\\\/hef.group\\\/wp-content\\\/uploads\\\/2023\\\/11\\\/pexels-bence-szemerey-6804260-scaled.jpg\",\"width\":2560,\"height\":1706},{\"@type\":\"BreadcrumbList\",\"@id\":\"https:\\\/\\\/hef.group\\\/en\\\/materials-processing\\\/steel-industry\\\/#breadcrumb\",\"itemListElement\":[{\"@type\":\"ListItem\",\"position\":1,\"name\":\"Home\",\"item\":\"https:\\\/\\\/hef.group\\\/en\\\/\"},{\"@type\":\"ListItem\",\"position\":2,\"name\":\"Materials processing\",\"item\":\"https:\\\/\\\/hef.group\\\/en\\\/materials-processing\\\/\"},{\"@type\":\"ListItem\",\"position\":3,\"name\":\"Friction components for the steel industry\"}]},{\"@type\":\"WebSite\",\"@id\":\"https:\\\/\\\/hef.group\\\/en\\\/#website\",\"url\":\"https:\\\/\\\/hef.group\\\/en\\\/\",\"name\":\"HEF Groupe\",\"description\":\"Leader Mondial en ing\u00e9n\u00e9rie des mat\u00e9riaux de surfaces\",\"publisher\":{\"@id\":\"https:\\\/\\\/hef.group\\\/en\\\/#organization\"},\"potentialAction\":[{\"@type\":\"SearchAction\",\"target\":{\"@type\":\"EntryPoint\",\"urlTemplate\":\"https:\\\/\\\/hef.group\\\/en\\\/?s={search_term_string}\"},\"query-input\":{\"@type\":\"PropertyValueSpecification\",\"valueRequired\":true,\"valueName\":\"search_term_string\"}}],\"inLanguage\":\"en-US\"},{\"@type\":\"Organization\",\"@id\":\"https:\\\/\\\/hef.group\\\/en\\\/#organization\",\"name\":\"HEF Groupe\",\"url\":\"https:\\\/\\\/hef.group\\\/en\\\/\",\"logo\":{\"@type\":\"ImageObject\",\"inLanguage\":\"en-US\",\"@id\":\"https:\\\/\\\/hef.group\\\/en\\\/#\\\/schema\\\/logo\\\/image\\\/\",\"url\":\"https:\\\/\\\/hef.group\\\/wp-content\\\/uploads\\\/2024\\\/02\\\/logo-hef-1.svg\",\"contentUrl\":\"https:\\\/\\\/hef.group\\\/wp-content\\\/uploads\\\/2024\\\/02\\\/logo-hef-1.svg\",\"width\":250,\"height\":60,\"caption\":\"HEF Groupe\"},\"image\":{\"@id\":\"https:\\\/\\\/hef.group\\\/en\\\/#\\\/schema\\\/logo\\\/image\\\/\"}}]}<\/script>\n<!-- \/ Yoast SEO plugin. -->","yoast_head_json":{"title":"High-strength friction components for the steel industry | HEF","description":"HEF is present at various points in production chains with its wear-resistant friction components for the steel industry.","robots":{"index":"index","follow":"follow","max-snippet":"max-snippet:-1","max-image-preview":"max-image-preview:large","max-video-preview":"max-video-preview:-1"},"canonical":"https:\/\/hef.group\/en\/materials-processing\/steel-industry\/","og_locale":"en_US","og_type":"article","og_title":"High-strength friction components for the steel industry | HEF","og_description":"HEF is present at various points in production chains with its wear-resistant friction components for the steel industry.","og_url":"https:\/\/hef.group\/en\/materials-processing\/steel-industry\/","og_site_name":"HEF","article_modified_time":"2024-10-28T10:41:24+00:00","og_image":[{"width":2560,"height":1706,"url":"https:\/\/hef.group\/wp-content\/uploads\/2023\/11\/pexels-bence-szemerey-6804260-scaled.jpg","type":"image\/jpeg"}],"twitter_card":"summary_large_image","schema":{"@context":"https:\/\/schema.org","@graph":[{"@type":"WebPage","@id":"https:\/\/hef.group\/en\/materials-processing\/steel-industry\/","url":"https:\/\/hef.group\/en\/materials-processing\/steel-industry\/","name":"High-strength friction components for the steel industry | HEF","isPartOf":{"@id":"https:\/\/hef.group\/en\/#website"},"primaryImageOfPage":{"@id":"https:\/\/hef.group\/en\/materials-processing\/steel-industry\/#primaryimage"},"image":{"@id":"https:\/\/hef.group\/en\/materials-processing\/steel-industry\/#primaryimage"},"thumbnailUrl":"https:\/\/hef.group\/wp-content\/uploads\/2023\/11\/pexels-bence-szemerey-6804260-scaled.jpg","datePublished":"2023-11-27T14:03:12+00:00","dateModified":"2024-10-28T10:41:24+00:00","description":"HEF is present at various points in production chains with its wear-resistant friction components for the steel industry.","breadcrumb":{"@id":"https:\/\/hef.group\/en\/materials-processing\/steel-industry\/#breadcrumb"},"inLanguage":"en-US","potentialAction":[{"@type":"ReadAction","target":["https:\/\/hef.group\/en\/materials-processing\/steel-industry\/"]}]},{"@type":"ImageObject","inLanguage":"en-US","@id":"https:\/\/hef.group\/en\/materials-processing\/steel-industry\/#primaryimage","url":"https:\/\/hef.group\/wp-content\/uploads\/2023\/11\/pexels-bence-szemerey-6804260-scaled.jpg","contentUrl":"https:\/\/hef.group\/wp-content\/uploads\/2023\/11\/pexels-bence-szemerey-6804260-scaled.jpg","width":2560,"height":1706},{"@type":"BreadcrumbList","@id":"https:\/\/hef.group\/en\/materials-processing\/steel-industry\/#breadcrumb","itemListElement":[{"@type":"ListItem","position":1,"name":"Home","item":"https:\/\/hef.group\/en\/"},{"@type":"ListItem","position":2,"name":"Materials processing","item":"https:\/\/hef.group\/en\/materials-processing\/"},{"@type":"ListItem","position":3,"name":"Friction components for the steel industry"}]},{"@type":"WebSite","@id":"https:\/\/hef.group\/en\/#website","url":"https:\/\/hef.group\/en\/","name":"HEF Groupe","description":"Leader Mondial en ing\u00e9n\u00e9rie des mat\u00e9riaux de surfaces","publisher":{"@id":"https:\/\/hef.group\/en\/#organization"},"potentialAction":[{"@type":"SearchAction","target":{"@type":"EntryPoint","urlTemplate":"https:\/\/hef.group\/en\/?s={search_term_string}"},"query-input":{"@type":"PropertyValueSpecification","valueRequired":true,"valueName":"search_term_string"}}],"inLanguage":"en-US"},{"@type":"Organization","@id":"https:\/\/hef.group\/en\/#organization","name":"HEF Groupe","url":"https:\/\/hef.group\/en\/","logo":{"@type":"ImageObject","inLanguage":"en-US","@id":"https:\/\/hef.group\/en\/#\/schema\/logo\/image\/","url":"https:\/\/hef.group\/wp-content\/uploads\/2024\/02\/logo-hef-1.svg","contentUrl":"https:\/\/hef.group\/wp-content\/uploads\/2024\/02\/logo-hef-1.svg","width":250,"height":60,"caption":"HEF Groupe"},"image":{"@id":"https:\/\/hef.group\/en\/#\/schema\/logo\/image\/"}}]}},"_links":{"self":[{"href":"https:\/\/hef.group\/en\/wp-json\/wp\/v2\/pages\/9240","targetHints":{"allow":["GET"]}}],"collection":[{"href":"https:\/\/hef.group\/en\/wp-json\/wp\/v2\/pages"}],"about":[{"href":"https:\/\/hef.group\/en\/wp-json\/wp\/v2\/types\/page"}],"author":[{"embeddable":true,"href":"https:\/\/hef.group\/en\/wp-json\/wp\/v2\/users\/1"}],"replies":[{"embeddable":true,"href":"https:\/\/hef.group\/en\/wp-json\/wp\/v2\/comments?post=9240"}],"version-history":[{"count":5,"href":"https:\/\/hef.group\/en\/wp-json\/wp\/v2\/pages\/9240\/revisions"}],"predecessor-version":[{"id":10509,"href":"https:\/\/hef.group\/en\/wp-json\/wp\/v2\/pages\/9240\/revisions\/10509"}],"up":[{"embeddable":true,"href":"https:\/\/hef.group\/en\/wp-json\/wp\/v2\/pages\/10494"}],"wp:featuredmedia":[{"embeddable":true,"href":"https:\/\/hef.group\/en\/wp-json\/wp\/v2\/media\/9241"}],"wp:attachment":[{"href":"https:\/\/hef.group\/en\/wp-json\/wp\/v2\/media?parent=9240"}],"curies":[{"name":"wp","href":"https:\/\/api.w.org\/{rel}","templated":true}]}}