{"id":9249,"date":"2024-04-17T15:43:40","date_gmt":"2024-04-17T13:43:40","guid":{"rendered":"https:\/\/hef.group\/civilian-space-sector\/"},"modified":"2024-10-25T10:29:57","modified_gmt":"2024-10-25T08:29:57","slug":"civilian-space-sector","status":"publish","type":"page","link":"https:\/\/hef.group\/en\/defense-aerospace\/civilian-space-sector\/","title":{"rendered":"Civilian space sector"},"content":{"rendered":"<section class=\"axblock-gallery white-bg\">\n    <div class=\"ax-gallery\">\n        <div class=\"container ax-gallery-container content-left \" style=\"--heightBlock : 300px\">\n            <div class=\"ax-gallery-content\" style=\"--numberColumns: 2\">\n                                                    <div class=\"text-content\">\n                        <p><span data-contrast=\"auto\">The civilian space sector is devoted to the exploration and discovery of the universe for scientific research, satellite navigation (GPS), and Earth observation.<\/span><span data-ccp-props=\"{&quot;134233117&quot;:false,&quot;134233118&quot;:false,&quot;201341983&quot;:0,&quot;335559738&quot;:0,&quot;335559739&quot;:0,&quot;335559740&quot;:279}\">\u00a0<\/span><\/p>\n<p><span data-contrast=\"auto\">\u00a0<\/span><span data-ccp-props=\"{&quot;134233117&quot;:false,&quot;134233118&quot;:false,&quot;201341983&quot;:0,&quot;335559738&quot;:0,&quot;335559739&quot;:0,&quot;335559740&quot;:279}\">\u00a0<\/span><\/p>\n<p><span data-contrast=\"auto\">HEF Photonics, which specializes in <\/span><b><span data-contrast=\"auto\">custom thin-film deposition for the space industry<\/span><\/b><span data-contrast=\"auto\">, helped design the seismometer on the <\/span><b><span data-contrast=\"auto\">InSight probe sent to Mars<\/span><\/b><span data-contrast=\"auto\"> in 2018 by implementing<\/span><b><span data-contrast=\"auto\"> gold deposition on the probe\u2019s mechanical and ceramic parts<\/span><\/b><span data-contrast=\"auto\">. We have ensured smooth operation and device reliability in the extreme <\/span><b><span data-contrast=\"auto\">conditions of the Martian environment<\/span><\/b><span data-contrast=\"auto\">.<\/span><span data-ccp-props=\"{&quot;134233117&quot;:false,&quot;134233118&quot;:false,&quot;201341983&quot;:0,&quot;335559738&quot;:0,&quot;335559739&quot;:0,&quot;335559740&quot;:279}\">\u00a0<\/span><\/p>\n<p><span data-contrast=\"auto\">\u00a0<\/span><span data-ccp-props=\"{&quot;134233117&quot;:false,&quot;134233118&quot;:false,&quot;201341983&quot;:0,&quot;335559738&quot;:0,&quot;335559739&quot;:0,&quot;335559740&quot;:279}\">\u00a0<\/span><\/p>\n<p><span data-contrast=\"auto\">In addition, HEF has produced <\/span><b><span data-contrast=\"auto\">telescope<\/span><\/b><span data-contrast=\"auto\"> mirrors and participated in the <\/span><b><span data-contrast=\"auto\">development of the <\/span><\/b><b><span data-contrast=\"none\">laser<\/span><\/b><b><span data-contrast=\"auto\"> head for the famous Perseverance Mars Rover, <\/span><\/b><span data-contrast=\"auto\">which<\/span><span data-contrast=\"auto\"> fires short laser pulses at Martian rocks to determine their chemical composition (spectroscopy).<\/span><span data-ccp-props=\"{&quot;134233117&quot;:false,&quot;134233118&quot;:false,&quot;201341983&quot;:0,&quot;335559738&quot;:0,&quot;335559739&quot;:0,&quot;335559740&quot;:279}\">\u00a0<\/span><\/p>\n<p><span data-contrast=\"none\">More recently, we have been supplying optical components to be integrated into satellites of the future <\/span><b><span data-contrast=\"none\">Japetus<\/span><\/b><span data-contrast=\"none\"> constellation, whose mission is to observe Earth.<\/span><span data-ccp-props=\"{&quot;134233117&quot;:false,&quot;134233118&quot;:false,&quot;201341983&quot;:0,&quot;335559738&quot;:0,&quot;335559739&quot;:0,&quot;335559740&quot;:279}\">\u00a0<\/span><\/p>\n<p><span data-ccp-props=\"{&quot;134233117&quot;:false,&quot;134233118&quot;:false,&quot;201341983&quot;:0,&quot;335559738&quot;:0,&quot;335559739&quot;:0,&quot;335559740&quot;:279}\">\u00a0<\/span><\/p>\n<p><span data-contrast=\"auto\">We have developed a specific industrial tool to offer optical and metallic treatments. <\/span><span data-contrast=\"auto\">Photolithography<\/span><span data-contrast=\"auto\"> phases can be combined with these treatments to produce localized depositions.<\/span><span data-ccp-props=\"{&quot;134233117&quot;:false,&quot;134233118&quot;:false,&quot;201341983&quot;:0,&quot;335551550&quot;:6,&quot;335551620&quot;:6,&quot;335557856&quot;:16777215,&quot;335559685&quot;:0,&quot;335559737&quot;:300,&quot;335559738&quot;:0,&quot;335559739&quot;:0,&quot;335559740&quot;:279}\">\u00a0<\/span><\/p>\n                    <\/div>\n                                                    <div class=\"btn-gallery\">\n                                                    <a class=\"btn btn-gradient-second btn-block-gallery\"\n                               href=\"https:\/\/hef.group\/en\/contact\/\"\n                                 target=\"\"\n                               >Contact our experts<\/a>\n                                                                            <a class=\"btn btn-gradient-second btn-block-gallery\"\n                               href=\"https:\/\/hef.group\/wp-content\/uploads\/2024\/09\/Plaquette-AERO-DEFENSE-CIVILE-EN.pdf\"\n                                target=\"_blank\"\n                               >Download our brochure<\/a>\n                                            <\/div>\n                            <\/div>\n\n            <div class=\"ax-gallery-medias-container\">\n                                        <div class=\"gallery-item\"><img decoding=\"async\" width=\"768\" height=\"441\" src=\"https:\/\/hef.group\/wp-content\/uploads\/2024\/04\/shutterstock_2289131739-768x441.jpg\" class=\"attachment-medium_large size-medium_large\" alt=\"\" srcset=\"https:\/\/hef.group\/wp-content\/uploads\/2024\/04\/shutterstock_2289131739-768x441.jpg 768w, https:\/\/hef.group\/wp-content\/uploads\/2024\/04\/shutterstock_2289131739-300x172.jpg 300w, https:\/\/hef.group\/wp-content\/uploads\/2024\/04\/shutterstock_2289131739-1024x588.jpg 1024w, https:\/\/hef.group\/wp-content\/uploads\/2024\/04\/shutterstock_2289131739-1536x882.jpg 1536w, https:\/\/hef.group\/wp-content\/uploads\/2024\/04\/shutterstock_2289131739.jpg 1920w\" sizes=\"(max-width: 768px) 100vw, 768px\" \/><\/div><div class=\"gallery-item\"><img decoding=\"async\" width=\"768\" height=\"432\" src=\"https:\/\/hef.group\/wp-content\/uploads\/2024\/06\/shutterstock_2220348469-768x432.jpg\" class=\"attachment-medium_large size-medium_large\" alt=\"\" srcset=\"https:\/\/hef.group\/wp-content\/uploads\/2024\/06\/shutterstock_2220348469-768x432.jpg 768w, https:\/\/hef.group\/wp-content\/uploads\/2024\/06\/shutterstock_2220348469-300x169.jpg 300w, https:\/\/hef.group\/wp-content\/uploads\/2024\/06\/shutterstock_2220348469-1024x576.jpg 1024w, https:\/\/hef.group\/wp-content\/uploads\/2024\/06\/shutterstock_2220348469-1536x864.jpg 1536w, https:\/\/hef.group\/wp-content\/uploads\/2024\/06\/shutterstock_2220348469.jpg 1920w\" sizes=\"(max-width: 768px) 100vw, 768px\" \/><\/div>                            <\/div>\n        <\/div>\n    <\/div>\n<\/section>\n","protected":false},"excerpt":{"rendered":"","protected":false},"author":1,"featured_media":9250,"parent":10127,"menu_order":1,"comment_status":"closed","ping_status":"closed","template":"","meta":{"_acf_changed":false,"inline_featured_image":false,"footnotes":""},"class_list":["post-9249","page","type-page","status-publish","has-post-thumbnail","hentry"],"acf":[],"yoast_head":"<!-- This site is optimized with the Yoast SEO plugin v27.4 - https:\/\/yoast.com\/product\/yoast-seo-wordpress\/ -->\n<title>Thin-film deposition for the space industry | HEF<\/title>\n<meta name=\"description\" content=\"HEF offers thin-film deposition for the space industry, including gold deposition on mechanical and ceramic parts.\" \/>\n<meta name=\"robots\" content=\"index, follow, max-snippet:-1, max-image-preview:large, max-video-preview:-1\" \/>\n<link rel=\"canonical\" href=\"https:\/\/hef.group\/en\/defense-aerospace\/civilian-space-sector\/\" \/>\n<meta property=\"og:locale\" content=\"en_US\" \/>\n<meta property=\"og:type\" content=\"article\" \/>\n<meta property=\"og:title\" content=\"Thin-film deposition for the space industry | HEF\" \/>\n<meta property=\"og:description\" content=\"HEF offers thin-film deposition for the space industry, including gold deposition on mechanical and ceramic parts.\" \/>\n<meta property=\"og:url\" content=\"https:\/\/hef.group\/en\/defense-aerospace\/civilian-space-sector\/\" \/>\n<meta property=\"og:site_name\" content=\"HEF\" \/>\n<meta property=\"article:modified_time\" content=\"2024-10-25T08:29:57+00:00\" \/>\n<meta property=\"og:image\" content=\"https:\/\/hef.group\/wp-content\/uploads\/2024\/04\/shutterstock_2300455713.jpg\" \/>\n\t<meta property=\"og:image:width\" content=\"1920\" \/>\n\t<meta property=\"og:image:height\" content=\"1080\" \/>\n\t<meta property=\"og:image:type\" content=\"image\/jpeg\" \/>\n<meta name=\"twitter:card\" content=\"summary_large_image\" \/>\n<meta name=\"twitter:label1\" content=\"Est. reading time\" \/>\n\t<meta name=\"twitter:data1\" content=\"1 minute\" \/>\n<script type=\"application\/ld+json\" class=\"yoast-schema-graph\">{\"@context\":\"https:\\\/\\\/schema.org\",\"@graph\":[{\"@type\":\"WebPage\",\"@id\":\"https:\\\/\\\/hef.group\\\/en\\\/defense-aerospace\\\/civilian-space-sector\\\/\",\"url\":\"https:\\\/\\\/hef.group\\\/en\\\/defense-aerospace\\\/civilian-space-sector\\\/\",\"name\":\"Thin-film deposition for the space industry | HEF\",\"isPartOf\":{\"@id\":\"https:\\\/\\\/hef.group\\\/en\\\/#website\"},\"primaryImageOfPage\":{\"@id\":\"https:\\\/\\\/hef.group\\\/en\\\/defense-aerospace\\\/civilian-space-sector\\\/#primaryimage\"},\"image\":{\"@id\":\"https:\\\/\\\/hef.group\\\/en\\\/defense-aerospace\\\/civilian-space-sector\\\/#primaryimage\"},\"thumbnailUrl\":\"https:\\\/\\\/hef.group\\\/wp-content\\\/uploads\\\/2024\\\/04\\\/shutterstock_2300455713.jpg\",\"datePublished\":\"2024-04-17T13:43:40+00:00\",\"dateModified\":\"2024-10-25T08:29:57+00:00\",\"description\":\"HEF offers thin-film deposition for the space industry, including gold deposition on mechanical and ceramic parts.\",\"breadcrumb\":{\"@id\":\"https:\\\/\\\/hef.group\\\/en\\\/defense-aerospace\\\/civilian-space-sector\\\/#breadcrumb\"},\"inLanguage\":\"en-US\",\"potentialAction\":[{\"@type\":\"ReadAction\",\"target\":[\"https:\\\/\\\/hef.group\\\/en\\\/defense-aerospace\\\/civilian-space-sector\\\/\"]}]},{\"@type\":\"ImageObject\",\"inLanguage\":\"en-US\",\"@id\":\"https:\\\/\\\/hef.group\\\/en\\\/defense-aerospace\\\/civilian-space-sector\\\/#primaryimage\",\"url\":\"https:\\\/\\\/hef.group\\\/wp-content\\\/uploads\\\/2024\\\/04\\\/shutterstock_2300455713.jpg\",\"contentUrl\":\"https:\\\/\\\/hef.group\\\/wp-content\\\/uploads\\\/2024\\\/04\\\/shutterstock_2300455713.jpg\",\"width\":1920,\"height\":1080},{\"@type\":\"BreadcrumbList\",\"@id\":\"https:\\\/\\\/hef.group\\\/en\\\/defense-aerospace\\\/civilian-space-sector\\\/#breadcrumb\",\"itemListElement\":[{\"@type\":\"ListItem\",\"position\":1,\"name\":\"Home\",\"item\":\"https:\\\/\\\/hef.group\\\/en\\\/\"},{\"@type\":\"ListItem\",\"position\":2,\"name\":\"Defense &#038; aerospace\",\"item\":\"https:\\\/\\\/hef.group\\\/en\\\/defense-aerospace\\\/\"},{\"@type\":\"ListItem\",\"position\":3,\"name\":\"Civilian space sector\"}]},{\"@type\":\"WebSite\",\"@id\":\"https:\\\/\\\/hef.group\\\/en\\\/#website\",\"url\":\"https:\\\/\\\/hef.group\\\/en\\\/\",\"name\":\"HEF Groupe\",\"description\":\"Leader Mondial en ing\u00e9n\u00e9rie des mat\u00e9riaux de surfaces\",\"publisher\":{\"@id\":\"https:\\\/\\\/hef.group\\\/en\\\/#organization\"},\"potentialAction\":[{\"@type\":\"SearchAction\",\"target\":{\"@type\":\"EntryPoint\",\"urlTemplate\":\"https:\\\/\\\/hef.group\\\/en\\\/?s={search_term_string}\"},\"query-input\":{\"@type\":\"PropertyValueSpecification\",\"valueRequired\":true,\"valueName\":\"search_term_string\"}}],\"inLanguage\":\"en-US\"},{\"@type\":\"Organization\",\"@id\":\"https:\\\/\\\/hef.group\\\/en\\\/#organization\",\"name\":\"HEF Groupe\",\"url\":\"https:\\\/\\\/hef.group\\\/en\\\/\",\"logo\":{\"@type\":\"ImageObject\",\"inLanguage\":\"en-US\",\"@id\":\"https:\\\/\\\/hef.group\\\/en\\\/#\\\/schema\\\/logo\\\/image\\\/\",\"url\":\"https:\\\/\\\/hef.group\\\/wp-content\\\/uploads\\\/2024\\\/02\\\/logo-hef-1.svg\",\"contentUrl\":\"https:\\\/\\\/hef.group\\\/wp-content\\\/uploads\\\/2024\\\/02\\\/logo-hef-1.svg\",\"width\":250,\"height\":60,\"caption\":\"HEF Groupe\"},\"image\":{\"@id\":\"https:\\\/\\\/hef.group\\\/en\\\/#\\\/schema\\\/logo\\\/image\\\/\"}}]}<\/script>\n<!-- \/ Yoast SEO plugin. -->","yoast_head_json":{"title":"Thin-film deposition for the space industry | HEF","description":"HEF offers thin-film deposition for the space industry, including gold deposition on mechanical and ceramic parts.","robots":{"index":"index","follow":"follow","max-snippet":"max-snippet:-1","max-image-preview":"max-image-preview:large","max-video-preview":"max-video-preview:-1"},"canonical":"https:\/\/hef.group\/en\/defense-aerospace\/civilian-space-sector\/","og_locale":"en_US","og_type":"article","og_title":"Thin-film deposition for the space industry | HEF","og_description":"HEF offers thin-film deposition for the space industry, including gold deposition on mechanical and ceramic parts.","og_url":"https:\/\/hef.group\/en\/defense-aerospace\/civilian-space-sector\/","og_site_name":"HEF","article_modified_time":"2024-10-25T08:29:57+00:00","og_image":[{"width":1920,"height":1080,"url":"https:\/\/hef.group\/wp-content\/uploads\/2024\/04\/shutterstock_2300455713.jpg","type":"image\/jpeg"}],"twitter_card":"summary_large_image","twitter_misc":{"Est. reading time":"1 minute"},"schema":{"@context":"https:\/\/schema.org","@graph":[{"@type":"WebPage","@id":"https:\/\/hef.group\/en\/defense-aerospace\/civilian-space-sector\/","url":"https:\/\/hef.group\/en\/defense-aerospace\/civilian-space-sector\/","name":"Thin-film deposition for the space industry | HEF","isPartOf":{"@id":"https:\/\/hef.group\/en\/#website"},"primaryImageOfPage":{"@id":"https:\/\/hef.group\/en\/defense-aerospace\/civilian-space-sector\/#primaryimage"},"image":{"@id":"https:\/\/hef.group\/en\/defense-aerospace\/civilian-space-sector\/#primaryimage"},"thumbnailUrl":"https:\/\/hef.group\/wp-content\/uploads\/2024\/04\/shutterstock_2300455713.jpg","datePublished":"2024-04-17T13:43:40+00:00","dateModified":"2024-10-25T08:29:57+00:00","description":"HEF offers thin-film deposition for the space industry, including gold deposition on mechanical and ceramic parts.","breadcrumb":{"@id":"https:\/\/hef.group\/en\/defense-aerospace\/civilian-space-sector\/#breadcrumb"},"inLanguage":"en-US","potentialAction":[{"@type":"ReadAction","target":["https:\/\/hef.group\/en\/defense-aerospace\/civilian-space-sector\/"]}]},{"@type":"ImageObject","inLanguage":"en-US","@id":"https:\/\/hef.group\/en\/defense-aerospace\/civilian-space-sector\/#primaryimage","url":"https:\/\/hef.group\/wp-content\/uploads\/2024\/04\/shutterstock_2300455713.jpg","contentUrl":"https:\/\/hef.group\/wp-content\/uploads\/2024\/04\/shutterstock_2300455713.jpg","width":1920,"height":1080},{"@type":"BreadcrumbList","@id":"https:\/\/hef.group\/en\/defense-aerospace\/civilian-space-sector\/#breadcrumb","itemListElement":[{"@type":"ListItem","position":1,"name":"Home","item":"https:\/\/hef.group\/en\/"},{"@type":"ListItem","position":2,"name":"Defense &#038; aerospace","item":"https:\/\/hef.group\/en\/defense-aerospace\/"},{"@type":"ListItem","position":3,"name":"Civilian space sector"}]},{"@type":"WebSite","@id":"https:\/\/hef.group\/en\/#website","url":"https:\/\/hef.group\/en\/","name":"HEF Groupe","description":"Leader Mondial en ing\u00e9n\u00e9rie des mat\u00e9riaux de surfaces","publisher":{"@id":"https:\/\/hef.group\/en\/#organization"},"potentialAction":[{"@type":"SearchAction","target":{"@type":"EntryPoint","urlTemplate":"https:\/\/hef.group\/en\/?s={search_term_string}"},"query-input":{"@type":"PropertyValueSpecification","valueRequired":true,"valueName":"search_term_string"}}],"inLanguage":"en-US"},{"@type":"Organization","@id":"https:\/\/hef.group\/en\/#organization","name":"HEF Groupe","url":"https:\/\/hef.group\/en\/","logo":{"@type":"ImageObject","inLanguage":"en-US","@id":"https:\/\/hef.group\/en\/#\/schema\/logo\/image\/","url":"https:\/\/hef.group\/wp-content\/uploads\/2024\/02\/logo-hef-1.svg","contentUrl":"https:\/\/hef.group\/wp-content\/uploads\/2024\/02\/logo-hef-1.svg","width":250,"height":60,"caption":"HEF Groupe"},"image":{"@id":"https:\/\/hef.group\/en\/#\/schema\/logo\/image\/"}}]}},"_links":{"self":[{"href":"https:\/\/hef.group\/en\/wp-json\/wp\/v2\/pages\/9249","targetHints":{"allow":["GET"]}}],"collection":[{"href":"https:\/\/hef.group\/en\/wp-json\/wp\/v2\/pages"}],"about":[{"href":"https:\/\/hef.group\/en\/wp-json\/wp\/v2\/types\/page"}],"author":[{"embeddable":true,"href":"https:\/\/hef.group\/en\/wp-json\/wp\/v2\/users\/1"}],"replies":[{"embeddable":true,"href":"https:\/\/hef.group\/en\/wp-json\/wp\/v2\/comments?post=9249"}],"version-history":[{"count":3,"href":"https:\/\/hef.group\/en\/wp-json\/wp\/v2\/pages\/9249\/revisions"}],"predecessor-version":[{"id":10148,"href":"https:\/\/hef.group\/en\/wp-json\/wp\/v2\/pages\/9249\/revisions\/10148"}],"up":[{"embeddable":true,"href":"https:\/\/hef.group\/en\/wp-json\/wp\/v2\/pages\/10127"}],"wp:featuredmedia":[{"embeddable":true,"href":"https:\/\/hef.group\/en\/wp-json\/wp\/v2\/media\/9250"}],"wp:attachment":[{"href":"https:\/\/hef.group\/en\/wp-json\/wp\/v2\/media?parent=9249"}],"curies":[{"name":"wp","href":"https:\/\/api.w.org\/{rel}","templated":true}]}}