{"id":9255,"date":"2023-11-27T14:20:57","date_gmt":"2023-11-27T13:20:57","guid":{"rendered":"https:\/\/hef.group\/commercial-vehicles-heavy-goods-vehicles\/"},"modified":"2024-10-25T11:37:07","modified_gmt":"2024-10-25T09:37:07","slug":"commercial-vehicles-heavy-goods-vehicles","status":"publish","type":"page","link":"https:\/\/hef.group\/en\/our-solutions-by-market\/surface-treatments-for-mobility\/commercial-vehicles-heavy-goods-vehicles\/","title":{"rendered":"Commercial vehicles \/ Heavy-goods vehicles: Surface technology for components"},"content":{"rendered":"<section class=\"axblock-gallery white-bg\">\n    <div class=\"ax-gallery\">\n        <div class=\"container ax-gallery-container content-left \" style=\"--heightBlock : 300px\">\n            <div class=\"ax-gallery-content\" style=\"--numberColumns: 2\">\n                                                    <div class=\"text-content\">\n                        <p><span data-contrast=\"auto\">The road transport sector must also transform itself to meet environmental and climate challenges. HEF\u2019s technologies, including surface technology for components, enable this industry to respond today to a range of issues, such as reducing particulate emissions from braking systems, and also position itself to meet the challenges of tomorrow, thanks in particular to hydrogen technologies.<\/span><span data-ccp-props=\"{&quot;201341983&quot;:0,&quot;335559739&quot;:0,&quot;335559740&quot;:279}\">\u00a0<\/span><\/p>\n<p><span data-contrast=\"auto\">\u00a0<\/span><span data-ccp-props=\"{&quot;201341983&quot;:0,&quot;335559739&quot;:0,&quot;335559740&quot;:279}\">\u00a0<\/span><\/p>\n<p><span data-contrast=\"auto\">Thanks to our experience with <\/span><b><span data-contrast=\"auto\">PVD<\/span><\/b><span data-contrast=\"auto\"> technology, HEF develops <\/span><b><span data-contrast=\"auto\">unique and resistant carbon coatings for metal bipolar plates<\/span><\/b><span data-contrast=\"auto\">, one of the main components of proton exchange membrane fuel cells (PEMFC). Bipolar plates are essential components of fuel cells. Their role is to provide structural support, distribute flows, and guarantee electrical conductivity.<\/span><span data-ccp-props=\"{&quot;201341983&quot;:0,&quot;335559739&quot;:0,&quot;335559740&quot;:279}\">\u00a0<\/span><\/p>\n<p><span data-contrast=\"auto\">\u00a0<\/span><span data-ccp-props=\"{&quot;201341983&quot;:0,&quot;335559739&quot;:0,&quot;335559740&quot;:279}\">\u00a0<\/span><\/p>\n<p><span data-contrast=\"auto\">Metal bipolar plates are preferred over their graphite counterparts because they make systems lighter and more compact. <\/span><b><span data-contrast=\"auto\">CERTESS ELEC FC and CERTESS ELEC FC + are patented by HEF.<\/span><\/b><span data-ccp-props=\"{&quot;201341983&quot;:0,&quot;335559739&quot;:0,&quot;335559740&quot;:279}\">\u00a0<\/span><\/p>\n<p><span data-contrast=\"auto\">\u00a0<\/span><span data-ccp-props=\"{&quot;201341983&quot;:0,&quot;335559739&quot;:0,&quot;335559740&quot;:279}\">\u00a0<\/span><\/p>\n<p><b><span data-contrast=\"auto\">CLIN\u2122 technologies <\/span><\/b><span data-contrast=\"auto\">are used in the combustion engines of heavy goods vehicles to improve the durability and tribological properties of various components such as:<\/span><span data-ccp-props=\"{&quot;201341983&quot;:0,&quot;335559739&quot;:0,&quot;335559740&quot;:279}\">\u00a0<\/span><\/p>\n<ul>\n<li data-leveltext=\"\uf0b7\" data-font=\"Symbol\" data-listid=\"2\" data-list-defn-props=\"{&quot;335552541&quot;:1,&quot;335559685&quot;:720,&quot;335559991&quot;:360,&quot;469769226&quot;:&quot;Symbol&quot;,&quot;469769242&quot;:[8226],&quot;469777803&quot;:&quot;left&quot;,&quot;469777804&quot;:&quot;\uf0b7&quot;,&quot;469777815&quot;:&quot;hybridMultilevel&quot;}\" aria-setsize=\"-1\" data-aria-posinset=\"1\" data-aria-level=\"1\"><b><span data-contrast=\"none\">valves;<\/span><\/b><span data-ccp-props=\"{&quot;201341983&quot;:0,&quot;335559739&quot;:0,&quot;335559740&quot;:279}\">\u00a0<\/span><\/li>\n<\/ul>\n<ul>\n<li data-leveltext=\"\uf0b7\" data-font=\"Symbol\" data-listid=\"2\" data-list-defn-props=\"{&quot;335552541&quot;:1,&quot;335559685&quot;:720,&quot;335559991&quot;:360,&quot;469769226&quot;:&quot;Symbol&quot;,&quot;469769242&quot;:[8226],&quot;469777803&quot;:&quot;left&quot;,&quot;469777804&quot;:&quot;\uf0b7&quot;,&quot;469777815&quot;:&quot;hybridMultilevel&quot;}\" aria-setsize=\"-1\" data-aria-posinset=\"2\" data-aria-level=\"1\"><b><span data-contrast=\"none\">rocker arms and their shafts; or even<\/span><\/b><span data-ccp-props=\"{&quot;201341983&quot;:0,&quot;335559739&quot;:0,&quot;335559740&quot;:279}\">\u00a0<\/span><\/li>\n<\/ul>\n<ul>\n<li data-leveltext=\"\uf0b7\" data-font=\"Symbol\" data-listid=\"2\" data-list-defn-props=\"{&quot;335552541&quot;:1,&quot;335559685&quot;:720,&quot;335559991&quot;:360,&quot;469769226&quot;:&quot;Symbol&quot;,&quot;469769242&quot;:[8226],&quot;469777803&quot;:&quot;left&quot;,&quot;469777804&quot;:&quot;\uf0b7&quot;,&quot;469777815&quot;:&quot;hybridMultilevel&quot;}\" aria-setsize=\"-1\" data-aria-posinset=\"3\" data-aria-level=\"1\"><b><span data-contrast=\"none\">piston liners<\/span><\/b><span data-contrast=\"none\">.<\/span><span data-ccp-props=\"{&quot;201341983&quot;:0,&quot;335559739&quot;:0,&quot;335559740&quot;:279}\">\u00a0<\/span><\/li>\n<\/ul>\n<p><span data-contrast=\"auto\">\u00a0<\/span><span data-ccp-props=\"{&quot;201341983&quot;:0,&quot;335559739&quot;:0,&quot;335559740&quot;:279}\">\u00a0<\/span><\/p>\n<p><span data-contrast=\"auto\">Our CLIN\u2122 technologies are also used on:<\/span><span data-ccp-props=\"{&quot;201341983&quot;:0,&quot;335559739&quot;:0,&quot;335559740&quot;:279}\">\u00a0<\/span><\/p>\n<ul>\n<li data-leveltext=\"\uf0b7\" data-font=\"Symbol\" data-listid=\"2\" data-list-defn-props=\"{&quot;335552541&quot;:1,&quot;335559685&quot;:720,&quot;335559991&quot;:360,&quot;469769226&quot;:&quot;Symbol&quot;,&quot;469769242&quot;:[8226],&quot;469777803&quot;:&quot;left&quot;,&quot;469777804&quot;:&quot;\uf0b7&quot;,&quot;469777815&quot;:&quot;hybridMultilevel&quot;}\" aria-setsize=\"-1\" data-aria-posinset=\"4\" data-aria-level=\"1\"><span data-contrast=\"none\">braking systems to improve resistance to wear and fatigue, as with <\/span><i><span data-contrast=\"none\">slack adjusters; and<\/span><\/i><span data-contrast=\"none\">;<\/span><span data-ccp-props=\"{&quot;201341983&quot;:0,&quot;335559739&quot;:0,&quot;335559740&quot;:279}\">\u00a0<\/span><\/li>\n<\/ul>\n<ul>\n<li data-leveltext=\"\uf0b7\" data-font=\"Symbol\" data-listid=\"2\" data-list-defn-props=\"{&quot;335552541&quot;:1,&quot;335559685&quot;:720,&quot;335559991&quot;:360,&quot;469769226&quot;:&quot;Symbol&quot;,&quot;469769242&quot;:[8226],&quot;469777803&quot;:&quot;left&quot;,&quot;469777804&quot;:&quot;\uf0b7&quot;,&quot;469777815&quot;:&quot;hybridMultilevel&quot;}\" aria-setsize=\"-1\" data-aria-posinset=\"5\" data-aria-level=\"1\"><span data-contrast=\"none\"> suspension systems where they can <\/span><b><span data-contrast=\"none\">replace hard chrome<\/span><\/b><span data-contrast=\"none\"> on shock absorber rods.<\/span><span data-ccp-props=\"{&quot;201341983&quot;:0,&quot;335559739&quot;:0,&quot;335559740&quot;:279}\">\u00a0<\/span><\/li>\n<\/ul>\n                    <\/div>\n                                                    <div class=\"btn-gallery\">\n                                                    <a class=\"btn btn-gradient-second btn-block-gallery\"\n                               href=\"https:\/\/hef.group\/en\/contact\/\"\n                                 target=\"\"\n                               >Contact our experts<\/a>\n                                                                    <\/div>\n                            <\/div>\n\n            <div class=\"ax-gallery-medias-container\">\n                                        <div class=\"gallery-item\"><img decoding=\"async\" width=\"768\" height=\"513\" src=\"https:\/\/hef.group\/wp-content\/uploads\/2023\/11\/pexels-quintin-gellar-2199293-768x513.jpg\" class=\"attachment-medium_large size-medium_large\" alt=\"\" srcset=\"https:\/\/hef.group\/wp-content\/uploads\/2023\/11\/pexels-quintin-gellar-2199293-768x513.jpg 768w, https:\/\/hef.group\/wp-content\/uploads\/2023\/11\/pexels-quintin-gellar-2199293-300x200.jpg 300w, https:\/\/hef.group\/wp-content\/uploads\/2023\/11\/pexels-quintin-gellar-2199293-1024x684.jpg 1024w, https:\/\/hef.group\/wp-content\/uploads\/2023\/11\/pexels-quintin-gellar-2199293-1536x1025.jpg 1536w, https:\/\/hef.group\/wp-content\/uploads\/2023\/11\/pexels-quintin-gellar-2199293-2048x1367.jpg 2048w\" sizes=\"(max-width: 768px) 100vw, 768px\" \/><\/div><div class=\"gallery-item\"><img decoding=\"async\" width=\"768\" height=\"512\" src=\"https:\/\/hef.group\/wp-content\/uploads\/2024\/07\/shutterstock_2220256213-768x512.jpg\" class=\"attachment-medium_large size-medium_large\" alt=\"\" srcset=\"https:\/\/hef.group\/wp-content\/uploads\/2024\/07\/shutterstock_2220256213-768x512.jpg 768w, https:\/\/hef.group\/wp-content\/uploads\/2024\/07\/shutterstock_2220256213-300x200.jpg 300w, https:\/\/hef.group\/wp-content\/uploads\/2024\/07\/shutterstock_2220256213-1024x683.jpg 1024w, https:\/\/hef.group\/wp-content\/uploads\/2024\/07\/shutterstock_2220256213-1536x1025.jpg 1536w, https:\/\/hef.group\/wp-content\/uploads\/2024\/07\/shutterstock_2220256213.jpg 1920w\" sizes=\"(max-width: 768px) 100vw, 768px\" \/><\/div>                            <\/div>\n        <\/div>\n    <\/div>\n<\/section>\n","protected":false},"excerpt":{"rendered":"","protected":false},"author":1,"featured_media":9257,"parent":10301,"menu_order":0,"comment_status":"closed","ping_status":"closed","template":"","meta":{"_acf_changed":false,"inline_featured_image":false,"footnotes":""},"class_list":["post-9255","page","type-page","status-publish","has-post-thumbnail","hentry"],"acf":[],"yoast_head":"<!-- This site is optimized with the Yoast SEO plugin v27.2 - https:\/\/yoast.com\/product\/yoast-seo-wordpress\/ -->\n<title>Surface technology for components of heavy-goods vehicles | HEF<\/title>\n<meta name=\"description\" content=\"Surface technology for components and treatments for heavy-goods vehicles help reduce particulate emissions and improve component durability.\" \/>\n<meta name=\"robots\" content=\"index, follow, max-snippet:-1, max-image-preview:large, max-video-preview:-1\" \/>\n<link rel=\"canonical\" href=\"https:\/\/hef.group\/en\/our-solutions-by-market\/surface-treatments-for-mobility\/commercial-vehicles-heavy-goods-vehicles\/\" \/>\n<meta property=\"og:locale\" content=\"en_US\" \/>\n<meta property=\"og:type\" content=\"article\" \/>\n<meta property=\"og:title\" content=\"Surface technology for components of heavy-goods vehicles | HEF\" \/>\n<meta property=\"og:description\" content=\"Surface technology for components and treatments for heavy-goods vehicles help reduce particulate emissions and improve component durability.\" \/>\n<meta property=\"og:url\" content=\"https:\/\/hef.group\/en\/our-solutions-by-market\/surface-treatments-for-mobility\/commercial-vehicles-heavy-goods-vehicles\/\" \/>\n<meta property=\"og:site_name\" content=\"HEF\" \/>\n<meta property=\"article:modified_time\" content=\"2024-10-25T09:37:07+00:00\" \/>\n<meta property=\"og:image\" content=\"https:\/\/hef.group\/wp-content\/uploads\/2023\/11\/pexels-quintin-gellar-2199293-scaled.jpg\" \/>\n\t<meta property=\"og:image:width\" content=\"2560\" \/>\n\t<meta property=\"og:image:height\" content=\"1709\" \/>\n\t<meta property=\"og:image:type\" content=\"image\/jpeg\" \/>\n<meta name=\"twitter:card\" content=\"summary_large_image\" \/>\n<meta name=\"twitter:label1\" content=\"Est. reading time\" \/>\n\t<meta name=\"twitter:data1\" content=\"1 minute\" \/>\n<script type=\"application\/ld+json\" class=\"yoast-schema-graph\">{\"@context\":\"https:\/\/schema.org\",\"@graph\":[{\"@type\":\"WebPage\",\"@id\":\"https:\/\/hef.group\/en\/our-solutions-by-market\/surface-treatments-for-mobility\/commercial-vehicles-heavy-goods-vehicles\/\",\"url\":\"https:\/\/hef.group\/en\/our-solutions-by-market\/surface-treatments-for-mobility\/commercial-vehicles-heavy-goods-vehicles\/\",\"name\":\"Surface technology for components of heavy-goods vehicles | HEF\",\"isPartOf\":{\"@id\":\"https:\/\/hef.group\/en\/#website\"},\"primaryImageOfPage\":{\"@id\":\"https:\/\/hef.group\/en\/our-solutions-by-market\/surface-treatments-for-mobility\/commercial-vehicles-heavy-goods-vehicles\/#primaryimage\"},\"image\":{\"@id\":\"https:\/\/hef.group\/en\/our-solutions-by-market\/surface-treatments-for-mobility\/commercial-vehicles-heavy-goods-vehicles\/#primaryimage\"},\"thumbnailUrl\":\"https:\/\/hef.group\/wp-content\/uploads\/2023\/11\/pexels-quintin-gellar-2199293-scaled.jpg\",\"datePublished\":\"2023-11-27T13:20:57+00:00\",\"dateModified\":\"2024-10-25T09:37:07+00:00\",\"description\":\"Surface technology for components and treatments for heavy-goods vehicles help reduce particulate emissions and improve component durability.\",\"breadcrumb\":{\"@id\":\"https:\/\/hef.group\/en\/our-solutions-by-market\/surface-treatments-for-mobility\/commercial-vehicles-heavy-goods-vehicles\/#breadcrumb\"},\"inLanguage\":\"en-US\",\"potentialAction\":[{\"@type\":\"ReadAction\",\"target\":[\"https:\/\/hef.group\/en\/our-solutions-by-market\/surface-treatments-for-mobility\/commercial-vehicles-heavy-goods-vehicles\/\"]}]},{\"@type\":\"ImageObject\",\"inLanguage\":\"en-US\",\"@id\":\"https:\/\/hef.group\/en\/our-solutions-by-market\/surface-treatments-for-mobility\/commercial-vehicles-heavy-goods-vehicles\/#primaryimage\",\"url\":\"https:\/\/hef.group\/wp-content\/uploads\/2023\/11\/pexels-quintin-gellar-2199293-scaled.jpg\",\"contentUrl\":\"https:\/\/hef.group\/wp-content\/uploads\/2023\/11\/pexels-quintin-gellar-2199293-scaled.jpg\",\"width\":2560,\"height\":1709},{\"@type\":\"BreadcrumbList\",\"@id\":\"https:\/\/hef.group\/en\/our-solutions-by-market\/surface-treatments-for-mobility\/commercial-vehicles-heavy-goods-vehicles\/#breadcrumb\",\"itemListElement\":[{\"@type\":\"ListItem\",\"position\":1,\"name\":\"Home\",\"item\":\"https:\/\/hef.group\/en\/\"},{\"@type\":\"ListItem\",\"position\":2,\"name\":\"Our solutions by market\",\"item\":\"https:\/\/hef.group\/en\/our-solutions-by-market\/\"},{\"@type\":\"ListItem\",\"position\":3,\"name\":\"Surface treatments for mobility\",\"item\":\"https:\/\/hef.group\/en\/our-solutions-by-market\/surface-treatments-for-mobility\/\"},{\"@type\":\"ListItem\",\"position\":4,\"name\":\"Commercial vehicles \/ Heavy-goods vehicles: Surface technology for components\"}]},{\"@type\":\"WebSite\",\"@id\":\"https:\/\/hef.group\/en\/#website\",\"url\":\"https:\/\/hef.group\/en\/\",\"name\":\"HEF Groupe\",\"description\":\"Leader Mondial en ing\u00e9n\u00e9rie des mat\u00e9riaux de surfaces\",\"publisher\":{\"@id\":\"https:\/\/hef.group\/en\/#organization\"},\"potentialAction\":[{\"@type\":\"SearchAction\",\"target\":{\"@type\":\"EntryPoint\",\"urlTemplate\":\"https:\/\/hef.group\/en\/?s={search_term_string}\"},\"query-input\":{\"@type\":\"PropertyValueSpecification\",\"valueRequired\":true,\"valueName\":\"search_term_string\"}}],\"inLanguage\":\"en-US\"},{\"@type\":\"Organization\",\"@id\":\"https:\/\/hef.group\/en\/#organization\",\"name\":\"HEF Groupe\",\"url\":\"https:\/\/hef.group\/en\/\",\"logo\":{\"@type\":\"ImageObject\",\"inLanguage\":\"en-US\",\"@id\":\"https:\/\/hef.group\/en\/#\/schema\/logo\/image\/\",\"url\":\"https:\/\/hef.group\/wp-content\/uploads\/2024\/02\/logo-hef-1.svg\",\"contentUrl\":\"https:\/\/hef.group\/wp-content\/uploads\/2024\/02\/logo-hef-1.svg\",\"width\":250,\"height\":60,\"caption\":\"HEF Groupe\"},\"image\":{\"@id\":\"https:\/\/hef.group\/en\/#\/schema\/logo\/image\/\"}}]}<\/script>\n<!-- \/ Yoast SEO plugin. -->","yoast_head_json":{"title":"Surface technology for components of heavy-goods vehicles | HEF","description":"Surface technology for components and treatments for heavy-goods vehicles help reduce particulate emissions and improve component durability.","robots":{"index":"index","follow":"follow","max-snippet":"max-snippet:-1","max-image-preview":"max-image-preview:large","max-video-preview":"max-video-preview:-1"},"canonical":"https:\/\/hef.group\/en\/our-solutions-by-market\/surface-treatments-for-mobility\/commercial-vehicles-heavy-goods-vehicles\/","og_locale":"en_US","og_type":"article","og_title":"Surface technology for components of heavy-goods vehicles | HEF","og_description":"Surface technology for components and treatments for heavy-goods vehicles help reduce particulate emissions and improve component durability.","og_url":"https:\/\/hef.group\/en\/our-solutions-by-market\/surface-treatments-for-mobility\/commercial-vehicles-heavy-goods-vehicles\/","og_site_name":"HEF","article_modified_time":"2024-10-25T09:37:07+00:00","og_image":[{"width":2560,"height":1709,"url":"https:\/\/hef.group\/wp-content\/uploads\/2023\/11\/pexels-quintin-gellar-2199293-scaled.jpg","type":"image\/jpeg"}],"twitter_card":"summary_large_image","twitter_misc":{"Est. reading time":"1 minute"},"schema":{"@context":"https:\/\/schema.org","@graph":[{"@type":"WebPage","@id":"https:\/\/hef.group\/en\/our-solutions-by-market\/surface-treatments-for-mobility\/commercial-vehicles-heavy-goods-vehicles\/","url":"https:\/\/hef.group\/en\/our-solutions-by-market\/surface-treatments-for-mobility\/commercial-vehicles-heavy-goods-vehicles\/","name":"Surface technology for components of heavy-goods vehicles | HEF","isPartOf":{"@id":"https:\/\/hef.group\/en\/#website"},"primaryImageOfPage":{"@id":"https:\/\/hef.group\/en\/our-solutions-by-market\/surface-treatments-for-mobility\/commercial-vehicles-heavy-goods-vehicles\/#primaryimage"},"image":{"@id":"https:\/\/hef.group\/en\/our-solutions-by-market\/surface-treatments-for-mobility\/commercial-vehicles-heavy-goods-vehicles\/#primaryimage"},"thumbnailUrl":"https:\/\/hef.group\/wp-content\/uploads\/2023\/11\/pexels-quintin-gellar-2199293-scaled.jpg","datePublished":"2023-11-27T13:20:57+00:00","dateModified":"2024-10-25T09:37:07+00:00","description":"Surface technology for components and treatments for heavy-goods vehicles help reduce particulate emissions and improve component durability.","breadcrumb":{"@id":"https:\/\/hef.group\/en\/our-solutions-by-market\/surface-treatments-for-mobility\/commercial-vehicles-heavy-goods-vehicles\/#breadcrumb"},"inLanguage":"en-US","potentialAction":[{"@type":"ReadAction","target":["https:\/\/hef.group\/en\/our-solutions-by-market\/surface-treatments-for-mobility\/commercial-vehicles-heavy-goods-vehicles\/"]}]},{"@type":"ImageObject","inLanguage":"en-US","@id":"https:\/\/hef.group\/en\/our-solutions-by-market\/surface-treatments-for-mobility\/commercial-vehicles-heavy-goods-vehicles\/#primaryimage","url":"https:\/\/hef.group\/wp-content\/uploads\/2023\/11\/pexels-quintin-gellar-2199293-scaled.jpg","contentUrl":"https:\/\/hef.group\/wp-content\/uploads\/2023\/11\/pexels-quintin-gellar-2199293-scaled.jpg","width":2560,"height":1709},{"@type":"BreadcrumbList","@id":"https:\/\/hef.group\/en\/our-solutions-by-market\/surface-treatments-for-mobility\/commercial-vehicles-heavy-goods-vehicles\/#breadcrumb","itemListElement":[{"@type":"ListItem","position":1,"name":"Home","item":"https:\/\/hef.group\/en\/"},{"@type":"ListItem","position":2,"name":"Our solutions by market","item":"https:\/\/hef.group\/en\/our-solutions-by-market\/"},{"@type":"ListItem","position":3,"name":"Surface treatments for mobility","item":"https:\/\/hef.group\/en\/our-solutions-by-market\/surface-treatments-for-mobility\/"},{"@type":"ListItem","position":4,"name":"Commercial vehicles \/ Heavy-goods vehicles: Surface technology for components"}]},{"@type":"WebSite","@id":"https:\/\/hef.group\/en\/#website","url":"https:\/\/hef.group\/en\/","name":"HEF Groupe","description":"Leader Mondial en ing\u00e9n\u00e9rie des mat\u00e9riaux de surfaces","publisher":{"@id":"https:\/\/hef.group\/en\/#organization"},"potentialAction":[{"@type":"SearchAction","target":{"@type":"EntryPoint","urlTemplate":"https:\/\/hef.group\/en\/?s={search_term_string}"},"query-input":{"@type":"PropertyValueSpecification","valueRequired":true,"valueName":"search_term_string"}}],"inLanguage":"en-US"},{"@type":"Organization","@id":"https:\/\/hef.group\/en\/#organization","name":"HEF Groupe","url":"https:\/\/hef.group\/en\/","logo":{"@type":"ImageObject","inLanguage":"en-US","@id":"https:\/\/hef.group\/en\/#\/schema\/logo\/image\/","url":"https:\/\/hef.group\/wp-content\/uploads\/2024\/02\/logo-hef-1.svg","contentUrl":"https:\/\/hef.group\/wp-content\/uploads\/2024\/02\/logo-hef-1.svg","width":250,"height":60,"caption":"HEF Groupe"},"image":{"@id":"https:\/\/hef.group\/en\/#\/schema\/logo\/image\/"}}]}},"_links":{"self":[{"href":"https:\/\/hef.group\/en\/wp-json\/wp\/v2\/pages\/9255","targetHints":{"allow":["GET"]}}],"collection":[{"href":"https:\/\/hef.group\/en\/wp-json\/wp\/v2\/pages"}],"about":[{"href":"https:\/\/hef.group\/en\/wp-json\/wp\/v2\/types\/page"}],"author":[{"embeddable":true,"href":"https:\/\/hef.group\/en\/wp-json\/wp\/v2\/users\/1"}],"replies":[{"embeddable":true,"href":"https:\/\/hef.group\/en\/wp-json\/wp\/v2\/comments?post=9255"}],"version-history":[{"count":4,"href":"https:\/\/hef.group\/en\/wp-json\/wp\/v2\/pages\/9255\/revisions"}],"predecessor-version":[{"id":10340,"href":"https:\/\/hef.group\/en\/wp-json\/wp\/v2\/pages\/9255\/revisions\/10340"}],"up":[{"embeddable":true,"href":"https:\/\/hef.group\/en\/wp-json\/wp\/v2\/pages\/10301"}],"wp:featuredmedia":[{"embeddable":true,"href":"https:\/\/hef.group\/en\/wp-json\/wp\/v2\/media\/9257"}],"wp:attachment":[{"href":"https:\/\/hef.group\/en\/wp-json\/wp\/v2\/media?parent=9255"}],"curies":[{"name":"wp","href":"https:\/\/api.w.org\/{rel}","templated":true}]}}