{"id":9262,"date":"2023-11-27T14:21:36","date_gmt":"2023-11-27T13:21:36","guid":{"rendered":"https:\/\/hef.group\/racing-vehicles\/"},"modified":"2024-11-05T14:11:20","modified_gmt":"2024-11-05T13:11:20","slug":"racing-vehicles","status":"publish","type":"page","link":"https:\/\/hef.group\/en\/our-solutions-by-market\/surface-treatments-for-mobility\/racing-vehicles\/","title":{"rendered":"Racing vehicles: Formula 1 PVD coating"},"content":{"rendered":"<section class=\"axblock-gallery white-bg\">\n    <div class=\"ax-gallery\">\n        <div class=\"container ax-gallery-container content-left \" style=\"--heightBlock : 300px\">\n            <div class=\"ax-gallery-content\" style=\"--numberColumns: 2\">\n                                                    <div class=\"text-content\">\n                        <p>In motorsport, <strong>Formula\u00a01<\/strong> is considered one of the most prestigious and technologically advanced forms of racing. Formula\u00a01 teams have invested significant resources towards the <strong>use of PVD-PECVD coatings<\/strong>.<\/p>\n<p>&nbsp;<\/p>\n<p>Formula 1 PVD coating is used by F1 teams for a variety of applications:<\/p>\n<ul>\n<li><strong>Timing system<\/strong><\/li>\n<li><strong>Brake disks<\/strong><\/li>\n<li><strong>Spur gears<\/strong><\/li>\n<li><strong>Moving parts<\/strong><\/li>\n<\/ul>\n<p>&nbsp;<\/p>\n<p>These coatings offer a number of advantages:<\/p>\n<ul>\n<li>Improved wear resistance<\/li>\n<li>Greater durability<\/li>\n<li>Reduced friction between moving parts<\/li>\n<\/ul>\n<p>&nbsp;<\/p>\n<p>In Formula\u00a01, where every millisecond counts, PVD-PECVD helps optimize the performance of <strong>engines<\/strong>, <strong>gearboxes<\/strong>, and other essential racecar components. With Formula\u00a01 PVD coating, F1 teams can increase vehicle <strong>efficiency<\/strong>, <strong>reliability<\/strong>, and <strong>speed<\/strong> \u2013 and this can make all the difference for races.<\/p>\n<p>&nbsp;<\/p>\n<p>Formula\u00a01 teams also use PVD\/PECVD coatings on car <strong> bodies<\/strong>. These coatings create different varieties of finishes on the car body, such as <strong>gloss, matt or metallic finishes<\/strong>. The coatings can also create a <strong>range of different colors and patterns<\/strong>, giving the car a unique look.<\/p>\n                    <\/div>\n                                                    <div class=\"btn-gallery\">\n                                                    <a class=\"btn btn-gradient-second btn-block-gallery\"\n                               href=\"https:\/\/hef.group\/en\/contact\/\"\n                                 target=\"\"\n                               >Contact our experts<\/a>\n                                                                            <a class=\"btn btn-gradient-second btn-block-gallery\"\n                               href=\"https:\/\/hef.group\/wp-content\/uploads\/2024\/10\/CERTESS\u00ae-CARBON.pdf\"\n                                target=\"_blank\"\n                               >Download our brochure<\/a>\n                                            <\/div>\n                            <\/div>\n\n            <div class=\"ax-gallery-medias-container\">\n                                        <div class=\"gallery-item\"><img decoding=\"async\" width=\"768\" height=\"512\" src=\"https:\/\/hef.group\/wp-content\/uploads\/2024\/06\/shutterstock_2458049567-768x512.jpg\" class=\"attachment-medium_large size-medium_large\" alt=\"\" srcset=\"https:\/\/hef.group\/wp-content\/uploads\/2024\/06\/shutterstock_2458049567-768x512.jpg 768w, https:\/\/hef.group\/wp-content\/uploads\/2024\/06\/shutterstock_2458049567-300x200.jpg 300w, https:\/\/hef.group\/wp-content\/uploads\/2024\/06\/shutterstock_2458049567-1024x682.jpg 1024w, https:\/\/hef.group\/wp-content\/uploads\/2024\/06\/shutterstock_2458049567-1536x1023.jpg 1536w, https:\/\/hef.group\/wp-content\/uploads\/2024\/06\/shutterstock_2458049567.jpg 1920w\" sizes=\"(max-width: 768px) 100vw, 768px\" \/><\/div><div class=\"gallery-item\"><img decoding=\"async\" width=\"768\" height=\"512\" src=\"https:\/\/hef.group\/wp-content\/uploads\/2024\/06\/shutterstock_2429848413-768x512.jpg\" class=\"attachment-medium_large size-medium_large\" alt=\"\" srcset=\"https:\/\/hef.group\/wp-content\/uploads\/2024\/06\/shutterstock_2429848413-768x512.jpg 768w, https:\/\/hef.group\/wp-content\/uploads\/2024\/06\/shutterstock_2429848413-300x200.jpg 300w, https:\/\/hef.group\/wp-content\/uploads\/2024\/06\/shutterstock_2429848413-1024x683.jpg 1024w, https:\/\/hef.group\/wp-content\/uploads\/2024\/06\/shutterstock_2429848413-1536x1024.jpg 1536w, https:\/\/hef.group\/wp-content\/uploads\/2024\/06\/shutterstock_2429848413.jpg 1920w\" sizes=\"(max-width: 768px) 100vw, 768px\" \/><\/div>                            <\/div>\n        <\/div>\n    <\/div>\n<\/section>\n","protected":false},"excerpt":{"rendered":"","protected":false},"author":1,"featured_media":9263,"parent":10301,"menu_order":0,"comment_status":"closed","ping_status":"closed","template":"","meta":{"_acf_changed":false,"inline_featured_image":false,"footnotes":""},"class_list":["post-9262","page","type-page","status-publish","has-post-thumbnail","hentry"],"acf":[],"yoast_head":"<!-- This site is optimized with the Yoast SEO plugin v27.4 - https:\/\/yoast.com\/product\/yoast-seo-wordpress\/ -->\n<title>Formula 1 PVD coating: Performance and durability | HEF<\/title>\n<meta name=\"description\" content=\"Discover the impact of HEF\u2019s PVD-PECVD coatings on the performance and durability of Formula 1 vehicles.\" \/>\n<meta name=\"robots\" content=\"index, follow, max-snippet:-1, max-image-preview:large, max-video-preview:-1\" \/>\n<link rel=\"canonical\" href=\"https:\/\/hef.group\/en\/our-solutions-by-market\/surface-treatments-for-mobility\/racing-vehicles\/\" \/>\n<meta property=\"og:locale\" content=\"en_US\" \/>\n<meta property=\"og:type\" content=\"article\" \/>\n<meta property=\"og:title\" content=\"Formula 1 PVD coating: Performance and durability | HEF\" \/>\n<meta property=\"og:description\" content=\"Discover the impact of HEF\u2019s PVD-PECVD coatings on the performance and durability of Formula 1 vehicles.\" \/>\n<meta property=\"og:url\" content=\"https:\/\/hef.group\/en\/our-solutions-by-market\/surface-treatments-for-mobility\/racing-vehicles\/\" \/>\n<meta property=\"og:site_name\" content=\"HEF\" \/>\n<meta property=\"article:modified_time\" content=\"2024-11-05T13:11:20+00:00\" \/>\n<meta property=\"og:image\" content=\"https:\/\/hef.group\/wp-content\/uploads\/2023\/11\/pexels-chris-peeters-12795-scaled.jpg\" \/>\n\t<meta property=\"og:image:width\" content=\"2560\" \/>\n\t<meta property=\"og:image:height\" content=\"1546\" \/>\n\t<meta property=\"og:image:type\" content=\"image\/jpeg\" \/>\n<meta name=\"twitter:card\" content=\"summary_large_image\" \/>\n<meta name=\"twitter:label1\" content=\"Est. reading time\" \/>\n\t<meta name=\"twitter:data1\" content=\"1 minute\" \/>\n<script type=\"application\/ld+json\" class=\"yoast-schema-graph\">{\"@context\":\"https:\\\/\\\/schema.org\",\"@graph\":[{\"@type\":\"WebPage\",\"@id\":\"https:\\\/\\\/hef.group\\\/en\\\/our-solutions-by-market\\\/surface-treatments-for-mobility\\\/racing-vehicles\\\/\",\"url\":\"https:\\\/\\\/hef.group\\\/en\\\/our-solutions-by-market\\\/surface-treatments-for-mobility\\\/racing-vehicles\\\/\",\"name\":\"Formula 1 PVD coating: Performance and durability | HEF\",\"isPartOf\":{\"@id\":\"https:\\\/\\\/hef.group\\\/en\\\/#website\"},\"primaryImageOfPage\":{\"@id\":\"https:\\\/\\\/hef.group\\\/en\\\/our-solutions-by-market\\\/surface-treatments-for-mobility\\\/racing-vehicles\\\/#primaryimage\"},\"image\":{\"@id\":\"https:\\\/\\\/hef.group\\\/en\\\/our-solutions-by-market\\\/surface-treatments-for-mobility\\\/racing-vehicles\\\/#primaryimage\"},\"thumbnailUrl\":\"https:\\\/\\\/hef.group\\\/wp-content\\\/uploads\\\/2023\\\/11\\\/pexels-chris-peeters-12795-scaled.jpg\",\"datePublished\":\"2023-11-27T13:21:36+00:00\",\"dateModified\":\"2024-11-05T13:11:20+00:00\",\"description\":\"Discover the impact of HEF\u2019s PVD-PECVD coatings on the performance and durability of Formula 1 vehicles.\",\"breadcrumb\":{\"@id\":\"https:\\\/\\\/hef.group\\\/en\\\/our-solutions-by-market\\\/surface-treatments-for-mobility\\\/racing-vehicles\\\/#breadcrumb\"},\"inLanguage\":\"en-US\",\"potentialAction\":[{\"@type\":\"ReadAction\",\"target\":[\"https:\\\/\\\/hef.group\\\/en\\\/our-solutions-by-market\\\/surface-treatments-for-mobility\\\/racing-vehicles\\\/\"]}]},{\"@type\":\"ImageObject\",\"inLanguage\":\"en-US\",\"@id\":\"https:\\\/\\\/hef.group\\\/en\\\/our-solutions-by-market\\\/surface-treatments-for-mobility\\\/racing-vehicles\\\/#primaryimage\",\"url\":\"https:\\\/\\\/hef.group\\\/wp-content\\\/uploads\\\/2023\\\/11\\\/pexels-chris-peeters-12795-scaled.jpg\",\"contentUrl\":\"https:\\\/\\\/hef.group\\\/wp-content\\\/uploads\\\/2023\\\/11\\\/pexels-chris-peeters-12795-scaled.jpg\",\"width\":2560,\"height\":1546},{\"@type\":\"BreadcrumbList\",\"@id\":\"https:\\\/\\\/hef.group\\\/en\\\/our-solutions-by-market\\\/surface-treatments-for-mobility\\\/racing-vehicles\\\/#breadcrumb\",\"itemListElement\":[{\"@type\":\"ListItem\",\"position\":1,\"name\":\"Home\",\"item\":\"https:\\\/\\\/hef.group\\\/en\\\/\"},{\"@type\":\"ListItem\",\"position\":2,\"name\":\"Our solutions by market\",\"item\":\"https:\\\/\\\/hef.group\\\/en\\\/our-solutions-by-market\\\/\"},{\"@type\":\"ListItem\",\"position\":3,\"name\":\"Surface treatments for mobility\",\"item\":\"https:\\\/\\\/hef.group\\\/en\\\/our-solutions-by-market\\\/surface-treatments-for-mobility\\\/\"},{\"@type\":\"ListItem\",\"position\":4,\"name\":\"Racing vehicles: Formula 1 PVD coating\"}]},{\"@type\":\"WebSite\",\"@id\":\"https:\\\/\\\/hef.group\\\/en\\\/#website\",\"url\":\"https:\\\/\\\/hef.group\\\/en\\\/\",\"name\":\"HEF Groupe\",\"description\":\"Leader Mondial en ing\u00e9n\u00e9rie des mat\u00e9riaux de surfaces\",\"publisher\":{\"@id\":\"https:\\\/\\\/hef.group\\\/en\\\/#organization\"},\"potentialAction\":[{\"@type\":\"SearchAction\",\"target\":{\"@type\":\"EntryPoint\",\"urlTemplate\":\"https:\\\/\\\/hef.group\\\/en\\\/?s={search_term_string}\"},\"query-input\":{\"@type\":\"PropertyValueSpecification\",\"valueRequired\":true,\"valueName\":\"search_term_string\"}}],\"inLanguage\":\"en-US\"},{\"@type\":\"Organization\",\"@id\":\"https:\\\/\\\/hef.group\\\/en\\\/#organization\",\"name\":\"HEF Groupe\",\"url\":\"https:\\\/\\\/hef.group\\\/en\\\/\",\"logo\":{\"@type\":\"ImageObject\",\"inLanguage\":\"en-US\",\"@id\":\"https:\\\/\\\/hef.group\\\/en\\\/#\\\/schema\\\/logo\\\/image\\\/\",\"url\":\"https:\\\/\\\/hef.group\\\/wp-content\\\/uploads\\\/2024\\\/02\\\/logo-hef-1.svg\",\"contentUrl\":\"https:\\\/\\\/hef.group\\\/wp-content\\\/uploads\\\/2024\\\/02\\\/logo-hef-1.svg\",\"width\":250,\"height\":60,\"caption\":\"HEF Groupe\"},\"image\":{\"@id\":\"https:\\\/\\\/hef.group\\\/en\\\/#\\\/schema\\\/logo\\\/image\\\/\"}}]}<\/script>\n<!-- \/ Yoast SEO plugin. -->","yoast_head_json":{"title":"Formula 1 PVD coating: Performance and durability | HEF","description":"Discover the impact of HEF\u2019s PVD-PECVD coatings on the performance and durability of Formula 1 vehicles.","robots":{"index":"index","follow":"follow","max-snippet":"max-snippet:-1","max-image-preview":"max-image-preview:large","max-video-preview":"max-video-preview:-1"},"canonical":"https:\/\/hef.group\/en\/our-solutions-by-market\/surface-treatments-for-mobility\/racing-vehicles\/","og_locale":"en_US","og_type":"article","og_title":"Formula 1 PVD coating: Performance and durability | HEF","og_description":"Discover the impact of HEF\u2019s PVD-PECVD coatings on the performance and durability of Formula 1 vehicles.","og_url":"https:\/\/hef.group\/en\/our-solutions-by-market\/surface-treatments-for-mobility\/racing-vehicles\/","og_site_name":"HEF","article_modified_time":"2024-11-05T13:11:20+00:00","og_image":[{"width":2560,"height":1546,"url":"https:\/\/hef.group\/wp-content\/uploads\/2023\/11\/pexels-chris-peeters-12795-scaled.jpg","type":"image\/jpeg"}],"twitter_card":"summary_large_image","twitter_misc":{"Est. reading time":"1 minute"},"schema":{"@context":"https:\/\/schema.org","@graph":[{"@type":"WebPage","@id":"https:\/\/hef.group\/en\/our-solutions-by-market\/surface-treatments-for-mobility\/racing-vehicles\/","url":"https:\/\/hef.group\/en\/our-solutions-by-market\/surface-treatments-for-mobility\/racing-vehicles\/","name":"Formula 1 PVD coating: Performance and durability | HEF","isPartOf":{"@id":"https:\/\/hef.group\/en\/#website"},"primaryImageOfPage":{"@id":"https:\/\/hef.group\/en\/our-solutions-by-market\/surface-treatments-for-mobility\/racing-vehicles\/#primaryimage"},"image":{"@id":"https:\/\/hef.group\/en\/our-solutions-by-market\/surface-treatments-for-mobility\/racing-vehicles\/#primaryimage"},"thumbnailUrl":"https:\/\/hef.group\/wp-content\/uploads\/2023\/11\/pexels-chris-peeters-12795-scaled.jpg","datePublished":"2023-11-27T13:21:36+00:00","dateModified":"2024-11-05T13:11:20+00:00","description":"Discover the impact of HEF\u2019s PVD-PECVD coatings on the performance and durability of Formula 1 vehicles.","breadcrumb":{"@id":"https:\/\/hef.group\/en\/our-solutions-by-market\/surface-treatments-for-mobility\/racing-vehicles\/#breadcrumb"},"inLanguage":"en-US","potentialAction":[{"@type":"ReadAction","target":["https:\/\/hef.group\/en\/our-solutions-by-market\/surface-treatments-for-mobility\/racing-vehicles\/"]}]},{"@type":"ImageObject","inLanguage":"en-US","@id":"https:\/\/hef.group\/en\/our-solutions-by-market\/surface-treatments-for-mobility\/racing-vehicles\/#primaryimage","url":"https:\/\/hef.group\/wp-content\/uploads\/2023\/11\/pexels-chris-peeters-12795-scaled.jpg","contentUrl":"https:\/\/hef.group\/wp-content\/uploads\/2023\/11\/pexels-chris-peeters-12795-scaled.jpg","width":2560,"height":1546},{"@type":"BreadcrumbList","@id":"https:\/\/hef.group\/en\/our-solutions-by-market\/surface-treatments-for-mobility\/racing-vehicles\/#breadcrumb","itemListElement":[{"@type":"ListItem","position":1,"name":"Home","item":"https:\/\/hef.group\/en\/"},{"@type":"ListItem","position":2,"name":"Our solutions by market","item":"https:\/\/hef.group\/en\/our-solutions-by-market\/"},{"@type":"ListItem","position":3,"name":"Surface treatments for mobility","item":"https:\/\/hef.group\/en\/our-solutions-by-market\/surface-treatments-for-mobility\/"},{"@type":"ListItem","position":4,"name":"Racing vehicles: Formula 1 PVD coating"}]},{"@type":"WebSite","@id":"https:\/\/hef.group\/en\/#website","url":"https:\/\/hef.group\/en\/","name":"HEF Groupe","description":"Leader Mondial en ing\u00e9n\u00e9rie des mat\u00e9riaux de surfaces","publisher":{"@id":"https:\/\/hef.group\/en\/#organization"},"potentialAction":[{"@type":"SearchAction","target":{"@type":"EntryPoint","urlTemplate":"https:\/\/hef.group\/en\/?s={search_term_string}"},"query-input":{"@type":"PropertyValueSpecification","valueRequired":true,"valueName":"search_term_string"}}],"inLanguage":"en-US"},{"@type":"Organization","@id":"https:\/\/hef.group\/en\/#organization","name":"HEF Groupe","url":"https:\/\/hef.group\/en\/","logo":{"@type":"ImageObject","inLanguage":"en-US","@id":"https:\/\/hef.group\/en\/#\/schema\/logo\/image\/","url":"https:\/\/hef.group\/wp-content\/uploads\/2024\/02\/logo-hef-1.svg","contentUrl":"https:\/\/hef.group\/wp-content\/uploads\/2024\/02\/logo-hef-1.svg","width":250,"height":60,"caption":"HEF Groupe"},"image":{"@id":"https:\/\/hef.group\/en\/#\/schema\/logo\/image\/"}}]}},"_links":{"self":[{"href":"https:\/\/hef.group\/en\/wp-json\/wp\/v2\/pages\/9262","targetHints":{"allow":["GET"]}}],"collection":[{"href":"https:\/\/hef.group\/en\/wp-json\/wp\/v2\/pages"}],"about":[{"href":"https:\/\/hef.group\/en\/wp-json\/wp\/v2\/types\/page"}],"author":[{"embeddable":true,"href":"https:\/\/hef.group\/en\/wp-json\/wp\/v2\/users\/1"}],"replies":[{"embeddable":true,"href":"https:\/\/hef.group\/en\/wp-json\/wp\/v2\/comments?post=9262"}],"version-history":[{"count":5,"href":"https:\/\/hef.group\/en\/wp-json\/wp\/v2\/pages\/9262\/revisions"}],"predecessor-version":[{"id":11536,"href":"https:\/\/hef.group\/en\/wp-json\/wp\/v2\/pages\/9262\/revisions\/11536"}],"up":[{"embeddable":true,"href":"https:\/\/hef.group\/en\/wp-json\/wp\/v2\/pages\/10301"}],"wp:featuredmedia":[{"embeddable":true,"href":"https:\/\/hef.group\/en\/wp-json\/wp\/v2\/media\/9263"}],"wp:attachment":[{"href":"https:\/\/hef.group\/en\/wp-json\/wp\/v2\/media?parent=9262"}],"curies":[{"name":"wp","href":"https:\/\/api.w.org\/{rel}","templated":true}]}}