{"id":9685,"date":"2024-05-28T15:44:30","date_gmt":"2024-05-28T13:44:30","guid":{"rendered":"https:\/\/hef.group\/career-opportunities-in-the-americas\/"},"modified":"2024-11-07T09:43:42","modified_gmt":"2024-11-07T08:43:42","slug":"career-opportunities-in-the-americas","status":"publish","type":"page","link":"https:\/\/hef.group\/en\/our-career-opportunities\/career-opportunities-in-the-americas\/","title":{"rendered":"Career opportunities in the Americas"},"content":{"rendered":"<section class=\"axtopsection-block\" style=\"--backgroundColor-filter: #febc2a\">\n    <div class=\"topsection-background\" style=\"--heightBlock: 350px\">\n        <div class=\"axtopsection-fond\">\n            <div class=\"container container-title-groupe\">\n\n                <div class=\"text-element\">\n                    <div class=\"breadcrumb-yoast\">\n                        <span><span><a href=\"https:\/\/hef.group\/en\/\">Home<\/a><\/span><\/span>                    <\/div>\n                    <h1 class='ax-title2'>Career opportunities in the Americas<\/h1>                    <div class=\"container container-text\">\n                                                    <p class=\"description-top-section\">The HEF Group is always on the lookout for talented and enthusiastic people to help us realize our vision. We invite you to take a look at our current career opportunities.<\/p>\n                                                                    <\/div>\n                <\/div>\n            <\/div>\n\n            <img decoding=\"async\" src=\"https:\/\/hef.group\/wp-content\/uploads\/2024\/07\/careers-header-1-1.jpg\">        <\/div>\n\n    <\/div>\n\n\n<\/section>\n\n\n<div style=\"height:55px\" aria-hidden=\"true\" class=\"wp-block-spacer\"><\/div>\n\n\n\n<div class=\"wp-block-group is-layout-constrained wp-container-core-group-is-layout-8e5a2f28 wp-block-group-is-layout-constrained\" style=\"padding-right:var(--wp--preset--spacing--40);padding-left:var(--wp--preset--spacing--40)\">\n<p class=\"has-text-align-center\" style=\"margin-right:0;margin-left:0;padding-right:0;padding-left:0;font-size:24px\">Join a leader in surface materials engineering<\/p>\n<\/div>\n\n\n\n<div style=\"height:25px\" aria-hidden=\"true\" class=\"wp-block-spacer\"><\/div>\n\n\n\n<div class=\"wp-block-group countries-list is-layout-constrained wp-container-core-group-is-layout-8cd669b9 wp-block-group-is-layout-constrained\" style=\"padding-right:var(--wp--preset--spacing--40);padding-left:var(--wp--preset--spacing--40)\">\n<p class=\"has-text-align-center has-text-color has-link-color wp-elements-a5fad8d955e215ae346e463d1e79fc0b\" style=\"color:#004a99;font-size:18px\"><a href=\"https:\/\/tsinnovation.ca\/en\/contact\/\">More about our activities in Canada<\/a><\/p>\n\n\n\n<p class=\"has-text-align-center has-text-color has-link-color wp-elements-516c58e02c3dc6f64e269cc802c1936c\" style=\"color:#004a99;font-size:18px\"><a href=\"https:\/\/www.hefusa.net\/contact_us.html\">More about our activities in the United States<\/a><\/p>\n\n\n\n<p class=\"has-text-align-center has-text-color has-link-color wp-elements-4ed0287128b6206f081e70163f06e3d9\" style=\"color:#004a99;font-size:18px\"><a href=\"https:\/\/www.linkedin.com\/showcase\/93624755\/admin\/feed\/posts\/\">More about our activities in Mexico<\/a><\/p>\n\n\n\n<p class=\"has-text-align-center has-text-color has-link-color wp-elements-7b6d4a633a6d068356f11fcec1a34313\" style=\"color:#004a99;font-size:18px\"><a href=\"https:\/\/hef-durferrit.com.br\/fale-conosco\/\">More about our activities in Brazil<\/a><\/p>\n<\/div>\n\n\n\n<div style=\"height:55px\" aria-hidden=\"true\" class=\"wp-block-spacer\"><\/div>\n\n\n\n<p><\/p>\n","protected":false},"excerpt":{"rendered":"<p>Join a leader in surface materials engineering More about our activities in Canada More about our activities in the United States More about our activities in Mexico More about our activities in Brazil<\/p>\n","protected":false},"author":1,"featured_media":9688,"parent":10053,"menu_order":0,"comment_status":"closed","ping_status":"closed","template":"","meta":{"_acf_changed":false,"inline_featured_image":false,"footnotes":""},"class_list":["post-9685","page","type-page","status-publish","has-post-thumbnail","hentry"],"acf":[],"yoast_head":"<!-- This site is optimized with the Yoast SEO plugin v27.2 - https:\/\/yoast.com\/product\/yoast-seo-wordpress\/ -->\n<title>Career opportunities in the Americas - HEF<\/title>\n<meta name=\"robots\" content=\"index, follow, max-snippet:-1, max-image-preview:large, max-video-preview:-1\" \/>\n<link rel=\"canonical\" href=\"https:\/\/hef.group\/en\/our-career-opportunities\/career-opportunities-in-the-americas\/\" \/>\n<meta property=\"og:locale\" content=\"en_US\" \/>\n<meta property=\"og:type\" content=\"article\" \/>\n<meta property=\"og:title\" content=\"Career opportunities in the Americas - HEF\" \/>\n<meta property=\"og:description\" content=\"Join a leader in surface materials engineering More about our activities in Canada More about our activities in the United States More about our activities in Mexico More about our activities in Brazil\" \/>\n<meta property=\"og:url\" content=\"https:\/\/hef.group\/en\/our-career-opportunities\/career-opportunities-in-the-americas\/\" \/>\n<meta property=\"og:site_name\" content=\"HEF\" \/>\n<meta property=\"article:modified_time\" content=\"2024-11-07T08:43:42+00:00\" \/>\n<meta property=\"og:image\" content=\"https:\/\/hef.group\/wp-content\/uploads\/2024\/07\/careers-header-1.jpg\" \/>\n\t<meta property=\"og:image:width\" content=\"1920\" \/>\n\t<meta property=\"og:image:height\" content=\"699\" \/>\n\t<meta property=\"og:image:type\" content=\"image\/jpeg\" \/>\n<meta name=\"twitter:card\" content=\"summary_large_image\" \/>\n<meta name=\"twitter:label1\" content=\"Est. reading time\" \/>\n\t<meta name=\"twitter:data1\" content=\"1 minute\" \/>\n<script type=\"application\/ld+json\" class=\"yoast-schema-graph\">{\"@context\":\"https:\/\/schema.org\",\"@graph\":[{\"@type\":\"WebPage\",\"@id\":\"https:\/\/hef.group\/en\/our-career-opportunities\/career-opportunities-in-the-americas\/\",\"url\":\"https:\/\/hef.group\/en\/our-career-opportunities\/career-opportunities-in-the-americas\/\",\"name\":\"Career opportunities in the Americas - HEF\",\"isPartOf\":{\"@id\":\"https:\/\/hef.group\/en\/#website\"},\"primaryImageOfPage\":{\"@id\":\"https:\/\/hef.group\/en\/our-career-opportunities\/career-opportunities-in-the-americas\/#primaryimage\"},\"image\":{\"@id\":\"https:\/\/hef.group\/en\/our-career-opportunities\/career-opportunities-in-the-americas\/#primaryimage\"},\"thumbnailUrl\":\"https:\/\/hef.group\/wp-content\/uploads\/2024\/07\/careers-header-1.jpg\",\"datePublished\":\"2024-05-28T13:44:30+00:00\",\"dateModified\":\"2024-11-07T08:43:42+00:00\",\"breadcrumb\":{\"@id\":\"https:\/\/hef.group\/en\/our-career-opportunities\/career-opportunities-in-the-americas\/#breadcrumb\"},\"inLanguage\":\"en-US\",\"potentialAction\":[{\"@type\":\"ReadAction\",\"target\":[\"https:\/\/hef.group\/en\/our-career-opportunities\/career-opportunities-in-the-americas\/\"]}]},{\"@type\":\"ImageObject\",\"inLanguage\":\"en-US\",\"@id\":\"https:\/\/hef.group\/en\/our-career-opportunities\/career-opportunities-in-the-americas\/#primaryimage\",\"url\":\"https:\/\/hef.group\/wp-content\/uploads\/2024\/07\/careers-header-1.jpg\",\"contentUrl\":\"https:\/\/hef.group\/wp-content\/uploads\/2024\/07\/careers-header-1.jpg\",\"width\":1920,\"height\":699},{\"@type\":\"BreadcrumbList\",\"@id\":\"https:\/\/hef.group\/en\/our-career-opportunities\/career-opportunities-in-the-americas\/#breadcrumb\",\"itemListElement\":[{\"@type\":\"ListItem\",\"position\":1,\"name\":\"Home\",\"item\":\"https:\/\/hef.group\/en\/\"},{\"@type\":\"ListItem\",\"position\":2,\"name\":\"Our career opportunities\",\"item\":\"https:\/\/hef.group\/en\/our-career-opportunities\/\"},{\"@type\":\"ListItem\",\"position\":3,\"name\":\"Career opportunities in the Americas\"}]},{\"@type\":\"WebSite\",\"@id\":\"https:\/\/hef.group\/en\/#website\",\"url\":\"https:\/\/hef.group\/en\/\",\"name\":\"HEF Groupe\",\"description\":\"Leader Mondial en ing\u00e9n\u00e9rie des mat\u00e9riaux de surfaces\",\"publisher\":{\"@id\":\"https:\/\/hef.group\/en\/#organization\"},\"potentialAction\":[{\"@type\":\"SearchAction\",\"target\":{\"@type\":\"EntryPoint\",\"urlTemplate\":\"https:\/\/hef.group\/en\/?s={search_term_string}\"},\"query-input\":{\"@type\":\"PropertyValueSpecification\",\"valueRequired\":true,\"valueName\":\"search_term_string\"}}],\"inLanguage\":\"en-US\"},{\"@type\":\"Organization\",\"@id\":\"https:\/\/hef.group\/en\/#organization\",\"name\":\"HEF Groupe\",\"url\":\"https:\/\/hef.group\/en\/\",\"logo\":{\"@type\":\"ImageObject\",\"inLanguage\":\"en-US\",\"@id\":\"https:\/\/hef.group\/en\/#\/schema\/logo\/image\/\",\"url\":\"https:\/\/hef.group\/wp-content\/uploads\/2024\/02\/logo-hef-1.svg\",\"contentUrl\":\"https:\/\/hef.group\/wp-content\/uploads\/2024\/02\/logo-hef-1.svg\",\"width\":250,\"height\":60,\"caption\":\"HEF Groupe\"},\"image\":{\"@id\":\"https:\/\/hef.group\/en\/#\/schema\/logo\/image\/\"}}]}<\/script>\n<!-- \/ Yoast SEO plugin. -->","yoast_head_json":{"title":"Career opportunities in the Americas - HEF","robots":{"index":"index","follow":"follow","max-snippet":"max-snippet:-1","max-image-preview":"max-image-preview:large","max-video-preview":"max-video-preview:-1"},"canonical":"https:\/\/hef.group\/en\/our-career-opportunities\/career-opportunities-in-the-americas\/","og_locale":"en_US","og_type":"article","og_title":"Career opportunities in the Americas - HEF","og_description":"Join a leader in surface materials engineering More about our activities in Canada More about our activities in the United States More about our activities in Mexico More about our activities in Brazil","og_url":"https:\/\/hef.group\/en\/our-career-opportunities\/career-opportunities-in-the-americas\/","og_site_name":"HEF","article_modified_time":"2024-11-07T08:43:42+00:00","og_image":[{"width":1920,"height":699,"url":"https:\/\/hef.group\/wp-content\/uploads\/2024\/07\/careers-header-1.jpg","type":"image\/jpeg"}],"twitter_card":"summary_large_image","twitter_misc":{"Est. reading time":"1 minute"},"schema":{"@context":"https:\/\/schema.org","@graph":[{"@type":"WebPage","@id":"https:\/\/hef.group\/en\/our-career-opportunities\/career-opportunities-in-the-americas\/","url":"https:\/\/hef.group\/en\/our-career-opportunities\/career-opportunities-in-the-americas\/","name":"Career opportunities in the Americas - HEF","isPartOf":{"@id":"https:\/\/hef.group\/en\/#website"},"primaryImageOfPage":{"@id":"https:\/\/hef.group\/en\/our-career-opportunities\/career-opportunities-in-the-americas\/#primaryimage"},"image":{"@id":"https:\/\/hef.group\/en\/our-career-opportunities\/career-opportunities-in-the-americas\/#primaryimage"},"thumbnailUrl":"https:\/\/hef.group\/wp-content\/uploads\/2024\/07\/careers-header-1.jpg","datePublished":"2024-05-28T13:44:30+00:00","dateModified":"2024-11-07T08:43:42+00:00","breadcrumb":{"@id":"https:\/\/hef.group\/en\/our-career-opportunities\/career-opportunities-in-the-americas\/#breadcrumb"},"inLanguage":"en-US","potentialAction":[{"@type":"ReadAction","target":["https:\/\/hef.group\/en\/our-career-opportunities\/career-opportunities-in-the-americas\/"]}]},{"@type":"ImageObject","inLanguage":"en-US","@id":"https:\/\/hef.group\/en\/our-career-opportunities\/career-opportunities-in-the-americas\/#primaryimage","url":"https:\/\/hef.group\/wp-content\/uploads\/2024\/07\/careers-header-1.jpg","contentUrl":"https:\/\/hef.group\/wp-content\/uploads\/2024\/07\/careers-header-1.jpg","width":1920,"height":699},{"@type":"BreadcrumbList","@id":"https:\/\/hef.group\/en\/our-career-opportunities\/career-opportunities-in-the-americas\/#breadcrumb","itemListElement":[{"@type":"ListItem","position":1,"name":"Home","item":"https:\/\/hef.group\/en\/"},{"@type":"ListItem","position":2,"name":"Our career opportunities","item":"https:\/\/hef.group\/en\/our-career-opportunities\/"},{"@type":"ListItem","position":3,"name":"Career opportunities in the Americas"}]},{"@type":"WebSite","@id":"https:\/\/hef.group\/en\/#website","url":"https:\/\/hef.group\/en\/","name":"HEF Groupe","description":"Leader Mondial en ing\u00e9n\u00e9rie des mat\u00e9riaux de surfaces","publisher":{"@id":"https:\/\/hef.group\/en\/#organization"},"potentialAction":[{"@type":"SearchAction","target":{"@type":"EntryPoint","urlTemplate":"https:\/\/hef.group\/en\/?s={search_term_string}"},"query-input":{"@type":"PropertyValueSpecification","valueRequired":true,"valueName":"search_term_string"}}],"inLanguage":"en-US"},{"@type":"Organization","@id":"https:\/\/hef.group\/en\/#organization","name":"HEF Groupe","url":"https:\/\/hef.group\/en\/","logo":{"@type":"ImageObject","inLanguage":"en-US","@id":"https:\/\/hef.group\/en\/#\/schema\/logo\/image\/","url":"https:\/\/hef.group\/wp-content\/uploads\/2024\/02\/logo-hef-1.svg","contentUrl":"https:\/\/hef.group\/wp-content\/uploads\/2024\/02\/logo-hef-1.svg","width":250,"height":60,"caption":"HEF Groupe"},"image":{"@id":"https:\/\/hef.group\/en\/#\/schema\/logo\/image\/"}}]}},"_links":{"self":[{"href":"https:\/\/hef.group\/en\/wp-json\/wp\/v2\/pages\/9685","targetHints":{"allow":["GET"]}}],"collection":[{"href":"https:\/\/hef.group\/en\/wp-json\/wp\/v2\/pages"}],"about":[{"href":"https:\/\/hef.group\/en\/wp-json\/wp\/v2\/types\/page"}],"author":[{"embeddable":true,"href":"https:\/\/hef.group\/en\/wp-json\/wp\/v2\/users\/1"}],"replies":[{"embeddable":true,"href":"https:\/\/hef.group\/en\/wp-json\/wp\/v2\/comments?post=9685"}],"version-history":[{"count":5,"href":"https:\/\/hef.group\/en\/wp-json\/wp\/v2\/pages\/9685\/revisions"}],"predecessor-version":[{"id":11615,"href":"https:\/\/hef.group\/en\/wp-json\/wp\/v2\/pages\/9685\/revisions\/11615"}],"up":[{"embeddable":true,"href":"https:\/\/hef.group\/en\/wp-json\/wp\/v2\/pages\/10053"}],"wp:featuredmedia":[{"embeddable":true,"href":"https:\/\/hef.group\/en\/wp-json\/wp\/v2\/media\/9688"}],"wp:attachment":[{"href":"https:\/\/hef.group\/en\/wp-json\/wp\/v2\/media?parent=9685"}],"curies":[{"name":"wp","href":"https:\/\/api.w.org\/{rel}","templated":true}]}}