{"id":9691,"date":"2024-05-28T15:48:08","date_gmt":"2024-05-28T13:48:08","guid":{"rendered":"https:\/\/hef.group\/our-career-opportunities-in-asia\/"},"modified":"2024-11-08T09:26:13","modified_gmt":"2024-11-08T08:26:13","slug":"our-career-opportunities-in-asia","status":"publish","type":"page","link":"https:\/\/hef.group\/en\/our-career-opportunities\/our-career-opportunities-in-asia\/","title":{"rendered":"Our career opportunities in Asia"},"content":{"rendered":"<section class=\"axtopsection-block\" style=\"--backgroundColor-filter: #febc2a\">\n    <div class=\"topsection-background\" style=\"--heightBlock: 350px\">\n        <div class=\"axtopsection-fond\">\n            <div class=\"container container-title-groupe\">\n\n                <div class=\"text-element\">\n                    <div class=\"breadcrumb-yoast\">\n                        <span><span><a href=\"https:\/\/hef.group\/en\/\">Home<\/a><\/span><\/span>                    <\/div>\n                    <h1 class='ax-title2'>Our career opportunities in Asia<\/h1>                    <div class=\"container container-text\">\n                                                    <p class=\"description-top-section\">The HEF Group is always on the lookout for talented and enthusiastic people to help us realize our vision. We invite you to take a look at our current career opportunities.<\/p>\n                                                                    <\/div>\n                <\/div>\n            <\/div>\n\n            <img decoding=\"async\" src=\"https:\/\/hef.group\/wp-content\/uploads\/2024\/07\/TSGY-Jigging.jpg\">        <\/div>\n\n    <\/div>\n\n\n<\/section>\n\n\n<div style=\"height:55px\" aria-hidden=\"true\" class=\"wp-block-spacer\"><\/div>\n\n\n\n<div class=\"wp-block-group is-layout-constrained wp-container-core-group-is-layout-8e5a2f28 wp-block-group-is-layout-constrained\" style=\"padding-right:var(--wp--preset--spacing--40);padding-left:var(--wp--preset--spacing--40)\">\n<p class=\"has-text-align-center\" style=\"font-size:24px\">Join a leader in surface materials engineering<\/p>\n<\/div>\n\n\n\n<div style=\"height:25px\" aria-hidden=\"true\" class=\"wp-block-spacer\"><\/div>\n\n\n\n<div class=\"wp-block-group countries-list is-layout-constrained wp-container-core-group-is-layout-8cd669b9 wp-block-group-is-layout-constrained\" style=\"padding-right:var(--wp--preset--spacing--40);padding-left:var(--wp--preset--spacing--40)\">\n<p class=\"has-text-align-center has-text-color has-link-color wp-elements-b441e0eaec558a396766a5b0c8936ce9\" style=\"color:#004a99;font-size:18px\"><a href=\"https:\/\/www.hefdurferritjapan.co.jp\/\">More about our activities in South Korea<\/a><\/p>\n\n\n\n<p class=\"has-text-align-center has-text-color has-link-color wp-elements-ecdbee2beb59a7b409788d69e155f2c5\" style=\"color:#004a99;font-size:18px\"><a href=\"https:\/\/www.nanocoat-ts.com\/\">More about our activities in Japan<\/a><\/p>\n\n\n\n<p class=\"has-text-align-center has-text-color has-link-color wp-elements-8de1a8b69a7433e981d7bd6f3ffaec3b\" style=\"color:#004a99;font-size:18px\"><a href=\"http:\/\/hef.group\">More about our activities in Tha<\/a><a href=\"http:\/\/www.hefthai.com\">iland<\/a><\/p>\n\n\n\n<p class=\"has-text-align-center has-text-color has-link-color wp-elements-8e7a86f0242e92521f90e65ec442d378\" style=\"color:#004a99;font-size:18px\"><a href=\"https:\/\/www.ts-china.net.cn\/zxns\">More about our activities in China<\/a><\/p>\n\n\n\n<p class=\"has-text-align-center has-text-color has-link-color wp-elements-ebaf69a21df7d4f3fe97551381d3be05\" style=\"color:#004a99;font-size:18px\"><a href=\"https:\/\/hefgroupindia.in\/contact_us.html\">More about our activities in India and Malaysia<\/a><\/p>\n<\/div>\n\n\n\n<div style=\"height:55px\" aria-hidden=\"true\" class=\"wp-block-spacer\"><\/div>\n","protected":false},"excerpt":{"rendered":"<p>Join a leader in surface materials engineering More about our activities in South Korea More about our activities in Japan More about our activities in Thailand More about our activities in China More about our activities in India and Malaysia<\/p>\n","protected":false},"author":1,"featured_media":9693,"parent":10053,"menu_order":0,"comment_status":"closed","ping_status":"closed","template":"","meta":{"_acf_changed":false,"inline_featured_image":false,"footnotes":""},"class_list":["post-9691","page","type-page","status-publish","has-post-thumbnail","hentry"],"acf":[],"yoast_head":"<!-- This site is optimized with the Yoast SEO plugin v27.2 - https:\/\/yoast.com\/product\/yoast-seo-wordpress\/ -->\n<title>Our career opportunities in Asia - HEF<\/title>\n<meta name=\"robots\" content=\"index, follow, max-snippet:-1, max-image-preview:large, max-video-preview:-1\" \/>\n<link rel=\"canonical\" href=\"https:\/\/hef.group\/en\/our-career-opportunities\/our-career-opportunities-in-asia\/\" \/>\n<meta property=\"og:locale\" content=\"en_US\" \/>\n<meta property=\"og:type\" content=\"article\" \/>\n<meta property=\"og:title\" content=\"Our career opportunities in Asia - HEF\" \/>\n<meta property=\"og:description\" content=\"Join a leader in surface materials engineering More about our activities in South Korea More about our activities in Japan More about our activities in Thailand More about our activities in China More about our activities in India and Malaysia\" \/>\n<meta property=\"og:url\" content=\"https:\/\/hef.group\/en\/our-career-opportunities\/our-career-opportunities-in-asia\/\" \/>\n<meta property=\"og:site_name\" content=\"HEF\" \/>\n<meta property=\"article:modified_time\" content=\"2024-11-08T08:26:13+00:00\" \/>\n<meta property=\"og:image\" content=\"https:\/\/hef.group\/wp-content\/uploads\/2024\/06\/big-TSYW\u5de5\u4f5c\u71672.jpg\" \/>\n\t<meta property=\"og:image:width\" content=\"450\" \/>\n\t<meta property=\"og:image:height\" content=\"337\" \/>\n\t<meta property=\"og:image:type\" content=\"image\/jpeg\" \/>\n<meta name=\"twitter:card\" content=\"summary_large_image\" \/>\n<meta name=\"twitter:label1\" content=\"Est. reading time\" \/>\n\t<meta name=\"twitter:data1\" content=\"1 minute\" \/>\n<script type=\"application\/ld+json\" class=\"yoast-schema-graph\">{\"@context\":\"https:\/\/schema.org\",\"@graph\":[{\"@type\":\"WebPage\",\"@id\":\"https:\/\/hef.group\/en\/our-career-opportunities\/our-career-opportunities-in-asia\/\",\"url\":\"https:\/\/hef.group\/en\/our-career-opportunities\/our-career-opportunities-in-asia\/\",\"name\":\"Our career opportunities in Asia - HEF\",\"isPartOf\":{\"@id\":\"https:\/\/hef.group\/en\/#website\"},\"primaryImageOfPage\":{\"@id\":\"https:\/\/hef.group\/en\/our-career-opportunities\/our-career-opportunities-in-asia\/#primaryimage\"},\"image\":{\"@id\":\"https:\/\/hef.group\/en\/our-career-opportunities\/our-career-opportunities-in-asia\/#primaryimage\"},\"thumbnailUrl\":\"https:\/\/hef.group\/wp-content\/uploads\/2024\/06\/big-TSYW\u5de5\u4f5c\u71672.jpg\",\"datePublished\":\"2024-05-28T13:48:08+00:00\",\"dateModified\":\"2024-11-08T08:26:13+00:00\",\"breadcrumb\":{\"@id\":\"https:\/\/hef.group\/en\/our-career-opportunities\/our-career-opportunities-in-asia\/#breadcrumb\"},\"inLanguage\":\"en-US\",\"potentialAction\":[{\"@type\":\"ReadAction\",\"target\":[\"https:\/\/hef.group\/en\/our-career-opportunities\/our-career-opportunities-in-asia\/\"]}]},{\"@type\":\"ImageObject\",\"inLanguage\":\"en-US\",\"@id\":\"https:\/\/hef.group\/en\/our-career-opportunities\/our-career-opportunities-in-asia\/#primaryimage\",\"url\":\"https:\/\/hef.group\/wp-content\/uploads\/2024\/06\/big-TSYW\u5de5\u4f5c\u71672.jpg\",\"contentUrl\":\"https:\/\/hef.group\/wp-content\/uploads\/2024\/06\/big-TSYW\u5de5\u4f5c\u71672.jpg\",\"width\":450,\"height\":337},{\"@type\":\"BreadcrumbList\",\"@id\":\"https:\/\/hef.group\/en\/our-career-opportunities\/our-career-opportunities-in-asia\/#breadcrumb\",\"itemListElement\":[{\"@type\":\"ListItem\",\"position\":1,\"name\":\"Home\",\"item\":\"https:\/\/hef.group\/en\/\"},{\"@type\":\"ListItem\",\"position\":2,\"name\":\"Our career opportunities\",\"item\":\"https:\/\/hef.group\/en\/our-career-opportunities\/\"},{\"@type\":\"ListItem\",\"position\":3,\"name\":\"Our career opportunities in Asia\"}]},{\"@type\":\"WebSite\",\"@id\":\"https:\/\/hef.group\/en\/#website\",\"url\":\"https:\/\/hef.group\/en\/\",\"name\":\"HEF Groupe\",\"description\":\"Leader Mondial en ing\u00e9n\u00e9rie des mat\u00e9riaux de surfaces\",\"publisher\":{\"@id\":\"https:\/\/hef.group\/en\/#organization\"},\"potentialAction\":[{\"@type\":\"SearchAction\",\"target\":{\"@type\":\"EntryPoint\",\"urlTemplate\":\"https:\/\/hef.group\/en\/?s={search_term_string}\"},\"query-input\":{\"@type\":\"PropertyValueSpecification\",\"valueRequired\":true,\"valueName\":\"search_term_string\"}}],\"inLanguage\":\"en-US\"},{\"@type\":\"Organization\",\"@id\":\"https:\/\/hef.group\/en\/#organization\",\"name\":\"HEF Groupe\",\"url\":\"https:\/\/hef.group\/en\/\",\"logo\":{\"@type\":\"ImageObject\",\"inLanguage\":\"en-US\",\"@id\":\"https:\/\/hef.group\/en\/#\/schema\/logo\/image\/\",\"url\":\"https:\/\/hef.group\/wp-content\/uploads\/2024\/02\/logo-hef-1.svg\",\"contentUrl\":\"https:\/\/hef.group\/wp-content\/uploads\/2024\/02\/logo-hef-1.svg\",\"width\":250,\"height\":60,\"caption\":\"HEF Groupe\"},\"image\":{\"@id\":\"https:\/\/hef.group\/en\/#\/schema\/logo\/image\/\"}}]}<\/script>\n<!-- \/ Yoast SEO plugin. -->","yoast_head_json":{"title":"Our career opportunities in Asia - HEF","robots":{"index":"index","follow":"follow","max-snippet":"max-snippet:-1","max-image-preview":"max-image-preview:large","max-video-preview":"max-video-preview:-1"},"canonical":"https:\/\/hef.group\/en\/our-career-opportunities\/our-career-opportunities-in-asia\/","og_locale":"en_US","og_type":"article","og_title":"Our career opportunities in Asia - HEF","og_description":"Join a leader in surface materials engineering More about our activities in South Korea More about our activities in Japan More about our activities in Thailand More about our activities in China More about our activities in India and Malaysia","og_url":"https:\/\/hef.group\/en\/our-career-opportunities\/our-career-opportunities-in-asia\/","og_site_name":"HEF","article_modified_time":"2024-11-08T08:26:13+00:00","og_image":[{"width":450,"height":337,"url":"https:\/\/hef.group\/wp-content\/uploads\/2024\/06\/big-TSYW\u5de5\u4f5c\u71672.jpg","type":"image\/jpeg"}],"twitter_card":"summary_large_image","twitter_misc":{"Est. reading time":"1 minute"},"schema":{"@context":"https:\/\/schema.org","@graph":[{"@type":"WebPage","@id":"https:\/\/hef.group\/en\/our-career-opportunities\/our-career-opportunities-in-asia\/","url":"https:\/\/hef.group\/en\/our-career-opportunities\/our-career-opportunities-in-asia\/","name":"Our career opportunities in Asia - HEF","isPartOf":{"@id":"https:\/\/hef.group\/en\/#website"},"primaryImageOfPage":{"@id":"https:\/\/hef.group\/en\/our-career-opportunities\/our-career-opportunities-in-asia\/#primaryimage"},"image":{"@id":"https:\/\/hef.group\/en\/our-career-opportunities\/our-career-opportunities-in-asia\/#primaryimage"},"thumbnailUrl":"https:\/\/hef.group\/wp-content\/uploads\/2024\/06\/big-TSYW\u5de5\u4f5c\u71672.jpg","datePublished":"2024-05-28T13:48:08+00:00","dateModified":"2024-11-08T08:26:13+00:00","breadcrumb":{"@id":"https:\/\/hef.group\/en\/our-career-opportunities\/our-career-opportunities-in-asia\/#breadcrumb"},"inLanguage":"en-US","potentialAction":[{"@type":"ReadAction","target":["https:\/\/hef.group\/en\/our-career-opportunities\/our-career-opportunities-in-asia\/"]}]},{"@type":"ImageObject","inLanguage":"en-US","@id":"https:\/\/hef.group\/en\/our-career-opportunities\/our-career-opportunities-in-asia\/#primaryimage","url":"https:\/\/hef.group\/wp-content\/uploads\/2024\/06\/big-TSYW\u5de5\u4f5c\u71672.jpg","contentUrl":"https:\/\/hef.group\/wp-content\/uploads\/2024\/06\/big-TSYW\u5de5\u4f5c\u71672.jpg","width":450,"height":337},{"@type":"BreadcrumbList","@id":"https:\/\/hef.group\/en\/our-career-opportunities\/our-career-opportunities-in-asia\/#breadcrumb","itemListElement":[{"@type":"ListItem","position":1,"name":"Home","item":"https:\/\/hef.group\/en\/"},{"@type":"ListItem","position":2,"name":"Our career opportunities","item":"https:\/\/hef.group\/en\/our-career-opportunities\/"},{"@type":"ListItem","position":3,"name":"Our career opportunities in Asia"}]},{"@type":"WebSite","@id":"https:\/\/hef.group\/en\/#website","url":"https:\/\/hef.group\/en\/","name":"HEF Groupe","description":"Leader Mondial en ing\u00e9n\u00e9rie des mat\u00e9riaux de surfaces","publisher":{"@id":"https:\/\/hef.group\/en\/#organization"},"potentialAction":[{"@type":"SearchAction","target":{"@type":"EntryPoint","urlTemplate":"https:\/\/hef.group\/en\/?s={search_term_string}"},"query-input":{"@type":"PropertyValueSpecification","valueRequired":true,"valueName":"search_term_string"}}],"inLanguage":"en-US"},{"@type":"Organization","@id":"https:\/\/hef.group\/en\/#organization","name":"HEF Groupe","url":"https:\/\/hef.group\/en\/","logo":{"@type":"ImageObject","inLanguage":"en-US","@id":"https:\/\/hef.group\/en\/#\/schema\/logo\/image\/","url":"https:\/\/hef.group\/wp-content\/uploads\/2024\/02\/logo-hef-1.svg","contentUrl":"https:\/\/hef.group\/wp-content\/uploads\/2024\/02\/logo-hef-1.svg","width":250,"height":60,"caption":"HEF Groupe"},"image":{"@id":"https:\/\/hef.group\/en\/#\/schema\/logo\/image\/"}}]}},"_links":{"self":[{"href":"https:\/\/hef.group\/en\/wp-json\/wp\/v2\/pages\/9691","targetHints":{"allow":["GET"]}}],"collection":[{"href":"https:\/\/hef.group\/en\/wp-json\/wp\/v2\/pages"}],"about":[{"href":"https:\/\/hef.group\/en\/wp-json\/wp\/v2\/types\/page"}],"author":[{"embeddable":true,"href":"https:\/\/hef.group\/en\/wp-json\/wp\/v2\/users\/1"}],"replies":[{"embeddable":true,"href":"https:\/\/hef.group\/en\/wp-json\/wp\/v2\/comments?post=9691"}],"version-history":[{"count":5,"href":"https:\/\/hef.group\/en\/wp-json\/wp\/v2\/pages\/9691\/revisions"}],"predecessor-version":[{"id":11627,"href":"https:\/\/hef.group\/en\/wp-json\/wp\/v2\/pages\/9691\/revisions\/11627"}],"up":[{"embeddable":true,"href":"https:\/\/hef.group\/en\/wp-json\/wp\/v2\/pages\/10053"}],"wp:featuredmedia":[{"embeddable":true,"href":"https:\/\/hef.group\/en\/wp-json\/wp\/v2\/media\/9693"}],"wp:attachment":[{"href":"https:\/\/hef.group\/en\/wp-json\/wp\/v2\/media?parent=9691"}],"curies":[{"name":"wp","href":"https:\/\/api.w.org\/{rel}","templated":true}]}}