{"id":9696,"date":"2024-05-28T16:03:56","date_gmt":"2024-05-28T14:03:56","guid":{"rendered":"https:\/\/hef.group\/our-career-opportunities-in-europe\/"},"modified":"2024-11-07T09:45:07","modified_gmt":"2024-11-07T08:45:07","slug":"our-career-opportunities-in-europe","status":"publish","type":"page","link":"https:\/\/hef.group\/en\/our-career-opportunities\/our-career-opportunities-in-europe\/","title":{"rendered":"Our career opportunities in Europe"},"content":{"rendered":"<section class=\"axtopsection-block\" style=\"--backgroundColor-filter: #febc2a\">\n    <div class=\"topsection-background\" style=\"--heightBlock: 350px\">\n        <div class=\"axtopsection-fond\">\n            <div class=\"container container-title-groupe\">\n\n                <div class=\"text-element\">\n                    <div class=\"breadcrumb-yoast\">\n                        <span><span><a href=\"https:\/\/hef.group\/en\/\">Home<\/a><\/span><\/span>                    <\/div>\n                    <h1 class='ax-title2'>Our career opportunities in Europe<\/h1>                    <div class=\"container container-text\">\n                                                    <p class=\"description-top-section\">The HEF Group is always on the lookout for talented and enthusiastic people to help us realize our vision. We invite you to take a look at our current career opportunities.<\/p>\n                                                                    <\/div>\n                <\/div>\n            <\/div>\n\n            <img decoding=\"async\" src=\"https:\/\/hef.group\/wp-content\/uploads\/2024\/07\/20211011_HK_0030.jpg\">        <\/div>\n\n    <\/div>\n\n\n<\/section>\n\n\n<div style=\"height:55px\" aria-hidden=\"true\" class=\"wp-block-spacer\"><\/div>\n\n\n\n<div class=\"wp-block-group is-layout-constrained wp-container-core-group-is-layout-8e5a2f28 wp-block-group-is-layout-constrained\" style=\"padding-right:var(--wp--preset--spacing--40);padding-left:var(--wp--preset--spacing--40)\">\n<p class=\"has-text-align-center\" style=\"padding-right:0;padding-left:0;font-size:24px\">Join a leader in surface materials engineering<\/p>\n<\/div>\n\n\n\n<div style=\"height:25px\" aria-hidden=\"true\" class=\"wp-block-spacer\"><\/div>\n\n\n\n<div class=\"wp-block-group countries-list is-layout-constrained wp-container-core-group-is-layout-8cd669b9 wp-block-group-is-layout-constrained\" style=\"padding-right:var(--wp--preset--spacing--40);padding-left:var(--wp--preset--spacing--40)\">\n<p class=\"has-text-align-center has-text-color has-link-color wp-elements-26ba5b744a9e5cbf302e73c974f4bc6e\" style=\"color:#004a99;font-size:18px\"><a href=\"https:\/\/hef.group\/en\/our-career-opportunities-in-europe\/our-career-opportunities-in-france\/\">Discover job offers  in France<\/a><\/p>\n\n\n\n<p class=\"has-text-align-center has-text-color has-link-color wp-elements-a018f57351527eaeb1ce69e4cdbf8906\" style=\"color:#004a99;font-size:18px\"><a href=\"http:\/\/www.tscoatings.it\">More about our activities in Italy<\/a><\/p>\n\n\n\n<p class=\"has-text-align-center has-text-color has-link-color wp-elements-ff6f677f2cdc68f9278d5628b513a99b\" style=\"color:#004a99;font-size:18px\"><a href=\"https:\/\/durferrit.co.uk\/\">More about our activities in the UK<\/a><\/p>\n\n\n\n<p class=\"has-text-align-center has-text-color has-link-color wp-elements-b40b7538668ea0b40174f4098f2b8b77\" style=\"color:#004a99;font-size:18px\"><a href=\"http:\/\/www.hartowniats.pl\">More about our activities in Poland<\/a><\/p>\n\n\n\n<p class=\"has-text-align-center has-text-color has-link-color wp-elements-c0b5b73956e950d876421ac3918344f1\" style=\"color:#004a99;font-size:18px\"><a href=\"http:\/\/www.tscatalunya.com\">More about our activities in Spain<\/a><\/p>\n\n\n\n<p class=\"has-text-align-center has-text-color has-link-color wp-elements-ffad187e48a804c19315624d07bb1c34\" style=\"color:#004a99;font-size:18px\"><a href=\"http:\/\/www.tshk.de\">More about our activities in Germany<\/a><\/p>\n\n\n\n<p class=\"has-text-align-center has-text-color has-link-color wp-elements-9138f6f3d620b47257528dc0a030082f\" style=\"color:#004a99;font-size:18px\"><a href=\"http:\/\/www.tshungary.hu\">More about our activities in Hungary<\/a><\/p>\n\n\n\n<p class=\"has-text-align-center has-text-color has-link-color wp-elements-9f9c85d8b1566f2cee123461bd2d71b5\" style=\"color:#004a99;font-size:18px\"><a href=\"http:\/\/www.katringplus.cz\">More about our activities in the Czech Republic<\/a><\/p>\n\n\n\n<p class=\"has-text-align-center has-text-color has-link-color wp-elements-03efe2f7c1fe6287a62dfb7bea920b5f\" style=\"color:#004a99;font-size:18px\"><a href=\"http:\/\/hef.group\">More about our activities in Switzerland<\/a><\/p>\n\n\n\n<p class=\"has-text-align-center has-text-color has-link-color wp-elements-a8106498b678e8c0828e789116bb624a\" style=\"color:#004a99;font-size:18px\"><a href=\"info@tsistanbul.com.tr\">More about our activities in Turkey<\/a><\/p>\n<\/div>\n\n\n\n<div style=\"height:55px\" aria-hidden=\"true\" class=\"wp-block-spacer\"><\/div>\n","protected":false},"excerpt":{"rendered":"<p>Join a leader in surface materials engineering Discover job offers in France More about our activities in Italy More about our activities in the UK More about our activities in Poland More about our activities in Spain More about our activities in Germany More about our activities in Hungary More [&hellip;]<\/p>\n","protected":false},"author":1,"featured_media":9698,"parent":10053,"menu_order":0,"comment_status":"closed","ping_status":"closed","template":"","meta":{"_acf_changed":false,"inline_featured_image":false,"footnotes":""},"class_list":["post-9696","page","type-page","status-publish","has-post-thumbnail","hentry"],"acf":[],"yoast_head":"<!-- This site is optimized with the Yoast SEO plugin v27.2 - https:\/\/yoast.com\/product\/yoast-seo-wordpress\/ -->\n<title>Our career opportunities in Europe - HEF<\/title>\n<meta name=\"robots\" content=\"index, follow, max-snippet:-1, max-image-preview:large, max-video-preview:-1\" \/>\n<link rel=\"canonical\" href=\"https:\/\/hef.group\/en\/our-career-opportunities\/our-career-opportunities-in-europe\/\" \/>\n<meta property=\"og:locale\" content=\"en_US\" \/>\n<meta property=\"og:type\" content=\"article\" \/>\n<meta property=\"og:title\" content=\"Our career opportunities in Europe - HEF\" \/>\n<meta property=\"og:description\" content=\"Join a leader in surface materials engineering Discover job offers in France More about our activities in Italy More about our activities in the UK More about our activities in Poland More about our activities in Spain More about our activities in Germany More about our activities in Hungary More [&hellip;]\" \/>\n<meta property=\"og:url\" content=\"https:\/\/hef.group\/en\/our-career-opportunities\/our-career-opportunities-in-europe\/\" \/>\n<meta property=\"og:site_name\" content=\"HEF\" \/>\n<meta property=\"article:modified_time\" content=\"2024-11-07T08:45:07+00:00\" \/>\n<meta property=\"og:image\" content=\"https:\/\/hef.group\/wp-content\/uploads\/2024\/06\/big-20211011_HK_0030.jpg\" \/>\n\t<meta property=\"og:image:width\" content=\"450\" \/>\n\t<meta property=\"og:image:height\" content=\"300\" \/>\n\t<meta property=\"og:image:type\" content=\"image\/jpeg\" \/>\n<meta name=\"twitter:card\" content=\"summary_large_image\" \/>\n<meta name=\"twitter:label1\" content=\"Est. reading time\" \/>\n\t<meta name=\"twitter:data1\" content=\"1 minute\" \/>\n<script type=\"application\/ld+json\" class=\"yoast-schema-graph\">{\"@context\":\"https:\/\/schema.org\",\"@graph\":[{\"@type\":\"WebPage\",\"@id\":\"https:\/\/hef.group\/en\/our-career-opportunities\/our-career-opportunities-in-europe\/\",\"url\":\"https:\/\/hef.group\/en\/our-career-opportunities\/our-career-opportunities-in-europe\/\",\"name\":\"Our career opportunities in Europe - HEF\",\"isPartOf\":{\"@id\":\"https:\/\/hef.group\/en\/#website\"},\"primaryImageOfPage\":{\"@id\":\"https:\/\/hef.group\/en\/our-career-opportunities\/our-career-opportunities-in-europe\/#primaryimage\"},\"image\":{\"@id\":\"https:\/\/hef.group\/en\/our-career-opportunities\/our-career-opportunities-in-europe\/#primaryimage\"},\"thumbnailUrl\":\"https:\/\/hef.group\/wp-content\/uploads\/2024\/06\/big-20211011_HK_0030.jpg\",\"datePublished\":\"2024-05-28T14:03:56+00:00\",\"dateModified\":\"2024-11-07T08:45:07+00:00\",\"breadcrumb\":{\"@id\":\"https:\/\/hef.group\/en\/our-career-opportunities\/our-career-opportunities-in-europe\/#breadcrumb\"},\"inLanguage\":\"en-US\",\"potentialAction\":[{\"@type\":\"ReadAction\",\"target\":[\"https:\/\/hef.group\/en\/our-career-opportunities\/our-career-opportunities-in-europe\/\"]}]},{\"@type\":\"ImageObject\",\"inLanguage\":\"en-US\",\"@id\":\"https:\/\/hef.group\/en\/our-career-opportunities\/our-career-opportunities-in-europe\/#primaryimage\",\"url\":\"https:\/\/hef.group\/wp-content\/uploads\/2024\/06\/big-20211011_HK_0030.jpg\",\"contentUrl\":\"https:\/\/hef.group\/wp-content\/uploads\/2024\/06\/big-20211011_HK_0030.jpg\",\"width\":450,\"height\":300},{\"@type\":\"BreadcrumbList\",\"@id\":\"https:\/\/hef.group\/en\/our-career-opportunities\/our-career-opportunities-in-europe\/#breadcrumb\",\"itemListElement\":[{\"@type\":\"ListItem\",\"position\":1,\"name\":\"Home\",\"item\":\"https:\/\/hef.group\/en\/\"},{\"@type\":\"ListItem\",\"position\":2,\"name\":\"Our career opportunities\",\"item\":\"https:\/\/hef.group\/en\/our-career-opportunities\/\"},{\"@type\":\"ListItem\",\"position\":3,\"name\":\"Our career opportunities in Europe\"}]},{\"@type\":\"WebSite\",\"@id\":\"https:\/\/hef.group\/en\/#website\",\"url\":\"https:\/\/hef.group\/en\/\",\"name\":\"HEF Groupe\",\"description\":\"Leader Mondial en ing\u00e9n\u00e9rie des mat\u00e9riaux de surfaces\",\"publisher\":{\"@id\":\"https:\/\/hef.group\/en\/#organization\"},\"potentialAction\":[{\"@type\":\"SearchAction\",\"target\":{\"@type\":\"EntryPoint\",\"urlTemplate\":\"https:\/\/hef.group\/en\/?s={search_term_string}\"},\"query-input\":{\"@type\":\"PropertyValueSpecification\",\"valueRequired\":true,\"valueName\":\"search_term_string\"}}],\"inLanguage\":\"en-US\"},{\"@type\":\"Organization\",\"@id\":\"https:\/\/hef.group\/en\/#organization\",\"name\":\"HEF Groupe\",\"url\":\"https:\/\/hef.group\/en\/\",\"logo\":{\"@type\":\"ImageObject\",\"inLanguage\":\"en-US\",\"@id\":\"https:\/\/hef.group\/en\/#\/schema\/logo\/image\/\",\"url\":\"https:\/\/hef.group\/wp-content\/uploads\/2024\/02\/logo-hef-1.svg\",\"contentUrl\":\"https:\/\/hef.group\/wp-content\/uploads\/2024\/02\/logo-hef-1.svg\",\"width\":250,\"height\":60,\"caption\":\"HEF Groupe\"},\"image\":{\"@id\":\"https:\/\/hef.group\/en\/#\/schema\/logo\/image\/\"}}]}<\/script>\n<!-- \/ Yoast SEO plugin. -->","yoast_head_json":{"title":"Our career opportunities in Europe - HEF","robots":{"index":"index","follow":"follow","max-snippet":"max-snippet:-1","max-image-preview":"max-image-preview:large","max-video-preview":"max-video-preview:-1"},"canonical":"https:\/\/hef.group\/en\/our-career-opportunities\/our-career-opportunities-in-europe\/","og_locale":"en_US","og_type":"article","og_title":"Our career opportunities in Europe - HEF","og_description":"Join a leader in surface materials engineering Discover job offers in France More about our activities in Italy More about our activities in the UK More about our activities in Poland More about our activities in Spain More about our activities in Germany More about our activities in Hungary More [&hellip;]","og_url":"https:\/\/hef.group\/en\/our-career-opportunities\/our-career-opportunities-in-europe\/","og_site_name":"HEF","article_modified_time":"2024-11-07T08:45:07+00:00","og_image":[{"width":450,"height":300,"url":"https:\/\/hef.group\/wp-content\/uploads\/2024\/06\/big-20211011_HK_0030.jpg","type":"image\/jpeg"}],"twitter_card":"summary_large_image","twitter_misc":{"Est. reading time":"1 minute"},"schema":{"@context":"https:\/\/schema.org","@graph":[{"@type":"WebPage","@id":"https:\/\/hef.group\/en\/our-career-opportunities\/our-career-opportunities-in-europe\/","url":"https:\/\/hef.group\/en\/our-career-opportunities\/our-career-opportunities-in-europe\/","name":"Our career opportunities in Europe - HEF","isPartOf":{"@id":"https:\/\/hef.group\/en\/#website"},"primaryImageOfPage":{"@id":"https:\/\/hef.group\/en\/our-career-opportunities\/our-career-opportunities-in-europe\/#primaryimage"},"image":{"@id":"https:\/\/hef.group\/en\/our-career-opportunities\/our-career-opportunities-in-europe\/#primaryimage"},"thumbnailUrl":"https:\/\/hef.group\/wp-content\/uploads\/2024\/06\/big-20211011_HK_0030.jpg","datePublished":"2024-05-28T14:03:56+00:00","dateModified":"2024-11-07T08:45:07+00:00","breadcrumb":{"@id":"https:\/\/hef.group\/en\/our-career-opportunities\/our-career-opportunities-in-europe\/#breadcrumb"},"inLanguage":"en-US","potentialAction":[{"@type":"ReadAction","target":["https:\/\/hef.group\/en\/our-career-opportunities\/our-career-opportunities-in-europe\/"]}]},{"@type":"ImageObject","inLanguage":"en-US","@id":"https:\/\/hef.group\/en\/our-career-opportunities\/our-career-opportunities-in-europe\/#primaryimage","url":"https:\/\/hef.group\/wp-content\/uploads\/2024\/06\/big-20211011_HK_0030.jpg","contentUrl":"https:\/\/hef.group\/wp-content\/uploads\/2024\/06\/big-20211011_HK_0030.jpg","width":450,"height":300},{"@type":"BreadcrumbList","@id":"https:\/\/hef.group\/en\/our-career-opportunities\/our-career-opportunities-in-europe\/#breadcrumb","itemListElement":[{"@type":"ListItem","position":1,"name":"Home","item":"https:\/\/hef.group\/en\/"},{"@type":"ListItem","position":2,"name":"Our career opportunities","item":"https:\/\/hef.group\/en\/our-career-opportunities\/"},{"@type":"ListItem","position":3,"name":"Our career opportunities in Europe"}]},{"@type":"WebSite","@id":"https:\/\/hef.group\/en\/#website","url":"https:\/\/hef.group\/en\/","name":"HEF Groupe","description":"Leader Mondial en ing\u00e9n\u00e9rie des mat\u00e9riaux de surfaces","publisher":{"@id":"https:\/\/hef.group\/en\/#organization"},"potentialAction":[{"@type":"SearchAction","target":{"@type":"EntryPoint","urlTemplate":"https:\/\/hef.group\/en\/?s={search_term_string}"},"query-input":{"@type":"PropertyValueSpecification","valueRequired":true,"valueName":"search_term_string"}}],"inLanguage":"en-US"},{"@type":"Organization","@id":"https:\/\/hef.group\/en\/#organization","name":"HEF Groupe","url":"https:\/\/hef.group\/en\/","logo":{"@type":"ImageObject","inLanguage":"en-US","@id":"https:\/\/hef.group\/en\/#\/schema\/logo\/image\/","url":"https:\/\/hef.group\/wp-content\/uploads\/2024\/02\/logo-hef-1.svg","contentUrl":"https:\/\/hef.group\/wp-content\/uploads\/2024\/02\/logo-hef-1.svg","width":250,"height":60,"caption":"HEF Groupe"},"image":{"@id":"https:\/\/hef.group\/en\/#\/schema\/logo\/image\/"}}]}},"_links":{"self":[{"href":"https:\/\/hef.group\/en\/wp-json\/wp\/v2\/pages\/9696","targetHints":{"allow":["GET"]}}],"collection":[{"href":"https:\/\/hef.group\/en\/wp-json\/wp\/v2\/pages"}],"about":[{"href":"https:\/\/hef.group\/en\/wp-json\/wp\/v2\/types\/page"}],"author":[{"embeddable":true,"href":"https:\/\/hef.group\/en\/wp-json\/wp\/v2\/users\/1"}],"replies":[{"embeddable":true,"href":"https:\/\/hef.group\/en\/wp-json\/wp\/v2\/comments?post=9696"}],"version-history":[{"count":3,"href":"https:\/\/hef.group\/en\/wp-json\/wp\/v2\/pages\/9696\/revisions"}],"predecessor-version":[{"id":11617,"href":"https:\/\/hef.group\/en\/wp-json\/wp\/v2\/pages\/9696\/revisions\/11617"}],"up":[{"embeddable":true,"href":"https:\/\/hef.group\/en\/wp-json\/wp\/v2\/pages\/10053"}],"wp:featuredmedia":[{"embeddable":true,"href":"https:\/\/hef.group\/en\/wp-json\/wp\/v2\/media\/9698"}],"wp:attachment":[{"href":"https:\/\/hef.group\/en\/wp-json\/wp\/v2\/media?parent=9696"}],"curies":[{"name":"wp","href":"https:\/\/api.w.org\/{rel}","templated":true}]}}