{"id":9701,"date":"2023-12-20T11:25:20","date_gmt":"2023-12-20T10:25:20","guid":{"rendered":"https:\/\/hef.group\/rejoindre-hef\/"},"modified":"2024-11-05T12:20:48","modified_gmt":"2024-11-05T11:20:48","slug":"join-hef","status":"publish","type":"page","link":"https:\/\/hef.group\/en\/join-hef\/","title":{"rendered":"Join HEF"},"content":{"rendered":"<section class=\"axtopsection-block\" style=\"--backgroundColor-filter: #777777\">\n    <div class=\"topsection-background\" style=\"--heightBlock: 600px\">\n        <div class=\"axtopsection-fond\">\n            <div class=\"container container-title-groupe\">\n\n                <div class=\"text-element\">\n                    <div class=\"breadcrumb-yoast\">\n                        <span><span><a href=\"https:\/\/hef.group\/en\/\">Home<\/a><\/span><\/span>                    <\/div>\n                    <h1 class='ax-title2'>Join HEF<\/h1>                    <div class=\"container container-text\">\n                                                    <p class=\"description-top-section\"><br> Working at HEF means joining an innovative, international industrial group on a human scale. Our strength lies in our ability to forge links between the worlds of science and industry! <br><br> \r\nOur teams imagine, design, and manufacture materials and surface treatments that meet today&#8217;s major societal challenges: product durability and performance with tribology, energy transition thanks to hydrogen technologies, digitalization of our world with photonics.\r\n<\/p>\n                                                                    <\/div>\n                <\/div>\n            <\/div>\n\n            <img decoding=\"async\" src=\"https:\/\/hef.group\/wp-content\/uploads\/2024\/02\/shutterstock_2151535963.jpg\">        <\/div>\n\n    <\/div>\n\n\n<\/section>\n\n\n<div style=\"height:50px\" aria-hidden=\"true\" class=\"wp-block-spacer\"><\/div>\n\n\n<section class=\"axblock-textandimg white-bg\">\n    <div class=\"ax-textandimg\">\n        <div class=\"container ax-textandimg-container content-right \">\n            <div class=\"ax-textandimg-content\" style=\"--numberColumns: 2\">\n                                    <h2 class=\"ax-title3\">Thriving on challenge<\/h2>\n                                                    <div class=\"text-content\">\n                        <p><strong>If you thrive on challenge, if you are a self-starter with a strong capacity to adapt to a fast-growing environment, if you want to shake things up, break new ground, take the initiative &#8230; then come join us! <\/strong><\/p>\n<p>&nbsp;<\/p>\n<p><strong>Your team spirit and sense of solidarity will be essential for carrying out your assignments and supporting your projects.<\/strong><\/p>\n<p>Joining HEF also means working every day in a rich cultural environment, with contacts in China, India, the US, Europe, etc. <\/p>\n<p>The head office, based in Andr\u00e9zieux, France, in the Loire region, offers a pleasant living environment. Career paths are possible at our sites in France and abroad. At HEF, it is possible to change professions, from research &#038; development to manufacturing or marketing, or vice versa!<\/p>\n<p>&nbsp;<\/p>\n<p>You will be able to chart your own career course and progress within the company according to your motivations and the opportunities in France or internationally.<\/p>\n                    <\/div>\n                                                <div class=\"btn-textandimg\">\n                                            <a class=\"btn btn-gradient-second btn-block-textandimg\"\n                           href=\"https:\/\/hef.group\/en\/hef\/\"\n\t\t\t\t\t\t   target=\"_blank\"\n\t\t\t\t\t\t>\n\t\t\t\t\t\t   \tMore about the Group\t\t\t\t\t\t<\/a>\n                                                        <\/div>\n                                <\/div>\n\n\t        <div class=\"ax-textandimg-medias-container\">\n\t            \t                \t                    <div class=\"ax-textandimg-video\">\n\t                        <video src=\"https:\/\/hef.group\/wp-content\/uploads\/2024\/01\/HEF_Equipements-mini.mp4\" controls><\/video>\t                    <\/div>\n\t                                    \t            \n\t\t        \t        <\/div>\n        <\/div>\n    <\/div>\n<\/section>\n\n\n<section class=\"axblock-textandimg blue-bg\">\n    <div class=\"ax-textandimg\">\n        <div class=\"container ax-textandimg-container content-left \">\n            <div class=\"ax-textandimg-content\" style=\"--numberColumns: 2\">\n                                    <h2 class=\"ax-title3\">Together we are strong<\/h2>\n                                                    <div class=\"text-content\">\n                        <p><strong>HEF is majority-owned by its employees.<\/strong> This employee stock ownership guarantees the Group&#8217;s financial autonomy, enabling us to weather crises and it protects us from stock market operations, while enabling us to invest constantly to innovate and adapt to our customers&#8217; needs.<\/p>\n<p>&nbsp;<\/p>\n<p>The company gives all its employees the opportunity to invest in their work tools and become shareholders in a fast-growing, high-performance company.<\/p>\n<p>&nbsp;<\/p>\n<p>the differentiating factor we are proud of: <strong>The team works together to generate results,<\/strong> which are particularly reflected in a profit-sharing scheme in line with their efforts (this scheme applies exclusively to the employees in France), it is however a lever for all employees to build capital in a manner adapted to their personal projects.<\/p>\n                    <\/div>\n                                            <\/div>\n\n\t        <div class=\"ax-textandimg-medias-container\">\n\t            \t                \t                    <div class=\"ax-textandimg-img cover\">\n\t                        <img decoding=\"async\" width=\"450\" height=\"300\" src=\"https:\/\/hef.group\/wp-content\/uploads\/2024\/02\/big-HEFandrezieux11Mai2022-0084.jpg\" class=\"attachment-full size-full\" alt=\"\" srcset=\"https:\/\/hef.group\/wp-content\/uploads\/2024\/02\/big-HEFandrezieux11Mai2022-0084.jpg 450w, https:\/\/hef.group\/wp-content\/uploads\/2024\/02\/big-HEFandrezieux11Mai2022-0084-300x200.jpg 300w\" sizes=\"(max-width: 450px) 100vw, 450px\" \/>\t                    <\/div>\n\t                                    \t            \n\t\t        \t        <\/div>\n        <\/div>\n    <\/div>\n<\/section>\n\n\n<section class=\"axblock-textandimg white-bg\">\n    <div class=\"ax-textandimg\">\n        <div class=\"container ax-textandimg-container content-right \">\n            <div class=\"ax-textandimg-content\" style=\"--numberColumns: 2\">\n                                    <h2 class=\"ax-title3\">The desire to learn<\/h2>\n                                                    <div class=\"text-content\">\n                        <p><strong>Development of employees&#8217; individual skills is one of the Group&#8217;s key priorities.<\/strong><\/p>\n<p>&nbsp;<\/p>\n<p>HEF invests in the career path of its employees, to contribute fully to their development and fulfillment, by offering them appropriate training, learning opportunities, and career development initiatives.<\/p>\n<p>&nbsp;<\/p>\n<p>HEF deploys the tools necessary to broaden the skills and requisite knowledge to thrive in their roles and contribute to our collective success.<\/p>\n                    <\/div>\n                                                <div class=\"btn-textandimg\">\n                                            <a class=\"btn btn-gradient-second btn-block-textandimg\"\n                           href=\"https:\/\/hef.group\/en\/our-career-opportunities\/\"\n\t\t\t\t\t\t   target=\"\"\n\t\t\t\t\t\t>\n\t\t\t\t\t\t   \tJoin a dynamic team\t\t\t\t\t\t<\/a>\n                                                        <\/div>\n                                <\/div>\n\n\t        <div class=\"ax-textandimg-medias-container\">\n\t            \t                \t                    <div class=\"ax-textandimg-video video-youtube\">\n\t                        <p><iframe loading=\"lazy\" title=\"La formation chez HEF\" width=\"500\" height=\"281\" src=\"https:\/\/www.youtube.com\/embed\/-wDpiSt8PoY?feature=oembed&#038;enablejsapi=1&#038;origin=https:\/\/hef.group\" frameborder=\"0\" allow=\"accelerometer; autoplay; clipboard-write; encrypted-media; gyroscope; picture-in-picture; web-share\" referrerpolicy=\"strict-origin-when-cross-origin\" allowfullscreen><\/iframe><\/p>\n\t                    <\/div>\n\t                                    \t            \n\t\t        \t        <\/div>\n        <\/div>\n    <\/div>\n<\/section>\n\n\n\n<div class=\"wp-block-columns is-layout-flex wp-container-core-columns-is-layout-9d6595d7 wp-block-columns-is-layout-flex\">\n<div class=\"wp-block-column is-layout-flow wp-block-column-is-layout-flow\" style=\"flex-basis:100%\"><section class=\"axblock-textandimg blue-bg\">\n    <div class=\"ax-textandimg\">\n        <div class=\"container ax-textandimg-container content-left \">\n            <div class=\"ax-textandimg-content\" style=\"--numberColumns: 2\">\n                                    <h2 class=\"ax-title3\">Our professions<\/h2>\n                                                    <div class=\"text-content\">\n                        <p><strong>The HEF Group encourages a collaborative spirit.<\/strong> Our teams, based in 21 countries, work together to design solutions that contribute to the durability and performance of parts used in the mobility, construction, aeronautics, decarbonized energy, defense, and medical sectors, for example.<\/p>\n<p>&nbsp;<\/p>\n<p><strong>Our professions:<\/strong><\/p>\n<p>&nbsp;<\/p>\n<p><strong>&#8211; Research professions:<\/strong> from technician, engineer to PhD<\/p>\n<p>&nbsp;<\/p>\n<p><strong> &#8211; Manufacturing professions<\/strong> in the field of machining, surface treatment and its support professions (methods, industrialization, procurement, quality, etc.)<\/p>\n<p>&nbsp;<\/p>\n<p><strong>&#8211; Equipment professions<\/strong> since we manufacture our own machines: automation engineers, project managers, etc.<\/p>\n<p>&nbsp;<\/p>\n<p><strong>&#8211; Sales and marketing<\/strong> professions with particularly technical profiles<\/p>\n<p>&nbsp;<\/p>\n<p><strong> &#8211; Support functions: <\/strong>HR, legal, accounting, IS, communication, etc.<\/p>\n                    <\/div>\n                                                <div class=\"btn-textandimg\">\n                                            <a class=\"btn btn-gradient-second btn-block-textandimg\"\n                           href=\"https:\/\/hef.group\/en\/our-career-opportunities\/\"\n\t\t\t\t\t\t   target=\"\"\n\t\t\t\t\t\t>\n\t\t\t\t\t\t   \tDiscover our career opportunities\t\t\t\t\t\t<\/a>\n                                                        <\/div>\n                                <\/div>\n\n\t        <div class=\"ax-textandimg-medias-container\">\n\t            \t                \t                    <div class=\"ax-textandimg-img cover\">\n\t                        <img decoding=\"async\" width=\"1920\" height=\"1280\" src=\"https:\/\/hef.group\/wp-content\/uploads\/2024\/02\/HEFandrezieux11Mai2022-0074.jpg\" class=\"attachment-full size-full\" alt=\"\" srcset=\"https:\/\/hef.group\/wp-content\/uploads\/2024\/02\/HEFandrezieux11Mai2022-0074.jpg 1920w, https:\/\/hef.group\/wp-content\/uploads\/2024\/02\/HEFandrezieux11Mai2022-0074-300x200.jpg 300w, https:\/\/hef.group\/wp-content\/uploads\/2024\/02\/HEFandrezieux11Mai2022-0074-1024x683.jpg 1024w, https:\/\/hef.group\/wp-content\/uploads\/2024\/02\/HEFandrezieux11Mai2022-0074-768x512.jpg 768w, https:\/\/hef.group\/wp-content\/uploads\/2024\/02\/HEFandrezieux11Mai2022-0074-1536x1024.jpg 1536w\" sizes=\"(max-width: 1920px) 100vw, 1920px\" \/>\t                    <\/div>\n\t                                    \t            \n\t\t        \t        <\/div>\n        <\/div>\n    <\/div>\n<\/section>\n<\/div>\n<\/div>\n\n\n<section class=\"axblock-textandimg white-bg\">\n    <div class=\"ax-textandimg\">\n        <div class=\"container ax-textandimg-container content-right \">\n            <div class=\"ax-textandimg-content\" style=\"--numberColumns: 2\">\n                                    <h2 class=\"ax-title3\">Gender equality in the workplace<\/h2>\n                                                    <div class=\"text-content\">\n                        <p>Since 1 September, 2019, companies with more than 250 employees must calculate and publish their workplace gender equality index.<\/p>\n<p>&nbsp;<\/p>\n<p>This index enables companies to measure the remuneration differentials between men and women and to identify areas where progress is being made.<\/p>\n<p>&nbsp;<\/p>\n<p><strong>The index is calculated on a basis of 100 points, starting with the 5 indicators below:<\/strong><\/p>\n<p>&nbsp;<\/p>\n<p><strong>Final grade for 2023: 78\/100<\/strong><\/p>\n<p>&nbsp;<\/p>\n<p><strong>&#8211; Gender remuneration differential, (38\/40)\u00a0 <\/strong><\/p>\n<p><em><u>Progress target<\/u><\/em><em>: We have improved our result compared to the prior year. We hope to continue our development in this direction for next year.<\/em><\/p>\n<p>&nbsp;<\/p>\n<p><strong>&#8211; The distribution differential for individual raises, (20\/20)<\/strong><\/p>\n<p>&nbsp;<\/p>\n<p><strong>&#8211; The promotion differential, (15\/15) <\/strong><strong>The number of employees receiving <\/strong><strong style=\"color: var(--clr-text); font-family: var(--font-family-light);\">a raise when returning from maternity leave,\u00a0(0\/15)<\/strong><\/p>\n<p><em><u>Progress objective<\/u><\/em><em>: A table will be set up to track maternity or adoption leave to identify whether maternity leave or adoption leave has been taken in the course of the year and whether an raise has occurred in the employee\u2019s SSC or in the company in the course of the year.<\/em><\/p>\n<p>&nbsp;<\/p>\n<p><strong>&#8211; Parity between the 10 highest remunerations. (5\/10)<\/strong><\/p>\n<p><em><u>Progress objective<\/u><\/em><em>: <\/em>To improve the percentage of women in senior management. We already have 3 women in the group of the 10 highest remunerations. The objective for the year ahead in to integrate a 4th woman in the top 10 to improve the grade of the indicator.<\/p>\n                    <\/div>\n                                            <\/div>\n\n\t        <div class=\"ax-textandimg-medias-container\">\n\t            \t                \t                    <div class=\"ax-textandimg-img cover\">\n\t                        <img decoding=\"async\" width=\"1280\" height=\"841\" src=\"https:\/\/hef.group\/wp-content\/uploads\/2024\/02\/shutterstock_1940409964-e1707810966441.jpg\" class=\"attachment-full size-full\" alt=\"\" srcset=\"https:\/\/hef.group\/wp-content\/uploads\/2024\/02\/shutterstock_1940409964-e1707810966441.jpg 1280w, https:\/\/hef.group\/wp-content\/uploads\/2024\/02\/shutterstock_1940409964-e1707810966441-300x197.jpg 300w, https:\/\/hef.group\/wp-content\/uploads\/2024\/02\/shutterstock_1940409964-e1707810966441-1024x673.jpg 1024w, https:\/\/hef.group\/wp-content\/uploads\/2024\/02\/shutterstock_1940409964-e1707810966441-768x505.jpg 768w\" sizes=\"(max-width: 1280px) 100vw, 1280px\" \/>\t                    <\/div>\n\t                                    \t            \n\t\t        \t        <\/div>\n        <\/div>\n    <\/div>\n<\/section>\n\n\n\n<div style=\"height:50px\" aria-hidden=\"true\" class=\"wp-block-spacer\"><\/div>\n","protected":false},"excerpt":{"rendered":"","protected":false},"author":1,"featured_media":9723,"parent":0,"menu_order":0,"comment_status":"closed","ping_status":"closed","template":"","meta":{"_acf_changed":false,"inline_featured_image":false,"footnotes":""},"class_list":["post-9701","page","type-page","status-publish","has-post-thumbnail","hentry"],"acf":[],"yoast_head":"<!-- This site is optimized with the Yoast SEO plugin v27.3 - https:\/\/yoast.com\/product\/yoast-seo-wordpress\/ -->\n<title>Career opportunities in surface materials engineering<\/title>\n<meta name=\"description\" content=\"Working at HEF means joining an innovative, international industrial group on a human scale.\" \/>\n<meta name=\"robots\" content=\"index, follow, max-snippet:-1, max-image-preview:large, max-video-preview:-1\" \/>\n<link rel=\"canonical\" href=\"https:\/\/hef.group\/en\/join-hef\/\" \/>\n<meta property=\"og:locale\" content=\"en_US\" \/>\n<meta property=\"og:type\" content=\"article\" \/>\n<meta property=\"og:title\" content=\"Career opportunities in surface materials engineering\" \/>\n<meta property=\"og:description\" content=\"Working at HEF means joining an innovative, international industrial group on a human scale.\" \/>\n<meta property=\"og:url\" content=\"https:\/\/hef.group\/en\/join-hef\/\" \/>\n<meta property=\"og:site_name\" content=\"HEF\" \/>\n<meta property=\"article:modified_time\" content=\"2024-11-05T11:20:48+00:00\" \/>\n<meta property=\"og:image\" content=\"https:\/\/hef.group\/wp-content\/uploads\/2024\/02\/shutterstock_2151535963.jpg\" \/>\n\t<meta property=\"og:image:width\" content=\"1920\" \/>\n\t<meta property=\"og:image:height\" content=\"878\" \/>\n\t<meta property=\"og:image:type\" content=\"image\/jpeg\" \/>\n<meta name=\"twitter:card\" content=\"summary_large_image\" \/>\n<meta name=\"twitter:label1\" content=\"Est. reading time\" \/>\n\t<meta name=\"twitter:data1\" content=\"1 minute\" \/>\n<script type=\"application\/ld+json\" class=\"yoast-schema-graph\">{\"@context\":\"https:\\\/\\\/schema.org\",\"@graph\":[{\"@type\":\"WebPage\",\"@id\":\"https:\\\/\\\/hef.group\\\/en\\\/join-hef\\\/\",\"url\":\"https:\\\/\\\/hef.group\\\/en\\\/join-hef\\\/\",\"name\":\"Career opportunities in surface materials engineering\",\"isPartOf\":{\"@id\":\"https:\\\/\\\/hef.group\\\/en\\\/#website\"},\"primaryImageOfPage\":{\"@id\":\"https:\\\/\\\/hef.group\\\/en\\\/join-hef\\\/#primaryimage\"},\"image\":{\"@id\":\"https:\\\/\\\/hef.group\\\/en\\\/join-hef\\\/#primaryimage\"},\"thumbnailUrl\":\"https:\\\/\\\/hef.group\\\/wp-content\\\/uploads\\\/2024\\\/02\\\/shutterstock_2151535963.jpg\",\"datePublished\":\"2023-12-20T10:25:20+00:00\",\"dateModified\":\"2024-11-05T11:20:48+00:00\",\"description\":\"Working at HEF means joining an innovative, international industrial group on a human scale.\",\"breadcrumb\":{\"@id\":\"https:\\\/\\\/hef.group\\\/en\\\/join-hef\\\/#breadcrumb\"},\"inLanguage\":\"en-US\",\"potentialAction\":[{\"@type\":\"ReadAction\",\"target\":[\"https:\\\/\\\/hef.group\\\/en\\\/join-hef\\\/\"]}]},{\"@type\":\"ImageObject\",\"inLanguage\":\"en-US\",\"@id\":\"https:\\\/\\\/hef.group\\\/en\\\/join-hef\\\/#primaryimage\",\"url\":\"https:\\\/\\\/hef.group\\\/wp-content\\\/uploads\\\/2024\\\/02\\\/shutterstock_2151535963.jpg\",\"contentUrl\":\"https:\\\/\\\/hef.group\\\/wp-content\\\/uploads\\\/2024\\\/02\\\/shutterstock_2151535963.jpg\",\"width\":1920,\"height\":878},{\"@type\":\"BreadcrumbList\",\"@id\":\"https:\\\/\\\/hef.group\\\/en\\\/join-hef\\\/#breadcrumb\",\"itemListElement\":[{\"@type\":\"ListItem\",\"position\":1,\"name\":\"Home\",\"item\":\"https:\\\/\\\/hef.group\\\/en\\\/\"},{\"@type\":\"ListItem\",\"position\":2,\"name\":\"Join HEF\"}]},{\"@type\":\"WebSite\",\"@id\":\"https:\\\/\\\/hef.group\\\/en\\\/#website\",\"url\":\"https:\\\/\\\/hef.group\\\/en\\\/\",\"name\":\"HEF Groupe\",\"description\":\"Leader Mondial en ing\u00e9n\u00e9rie des mat\u00e9riaux de surfaces\",\"publisher\":{\"@id\":\"https:\\\/\\\/hef.group\\\/en\\\/#organization\"},\"potentialAction\":[{\"@type\":\"SearchAction\",\"target\":{\"@type\":\"EntryPoint\",\"urlTemplate\":\"https:\\\/\\\/hef.group\\\/en\\\/?s={search_term_string}\"},\"query-input\":{\"@type\":\"PropertyValueSpecification\",\"valueRequired\":true,\"valueName\":\"search_term_string\"}}],\"inLanguage\":\"en-US\"},{\"@type\":\"Organization\",\"@id\":\"https:\\\/\\\/hef.group\\\/en\\\/#organization\",\"name\":\"HEF Groupe\",\"url\":\"https:\\\/\\\/hef.group\\\/en\\\/\",\"logo\":{\"@type\":\"ImageObject\",\"inLanguage\":\"en-US\",\"@id\":\"https:\\\/\\\/hef.group\\\/en\\\/#\\\/schema\\\/logo\\\/image\\\/\",\"url\":\"https:\\\/\\\/hef.group\\\/wp-content\\\/uploads\\\/2024\\\/02\\\/logo-hef-1.svg\",\"contentUrl\":\"https:\\\/\\\/hef.group\\\/wp-content\\\/uploads\\\/2024\\\/02\\\/logo-hef-1.svg\",\"width\":250,\"height\":60,\"caption\":\"HEF Groupe\"},\"image\":{\"@id\":\"https:\\\/\\\/hef.group\\\/en\\\/#\\\/schema\\\/logo\\\/image\\\/\"}}]}<\/script>\n<!-- \/ Yoast SEO plugin. -->","yoast_head_json":{"title":"Career opportunities in surface materials engineering","description":"Working at HEF means joining an innovative, international industrial group on a human scale.","robots":{"index":"index","follow":"follow","max-snippet":"max-snippet:-1","max-image-preview":"max-image-preview:large","max-video-preview":"max-video-preview:-1"},"canonical":"https:\/\/hef.group\/en\/join-hef\/","og_locale":"en_US","og_type":"article","og_title":"Career opportunities in surface materials engineering","og_description":"Working at HEF means joining an innovative, international industrial group on a human scale.","og_url":"https:\/\/hef.group\/en\/join-hef\/","og_site_name":"HEF","article_modified_time":"2024-11-05T11:20:48+00:00","og_image":[{"width":1920,"height":878,"url":"https:\/\/hef.group\/wp-content\/uploads\/2024\/02\/shutterstock_2151535963.jpg","type":"image\/jpeg"}],"twitter_card":"summary_large_image","twitter_misc":{"Est. reading time":"1 minute"},"schema":{"@context":"https:\/\/schema.org","@graph":[{"@type":"WebPage","@id":"https:\/\/hef.group\/en\/join-hef\/","url":"https:\/\/hef.group\/en\/join-hef\/","name":"Career opportunities in surface materials engineering","isPartOf":{"@id":"https:\/\/hef.group\/en\/#website"},"primaryImageOfPage":{"@id":"https:\/\/hef.group\/en\/join-hef\/#primaryimage"},"image":{"@id":"https:\/\/hef.group\/en\/join-hef\/#primaryimage"},"thumbnailUrl":"https:\/\/hef.group\/wp-content\/uploads\/2024\/02\/shutterstock_2151535963.jpg","datePublished":"2023-12-20T10:25:20+00:00","dateModified":"2024-11-05T11:20:48+00:00","description":"Working at HEF means joining an innovative, international industrial group on a human scale.","breadcrumb":{"@id":"https:\/\/hef.group\/en\/join-hef\/#breadcrumb"},"inLanguage":"en-US","potentialAction":[{"@type":"ReadAction","target":["https:\/\/hef.group\/en\/join-hef\/"]}]},{"@type":"ImageObject","inLanguage":"en-US","@id":"https:\/\/hef.group\/en\/join-hef\/#primaryimage","url":"https:\/\/hef.group\/wp-content\/uploads\/2024\/02\/shutterstock_2151535963.jpg","contentUrl":"https:\/\/hef.group\/wp-content\/uploads\/2024\/02\/shutterstock_2151535963.jpg","width":1920,"height":878},{"@type":"BreadcrumbList","@id":"https:\/\/hef.group\/en\/join-hef\/#breadcrumb","itemListElement":[{"@type":"ListItem","position":1,"name":"Home","item":"https:\/\/hef.group\/en\/"},{"@type":"ListItem","position":2,"name":"Join HEF"}]},{"@type":"WebSite","@id":"https:\/\/hef.group\/en\/#website","url":"https:\/\/hef.group\/en\/","name":"HEF Groupe","description":"Leader Mondial en ing\u00e9n\u00e9rie des mat\u00e9riaux de surfaces","publisher":{"@id":"https:\/\/hef.group\/en\/#organization"},"potentialAction":[{"@type":"SearchAction","target":{"@type":"EntryPoint","urlTemplate":"https:\/\/hef.group\/en\/?s={search_term_string}"},"query-input":{"@type":"PropertyValueSpecification","valueRequired":true,"valueName":"search_term_string"}}],"inLanguage":"en-US"},{"@type":"Organization","@id":"https:\/\/hef.group\/en\/#organization","name":"HEF Groupe","url":"https:\/\/hef.group\/en\/","logo":{"@type":"ImageObject","inLanguage":"en-US","@id":"https:\/\/hef.group\/en\/#\/schema\/logo\/image\/","url":"https:\/\/hef.group\/wp-content\/uploads\/2024\/02\/logo-hef-1.svg","contentUrl":"https:\/\/hef.group\/wp-content\/uploads\/2024\/02\/logo-hef-1.svg","width":250,"height":60,"caption":"HEF Groupe"},"image":{"@id":"https:\/\/hef.group\/en\/#\/schema\/logo\/image\/"}}]}},"_links":{"self":[{"href":"https:\/\/hef.group\/en\/wp-json\/wp\/v2\/pages\/9701","targetHints":{"allow":["GET"]}}],"collection":[{"href":"https:\/\/hef.group\/en\/wp-json\/wp\/v2\/pages"}],"about":[{"href":"https:\/\/hef.group\/en\/wp-json\/wp\/v2\/types\/page"}],"author":[{"embeddable":true,"href":"https:\/\/hef.group\/en\/wp-json\/wp\/v2\/users\/1"}],"replies":[{"embeddable":true,"href":"https:\/\/hef.group\/en\/wp-json\/wp\/v2\/comments?post=9701"}],"version-history":[{"count":5,"href":"https:\/\/hef.group\/en\/wp-json\/wp\/v2\/pages\/9701\/revisions"}],"predecessor-version":[{"id":11498,"href":"https:\/\/hef.group\/en\/wp-json\/wp\/v2\/pages\/9701\/revisions\/11498"}],"wp:featuredmedia":[{"embeddable":true,"href":"https:\/\/hef.group\/en\/wp-json\/wp\/v2\/media\/9723"}],"wp:attachment":[{"href":"https:\/\/hef.group\/en\/wp-json\/wp\/v2\/media?parent=9701"}],"curies":[{"name":"wp","href":"https:\/\/api.w.org\/{rel}","templated":true}]}}